{"id":94,"date":"2015-10-09T19:06:44","date_gmt":"2015-10-09T18:06:44","guid":{"rendered":"https:\/\/dmr-portugal.org\/?page_id=94"},"modified":"2019-02-28T09:22:33","modified_gmt":"2019-02-28T09:22:33","slug":"software","status":"publish","type":"page","link":"https:\/\/dmr-portugal.org\/?page_id=94","title":{"rendered":"Software"},"content":{"rendered":"<p style=\"text-align: center;\"><span style=\"font-family: arial,helvetica,sans-serif; font-size: 12pt;\">Vai estar aqui dispon\u00edvel o software necess\u00e1rio \u00e0 cria\u00e7\u00e3o da configura\u00e7\u00e3o dos diversos equipamentos. Fica tamb\u00e9m conhecedor de novas terminologias usadas no DMR.<\/span><\/p>\n<hr \/>\n<p><span style=\"font-size: 12pt;\"><span style=\"font-family: arial, helvetica, sans-serif;\"><a href=\"https:\/\/dmr-portugal.org\/?attachment_id=1847\" rel=\"attachment wp-att-1847\"><img fetchpriority=\"high\" decoding=\"async\" class=\"alignleft wp-image-1847\" src=\"https:\/\/dmr-portugal.org\/wp-content\/uploads\/2018\/03\/photo_2018-03-26_08-50-43.jpg\" alt=\"\" width=\"466\" height=\"349\" srcset=\"https:\/\/dmr-portugal.org\/wp-content\/uploads\/2018\/03\/photo_2018-03-26_08-50-43.jpg 1280w, https:\/\/dmr-portugal.org\/wp-content\/uploads\/2018\/03\/photo_2018-03-26_08-50-43-300x225.jpg 300w, https:\/\/dmr-portugal.org\/wp-content\/uploads\/2018\/03\/photo_2018-03-26_08-50-43-768x576.jpg 768w, https:\/\/dmr-portugal.org\/wp-content\/uploads\/2018\/03\/photo_2018-03-26_08-50-43-1024x768.jpg 1024w, https:\/\/dmr-portugal.org\/wp-content\/uploads\/2018\/03\/photo_2018-03-26_08-50-43-150x113.jpg 150w\" sizes=\"(max-width: 466px) 100vw, 466px\" \/><\/a><\/span><\/span><\/p>\n<p>&nbsp;<\/p>\n<p>&nbsp;<\/p>\n<p>&nbsp;<\/p>\n<p><span style=\"font-size: 18pt;\"><span style=\"font-family: arial, helvetica, sans-serif;\">Nextion display 3.5 (grande). Trabalho feito pelo colega Lu\u00eds &#8211; CT2GBJ<\/span><\/span><\/p>\n<p><span style=\"font-size: 20px;\"><span style=\"font-family: arial, helvetica, sans-serif;\">E 2.8\u00a0<\/span><\/span><\/p>\n<p>&nbsp;<\/p>\n<p>&nbsp;<\/p>\n<p>&nbsp;<\/p>\n<p>&nbsp;<\/p>\n<p>&nbsp;<\/p>\n<p>&nbsp;<\/p>\n<p>&nbsp;<\/p>\n<p><a href=\"https:\/\/dmr-portugal.org\/?attachment_id=1850\" rel=\"attachment wp-att-1850\"><img decoding=\"async\" class=\"alignleft wp-image-1850\" src=\"https:\/\/dmr-portugal.org\/wp-content\/uploads\/2018\/03\/photo_2018-03-26_08-51-04.jpg\" alt=\"\" width=\"160\" height=\"120\" srcset=\"https:\/\/dmr-portugal.org\/wp-content\/uploads\/2018\/03\/photo_2018-03-26_08-51-04.jpg 1280w, https:\/\/dmr-portugal.org\/wp-content\/uploads\/2018\/03\/photo_2018-03-26_08-51-04-300x225.jpg 300w, https:\/\/dmr-portugal.org\/wp-content\/uploads\/2018\/03\/photo_2018-03-26_08-51-04-768x576.jpg 768w, https:\/\/dmr-portugal.org\/wp-content\/uploads\/2018\/03\/photo_2018-03-26_08-51-04-1024x768.jpg 1024w, https:\/\/dmr-portugal.org\/wp-content\/uploads\/2018\/03\/photo_2018-03-26_08-51-04-150x113.jpg 150w\" sizes=\"(max-width: 160px) 100vw, 160px\" \/><\/a> <a href=\"https:\/\/dmr-portugal.org\/?attachment_id=1851\" rel=\"attachment wp-att-1851\"><img decoding=\"async\" class=\"alignleft wp-image-1851\" src=\"https:\/\/dmr-portugal.org\/wp-content\/uploads\/2018\/03\/photo_2018-03-26_08-51-12.jpg\" alt=\"\" width=\"160\" height=\"120\" srcset=\"https:\/\/dmr-portugal.org\/wp-content\/uploads\/2018\/03\/photo_2018-03-26_08-51-12.jpg 1280w, https:\/\/dmr-portugal.org\/wp-content\/uploads\/2018\/03\/photo_2018-03-26_08-51-12-300x225.jpg 300w, https:\/\/dmr-portugal.org\/wp-content\/uploads\/2018\/03\/photo_2018-03-26_08-51-12-768x576.jpg 768w, https:\/\/dmr-portugal.org\/wp-content\/uploads\/2018\/03\/photo_2018-03-26_08-51-12-1024x768.jpg 1024w, https:\/\/dmr-portugal.org\/wp-content\/uploads\/2018\/03\/photo_2018-03-26_08-51-12-150x113.jpg 150w\" sizes=\"(max-width: 160px) 100vw, 160px\" \/><\/a> <a href=\"https:\/\/dmr-portugal.org\/?attachment_id=1852\" rel=\"attachment wp-att-1852\"><img loading=\"lazy\" decoding=\"async\" class=\"alignleft wp-image-1852\" src=\"https:\/\/dmr-portugal.org\/wp-content\/uploads\/2018\/03\/photo_2018-03-26_08-51-18.jpg\" alt=\"\" width=\"160\" height=\"120\" srcset=\"https:\/\/dmr-portugal.org\/wp-content\/uploads\/2018\/03\/photo_2018-03-26_08-51-18.jpg 1280w, https:\/\/dmr-portugal.org\/wp-content\/uploads\/2018\/03\/photo_2018-03-26_08-51-18-300x225.jpg 300w, https:\/\/dmr-portugal.org\/wp-content\/uploads\/2018\/03\/photo_2018-03-26_08-51-18-768x576.jpg 768w, https:\/\/dmr-portugal.org\/wp-content\/uploads\/2018\/03\/photo_2018-03-26_08-51-18-1024x768.jpg 1024w, https:\/\/dmr-portugal.org\/wp-content\/uploads\/2018\/03\/photo_2018-03-26_08-51-18-150x113.jpg 150w\" sizes=\"(max-width: 160px) 100vw, 160px\" \/><\/a> <a href=\"https:\/\/dmr-portugal.org\/?attachment_id=1853\" rel=\"attachment wp-att-1853\"><img loading=\"lazy\" decoding=\"async\" class=\"alignleft wp-image-1853\" src=\"https:\/\/dmr-portugal.org\/wp-content\/uploads\/2018\/03\/photo_2018-03-26_08-51-22.jpg\" alt=\"\" width=\"160\" height=\"120\" srcset=\"https:\/\/dmr-portugal.org\/wp-content\/uploads\/2018\/03\/photo_2018-03-26_08-51-22.jpg 1280w, https:\/\/dmr-portugal.org\/wp-content\/uploads\/2018\/03\/photo_2018-03-26_08-51-22-300x225.jpg 300w, https:\/\/dmr-portugal.org\/wp-content\/uploads\/2018\/03\/photo_2018-03-26_08-51-22-768x576.jpg 768w, https:\/\/dmr-portugal.org\/wp-content\/uploads\/2018\/03\/photo_2018-03-26_08-51-22-1024x768.jpg 1024w, https:\/\/dmr-portugal.org\/wp-content\/uploads\/2018\/03\/photo_2018-03-26_08-51-22-150x113.jpg 150w\" sizes=\"(max-width: 160px) 100vw, 160px\" \/><\/a><a href=\"https:\/\/dmr-portugal.org\/?attachment_id=1884\" rel=\"attachment wp-att-1884\"><img loading=\"lazy\" decoding=\"async\" class=\"alignnone wp-image-1884\" src=\"https:\/\/dmr-portugal.org\/wp-content\/uploads\/2018\/04\/4.png\" alt=\"\" width=\"160\" height=\"120\" srcset=\"https:\/\/dmr-portugal.org\/wp-content\/uploads\/2018\/04\/4.png 860w, https:\/\/dmr-portugal.org\/wp-content\/uploads\/2018\/04\/4-300x225.png 300w, https:\/\/dmr-portugal.org\/wp-content\/uploads\/2018\/04\/4-768x575.png 768w, https:\/\/dmr-portugal.org\/wp-content\/uploads\/2018\/04\/4-150x112.png 150w\" sizes=\"(max-width: 160px) 100vw, 160px\" \/>\u00a0<\/a><a href=\"https:\/\/dmr-portugal.org\/?attachment_id=1853\" rel=\"attachment wp-att-1853\">\u00a0\u00a0<\/a><a href=\"https:\/\/dmr-portugal.org\/wp-content\/uploads\/2018\/04\/6.png\" rel=\"attachment wp-att-1885\"><img loading=\"lazy\" decoding=\"async\" class=\"alignnone wp-image-1885\" src=\"https:\/\/dmr-portugal.org\/wp-content\/uploads\/2018\/04\/6.png\" alt=\"\" width=\"160\" height=\"120\" srcset=\"https:\/\/dmr-portugal.org\/wp-content\/uploads\/2018\/04\/6.png 858w, https:\/\/dmr-portugal.org\/wp-content\/uploads\/2018\/04\/6-300x224.png 300w, https:\/\/dmr-portugal.org\/wp-content\/uploads\/2018\/04\/6-768x575.png 768w, https:\/\/dmr-portugal.org\/wp-content\/uploads\/2018\/04\/6-150x112.png 150w\" sizes=\"(max-width: 160px) 100vw, 160px\" \/><\/a><\/p>\n<p>&nbsp;<\/p>\n<p>&nbsp;<\/p>\n<p style=\"text-align: center;\"><strong><span style=\"font-size: 18pt;\"><span style=\"font-family: arial, helvetica, sans-serif;\"><a href=\"https:\/\/www.dropbox.com\/s\/5gk2gq3wdgxhzrx\/Luis_S.Meter_Nextion3.5.zip?dl=0\">Transferir o ficheiro &#8220;tft&#8221; 3.5<\/a><\/span><\/span><\/strong><\/p>\n<p style=\"text-align: center;\"><strong><span style=\"font-size: 18pt;\"><span style=\"font-family: arial, helvetica, sans-serif;\"><a href=\"https:\/\/www.dropbox.com\/s\/wnw3pfewmj2btc9\/Luis%20S.Meter_Nextion%202.8.zip?dl=0\">Transferir o ficheiro &#8220;tft&#8221; 2.8<\/a><\/span><\/span><\/strong><\/p>\n<p style=\"text-align: center;\"><span style=\"font-size: 14px;\"><span style=\"font-family: arial, helvetica, sans-serif;\">Atualizado a 05\/04\/2018<\/span><\/span><\/p>\n<p>&nbsp;<\/p>\n<p>&nbsp;<\/p>\n<p>&nbsp;<\/p>\n<p>&nbsp;<\/p>\n<hr \/>\n<hr \/>\n<p>&nbsp;<\/p>\n<blockquote>\n<div style=\"text-align: left;\">Software utilizado para a programa\u00e7\u00e3o = <strong>CPS<\/strong><\/div>\n<div style=\"text-align: left;\">Ficheiro de configura\u00e7\u00e3o para o r\u00e1dio = <strong>codeplug<\/strong><\/div>\n<\/blockquote>\n<p>&nbsp;<\/p>\n<p id=\"h_61870971731536828604373\" style=\"text-align: center;\"><span style=\"font-family: arial,helvetica,sans-serif; font-size: 18pt;\"><a href=\"https:\/\/dmr-portugal.org\/?page_id=2027\"><strong><span style=\"font-size: 20px;\">Hytera<\/span><\/strong><\/a><\/span><\/p>\n<p style=\"text-align: center;\"><span style=\"font-family: verdana,geneva,sans-serif;\"><a href=\"https:\/\/dmr-portugal.org\/?page_id=2061\"><span style=\"font-family: arial,helvetica,sans-serif; font-size: 18pt;\"><span style=\"font-size: 20px;\"><strong>Motorola<\/strong><\/span><\/span><\/a><\/span><\/p>\n<p style=\"text-align: center;\"><a href=\"https:\/\/dmr-portugal.org\/?page_id=2070\"><span style=\"text-decoration: underline;\"><strong><span style=\"font-size: 20px; font-family: arial, helvetica, sans-serif;\">Tytera<\/span><\/strong><\/span><\/a><\/p>\n<p>&nbsp;<\/p>\n<p>&nbsp;<\/p>\n<p>&nbsp;<\/p>\n<h2 style=\"text-align: center;\"><span style=\"font-family: verdana,geneva,sans-serif;\"><span style=\"font-family: arial,helvetica,sans-serif; font-size: 18pt;\">Retevis RT8\/Tytera MD380\/390 com GPS<\/span><br \/>\n<\/span><\/h2>\n<p>&nbsp;<\/p>\n<table style=\"height: 147px; width: 100%;\">\n<tbody>\n<tr>\n<td style=\"text-align: left; width: 975.133px;\"><span style=\"font-family: arial,helvetica,sans-serif; font-size: 12pt;\">CPS Retevis RT8 (GPS)<br \/>\n<\/span><\/td>\n<td style=\"text-align: right; width: 160.867px;\"><span style=\"font-family: arial,helvetica,sans-serif; font-size: 12pt;\"><a href=\"https:\/\/www.dropbox.com\/s\/yqveoicr6f3xtpi\/RT8_V1.36%20.exe?dl=0\" target=\"_blank\" rel=\"noopener noreferrer\">RT8_V1.36<\/a><\/span><\/td>\n<\/tr>\n<tr>\n<td style=\"text-align: left; width: 975.133px;\"><span style=\"font-family: helvetica,arial,sans-serif; font-size: 12pt;\">CodePlug RT8 ou MD390 (<strong><span style=\"font-size: 14pt; color: #ff0000;\">updated 05\/11\/2017<\/span><\/strong>) <span style=\"font-size: 10pt;\">Este \u00e9 o\u00a0ultimo codeplug produzido, n\u00e3o ir\u00e1 ser continuado ou atualizado, neste site Existe um\u00a0<a href=\"https:\/\/youtu.be\/54-BH0ljbJg\" target=\"_blank\" rel=\"noopener noreferrer\">Video<\/a>\u00a0explicativo de como actualizar ou criar novos canais.<\/span><br \/>\n<\/span><\/td>\n<td style=\"text-align: right; width: 160.867px;\"><span style=\"font-family: helvetica,arial,sans-serif; font-size: 12pt;\"><a href=\"https:\/\/www.dropbox.com\/s\/grdy2325wfv18qo\/md-390-code-05-11-2017.zip?dl=0\" target=\"_blank\" rel=\"noopener noreferrer\">MD390 codeplug<\/a><\/span><\/td>\n<\/tr>\n<tr>\n<td style=\"text-align: left; width: 975.133px;\"><span style=\"font-family: helvetica,arial,sans-serif; font-size: 12pt;\">Firmware &#8211; <span style=\"color: #00ff00;\">Nova ferramenta<\/span> (MD380\/390 FlashTool v1.04 &#8211; PT) &#8211; <span style=\"color: #ff0000;\"><strong>updated 18\/02\/2018<span style=\"color: #000000;\"> (<a href=\"https:\/\/dmr-portugal.org\/?p=1697\">Noticia da publica\u00e7\u00e3o<\/a>)<\/span><\/strong><\/span><br \/>\n<\/span><\/td>\n<td style=\"text-align: right; width: 160.867px;\"><span style=\"font-family: helvetica,arial,sans-serif; font-size: 12pt;\"><a href=\"https:\/\/github.com\/pjao\/md380tools-PT\/raw\/master\/TyteraFlashToolv1.04-PT.zip\">S13-WITH_GPS<\/a><\/span><\/td>\n<\/tr>\n<tr>\n<td style=\"text-align: left; width: 975.133px;\"><span style=\"font-family: helvetica,arial,sans-serif; font-size: 12pt;\">Firmware S13 com WX e StatusDisplay &#8211; GPS &#8211; Descri\u00e7\u00e3o de fun\u00e7\u00f5es<br \/>\n<\/span><\/td>\n<td style=\"text-align: right; width: 160.867px;\"><span style=\"font-family: helvetica,arial,sans-serif; font-size: 12pt;\"><a href=\"https:\/\/www.dropbox.com\/s\/19lkjuashkxmj0b\/MD380tools_WX_STATUS.pdf?dl=0\">Explica\u00e7\u00e3o<\/a><\/span><\/td>\n<\/tr>\n<\/tbody>\n<\/table>\n<p>&nbsp;<\/p>\n<h2 style=\"text-align: center;\"><span style=\"font-family: verdana,geneva,sans-serif;\"><span style=\"font-family: arial,helvetica,sans-serif; font-size: 18pt;\">Retevis RT82\/Tytera MD2017 com GPS<\/span><br \/>\n<\/span><\/h2>\n<p>&nbsp;<\/p>\n<table style=\"height: 110px; width: 100%;\">\n<tbody>\n<tr>\n<td style=\"text-align: left; width: 586px;\"><span style=\"font-family: helvetica,arial,sans-serif; font-size: 12pt;\"><span style=\"font-family: arial,helvetica,sans-serif;\">CPS RT82\/MD2017 <\/span><br \/>\n<\/span><\/td>\n<td style=\"text-align: right; width: 292px;\"><span style=\"font-family: helvetica,arial,sans-serif; font-size: 12pt;\"><a href=\"https:\/\/www.dropbox.com\/s\/o03gl21wkqnygq5\/CPS2017_117.rar?dl=0\" target=\"_blank\" rel=\"noopener noreferrer\">CPS RT82\/MD2017<\/a><\/span><\/td>\n<\/tr>\n<tr>\n<td style=\"text-align: left; width: 586px;\"><span style=\"font-family: helvetica,arial,sans-serif; font-size: 12pt;\"><span style=\"font-family: arial,helvetica,sans-serif;\">CodePlug RT82 ou MD2017 &#8211; (<span style=\"font-size: 10pt;\">contributo CT1CVT<span style=\"font-size: 12pt;\">)<\/span><\/span><\/span> (<strong><span style=\"font-size: 14pt; color: #ff0000;\">updated 23\/12\/2018<\/span><\/strong>)<br \/>\n<span style=\"font-size: 8pt;\">Este \u00e9 o\u00a0ultimo codeplug produzido, n\u00e3o ir\u00e1 ser continuado ou atualizado.<\/span><br \/>\n<\/span><\/td>\n<td style=\"text-align: right; width: 292px;\"><span style=\"font-family: helvetica,arial,sans-serif; font-size: 12pt;\"><a href=\"https:\/\/www.dropbox.com\/s\/7iosnbse9mwe8q6\/CP_RT82_by_CT1CVT_DEZ_2018%20.rdt?dl=0\" target=\"_blank\" rel=\"noopener noreferrer\">Code RT82\/MD2017<\/a><\/span><\/td>\n<\/tr>\n<tr>\n<td style=\"text-align: left; width: 586px;\"><span style=\"font-family: helvetica,arial,sans-serif; font-size: 12pt;\"><span style=\"font-family: arial,helvetica,sans-serif;\">Firmware Update com firmware (leia primeiro o documento que acompanha)<\/span><\/span><\/td>\n<td style=\"text-align: right; width: 292px;\"><span style=\"font-family: helvetica,arial,sans-serif; font-size: 12pt;\"><a href=\"https:\/\/www.dropbox.com\/s\/fydd4njku3spi64\/RT82-updated-firmware.zip?dl=0\" target=\"_blank\" rel=\"noopener noreferrer\">Firmware Update<\/a><\/span><\/td>\n<\/tr>\n<tr>\n<td style=\"text-align: left; width: 586px;\"><span style=\"font-family: helvetica,arial,sans-serif; font-size: 12pt;\"><span style=\"font-family: arial,helvetica,sans-serif;\">Firmware Update 3.42 (22\/11)<\/span><\/span><\/td>\n<td style=\"text-align: right; width: 292px;\"><span style=\"font-family: helvetica,arial,sans-serif; font-size: 12pt;\"><a href=\"https:\/\/www.dropbox.com\/s\/dn5phiruqp9i2cb\/RT82%20Firmware-Solve%20Short%20recording%20time%20problem-20171123.rar?dl=0\" target=\"_blank\" rel=\"noopener noreferrer\">CPS \/ FW Update<\/a><\/span><\/td>\n<\/tr>\n<tr>\n<td style=\"text-align: left; width: 586px;\"><span style=\"font-family: helvetica,arial,sans-serif; font-size: 12pt;\"><span style=\"font-family: arial,helvetica,sans-serif;\">MD9600 &#8211; RT82 Zone Manager <\/span><\/span><\/td>\n<td style=\"text-align: right; width: 292px;\"><span style=\"font-family: arial,helvetica,sans-serif; font-size: 12pt;\"><a href=\"https:\/\/www.dropbox.com\/s\/nba43fnzgnu3yaf\/MD9600-2017-RT82%20Zone%20Manager.zip?dl=0\" target=\"_blank\" rel=\"noopener noreferrer\">Zone Manager<\/a><\/span><\/td>\n<\/tr>\n<\/tbody>\n<\/table>\n<p>&nbsp;<\/p>\n<h2 style=\"text-align: center;\"><span style=\"font-family: verdana,geneva,sans-serif;\"><span style=\"font-family: arial,helvetica,sans-serif; font-size: 18pt;\">Retevis Ailunce HD1<br \/>\n<\/span><\/span><\/h2>\n<p>&nbsp;<\/p>\n<table style=\"height: 110px; width: 100%;\">\n<tbody>\n<tr>\n<td style=\"text-align: left; width: 403px;\"><span style=\"font-family: helvetica,arial,sans-serif; font-size: 12pt;\">Firmware Update v1.4.5_GPS<br \/>\n<\/span><\/td>\n<td style=\"text-align: right; width: 474.317px;\"><span style=\"font-family: helvetica,arial,sans-serif; font-size: 12pt;\"><a href=\"https:\/\/www.dropbox.com\/s\/sugwh7hglw0ms4w\/Firmware%20Update%20-%20HD-HD1A-V1.4.5_GPS.zip?dl=0\" target=\"_blank\" rel=\"noopener noreferrer\">Fw v1.4.5_GPS<\/a><\/span><\/td>\n<\/tr>\n<tr>\n<td style=\"text-align: left; width: 403px;\"><span style=\"font-family: helvetica,arial,sans-serif; font-size: 12pt;\">Firmware Update v1.4.5<br \/>\n<\/span><\/td>\n<td style=\"text-align: right; width: 474.317px;\"><span style=\"font-family: helvetica,arial,sans-serif; font-size: 12pt;\"><a href=\"https:\/\/www.dropbox.com\/s\/jv8h3cwqsu5aw52\/Firmware%20Update%20-%20HD-HD1A-V1.4.5.zip?dl=0\" target=\"_blank\" rel=\"noopener noreferrer\">Fw v1.4.5<\/a><\/span><\/td>\n<\/tr>\n<tr>\n<td style=\"text-align: left; width: 403px;\"><span style=\"font-family: helvetica,arial,sans-serif; font-size: 12pt;\"><span style=\"font-family: arial,helvetica,sans-serif;\">CPS v1.74_GPS<\/span><\/span><\/td>\n<td style=\"text-align: right; width: 474.317px;\"><span style=\"font-family: helvetica,arial,sans-serif; font-size: 12pt;\"><a href=\"https:\/\/www.dropbox.com\/s\/o53kf4ertl1cdhr\/HD1%28GPS%29_programming_software.zip?dl=0\" target=\"_blank\" rel=\"noopener noreferrer\">CPS v1.74_GPS<\/a><\/span><\/td>\n<\/tr>\n<tr>\n<td style=\"text-align: left; width: 403px;\"><span style=\"font-family: helvetica,arial,sans-serif; font-size: 12pt;\"><span style=\"font-family: arial,helvetica,sans-serif;\">CPS v1.68<\/span><\/span><\/td>\n<td style=\"text-align: right; width: 474.317px;\"><span style=\"font-family: helvetica,arial,sans-serif; font-size: 12pt;\"><a href=\"https:\/\/www.dropbox.com\/s\/ftlaso66maa08an\/HD1_V1.68_software.zip?dl=0\" target=\"_blank\" rel=\"noopener noreferrer\">CPS v1.68<\/a><\/span><\/td>\n<\/tr>\n<tr>\n<td style=\"text-align: left; width: 403px;\"><span style=\"font-family: helvetica,arial,sans-serif; font-size: 12pt;\"><span style=\"font-family: arial,helvetica,sans-serif;\">USB Driver HD1<br \/>\n<\/span><\/span><\/td>\n<td style=\"text-align: right; width: 474.317px;\"><span style=\"font-family: helvetica,arial,sans-serif; font-size: 12pt;\"><a href=\"https:\/\/www.dropbox.com\/s\/cnj54wgg7k3lwhf\/HD1-USBDriver.zip?dl=0\" target=\"_blank\" rel=\"noopener noreferrer\">USB Driver<\/a><\/span><\/td>\n<\/tr>\n<tr>\n<td style=\"text-align: left; width: 403px;\"><span style=\"font-family: helvetica,arial,sans-serif; font-size: 12pt;\"><span style=\"font-family: arial,helvetica,sans-serif;\">HD1 Manual (ingles)<\/span><\/span><\/td>\n<td style=\"text-align: right; width: 474.317px;\"><a href=\"https:\/\/www.dropbox.com\/s\/g950g35vdbdkq2l\/HD1-English-manua.pdf?dl=0\" target=\"_blank\" rel=\"noopener noreferrer\"><span style=\"font-family: arial,helvetica,sans-serif; font-size: 12pt;\">Manual (HD-1)<\/span><\/a><\/td>\n<\/tr>\n<tr>\n<td style=\"text-align: left; width: 403px;\"><span style=\"font-family: helvetica,arial,sans-serif; font-size: 12pt;\"><span style=\"font-family: arial,helvetica,sans-serif;\">Contactos 12-04-2018<br \/>\n<\/span><\/span><\/td>\n<td style=\"text-align: right; width: 474.317px;\"><span style=\"font-family: arial,helvetica,sans-serif; font-size: 12pt;\"><a href=\"https:\/\/www.dropbox.com\/s\/dvayw92034jr0qf\/hd1.zip?dl=0\" target=\"_blank\" rel=\"noopener noreferrer\">Contacts 12-04-2018<\/a><\/span><\/td>\n<\/tr>\n<\/tbody>\n<\/table>\n<p>&nbsp;<\/p>\n<hr \/>\n<p>&nbsp;<\/p>\n<h2 style=\"text-align: center;\"><span style=\"font-family: verdana,geneva,sans-serif;\"><span style=\"font-family: arial,helvetica,sans-serif; font-size: 18pt;\">RadioDDity\u00a0GD-77<br \/>\n<\/span><\/span><\/h2>\n<p>&nbsp;<\/p>\n<table style=\"height: 55px;\" width=\"100%\">\n<tbody>\n<tr>\n<td style=\"text-align: left;\"><span style=\"font-family: helvetica,arial,sans-serif; font-size: 12pt;\"><span style=\"font-family: arial,helvetica,sans-serif;\">CPS 3.1.1 + Firmware\u00a0 <span style=\"font-family: arial,helvetica,sans-serif; font-size: 12pt;\">(<span style=\"color: #ff0000;\">Novo<\/span>) <\/span><\/span><\/span><\/td>\n<td style=\"text-align: right;\"><span style=\"font-family: helvetica,arial,sans-serif; font-size: 12pt;\"><a href=\"https:\/\/www.dropbox.com\/s\/qspnq4kck9wuou8\/GD-77%20Firmware%20And%20Software%202018.3.16.zip?dl=0\" target=\"_blank\" rel=\"noopener noreferrer\">CPS 3.1.1<\/a><\/span><\/td>\n<\/tr>\n<tr>\n<td style=\"text-align: left;\"><span style=\"font-family: helvetica,arial,sans-serif; font-size: 12pt;\"><span style=\"font-family: arial,helvetica,sans-serif;\">Firmware update\u00a0manual<\/span><br \/>\n<\/span><\/td>\n<td style=\"text-align: right;\"><span style=\"font-family: helvetica,arial,sans-serif; font-size: 12pt;\"><a href=\"https:\/\/www.dropbox.com\/s\/usthbwma5da3g8m\/GD-77%20Update%20Operation%202018.3.8.docx?dl=0\" target=\"_blank\" rel=\"noopener noreferrer\">Firmware Update Manual<\/a><\/span><\/td>\n<\/tr>\n<\/tbody>\n<\/table>\n<p>&nbsp;<\/p>\n<p style=\"text-align: center;\"><span style=\"font-size: 18pt;\"><span style=\"color: #000000;\"><span style=\"font-family: verdana,geneva,sans-serif;\"><span style=\"font-family: arial,helvetica,sans-serif;\">Tytera MD9600<\/span><\/span><\/span><\/span><\/p>\n<table style=\"height: 55px;\" width=\"100%\">\n<tbody>\n<tr>\n<td style=\"text-align: left; width: 462px;\"><span style=\"font-size: 12pt; font-family: helvetica,arial,sans-serif;\">Tytera CPS 1.21<\/span><\/td>\n<td style=\"text-align: right; width: 346px;\"><span style=\"font-family: helvetica,arial,sans-serif; font-size: 12pt;\"><a href=\"https:\/\/www.dropbox.com\/s\/nvlxpc917h47csr\/CPS-MD9600-Setup-v1.21.zip?dl=0\" target=\"_blank\" rel=\"noopener noreferrer\">MD9600 v1.21<\/a><\/span><\/td>\n<\/tr>\n<tr>\n<td style=\"text-align: left; width: 462px;\"><span style=\"font-size: 12pt; font-family: helvetica,arial,sans-serif;\">Tytera MD-9600 &#8211; firmware 5,03<br \/>\n<\/span><\/td>\n<td style=\"text-align: right; width: 346px;\"><span style=\"font-family: helvetica,arial,sans-serif; font-size: 12pt;\"><a href=\"https:\/\/www.dropbox.com\/s\/jduyuuoafzzap2j\/MD9600-firmware-05-03.ZIP?dl=0\" target=\"_blank\" rel=\"noopener noreferrer\">MD-9600 firmware 5.03<\/a><\/span><\/td>\n<\/tr>\n<\/tbody>\n<\/table>\n<p>&nbsp;<\/p>\n","protected":false},"excerpt":{"rendered":"<p>Vai estar aqui dispon\u00edvel o software necess\u00e1rio \u00e0 cria\u00e7\u00e3o da configura\u00e7\u00e3o dos diversos equipamentos. Fica tamb\u00e9m conhecedor de novas terminologias usadas no DMR. &nbsp; &nbsp; &nbsp; Nextion display 3.5 (grande). Trabalho feito pelo colega Lu\u00eds &#8211; CT2GBJ E 2.8\u00a0 &nbsp; &nbsp; &nbsp; &nbsp; &nbsp; &nbsp; &nbsp; \u00a0\u00a0\u00a0 &nbsp; &nbsp; Transferir \u2026 <a class=\"continue-reading-link\" href=\"https:\/\/dmr-portugal.org\/?page_id=94\"> Continua&#8230; <span class=\"meta-nav\">&rarr; <\/span><\/a><\/p>\n","protected":false},"author":1,"featured_media":37,"parent":0,"menu_order":9,"comment_status":"closed","ping_status":"closed","template":"","meta":{"footnotes":""},"class_list":["post-94","page","type-page","status-publish","has-post-thumbnail","hentry"],"_links":{"self":[{"href":"https:\/\/dmr-portugal.org\/index.php?rest_route=\/wp\/v2\/pages\/94","targetHints":{"allow":["GET"]}}],"collection":[{"href":"https:\/\/dmr-portugal.org\/index.php?rest_route=\/wp\/v2\/pages"}],"about":[{"href":"https:\/\/dmr-portugal.org\/index.php?rest_route=\/wp\/v2\/types\/page"}],"author":[{"embeddable":true,"href":"https:\/\/dmr-portugal.org\/index.php?rest_route=\/wp\/v2\/users\/1"}],"replies":[{"embeddable":true,"href":"https:\/\/dmr-portugal.org\/index.php?rest_route=%2Fwp%2Fv2%2Fcomments&post=94"}],"version-history":[{"count":0,"href":"https:\/\/dmr-portugal.org\/index.php?rest_route=\/wp\/v2\/pages\/94\/revisions"}],"wp:featuredmedia":[{"embeddable":true,"href":"https:\/\/dmr-portugal.org\/index.php?rest_route=\/wp\/v2\/media\/37"}],"wp:attachment":[{"href":"https:\/\/dmr-portugal.org\/index.php?rest_route=%2Fwp%2Fv2%2Fmedia&parent=94"}],"curies":[{"name":"wp","href":"https:\/\/api.w.org\/{rel}","templated":true}]}}