{"id":830,"date":"2017-02-26T16:23:35","date_gmt":"2017-02-26T16:23:35","guid":{"rendered":"https:\/\/dmr-portugal.org\/?page_id=830"},"modified":"2018-09-13T12:26:51","modified_gmt":"2018-09-13T11:26:51","slug":"jessie-para-dv4mini","status":"publish","type":"page","link":"https:\/\/dmr-portugal.org\/?page_id=830","title":{"rendered":"Jessie para DV4mini"},"content":{"rendered":"<p>&nbsp;<\/p>\n<p style=\"text-align: center;\"><span style=\"font-family: arial,helvetica,sans-serif; font-size: 18pt;\">Imagem Rpi2 ou Rpi3 &#8211; DV4mini<\/span><\/p>\n<p>&nbsp;<\/p>\n<p style=\"text-align: left;\"><span style=\"font-family: arial,helvetica,sans-serif; font-size: 12pt;\">O \u00faltimo firmware para o DV4mini, veio-lhe dar novo f\u00f4lego, levando muitos colegas que tinham abandonado o dispositivo a traz\u00ea-lo de novo \u00e0 vida.<\/span><\/p>\n<p style=\"text-align: left;\"><span style=\"font-family: arial,helvetica,sans-serif; font-size: 12pt;\">Atualiza\u00e7\u00e3o da imagem para as Raspberry PI2 e 3, \u00e9 uma instala\u00e7\u00e3o simples bastando copiar do link mais abaixo a imagem e grava-la num cart\u00e3o SD que tem que ter 16Gb m\u00ednimo e ser um Classe 10, para assim tirar partido do quad core da Raspberry.<\/span><\/p>\n<p><span style=\"font-family: arial, helvetica, sans-serif; font-size: 12pt;\">28\/01 &#8211; upgrade da imagem, agora baseada em Debian Stretch (v9) com as \u00faltimas vers\u00f5es do painel de controle e do gestor de XTG<\/span><\/p>\n<p>&nbsp;<\/p>\n<p style=\"text-align: left;\"><span style=\"font-family: arial,helvetica,sans-serif; font-size: 12pt;\">Necessitamos de dois aplicativos, o 1\u00ba para copiar a imagem para o cart\u00e3o, o 2\u00ba para aceder \u00e0 mesma em ambiente gr\u00e1fico.<\/span><\/p>\n<ol>\n<li style=\"text-align: left;\"><span style=\"font-family: arial,helvetica,sans-serif; font-size: 12pt;\"> Download desta aplica\u00e7\u00e3o: <a href=\"https:\/\/sourceforge.net\/projects\/win32diskimager\/files\/latest\/download\">Win32DiskImager<\/a><\/span><\/li>\n<li style=\"text-align: left;\"><span style=\"font-family: arial,helvetica,sans-serif; font-size: 12pt;\">Download do VNC:\u00a0<a href=\"http:\/\/www.tightvnc.com\/download\/2.8.5\/tightvnc-2.8.5-gpl-setup-32bit.msi\">VNC 32\/64bits<\/a><\/span><\/li>\n<\/ol>\n<p><span style=\"font-family: arial,helvetica,sans-serif; font-size: 12pt;\">Na posse das aplica\u00e7\u00f5es podemos ent\u00e3o adquirir a <a href=\"https:\/\/www.dropbox.com\/s\/weuw5gk8ilg055w\/stretch-9-hamradio.zip?dl=0\" target=\"_blank\" rel=\"noopener\">imagem Jessie<\/a> e copia-la para o cart\u00e3o.<\/span><\/p>\n<div id=\"attachment_831\" style=\"width: 810px\" class=\"wp-caption aligncenter\"><a href=\"https:\/\/dmr-portugal.org\/?attachment_id=831\" rel=\"attachment wp-att-831\"><img fetchpriority=\"high\" decoding=\"async\" aria-describedby=\"caption-attachment-831\" class=\"wp-image-831 size-large\" src=\"https:\/\/dmr-portugal.org\/wp-content\/uploads\/2017\/02\/2017-02-26_114241-1024x550.png\" alt=\"2017-02-26_114241\" width=\"800\" height=\"430\" srcset=\"https:\/\/dmr-portugal.org\/wp-content\/uploads\/2017\/02\/2017-02-26_114241-1024x550.png 1024w, https:\/\/dmr-portugal.org\/wp-content\/uploads\/2017\/02\/2017-02-26_114241-300x161.png 300w, https:\/\/dmr-portugal.org\/wp-content\/uploads\/2017\/02\/2017-02-26_114241-150x81.png 150w, https:\/\/dmr-portugal.org\/wp-content\/uploads\/2017\/02\/2017-02-26_114241.png 1427w\" sizes=\"(max-width: 800px) 100vw, 800px\" \/><\/a><p id=\"caption-attachment-831\" class=\"wp-caption-text\">Jessie para DV4mini<\/p><\/div>\n<p><span style=\"font-family: arial,helvetica,sans-serif; font-size: 12pt;\">Acesso por terminal VT100, pode ser o <a href=\"https:\/\/the.earth.li\/~sgtatham\/putty\/latest\/w32\/putty-0.68-installer.msi\">Putty 32bit<\/a> ou o <a href=\"https:\/\/the.earth.li\/~sgtatham\/putty\/latest\/w64\/putty-64bit-0.68-installer.msi\">Putty 64bit<\/a>, poder\u00e1 tamb\u00e9m usar o Bitvise, este \u00e9 o meu terminal de elei\u00e7\u00e3o, permitindo guardar as sess\u00f5es sejam elas em texto ou com chaves criptogr\u00e1ficas. O download est\u00e1 dispon\u00edvel neste <a href=\"https:\/\/bvdl.s3-eu-west-1.amazonaws.com\/BvSshClient-Inst.exe\">BitVise<\/a>.<\/span><\/p>\n<p><span style=\"font-family: arial,helvetica,sans-serif; font-size: 12pt;\">Para aceder \u00e0 Raspberry por terminal o user \u00e9 o &#8220;pi&#8221; (como sempre) a password \u00e9: raspberry, para o VNC ser\u00e1 o IP da Raspberry 19x.xxx.xxx.xxx \u00bb com a mesma password.<\/span><\/p>\n<p><span style=\"font-family: arial,helvetica,sans-serif; font-size: 12pt;\">Ir\u00e1 depois ser vis\u00edvel um ecr\u00e3, igual ao acima apresentado, bastando configurar com os seus dados, DMR ID, Localidade e Locator.<\/span><br \/>\n<span style=\"font-family: arial,helvetica,sans-serif; font-size: 12pt;\">Qualquer d\u00favida ou opini\u00e3o inscrevam-na nos coment\u00e1rios.<\/span><\/p>\n<hr \/>\n<p>&nbsp;<\/p>\n","protected":false},"excerpt":{"rendered":"<p>&nbsp; Imagem Rpi2 ou Rpi3 &#8211; DV4mini &nbsp; O \u00faltimo firmware para o DV4mini, veio-lhe dar novo f\u00f4lego, levando muitos colegas que tinham abandonado o dispositivo a traz\u00ea-lo de novo \u00e0 vida. Atualiza\u00e7\u00e3o da imagem para as Raspberry PI2 e 3, \u00e9 uma instala\u00e7\u00e3o simples bastando copiar do link mais \u2026 <a class=\"continue-reading-link\" href=\"https:\/\/dmr-portugal.org\/?page_id=830\"> Continua&#8230; <span class=\"meta-nav\">&rarr; <\/span><\/a><\/p>\n","protected":false},"author":1,"featured_media":110,"parent":2068,"menu_order":1,"comment_status":"closed","ping_status":"closed","template":"","meta":{"footnotes":""},"class_list":["post-830","page","type-page","status-publish","has-post-thumbnail","hentry"],"_links":{"self":[{"href":"https:\/\/dmr-portugal.org\/index.php?rest_route=\/wp\/v2\/pages\/830","targetHints":{"allow":["GET"]}}],"collection":[{"href":"https:\/\/dmr-portugal.org\/index.php?rest_route=\/wp\/v2\/pages"}],"about":[{"href":"https:\/\/dmr-portugal.org\/index.php?rest_route=\/wp\/v2\/types\/page"}],"author":[{"embeddable":true,"href":"https:\/\/dmr-portugal.org\/index.php?rest_route=\/wp\/v2\/users\/1"}],"replies":[{"embeddable":true,"href":"https:\/\/dmr-portugal.org\/index.php?rest_route=%2Fwp%2Fv2%2Fcomments&post=830"}],"version-history":[{"count":0,"href":"https:\/\/dmr-portugal.org\/index.php?rest_route=\/wp\/v2\/pages\/830\/revisions"}],"up":[{"embeddable":true,"href":"https:\/\/dmr-portugal.org\/index.php?rest_route=\/wp\/v2\/pages\/2068"}],"wp:featuredmedia":[{"embeddable":true,"href":"https:\/\/dmr-portugal.org\/index.php?rest_route=\/wp\/v2\/media\/110"}],"wp:attachment":[{"href":"https:\/\/dmr-portugal.org\/index.php?rest_route=%2Fwp%2Fv2%2Fmedia&parent=830"}],"curies":[{"name":"wp","href":"https:\/\/api.w.org\/{rel}","templated":true}]}}