{"id":660,"date":"2016-09-10T21:57:59","date_gmt":"2016-09-10T21:57:59","guid":{"rendered":"https:\/\/dmr-portugal.org\/?page_id=660"},"modified":"2020-10-23T00:13:49","modified_gmt":"2020-10-22T23:13:49","slug":"upgrade-firmware-em-hytera","status":"publish","type":"page","link":"https:\/\/dmr-portugal.org\/?page_id=660","title":{"rendered":"Upgrade Firmware em Hytera"},"content":{"rendered":"<p>&nbsp;<\/p>\n<p>&nbsp;<\/p>\n<p style=\"text-align: center;\"><span style=\"font-family: arial,helvetica,sans-serif; font-size: 24pt;\"><strong>Atualiza\u00e7\u00e3o Firmware no Hytera <\/strong><\/span><\/p>\n<p>&nbsp;<\/p>\n<p>&nbsp;<\/p>\n<p style=\"text-align: center;\"><strong><span style=\"font-family: arial,helvetica,sans-serif; font-size: 14pt;\">MD785 (Cabo USB \u2013 Normal &#8211; Cabo de programa\u00e7\u00e3o &#8220;homemade&#8221;)<\/span><\/strong><\/p>\n<p>&nbsp;<\/p>\n<p>&nbsp;<\/p>\n<ul>\n<li><span style=\"font-family: arial,helvetica,sans-serif; font-size: 12pt;\">Ao mesmo tempo, encostar o microfone ao corpo do r\u00e1dio (ou no dispositivo de suspens\u00e3o), primir a PTT,\u00a0 ligar o r\u00e1dio;<a href=\"https:\/\/dmr-portugal.org\/wp-content\/uploads\/2016\/09\/suporte-mao.png\"><img decoding=\"async\" class=\"wp-image-675 size-thumbnail aligncenter\" src=\"https:\/\/dmr-portugal.org\/wp-content\/uploads\/2016\/09\/suporte-mao-150x150.png\" alt=\"suporte-mao\" width=\"150\" height=\"150\" \/><\/a><\/span><\/li>\n<li><span style=\"font-family: arial,helvetica,sans-serif; font-size: 12pt;\">Libertar a PTT;<\/span><\/li>\n<li><span style=\"font-family: arial,helvetica,sans-serif; font-size: 12pt;\">O bot\u00e3o grande acende com a luz em vermelho;<\/span><\/li>\n<li><span style=\"font-family: arial,helvetica,sans-serif; font-size: 12pt;\">Desligar o microfone e ligar o cabo USB;<\/span><\/li>\n<li><span style=\"font-family: arial,helvetica,sans-serif; font-size: 12pt;\">Executar o software de upgrade (DMR_UPGRADEKIT_SUBSCRIBE);<\/span><\/li>\n<li><span style=\"font-family: arial,helvetica,sans-serif; font-size: 12pt;\">Ligar o r\u00e1dio ao PC;<\/span><\/li>\n<li><span style=\"font-family: arial,helvetica,sans-serif; font-size: 12pt;\">Verifique se foi detetada a porta USB de liga\u00e7\u00e3o;<\/span><\/li>\n<li><span style=\"font-family: arial,helvetica,sans-serif; font-size: 12pt;\">Escolher a op\u00e7\u00e3o \u201cUPGRADE\u201d no programa;<\/span><\/li>\n<li><span style=\"font-family: arial,helvetica,sans-serif; font-size: 12pt;\">O programa ir\u00e1 fazer o resto, aguardar pela mensagem que o processo terminou;<\/span><\/li>\n<li><span style=\"font-family: arial,helvetica,sans-serif; font-size: 12pt;\">Quando o processo terminar, desligar o radio e o cabo do PC.<\/span><\/li>\n<\/ul>\n<p>&nbsp;<\/p>\n<p>&nbsp;<\/p>\n<p>&nbsp;<\/p>\n<p><strong><span style=\"font-family: arial,helvetica,sans-serif; font-size: 14pt;\">MD785 (Cabo USB com interruptor)<\/span><\/strong><\/p>\n<p><strong><span style=\"font-family: arial,helvetica,sans-serif; font-size: 14pt;\">MD655 <\/span><\/strong><strong>\u2013 Muito pequeno (Cabo USB com interruptor)<\/strong><\/p>\n<p>&nbsp;<\/p>\n<ul>\n<li><span style=\"font-family: arial,helvetica,sans-serif; font-size: 12pt;\">Verificar o interruptor de duas posi\u00e7\u00f5es do cabo USB<\/span><\/li>\n<li><span style=\"font-family: arial,helvetica,sans-serif; font-size: 12pt;\">Mudar a posi\u00e7\u00e3o do interruptor para \u201cDL\u201d &#8211; Download<\/span><\/li>\n<li><span style=\"font-family: arial,helvetica,sans-serif; font-size: 12pt;\">Executar o software de upgrade (DMR_UPGRADEKIT_SUBSCRIBE);<\/span><\/li>\n<li><span style=\"font-family: arial,helvetica,sans-serif; font-size: 12pt;\">Ligar o r\u00e1dio ao PC;<\/span><\/li>\n<li><span style=\"font-family: arial,helvetica,sans-serif; font-size: 12pt;\">Verifique se foi detetada a porta USB de liga\u00e7\u00e3o;<\/span><\/li>\n<li><span style=\"font-family: arial,helvetica,sans-serif; font-size: 12pt;\">Escolher a op\u00e7\u00e3o \u201cUPGRADE\u201d no programa;<\/span><\/li>\n<li><span style=\"font-family: arial,helvetica,sans-serif; font-size: 12pt;\">O programa ir\u00e1 fazer o resto, aguardar pela mensagem que o processo terminou;<\/span><\/li>\n<li><span style=\"font-family: arial,helvetica,sans-serif; font-size: 12pt;\">Quando o processo terminar, desligar o radio e o cabo do PC.<\/span><\/li>\n<\/ul>\n<p>&nbsp;<\/p>\n<p>&nbsp;<\/p>\n<p><strong><span style=\"font-family: arial,helvetica,sans-serif; font-size: 14pt;\">Ler a programa\u00e7\u00e3o do r\u00e1dio (CPS) ap\u00f3s a actualiza\u00e7\u00e3o do r\u00e1dio<\/span><\/strong><\/p>\n<p>&nbsp;<\/p>\n<ul>\n<li><span style=\"font-family: arial,helvetica,sans-serif; font-size: 12pt;\">Mudar a posi\u00e7\u00e3o do interruptor para \u201cC\u201d &#8211; \u201cCPS\u201d para ler ou escrever o CPS \u2013 Codeplug<\/span><\/li>\n<li><span style=\"font-family: arial,helvetica,sans-serif; font-size: 12pt;\">Executar o programa de CPS compat\u00edvel com o firmware V7 ou V8;<\/span><\/li>\n<li><span style=\"font-family: arial,helvetica,sans-serif; font-size: 12pt;\">Ligar o r\u00e1dio ao PC<\/span><\/li>\n<li><span style=\"font-family: arial,helvetica,sans-serif; font-size: 12pt;\">Ligar o r\u00e1dio;<\/span><\/li>\n<li><span style=\"font-family: arial,helvetica,sans-serif; font-size: 12pt;\">Verifique se foi detetada a porta USB de liga\u00e7\u00e3o;<\/span><\/li>\n<li><span style=\"font-family: arial,helvetica,sans-serif; font-size: 12pt;\">Ler o r\u00e1dio para verificar a liga\u00e7\u00e3o e vers\u00e3o correcta<\/span><\/li>\n<li><span style=\"font-family: arial,helvetica,sans-serif; font-size: 12pt;\">Ap\u00f3s sucesso, poder\u00e1 ler e escreve no r\u00e1dio.<\/span><\/li>\n<\/ul>\n<p>&nbsp;<\/p>\n<p>&nbsp;<\/p>\n<p><em><span style=\"font-family: arial,helvetica,sans-serif; font-size: 12pt;\">Adenda: O conector D-Sub 26 pode ser encontrado na Mauser com a refer\u00eancia: <\/span><\/em><strong><span style=\"font-family: arial,helvetica,sans-serif; font-size: 12pt;\">011-1518<\/span><\/strong><span style=\"font-family: arial,helvetica,sans-serif; font-size: 12pt;\">, n\u00e3o aconselho adquirir a capa, com a sua coloca\u00e7\u00e3o a ficha n\u00e3o entra no receptaculo.<br \/>\n<\/span><\/p>\n<p>&nbsp;<\/p>\n<a href=\"\/wp-content\/uploads\/2016\/09\/hytera_programmier_kabel.pdf\" class=\"pdfemb-viewer\" style=\"width:1280px;\" data-width=\"1280\" data-height=\"max\" data-toolbar=\"top\" data-toolbar-fixed=\"on\">hytera_programmier_kabel<\/a>\n<p>&nbsp;<\/p>\n","protected":false},"excerpt":{"rendered":"<p>&nbsp; &nbsp; Atualiza\u00e7\u00e3o Firmware no Hytera &nbsp; &nbsp; MD785 (Cabo USB \u2013 Normal &#8211; Cabo de programa\u00e7\u00e3o &#8220;homemade&#8221;) &nbsp; &nbsp; Ao mesmo tempo, encostar o microfone ao corpo do r\u00e1dio (ou no dispositivo de suspens\u00e3o), primir a PTT,\u00a0 ligar o r\u00e1dio; Libertar a PTT; O bot\u00e3o grande acende com a \u2026 <a class=\"continue-reading-link\" href=\"https:\/\/dmr-portugal.org\/?page_id=660\"> Continua&#8230; <span class=\"meta-nav\">&rarr; <\/span><\/a><\/p>\n","protected":false},"author":1,"featured_media":0,"parent":2027,"menu_order":100,"comment_status":"closed","ping_status":"closed","template":"","meta":{"footnotes":""},"class_list":["post-660","page","type-page","status-publish","hentry"],"_links":{"self":[{"href":"https:\/\/dmr-portugal.org\/index.php?rest_route=\/wp\/v2\/pages\/660","targetHints":{"allow":["GET"]}}],"collection":[{"href":"https:\/\/dmr-portugal.org\/index.php?rest_route=\/wp\/v2\/pages"}],"about":[{"href":"https:\/\/dmr-portugal.org\/index.php?rest_route=\/wp\/v2\/types\/page"}],"author":[{"embeddable":true,"href":"https:\/\/dmr-portugal.org\/index.php?rest_route=\/wp\/v2\/users\/1"}],"replies":[{"embeddable":true,"href":"https:\/\/dmr-portugal.org\/index.php?rest_route=%2Fwp%2Fv2%2Fcomments&post=660"}],"version-history":[{"count":0,"href":"https:\/\/dmr-portugal.org\/index.php?rest_route=\/wp\/v2\/pages\/660\/revisions"}],"up":[{"embeddable":true,"href":"https:\/\/dmr-portugal.org\/index.php?rest_route=\/wp\/v2\/pages\/2027"}],"wp:attachment":[{"href":"https:\/\/dmr-portugal.org\/index.php?rest_route=%2Fwp%2Fv2%2Fmedia&parent=660"}],"curies":[{"name":"wp","href":"https:\/\/api.w.org\/{rel}","templated":true}]}}