{"id":4879,"date":"2026-05-12T11:27:01","date_gmt":"2026-05-12T10:27:01","guid":{"rendered":"https:\/\/dmr-portugal.org\/?page_id=4879"},"modified":"2026-05-12T11:34:29","modified_gmt":"2026-05-12T10:34:29","slug":"netct-30a-sessao","status":"publish","type":"page","link":"https:\/\/dmr-portugal.org\/?page_id=4879","title":{"rendered":"netCT 30\u00aa sess\u00e3o"},"content":{"rendered":"<p style=\"text-align: center;\"><span style=\"font-family: arial, helvetica, sans-serif; font-size: 20px;\"><strong>Hist\u00f3rico da 30\u00aa sess\u00e3o<\/strong><\/span><\/p>\n<p>&nbsp;<\/p>\n<p style=\"text-align: center;\"><a href=\"https:\/\/dmr-portugal.org\/wp-content\/uploads\/2026\/05\/netct-log-09-30.png\"><img fetchpriority=\"high\" decoding=\"async\" class=\"aligncenter size-full wp-image-4882\" src=\"https:\/\/dmr-portugal.org\/wp-content\/uploads\/2026\/05\/netct-log-09-30.png\" alt=\"\" width=\"820\" height=\"762\" srcset=\"https:\/\/dmr-portugal.org\/wp-content\/uploads\/2026\/05\/netct-log-09-30.png 820w, https:\/\/dmr-portugal.org\/wp-content\/uploads\/2026\/05\/netct-log-09-30-300x279.png 300w, https:\/\/dmr-portugal.org\/wp-content\/uploads\/2026\/05\/netct-log-09-30-768x714.png 768w, https:\/\/dmr-portugal.org\/wp-content\/uploads\/2026\/05\/netct-log-09-30-150x139.png 150w\" sizes=\"(max-width: 820px) 100vw, 820px\" \/><\/a><\/p>\n<p style=\"text-align: center;\"><span style=\"font-family: arial, helvetica, sans-serif;\"><em><strong>Log da 30\u00aa sess\u00e3o do 9\u00ba ano<\/strong><\/em><\/span><\/p>\n<p>&nbsp;<\/p>\n<p><span style=\"font-family: arial, helvetica, sans-serif;\">Nesta sess\u00e3o 22 utilizadores fizeram representar a sua associa\u00e7\u00e3o.\u00a0<\/span><\/p>\n<p>&nbsp;<\/p>\n<p><span style=\"font-family: arial, helvetica, sans-serif;\">Nesta sess\u00e3o 1 utilizador usou equipamento Yaesu C4FM atrav\u00e9s de hotspot. 2 utilizadores equipamento ICOM DSTAR. 3 utilizadores via rede Tetra<\/span><\/p>\n<p>&nbsp;<\/p>\n<table style=\"border-collapse: collapse; width: 100%;\">\n<tbody>\n<tr>\n<td style=\"width: 474px; border-style: hidden;\"><a href=\"https:\/\/dmr-portugal.org\/wp-content\/uploads\/2026\/05\/estatisticas-30.png\"><img decoding=\"async\" class=\"aligncenter size-full wp-image-4883\" src=\"https:\/\/dmr-portugal.org\/wp-content\/uploads\/2026\/05\/estatisticas-30.png\" alt=\"\" width=\"323\" height=\"186\" srcset=\"https:\/\/dmr-portugal.org\/wp-content\/uploads\/2026\/05\/estatisticas-30.png 323w, https:\/\/dmr-portugal.org\/wp-content\/uploads\/2026\/05\/estatisticas-30-300x173.png 300w, https:\/\/dmr-portugal.org\/wp-content\/uploads\/2026\/05\/estatisticas-30-150x86.png 150w\" sizes=\"(max-width: 323px) 100vw, 323px\" \/><\/a><\/td>\n<td style=\"width: 474px; border-style: hidden;\"><a href=\"https:\/\/dmr-portugal.org\/wp-content\/uploads\/2026\/05\/top-tg-30.png\"><img decoding=\"async\" class=\"size-full wp-image-4884 aligncenter\" src=\"https:\/\/dmr-portugal.org\/wp-content\/uploads\/2026\/05\/top-tg-30.png\" alt=\"\" width=\"460\" height=\"145\" srcset=\"https:\/\/dmr-portugal.org\/wp-content\/uploads\/2026\/05\/top-tg-30.png 460w, https:\/\/dmr-portugal.org\/wp-content\/uploads\/2026\/05\/top-tg-30-300x95.png 300w, https:\/\/dmr-portugal.org\/wp-content\/uploads\/2026\/05\/top-tg-30-150x47.png 150w\" sizes=\"(max-width: 460px) 100vw, 460px\" \/><\/a><\/td>\n<\/tr>\n<\/tbody>\n<\/table>\n<p>&nbsp;<\/p>\n<p style=\"text-align: center;\"><a href=\"https:\/\/dmr-portugal.org\/wp-content\/uploads\/2026\/05\/associacoes-30.png\"><img loading=\"lazy\" decoding=\"async\" class=\"aligncenter size-full wp-image-4885\" src=\"https:\/\/dmr-portugal.org\/wp-content\/uploads\/2026\/05\/associacoes-30.png\" alt=\"\" width=\"312\" height=\"702\" srcset=\"https:\/\/dmr-portugal.org\/wp-content\/uploads\/2026\/05\/associacoes-30.png 312w, https:\/\/dmr-portugal.org\/wp-content\/uploads\/2026\/05\/associacoes-30-133x300.png 133w, https:\/\/dmr-portugal.org\/wp-content\/uploads\/2026\/05\/associacoes-30-67x150.png 67w\" sizes=\"(max-width: 312px) 100vw, 312px\" \/><\/a><\/p>\n<p>&nbsp;<\/p>\n<hr \/>\n<p>&nbsp;<\/p>\n","protected":false},"excerpt":{"rendered":"<p>Hist\u00f3rico da 30\u00aa sess\u00e3o &nbsp; Log da 30\u00aa sess\u00e3o do 9\u00ba ano &nbsp; Nesta sess\u00e3o 22 utilizadores fizeram representar a sua associa\u00e7\u00e3o.\u00a0 &nbsp; Nesta sess\u00e3o 1 utilizador usou equipamento Yaesu C4FM atrav\u00e9s de hotspot. 2 utilizadores equipamento ICOM DSTAR. 3 utilizadores via rede Tetra &nbsp; &nbsp; &nbsp; &nbsp;<\/p>\n","protected":false},"author":1,"featured_media":0,"parent":4674,"menu_order":15,"comment_status":"closed","ping_status":"closed","template":"","meta":{"footnotes":""},"class_list":["post-4879","page","type-page","status-publish","hentry"],"_links":{"self":[{"href":"https:\/\/dmr-portugal.org\/index.php?rest_route=\/wp\/v2\/pages\/4879","targetHints":{"allow":["GET"]}}],"collection":[{"href":"https:\/\/dmr-portugal.org\/index.php?rest_route=\/wp\/v2\/pages"}],"about":[{"href":"https:\/\/dmr-portugal.org\/index.php?rest_route=\/wp\/v2\/types\/page"}],"author":[{"embeddable":true,"href":"https:\/\/dmr-portugal.org\/index.php?rest_route=\/wp\/v2\/users\/1"}],"replies":[{"embeddable":true,"href":"https:\/\/dmr-portugal.org\/index.php?rest_route=%2Fwp%2Fv2%2Fcomments&post=4879"}],"version-history":[{"count":4,"href":"https:\/\/dmr-portugal.org\/index.php?rest_route=\/wp\/v2\/pages\/4879\/revisions"}],"predecessor-version":[{"id":4887,"href":"https:\/\/dmr-portugal.org\/index.php?rest_route=\/wp\/v2\/pages\/4879\/revisions\/4887"}],"up":[{"embeddable":true,"href":"https:\/\/dmr-portugal.org\/index.php?rest_route=\/wp\/v2\/pages\/4674"}],"wp:attachment":[{"href":"https:\/\/dmr-portugal.org\/index.php?rest_route=%2Fwp%2Fv2%2Fmedia&parent=4879"}],"curies":[{"name":"wp","href":"https:\/\/api.w.org\/{rel}","templated":true}]}}