{"id":4869,"date":"2026-05-12T11:16:44","date_gmt":"2026-05-12T10:16:44","guid":{"rendered":"https:\/\/dmr-portugal.org\/?page_id=4869"},"modified":"2026-05-12T11:23:51","modified_gmt":"2026-05-12T10:23:51","slug":"netct-29a-sessao","status":"publish","type":"page","link":"https:\/\/dmr-portugal.org\/?page_id=4869","title":{"rendered":"netCT 29\u00aa sess\u00e3o"},"content":{"rendered":"<p style=\"text-align: center;\"><span style=\"font-family: arial, helvetica, sans-serif; font-size: 20px;\"><strong>Hist\u00f3rico da 29\u00aa sess\u00e3o<\/strong><\/span><\/p>\n<p>&nbsp;<\/p>\n<p style=\"text-align: center;\"><a href=\"https:\/\/dmr-portugal.org\/wp-content\/uploads\/2026\/05\/netct-log-09-29.png\"><img fetchpriority=\"high\" decoding=\"async\" class=\"size-full wp-image-4872 aligncenter\" src=\"https:\/\/dmr-portugal.org\/wp-content\/uploads\/2026\/05\/netct-log-09-29.png\" alt=\"\" width=\"816\" height=\"762\" srcset=\"https:\/\/dmr-portugal.org\/wp-content\/uploads\/2026\/05\/netct-log-09-29.png 816w, https:\/\/dmr-portugal.org\/wp-content\/uploads\/2026\/05\/netct-log-09-29-300x280.png 300w, https:\/\/dmr-portugal.org\/wp-content\/uploads\/2026\/05\/netct-log-09-29-768x717.png 768w, https:\/\/dmr-portugal.org\/wp-content\/uploads\/2026\/05\/netct-log-09-29-150x140.png 150w\" sizes=\"(max-width: 816px) 100vw, 816px\" \/><\/a><\/p>\n<p style=\"text-align: center;\"><span style=\"font-family: arial, helvetica, sans-serif;\"><em><strong>Log da 29\u00aa sess\u00e3o do 9\u00ba ano<\/strong><\/em><\/span><\/p>\n<p>&nbsp;<\/p>\n<p><span style=\"font-family: arial, helvetica, sans-serif;\">Nesta sess\u00e3o 22 utilizadores fizeram representar a sua associa\u00e7\u00e3o.<\/span><\/p>\n<p>&nbsp;<\/p>\n<p><span style=\"font-family: arial, helvetica, sans-serif;\">Nesta sess\u00e3o 2 utilizadores usaram equipamento Yaesu C4FM atrav\u00e9s de hotspot. 5 utilizadores equipamento ICOM DSTAR. 2 utilizadores via rede Tetra.<\/span><\/p>\n<p>&nbsp;<\/p>\n<table style=\"border-collapse: collapse; width: 100%;\">\n<tbody>\n<tr>\n<td style=\"width: 474px; border-style: hidden;\"><a href=\"https:\/\/dmr-portugal.org\/wp-content\/uploads\/2026\/05\/estatisticas-29.png\"><img decoding=\"async\" class=\"aligncenter size-full wp-image-4874\" src=\"https:\/\/dmr-portugal.org\/wp-content\/uploads\/2026\/05\/estatisticas-29.png\" alt=\"\" width=\"279\" height=\"190\" srcset=\"https:\/\/dmr-portugal.org\/wp-content\/uploads\/2026\/05\/estatisticas-29.png 279w, https:\/\/dmr-portugal.org\/wp-content\/uploads\/2026\/05\/estatisticas-29-150x102.png 150w\" sizes=\"(max-width: 279px) 100vw, 279px\" \/><\/a><\/td>\n<td style=\"width: 474px; border-style: hidden;\"><a href=\"https:\/\/dmr-portugal.org\/wp-content\/uploads\/2026\/05\/top-tg-29.png\"><img decoding=\"async\" class=\"aligncenter size-full wp-image-4875\" src=\"https:\/\/dmr-portugal.org\/wp-content\/uploads\/2026\/05\/top-tg-29.png\" alt=\"\" width=\"470\" height=\"136\" srcset=\"https:\/\/dmr-portugal.org\/wp-content\/uploads\/2026\/05\/top-tg-29.png 470w, https:\/\/dmr-portugal.org\/wp-content\/uploads\/2026\/05\/top-tg-29-300x87.png 300w, https:\/\/dmr-portugal.org\/wp-content\/uploads\/2026\/05\/top-tg-29-150x43.png 150w\" sizes=\"(max-width: 470px) 100vw, 470px\" \/><\/a><\/td>\n<\/tr>\n<\/tbody>\n<\/table>\n<p>&nbsp;<\/p>\n<p style=\"text-align: center;\"><a href=\"https:\/\/dmr-portugal.org\/wp-content\/uploads\/2026\/05\/associacoes-29.png\"><img loading=\"lazy\" decoding=\"async\" class=\"aligncenter size-full wp-image-4876\" src=\"https:\/\/dmr-portugal.org\/wp-content\/uploads\/2026\/05\/associacoes-29.png\" alt=\"\" width=\"305\" height=\"681\" srcset=\"https:\/\/dmr-portugal.org\/wp-content\/uploads\/2026\/05\/associacoes-29.png 305w, https:\/\/dmr-portugal.org\/wp-content\/uploads\/2026\/05\/associacoes-29-134x300.png 134w, https:\/\/dmr-portugal.org\/wp-content\/uploads\/2026\/05\/associacoes-29-67x150.png 67w\" sizes=\"(max-width: 305px) 100vw, 305px\" \/><\/a><\/p>\n<p>&nbsp;<\/p>\n<hr \/>\n<p>&nbsp;<\/p>\n","protected":false},"excerpt":{"rendered":"<p>Hist\u00f3rico da 29\u00aa sess\u00e3o &nbsp; Log da 29\u00aa sess\u00e3o do 9\u00ba ano &nbsp; Nesta sess\u00e3o 22 utilizadores fizeram representar a sua associa\u00e7\u00e3o. &nbsp; Nesta sess\u00e3o 2 utilizadores usaram equipamento Yaesu C4FM atrav\u00e9s de hotspot. 5 utilizadores equipamento ICOM DSTAR. 2 utilizadores via rede Tetra. &nbsp; &nbsp; &nbsp; &nbsp;<\/p>\n","protected":false},"author":1,"featured_media":0,"parent":4674,"menu_order":16,"comment_status":"closed","ping_status":"closed","template":"","meta":{"footnotes":""},"class_list":["post-4869","page","type-page","status-publish","hentry"],"_links":{"self":[{"href":"https:\/\/dmr-portugal.org\/index.php?rest_route=\/wp\/v2\/pages\/4869","targetHints":{"allow":["GET"]}}],"collection":[{"href":"https:\/\/dmr-portugal.org\/index.php?rest_route=\/wp\/v2\/pages"}],"about":[{"href":"https:\/\/dmr-portugal.org\/index.php?rest_route=\/wp\/v2\/types\/page"}],"author":[{"embeddable":true,"href":"https:\/\/dmr-portugal.org\/index.php?rest_route=\/wp\/v2\/users\/1"}],"replies":[{"embeddable":true,"href":"https:\/\/dmr-portugal.org\/index.php?rest_route=%2Fwp%2Fv2%2Fcomments&post=4869"}],"version-history":[{"count":5,"href":"https:\/\/dmr-portugal.org\/index.php?rest_route=\/wp\/v2\/pages\/4869\/revisions"}],"predecessor-version":[{"id":4871,"href":"https:\/\/dmr-portugal.org\/index.php?rest_route=\/wp\/v2\/pages\/4869\/revisions\/4871"}],"up":[{"embeddable":true,"href":"https:\/\/dmr-portugal.org\/index.php?rest_route=\/wp\/v2\/pages\/4674"}],"wp:attachment":[{"href":"https:\/\/dmr-portugal.org\/index.php?rest_route=%2Fwp%2Fv2%2Fmedia&parent=4869"}],"curies":[{"name":"wp","href":"https:\/\/api.w.org\/{rel}","templated":true}]}}