{"id":4857,"date":"2026-05-12T10:58:26","date_gmt":"2026-05-12T09:58:26","guid":{"rendered":"https:\/\/dmr-portugal.org\/?page_id=4857"},"modified":"2026-05-12T11:14:49","modified_gmt":"2026-05-12T10:14:49","slug":"netct-28a-sessao","status":"publish","type":"page","link":"https:\/\/dmr-portugal.org\/?page_id=4857","title":{"rendered":"netCT 28\u00aa sess\u00e3o"},"content":{"rendered":"<p style=\"text-align: center;\"><strong><span style=\"font-family: arial, helvetica, sans-serif; font-size: 20px;\">Hist\u00f3rico da 28\u00aa sess\u00e3o<\/span><\/strong><\/p>\n<p>&nbsp;<\/p>\n<p style=\"text-align: center;\"><a href=\"https:\/\/dmr-portugal.org\/wp-content\/uploads\/2026\/05\/netct-log-09-28.png\"><img fetchpriority=\"high\" decoding=\"async\" class=\"size-full wp-image-4860 aligncenter\" src=\"https:\/\/dmr-portugal.org\/wp-content\/uploads\/2026\/05\/netct-log-09-28.png\" alt=\"\" width=\"822\" height=\"764\" srcset=\"https:\/\/dmr-portugal.org\/wp-content\/uploads\/2026\/05\/netct-log-09-28.png 822w, https:\/\/dmr-portugal.org\/wp-content\/uploads\/2026\/05\/netct-log-09-28-300x279.png 300w, https:\/\/dmr-portugal.org\/wp-content\/uploads\/2026\/05\/netct-log-09-28-768x714.png 768w, https:\/\/dmr-portugal.org\/wp-content\/uploads\/2026\/05\/netct-log-09-28-150x139.png 150w\" sizes=\"(max-width: 822px) 100vw, 822px\" \/><\/a><\/p>\n<p style=\"text-align: center;\"><span style=\"font-family: arial, helvetica, sans-serif;\"><em><strong>Log da 28\u00aa sess\u00e3o do 9\u00ba ano<\/strong><\/em><\/span><\/p>\n<p>&nbsp;<\/p>\n<p><span style=\"font-family: arial, helvetica, sans-serif;\">Nesta sess\u00e3o 15 utilizadores fizeram representar a sua associa\u00e7\u00e3o.\u00a0<\/span><\/p>\n<p>&nbsp;<\/p>\n<p><span style=\"font-family: arial, helvetica, sans-serif;\">Nesta sess\u00e3o 1 utilizadores usaram equipamento Yaesu C4FM atrav\u00e9s do repetidor C4FM. 1 utilizando equipamento ICOM DSTAR. 2 utilizadores via rede Tetra.<\/span><\/p>\n<p>&nbsp;<\/p>\n<table style=\"border-collapse: collapse; width: 100%;\">\n<tbody>\n<tr>\n<td style=\"width: 474px; border-style: hidden;\"><a href=\"https:\/\/dmr-portugal.org\/wp-content\/uploads\/2026\/05\/estatisticas-28.png\"><img decoding=\"async\" class=\"size-full wp-image-4862 aligncenter\" src=\"https:\/\/dmr-portugal.org\/wp-content\/uploads\/2026\/05\/estatisticas-28.png\" alt=\"\" width=\"282\" height=\"203\" srcset=\"https:\/\/dmr-portugal.org\/wp-content\/uploads\/2026\/05\/estatisticas-28.png 282w, https:\/\/dmr-portugal.org\/wp-content\/uploads\/2026\/05\/estatisticas-28-150x108.png 150w\" sizes=\"(max-width: 282px) 100vw, 282px\" \/><\/a><\/td>\n<td style=\"width: 474px; border-style: hidden;\"><a href=\"https:\/\/dmr-portugal.org\/wp-content\/uploads\/2026\/05\/top-tg-28.png\"><img decoding=\"async\" class=\"size-full wp-image-4863 aligncenter\" src=\"https:\/\/dmr-portugal.org\/wp-content\/uploads\/2026\/05\/top-tg-28.png\" alt=\"\" width=\"456\" height=\"147\" srcset=\"https:\/\/dmr-portugal.org\/wp-content\/uploads\/2026\/05\/top-tg-28.png 456w, https:\/\/dmr-portugal.org\/wp-content\/uploads\/2026\/05\/top-tg-28-300x97.png 300w, https:\/\/dmr-portugal.org\/wp-content\/uploads\/2026\/05\/top-tg-28-150x48.png 150w\" sizes=\"(max-width: 456px) 100vw, 456px\" \/><\/a><\/td>\n<\/tr>\n<\/tbody>\n<\/table>\n<p>&nbsp;<\/p>\n<p>&nbsp;<\/p>\n<p style=\"text-align: center;\"><a href=\"https:\/\/dmr-portugal.org\/wp-content\/uploads\/2026\/05\/associacoes-28.png\"><img loading=\"lazy\" decoding=\"async\" class=\"size-full wp-image-4864 aligncenter\" src=\"https:\/\/dmr-portugal.org\/wp-content\/uploads\/2026\/05\/associacoes-28.png\" alt=\"\" width=\"341\" height=\"685\" srcset=\"https:\/\/dmr-portugal.org\/wp-content\/uploads\/2026\/05\/associacoes-28.png 341w, https:\/\/dmr-portugal.org\/wp-content\/uploads\/2026\/05\/associacoes-28-149x300.png 149w, https:\/\/dmr-portugal.org\/wp-content\/uploads\/2026\/05\/associacoes-28-75x150.png 75w\" sizes=\"(max-width: 341px) 100vw, 341px\" \/><\/a><\/p>\n<p>&nbsp;<\/p>\n<hr \/>\n<p>&nbsp;<\/p>\n","protected":false},"excerpt":{"rendered":"<p>Hist\u00f3rico da 28\u00aa sess\u00e3o &nbsp; Log da 28\u00aa sess\u00e3o do 9\u00ba ano &nbsp; Nesta sess\u00e3o 15 utilizadores fizeram representar a sua associa\u00e7\u00e3o.\u00a0 &nbsp; Nesta sess\u00e3o 1 utilizadores usaram equipamento Yaesu C4FM atrav\u00e9s do repetidor C4FM. 1 utilizando equipamento ICOM DSTAR. 2 utilizadores via rede Tetra. &nbsp; &nbsp; &nbsp; &nbsp; &nbsp;<\/p>\n","protected":false},"author":1,"featured_media":0,"parent":4674,"menu_order":17,"comment_status":"closed","ping_status":"closed","template":"","meta":{"footnotes":""},"class_list":["post-4857","page","type-page","status-publish","hentry"],"_links":{"self":[{"href":"https:\/\/dmr-portugal.org\/index.php?rest_route=\/wp\/v2\/pages\/4857","targetHints":{"allow":["GET"]}}],"collection":[{"href":"https:\/\/dmr-portugal.org\/index.php?rest_route=\/wp\/v2\/pages"}],"about":[{"href":"https:\/\/dmr-portugal.org\/index.php?rest_route=\/wp\/v2\/types\/page"}],"author":[{"embeddable":true,"href":"https:\/\/dmr-portugal.org\/index.php?rest_route=\/wp\/v2\/users\/1"}],"replies":[{"embeddable":true,"href":"https:\/\/dmr-portugal.org\/index.php?rest_route=%2Fwp%2Fv2%2Fcomments&post=4857"}],"version-history":[{"count":6,"href":"https:\/\/dmr-portugal.org\/index.php?rest_route=\/wp\/v2\/pages\/4857\/revisions"}],"predecessor-version":[{"id":4867,"href":"https:\/\/dmr-portugal.org\/index.php?rest_route=\/wp\/v2\/pages\/4857\/revisions\/4867"}],"up":[{"embeddable":true,"href":"https:\/\/dmr-portugal.org\/index.php?rest_route=\/wp\/v2\/pages\/4674"}],"wp:attachment":[{"href":"https:\/\/dmr-portugal.org\/index.php?rest_route=%2Fwp%2Fv2%2Fmedia&parent=4857"}],"curies":[{"name":"wp","href":"https:\/\/api.w.org\/{rel}","templated":true}]}}