{"id":4830,"date":"2026-04-07T15:42:35","date_gmt":"2026-04-07T14:42:35","guid":{"rendered":"https:\/\/dmr-portugal.org\/?page_id=4830"},"modified":"2026-05-12T11:16:11","modified_gmt":"2026-05-12T10:16:11","slug":"netct-27a-sessao","status":"publish","type":"page","link":"https:\/\/dmr-portugal.org\/?page_id=4830","title":{"rendered":"netCT 27\u00aa sess\u00e3o"},"content":{"rendered":"<p>&nbsp;<\/p>\n<p style=\"text-align: center;\"><strong><span style=\"font-family: arial, helvetica, sans-serif; font-size: 20px;\">Hist\u00f3rico da 27\u00aa sess\u00e3o<\/span><\/strong><\/p>\n<p style=\"text-align: center;\"><a href=\"https:\/\/dmr-portugal.org\/wp-content\/uploads\/2026\/05\/netct-log-09-27.png\"><img fetchpriority=\"high\" decoding=\"async\" class=\"size-full wp-image-4851 aligncenter\" src=\"https:\/\/dmr-portugal.org\/wp-content\/uploads\/2026\/05\/netct-log-09-27.png\" alt=\"\" width=\"824\" height=\"758\" srcset=\"https:\/\/dmr-portugal.org\/wp-content\/uploads\/2026\/05\/netct-log-09-27.png 824w, https:\/\/dmr-portugal.org\/wp-content\/uploads\/2026\/05\/netct-log-09-27-300x276.png 300w, https:\/\/dmr-portugal.org\/wp-content\/uploads\/2026\/05\/netct-log-09-27-768x706.png 768w, https:\/\/dmr-portugal.org\/wp-content\/uploads\/2026\/05\/netct-log-09-27-150x138.png 150w\" sizes=\"(max-width: 824px) 100vw, 824px\" \/><\/a><\/p>\n<p style=\"text-align: center;\"><span style=\"font-family: arial, helvetica, sans-serif;\"><em><strong>Log da 27\u00aa sess\u00e3o do 9\u00ba ano<\/strong><\/em><\/span><\/p>\n<p>&nbsp;<\/p>\n<p><span style=\"font-family: arial, helvetica, sans-serif;\">Nesta sess\u00e3o 21 utilizadores fizeram representar a sua associa\u00e7\u00e3o.\u00a0<\/span><\/p>\n<p>&nbsp;<\/p>\n<p><span style=\"font-family: arial, helvetica, sans-serif;\">Nesta sess\u00e3o 3 utilizadores usaram equipamento Yaesu C4FM, 2 atrav\u00e9s do repetidor C4FM, 1 via Hotspot pessoal. 1 utilizando equipamento ICOM DSTAR.<\/span><\/p>\n<p>&nbsp;<\/p>\n<table style=\"border-collapse: collapse; width: 100%;\">\n<tbody>\n<tr>\n<td style=\"width: 474px; border-style: hidden;\"><a href=\"https:\/\/dmr-portugal.org\/wp-content\/uploads\/2026\/05\/estatisticas-27.png\"><img decoding=\"async\" class=\"size-full wp-image-4852 aligncenter\" src=\"https:\/\/dmr-portugal.org\/wp-content\/uploads\/2026\/05\/estatisticas-27.png\" alt=\"\" width=\"260\" height=\"194\" srcset=\"https:\/\/dmr-portugal.org\/wp-content\/uploads\/2026\/05\/estatisticas-27.png 260w, https:\/\/dmr-portugal.org\/wp-content\/uploads\/2026\/05\/estatisticas-27-150x112.png 150w\" sizes=\"(max-width: 260px) 100vw, 260px\" \/><\/a><\/td>\n<td style=\"width: 474px; border-style: hidden;\"><a href=\"https:\/\/dmr-portugal.org\/wp-content\/uploads\/2026\/05\/top-tg-27.png\"><img decoding=\"async\" class=\"size-full wp-image-4853 aligncenter\" src=\"https:\/\/dmr-portugal.org\/wp-content\/uploads\/2026\/05\/top-tg-27.png\" alt=\"\" width=\"444\" height=\"141\" srcset=\"https:\/\/dmr-portugal.org\/wp-content\/uploads\/2026\/05\/top-tg-27.png 444w, https:\/\/dmr-portugal.org\/wp-content\/uploads\/2026\/05\/top-tg-27-300x95.png 300w, https:\/\/dmr-portugal.org\/wp-content\/uploads\/2026\/05\/top-tg-27-150x48.png 150w\" sizes=\"(max-width: 444px) 100vw, 444px\" \/><\/a><\/td>\n<\/tr>\n<\/tbody>\n<\/table>\n<p>&nbsp;<\/p>\n<p style=\"text-align: center;\"><a href=\"https:\/\/dmr-portugal.org\/wp-content\/uploads\/2026\/05\/associacoes-27.png\"><img loading=\"lazy\" decoding=\"async\" class=\"size-full wp-image-4854 aligncenter\" src=\"https:\/\/dmr-portugal.org\/wp-content\/uploads\/2026\/05\/associacoes-27.png\" alt=\"\" width=\"299\" height=\"682\" srcset=\"https:\/\/dmr-portugal.org\/wp-content\/uploads\/2026\/05\/associacoes-27.png 299w, https:\/\/dmr-portugal.org\/wp-content\/uploads\/2026\/05\/associacoes-27-132x300.png 132w, https:\/\/dmr-portugal.org\/wp-content\/uploads\/2026\/05\/associacoes-27-66x150.png 66w\" sizes=\"(max-width: 299px) 100vw, 299px\" \/><\/a><\/p>\n<p>&nbsp;<\/p>\n<hr \/>\n<p>&nbsp;<\/p>\n","protected":false},"excerpt":{"rendered":"<p>&nbsp; Hist\u00f3rico da 27\u00aa sess\u00e3o Log da 27\u00aa sess\u00e3o do 9\u00ba ano &nbsp; Nesta sess\u00e3o 21 utilizadores fizeram representar a sua associa\u00e7\u00e3o.\u00a0 &nbsp; Nesta sess\u00e3o 3 utilizadores usaram equipamento Yaesu C4FM, 2 atrav\u00e9s do repetidor C4FM, 1 via Hotspot pessoal. 1 utilizando equipamento ICOM DSTAR. &nbsp; &nbsp; &nbsp; &nbsp;<\/p>\n","protected":false},"author":1,"featured_media":0,"parent":4674,"menu_order":18,"comment_status":"closed","ping_status":"closed","template":"","meta":{"footnotes":""},"class_list":["post-4830","page","type-page","status-publish","hentry"],"_links":{"self":[{"href":"https:\/\/dmr-portugal.org\/index.php?rest_route=\/wp\/v2\/pages\/4830","targetHints":{"allow":["GET"]}}],"collection":[{"href":"https:\/\/dmr-portugal.org\/index.php?rest_route=\/wp\/v2\/pages"}],"about":[{"href":"https:\/\/dmr-portugal.org\/index.php?rest_route=\/wp\/v2\/types\/page"}],"author":[{"embeddable":true,"href":"https:\/\/dmr-portugal.org\/index.php?rest_route=\/wp\/v2\/users\/1"}],"replies":[{"embeddable":true,"href":"https:\/\/dmr-portugal.org\/index.php?rest_route=%2Fwp%2Fv2%2Fcomments&post=4830"}],"version-history":[{"count":4,"href":"https:\/\/dmr-portugal.org\/index.php?rest_route=\/wp\/v2\/pages\/4830\/revisions"}],"predecessor-version":[{"id":4868,"href":"https:\/\/dmr-portugal.org\/index.php?rest_route=\/wp\/v2\/pages\/4830\/revisions\/4868"}],"up":[{"embeddable":true,"href":"https:\/\/dmr-portugal.org\/index.php?rest_route=\/wp\/v2\/pages\/4674"}],"wp:attachment":[{"href":"https:\/\/dmr-portugal.org\/index.php?rest_route=%2Fwp%2Fv2%2Fmedia&parent=4830"}],"curies":[{"name":"wp","href":"https:\/\/api.w.org\/{rel}","templated":true}]}}