{"id":4822,"date":"2026-04-07T15:35:39","date_gmt":"2026-04-07T14:35:39","guid":{"rendered":"https:\/\/dmr-portugal.org\/?page_id=4822"},"modified":"2026-04-07T15:42:07","modified_gmt":"2026-04-07T14:42:07","slug":"netct-26a-sessao","status":"publish","type":"page","link":"https:\/\/dmr-portugal.org\/?page_id=4822","title":{"rendered":"netCT 26\u00aa sess\u00e3o"},"content":{"rendered":"<p style=\"text-align: center;\"><span style=\"font-family: arial, helvetica, sans-serif; font-size: 20px;\"><strong>Hist\u00f3rico da 26\u00aa sess\u00e3o<\/strong><\/span><\/p>\n<p><a href=\"https:\/\/dmr-portugal.org\/wp-content\/uploads\/2026\/04\/netct-log-09-26.png\"><img fetchpriority=\"high\" decoding=\"async\" class=\"aligncenter size-full wp-image-4824\" src=\"https:\/\/dmr-portugal.org\/wp-content\/uploads\/2026\/04\/netct-log-09-26.png\" alt=\"\" width=\"819\" height=\"763\" srcset=\"https:\/\/dmr-portugal.org\/wp-content\/uploads\/2026\/04\/netct-log-09-26.png 819w, https:\/\/dmr-portugal.org\/wp-content\/uploads\/2026\/04\/netct-log-09-26-300x279.png 300w, https:\/\/dmr-portugal.org\/wp-content\/uploads\/2026\/04\/netct-log-09-26-768x715.png 768w, https:\/\/dmr-portugal.org\/wp-content\/uploads\/2026\/04\/netct-log-09-26-150x140.png 150w\" sizes=\"(max-width: 819px) 100vw, 819px\" \/><\/a><\/p>\n<p style=\"text-align: center;\"><span style=\"font-family: arial, helvetica, sans-serif;\"><em><strong>Log da 24\u00aa sess\u00e3o do 9\u00ba ano<\/strong><\/em><\/span><\/p>\n<p>&nbsp;<\/p>\n<p><span style=\"font-family: arial, helvetica, sans-serif;\">Nesta sess\u00e3o 20 utilizadores fizeram representar a sua associa\u00e7\u00e3o.\u00a0<\/span><\/p>\n<p>&nbsp;<\/p>\n<p><span style=\"font-family: arial, helvetica, sans-serif;\">Nesta sess\u00e3o 3 utilizadores usaram equipamento Yaesu C4FM, 2 atrav\u00e9s do repetidor C4FM, 1 via Hotspot pessoal, 2 usando equipamento ICOM DSTAR.<\/span><\/p>\n<p>&nbsp;<\/p>\n<table style=\"border-collapse: collapse; width: 100%;\">\n<tbody>\n<tr>\n<td style=\"width: 459px; border-style: hidden;\"><a href=\"https:\/\/dmr-portugal.org\/wp-content\/uploads\/2026\/04\/estatisticas-26.png\"><img decoding=\"async\" class=\"aligncenter size-full wp-image-4826\" src=\"https:\/\/dmr-portugal.org\/wp-content\/uploads\/2026\/04\/estatisticas-26.png\" alt=\"\" width=\"290\" height=\"197\" srcset=\"https:\/\/dmr-portugal.org\/wp-content\/uploads\/2026\/04\/estatisticas-26.png 290w, https:\/\/dmr-portugal.org\/wp-content\/uploads\/2026\/04\/estatisticas-26-150x102.png 150w\" sizes=\"(max-width: 290px) 100vw, 290px\" \/><\/a><\/td>\n<td style=\"width: 459px; border-style: hidden;\"><a href=\"https:\/\/dmr-portugal.org\/wp-content\/uploads\/2026\/04\/top-tg-26.png\"><img decoding=\"async\" class=\"aligncenter size-full wp-image-4827\" src=\"https:\/\/dmr-portugal.org\/wp-content\/uploads\/2026\/04\/top-tg-26.png\" alt=\"\" width=\"435\" height=\"136\" srcset=\"https:\/\/dmr-portugal.org\/wp-content\/uploads\/2026\/04\/top-tg-26.png 435w, https:\/\/dmr-portugal.org\/wp-content\/uploads\/2026\/04\/top-tg-26-300x94.png 300w, https:\/\/dmr-portugal.org\/wp-content\/uploads\/2026\/04\/top-tg-26-150x47.png 150w\" sizes=\"(max-width: 435px) 100vw, 435px\" \/><\/a><\/td>\n<\/tr>\n<\/tbody>\n<\/table>\n<p><a href=\"https:\/\/dmr-portugal.org\/wp-content\/uploads\/2026\/04\/associacoes-26.png\"><img loading=\"lazy\" decoding=\"async\" class=\"aligncenter size-full wp-image-4828\" src=\"https:\/\/dmr-portugal.org\/wp-content\/uploads\/2026\/04\/associacoes-26.png\" alt=\"\" width=\"309\" height=\"673\" srcset=\"https:\/\/dmr-portugal.org\/wp-content\/uploads\/2026\/04\/associacoes-26.png 309w, https:\/\/dmr-portugal.org\/wp-content\/uploads\/2026\/04\/associacoes-26-138x300.png 138w, https:\/\/dmr-portugal.org\/wp-content\/uploads\/2026\/04\/associacoes-26-69x150.png 69w\" sizes=\"(max-width: 309px) 100vw, 309px\" \/><\/a><\/p>\n<hr \/>\n<p>&nbsp;<\/p>\n","protected":false},"excerpt":{"rendered":"<p>Hist\u00f3rico da 26\u00aa sess\u00e3o Log da 24\u00aa sess\u00e3o do 9\u00ba ano &nbsp; Nesta sess\u00e3o 20 utilizadores fizeram representar a sua associa\u00e7\u00e3o.\u00a0 &nbsp; Nesta sess\u00e3o 3 utilizadores usaram equipamento Yaesu C4FM, 2 atrav\u00e9s do repetidor C4FM, 1 via Hotspot pessoal, 2 usando equipamento ICOM DSTAR. &nbsp; &nbsp;<\/p>\n","protected":false},"author":1,"featured_media":0,"parent":4674,"menu_order":19,"comment_status":"closed","ping_status":"closed","template":"","meta":{"footnotes":""},"class_list":["post-4822","page","type-page","status-publish","hentry"],"_links":{"self":[{"href":"https:\/\/dmr-portugal.org\/index.php?rest_route=\/wp\/v2\/pages\/4822","targetHints":{"allow":["GET"]}}],"collection":[{"href":"https:\/\/dmr-portugal.org\/index.php?rest_route=\/wp\/v2\/pages"}],"about":[{"href":"https:\/\/dmr-portugal.org\/index.php?rest_route=\/wp\/v2\/types\/page"}],"author":[{"embeddable":true,"href":"https:\/\/dmr-portugal.org\/index.php?rest_route=\/wp\/v2\/users\/1"}],"replies":[{"embeddable":true,"href":"https:\/\/dmr-portugal.org\/index.php?rest_route=%2Fwp%2Fv2%2Fcomments&post=4822"}],"version-history":[{"count":3,"href":"https:\/\/dmr-portugal.org\/index.php?rest_route=\/wp\/v2\/pages\/4822\/revisions"}],"predecessor-version":[{"id":4829,"href":"https:\/\/dmr-portugal.org\/index.php?rest_route=\/wp\/v2\/pages\/4822\/revisions\/4829"}],"up":[{"embeddable":true,"href":"https:\/\/dmr-portugal.org\/index.php?rest_route=\/wp\/v2\/pages\/4674"}],"wp:attachment":[{"href":"https:\/\/dmr-portugal.org\/index.php?rest_route=%2Fwp%2Fv2%2Fmedia&parent=4822"}],"curies":[{"name":"wp","href":"https:\/\/api.w.org\/{rel}","templated":true}]}}