{"id":4814,"date":"2026-04-07T15:29:02","date_gmt":"2026-04-07T14:29:02","guid":{"rendered":"https:\/\/dmr-portugal.org\/?page_id=4814"},"modified":"2026-04-07T15:34:56","modified_gmt":"2026-04-07T14:34:56","slug":"4814-2","status":"publish","type":"page","link":"https:\/\/dmr-portugal.org\/?page_id=4814","title":{"rendered":"netCT 25\u00aa sess\u00e3o"},"content":{"rendered":"<p style=\"text-align: center;\"><span style=\"font-family: arial, helvetica, sans-serif;\"><strong>Hist\u00f3rico da 25\u00aa sess\u00e3o<\/strong><\/span><\/p>\n<p><a href=\"https:\/\/dmr-portugal.org\/wp-content\/uploads\/2026\/04\/netct-log-09-25.png\"><img fetchpriority=\"high\" decoding=\"async\" class=\"aligncenter size-full wp-image-4817\" src=\"https:\/\/dmr-portugal.org\/wp-content\/uploads\/2026\/04\/netct-log-09-25.png\" alt=\"\" width=\"815\" height=\"761\" srcset=\"https:\/\/dmr-portugal.org\/wp-content\/uploads\/2026\/04\/netct-log-09-25.png 815w, https:\/\/dmr-portugal.org\/wp-content\/uploads\/2026\/04\/netct-log-09-25-300x280.png 300w, https:\/\/dmr-portugal.org\/wp-content\/uploads\/2026\/04\/netct-log-09-25-768x717.png 768w, https:\/\/dmr-portugal.org\/wp-content\/uploads\/2026\/04\/netct-log-09-25-150x140.png 150w\" sizes=\"(max-width: 815px) 100vw, 815px\" \/><\/a><\/p>\n<p style=\"text-align: center;\"><span style=\"font-family: arial, helvetica, sans-serif;\"><em><strong>Log da 25\u00aa sess\u00e3o do 9\u00ba ano<\/strong><\/em><\/span><\/p>\n<p>&nbsp;<\/p>\n<p><span style=\"font-family: arial, helvetica, sans-serif;\">Nesta sess\u00e3o 18 utilizadores fizeram representar a sua associa\u00e7\u00e3o.<\/span><\/p>\n<p>&nbsp;<\/p>\n<p><span style=\"font-family: arial, helvetica, sans-serif;\">Nesta sess\u00e3o 3 utilizadores usaram equipamento Yaesu C4FM, 2 atrav\u00e9s do repetidor C4FM, 1 via Hotspot pessoal.<\/span><\/p>\n<p>&nbsp;<\/p>\n<table style=\"border-collapse: collapse; width: 100%;\">\n<tbody>\n<tr>\n<td style=\"width: 459px; border-style: hidden;\"><a href=\"https:\/\/dmr-portugal.org\/wp-content\/uploads\/2026\/04\/estatisticas-25.png\"><img decoding=\"async\" class=\"aligncenter size-full wp-image-4818\" src=\"https:\/\/dmr-portugal.org\/wp-content\/uploads\/2026\/04\/estatisticas-25.png\" alt=\"\" width=\"280\" height=\"185\" srcset=\"https:\/\/dmr-portugal.org\/wp-content\/uploads\/2026\/04\/estatisticas-25.png 280w, https:\/\/dmr-portugal.org\/wp-content\/uploads\/2026\/04\/estatisticas-25-150x99.png 150w\" sizes=\"(max-width: 280px) 100vw, 280px\" \/><\/a><\/td>\n<td style=\"width: 459px; border-style: hidden;\"><a href=\"https:\/\/dmr-portugal.org\/wp-content\/uploads\/2026\/04\/top-tg-25.png\"><img decoding=\"async\" class=\"aligncenter size-full wp-image-4819\" src=\"https:\/\/dmr-portugal.org\/wp-content\/uploads\/2026\/04\/top-tg-25.png\" alt=\"\" width=\"427\" height=\"136\" srcset=\"https:\/\/dmr-portugal.org\/wp-content\/uploads\/2026\/04\/top-tg-25.png 427w, https:\/\/dmr-portugal.org\/wp-content\/uploads\/2026\/04\/top-tg-25-300x96.png 300w, https:\/\/dmr-portugal.org\/wp-content\/uploads\/2026\/04\/top-tg-25-150x48.png 150w\" sizes=\"(max-width: 427px) 100vw, 427px\" \/><\/a><\/td>\n<\/tr>\n<\/tbody>\n<\/table>\n<p><a href=\"https:\/\/dmr-portugal.org\/wp-content\/uploads\/2026\/04\/associacoes-25.png\"><img loading=\"lazy\" decoding=\"async\" class=\"aligncenter size-full wp-image-4820\" src=\"https:\/\/dmr-portugal.org\/wp-content\/uploads\/2026\/04\/associacoes-25.png\" alt=\"\" width=\"291\" height=\"666\" srcset=\"https:\/\/dmr-portugal.org\/wp-content\/uploads\/2026\/04\/associacoes-25.png 291w, https:\/\/dmr-portugal.org\/wp-content\/uploads\/2026\/04\/associacoes-25-131x300.png 131w, https:\/\/dmr-portugal.org\/wp-content\/uploads\/2026\/04\/associacoes-25-66x150.png 66w\" sizes=\"(max-width: 291px) 100vw, 291px\" \/><\/a><\/p>\n<hr \/>\n<p>&nbsp;<\/p>\n","protected":false},"excerpt":{"rendered":"<p>Hist\u00f3rico da 25\u00aa sess\u00e3o Log da 25\u00aa sess\u00e3o do 9\u00ba ano &nbsp; Nesta sess\u00e3o 18 utilizadores fizeram representar a sua associa\u00e7\u00e3o. &nbsp; Nesta sess\u00e3o 3 utilizadores usaram equipamento Yaesu C4FM, 2 atrav\u00e9s do repetidor C4FM, 1 via Hotspot pessoal. &nbsp; &nbsp;<\/p>\n","protected":false},"author":1,"featured_media":0,"parent":4674,"menu_order":20,"comment_status":"closed","ping_status":"closed","template":"","meta":{"footnotes":""},"class_list":["post-4814","page","type-page","status-publish","hentry"],"_links":{"self":[{"href":"https:\/\/dmr-portugal.org\/index.php?rest_route=\/wp\/v2\/pages\/4814","targetHints":{"allow":["GET"]}}],"collection":[{"href":"https:\/\/dmr-portugal.org\/index.php?rest_route=\/wp\/v2\/pages"}],"about":[{"href":"https:\/\/dmr-portugal.org\/index.php?rest_route=\/wp\/v2\/types\/page"}],"author":[{"embeddable":true,"href":"https:\/\/dmr-portugal.org\/index.php?rest_route=\/wp\/v2\/users\/1"}],"replies":[{"embeddable":true,"href":"https:\/\/dmr-portugal.org\/index.php?rest_route=%2Fwp%2Fv2%2Fcomments&post=4814"}],"version-history":[{"count":3,"href":"https:\/\/dmr-portugal.org\/index.php?rest_route=\/wp\/v2\/pages\/4814\/revisions"}],"predecessor-version":[{"id":4821,"href":"https:\/\/dmr-portugal.org\/index.php?rest_route=\/wp\/v2\/pages\/4814\/revisions\/4821"}],"up":[{"embeddable":true,"href":"https:\/\/dmr-portugal.org\/index.php?rest_route=\/wp\/v2\/pages\/4674"}],"wp:attachment":[{"href":"https:\/\/dmr-portugal.org\/index.php?rest_route=%2Fwp%2Fv2%2Fmedia&parent=4814"}],"curies":[{"name":"wp","href":"https:\/\/api.w.org\/{rel}","templated":true}]}}