{"id":4805,"date":"2026-04-07T15:21:52","date_gmt":"2026-04-07T14:21:52","guid":{"rendered":"https:\/\/dmr-portugal.org\/?page_id=4805"},"modified":"2026-04-07T15:27:48","modified_gmt":"2026-04-07T14:27:48","slug":"netct-24a-sessao","status":"publish","type":"page","link":"https:\/\/dmr-portugal.org\/?page_id=4805","title":{"rendered":"netCT 24\u00aa sess\u00e3o"},"content":{"rendered":"<p>&nbsp;<\/p>\n<p style=\"text-align: center;\"><span style=\"font-family: arial, helvetica, sans-serif; font-size: 20px;\"><strong>Hist\u00f3rico da 24\u00aa sess\u00e3o<\/strong><\/span><\/p>\n<p><a href=\"https:\/\/dmr-portugal.org\/wp-content\/uploads\/2026\/04\/netct-log-09-24.png\"><img fetchpriority=\"high\" decoding=\"async\" class=\"aligncenter size-full wp-image-4808\" src=\"https:\/\/dmr-portugal.org\/wp-content\/uploads\/2026\/04\/netct-log-09-24.png\" alt=\"\" width=\"818\" height=\"761\" srcset=\"https:\/\/dmr-portugal.org\/wp-content\/uploads\/2026\/04\/netct-log-09-24.png 818w, https:\/\/dmr-portugal.org\/wp-content\/uploads\/2026\/04\/netct-log-09-24-300x279.png 300w, https:\/\/dmr-portugal.org\/wp-content\/uploads\/2026\/04\/netct-log-09-24-768x714.png 768w, https:\/\/dmr-portugal.org\/wp-content\/uploads\/2026\/04\/netct-log-09-24-150x140.png 150w\" sizes=\"(max-width: 818px) 100vw, 818px\" \/><\/a><\/p>\n<p style=\"text-align: center;\"><span style=\"font-family: arial, helvetica, sans-serif;\"><em><strong>Log da 24\u00aa sess\u00e3o do 9\u00ba ano<\/strong><\/em><\/span><\/p>\n<p>&nbsp;<\/p>\n<p><span style=\"font-family: arial, helvetica, sans-serif;\">Nesta sess\u00e3o 17 utilizadores fizeram representar a sua associa\u00e7\u00e3o. (por lapso foram apagados do log no entanto foram adicionados ao log das Associa\u00e7\u00f5es)<\/span><\/p>\n<p>&nbsp;<\/p>\n<p><span style=\"font-family: arial, helvetica, sans-serif;\">Nesta sess\u00e3o 4 utilizadores usaram equipamento Yaesu C4FM, 2 atrav\u00e9s do repetidor C4FM os restantes via Hotspot pessoal.<\/span><\/p>\n<table style=\"border-collapse: collapse; width: 100%;\">\n<tbody>\n<tr>\n<td style=\"width: 459px; border-style: hidden;\"><a href=\"https:\/\/dmr-portugal.org\/wp-content\/uploads\/2026\/04\/estatisticas-24.png\"><img decoding=\"async\" class=\"aligncenter size-full wp-image-4809\" src=\"https:\/\/dmr-portugal.org\/wp-content\/uploads\/2026\/04\/estatisticas-24.png\" alt=\"\" width=\"246\" height=\"191\" srcset=\"https:\/\/dmr-portugal.org\/wp-content\/uploads\/2026\/04\/estatisticas-24.png 246w, https:\/\/dmr-portugal.org\/wp-content\/uploads\/2026\/04\/estatisticas-24-150x116.png 150w\" sizes=\"(max-width: 246px) 100vw, 246px\" \/><\/a><\/td>\n<td style=\"width: 459px; border-style: hidden;\"><a href=\"https:\/\/dmr-portugal.org\/wp-content\/uploads\/2026\/04\/top-tg-24.png\"><img decoding=\"async\" class=\"aligncenter size-full wp-image-4810\" src=\"https:\/\/dmr-portugal.org\/wp-content\/uploads\/2026\/04\/top-tg-24.png\" alt=\"\" width=\"437\" height=\"135\" srcset=\"https:\/\/dmr-portugal.org\/wp-content\/uploads\/2026\/04\/top-tg-24.png 437w, https:\/\/dmr-portugal.org\/wp-content\/uploads\/2026\/04\/top-tg-24-300x93.png 300w, https:\/\/dmr-portugal.org\/wp-content\/uploads\/2026\/04\/top-tg-24-150x46.png 150w\" sizes=\"(max-width: 437px) 100vw, 437px\" \/><\/a><\/td>\n<\/tr>\n<\/tbody>\n<\/table>\n<p><a href=\"https:\/\/dmr-portugal.org\/wp-content\/uploads\/2026\/04\/associacoes-24.png\"><img loading=\"lazy\" decoding=\"async\" class=\"aligncenter size-full wp-image-4811\" src=\"https:\/\/dmr-portugal.org\/wp-content\/uploads\/2026\/04\/associacoes-24.png\" alt=\"\" width=\"304\" height=\"667\" srcset=\"https:\/\/dmr-portugal.org\/wp-content\/uploads\/2026\/04\/associacoes-24.png 304w, https:\/\/dmr-portugal.org\/wp-content\/uploads\/2026\/04\/associacoes-24-137x300.png 137w, https:\/\/dmr-portugal.org\/wp-content\/uploads\/2026\/04\/associacoes-24-68x150.png 68w\" sizes=\"(max-width: 304px) 100vw, 304px\" \/><\/a><\/p>\n<hr \/>\n<p>&nbsp;<\/p>\n","protected":false},"excerpt":{"rendered":"<p>&nbsp; Hist\u00f3rico da 24\u00aa sess\u00e3o Log da 24\u00aa sess\u00e3o do 9\u00ba ano &nbsp; Nesta sess\u00e3o 17 utilizadores fizeram representar a sua associa\u00e7\u00e3o. (por lapso foram apagados do log no entanto foram adicionados ao log das Associa\u00e7\u00f5es) &nbsp; Nesta sess\u00e3o 4 utilizadores usaram equipamento Yaesu C4FM, 2 atrav\u00e9s do repetidor C4FM \u2026 <a class=\"continue-reading-link\" href=\"https:\/\/dmr-portugal.org\/?page_id=4805\"> Continua&#8230; <span class=\"meta-nav\">&rarr; <\/span><\/a><\/p>\n","protected":false},"author":1,"featured_media":0,"parent":4674,"menu_order":21,"comment_status":"closed","ping_status":"closed","template":"","meta":{"footnotes":""},"class_list":["post-4805","page","type-page","status-publish","hentry"],"_links":{"self":[{"href":"https:\/\/dmr-portugal.org\/index.php?rest_route=\/wp\/v2\/pages\/4805","targetHints":{"allow":["GET"]}}],"collection":[{"href":"https:\/\/dmr-portugal.org\/index.php?rest_route=\/wp\/v2\/pages"}],"about":[{"href":"https:\/\/dmr-portugal.org\/index.php?rest_route=\/wp\/v2\/types\/page"}],"author":[{"embeddable":true,"href":"https:\/\/dmr-portugal.org\/index.php?rest_route=\/wp\/v2\/users\/1"}],"replies":[{"embeddable":true,"href":"https:\/\/dmr-portugal.org\/index.php?rest_route=%2Fwp%2Fv2%2Fcomments&post=4805"}],"version-history":[{"count":3,"href":"https:\/\/dmr-portugal.org\/index.php?rest_route=\/wp\/v2\/pages\/4805\/revisions"}],"predecessor-version":[{"id":4812,"href":"https:\/\/dmr-portugal.org\/index.php?rest_route=\/wp\/v2\/pages\/4805\/revisions\/4812"}],"up":[{"embeddable":true,"href":"https:\/\/dmr-portugal.org\/index.php?rest_route=\/wp\/v2\/pages\/4674"}],"wp:attachment":[{"href":"https:\/\/dmr-portugal.org\/index.php?rest_route=%2Fwp%2Fv2%2Fmedia&parent=4805"}],"curies":[{"name":"wp","href":"https:\/\/api.w.org\/{rel}","templated":true}]}}