{"id":4766,"date":"2026-03-16T15:34:21","date_gmt":"2026-03-16T15:34:21","guid":{"rendered":"https:\/\/dmr-portugal.org\/?page_id=4766"},"modified":"2026-04-07T15:00:58","modified_gmt":"2026-04-07T14:00:58","slug":"netct-21a-sessao","status":"publish","type":"page","link":"https:\/\/dmr-portugal.org\/?page_id=4766","title":{"rendered":"netCT 21\u00aa sess\u00e3o"},"content":{"rendered":"<p>&nbsp;<\/p>\n<p style=\"text-align: center;\"><span style=\"font-family: arial, helvetica, sans-serif; font-size: 20px;\"><strong>Hist\u00f3rico da 21\u00aa sess\u00e3o<\/strong><\/span><\/p>\n<p style=\"text-align: center;\"><a href=\"https:\/\/dmr-portugal.org\/wp-content\/uploads\/2026\/03\/netct-log-09-21.png\"><img fetchpriority=\"high\" decoding=\"async\" class=\"size-full wp-image-4769 aligncenter\" src=\"https:\/\/dmr-portugal.org\/wp-content\/uploads\/2026\/03\/netct-log-09-21.png\" alt=\"\" width=\"816\" height=\"759\" srcset=\"https:\/\/dmr-portugal.org\/wp-content\/uploads\/2026\/03\/netct-log-09-21.png 816w, https:\/\/dmr-portugal.org\/wp-content\/uploads\/2026\/03\/netct-log-09-21-300x279.png 300w, https:\/\/dmr-portugal.org\/wp-content\/uploads\/2026\/03\/netct-log-09-21-768x714.png 768w, https:\/\/dmr-portugal.org\/wp-content\/uploads\/2026\/03\/netct-log-09-21-150x140.png 150w\" sizes=\"(max-width: 816px) 100vw, 816px\" \/><\/a><\/p>\n<p style=\"text-align: center;\"><em><strong><span style=\"font-family: arial, helvetica, sans-serif;\">Log da 21\u00aa sess\u00e3o do 9\u00ba ano<\/span><\/strong><\/em><\/p>\n<p>&nbsp;<\/p>\n<p><span style=\"font-family: arial, helvetica, sans-serif;\">Nesta sess\u00e3o 13 utilizadores fizeram representar a sua associa\u00e7\u00e3o. (por lapso foram apagados do log no entanto foram adicionados ao log das Associa\u00e7\u00f5es)<\/span><\/p>\n<p>&nbsp;<\/p>\n<p><span style=\"font-family: arial, helvetica, sans-serif;\">Nesta sess\u00e3o 2 utilizadores usaram equipamento Yaesu C4FM atrav\u00e9s do repetidor C4FM.<\/span><\/p>\n<p>&nbsp;<\/p>\n<p style=\"text-align: center;\"><strong><span style=\"font-family: arial, helvetica, sans-serif; font-size: 20px;\">Selfie<\/span><\/strong><\/p>\n<div id=\"attachment_4784\" style=\"width: 510px\" class=\"wp-caption aligncenter\"><a href=\"https:\/\/dmr-portugal.org\/wp-content\/uploads\/2026\/04\/net-ct-11-032026-borkina-faso-Ouagadougou-scaled.jpg\"><img decoding=\"async\" aria-describedby=\"caption-attachment-4784\" class=\"wp-image-4784\" src=\"https:\/\/dmr-portugal.org\/wp-content\/uploads\/2026\/04\/net-ct-11-032026-borkina-faso-Ouagadougou-1024x768.jpg\" alt=\"CT2GDE \" width=\"500\" height=\"375\" srcset=\"https:\/\/dmr-portugal.org\/wp-content\/uploads\/2026\/04\/net-ct-11-032026-borkina-faso-Ouagadougou-1024x768.jpg 1024w, https:\/\/dmr-portugal.org\/wp-content\/uploads\/2026\/04\/net-ct-11-032026-borkina-faso-Ouagadougou-300x225.jpg 300w, https:\/\/dmr-portugal.org\/wp-content\/uploads\/2026\/04\/net-ct-11-032026-borkina-faso-Ouagadougou-768x576.jpg 768w, https:\/\/dmr-portugal.org\/wp-content\/uploads\/2026\/04\/net-ct-11-032026-borkina-faso-Ouagadougou-1536x1152.jpg 1536w, https:\/\/dmr-portugal.org\/wp-content\/uploads\/2026\/04\/net-ct-11-032026-borkina-faso-Ouagadougou-2048x1536.jpg 2048w, https:\/\/dmr-portugal.org\/wp-content\/uploads\/2026\/04\/net-ct-11-032026-borkina-faso-Ouagadougou-150x113.jpg 150w\" sizes=\"(max-width: 500px) 100vw, 500px\" \/><\/a><p id=\"caption-attachment-4784\" class=\"wp-caption-text\"><span style=\"font-family: arial, helvetica, sans-serif;\">CT2GDE <\/span><\/p><\/div>\n<p>&nbsp;<\/p>\n<table style=\"border-collapse: collapse; width: 100%;\">\n<tbody>\n<tr>\n<td style=\"width: 459px; border-style: hidden;\"><a href=\"https:\/\/dmr-portugal.org\/wp-content\/uploads\/2026\/03\/estatisticas-21.png\"><img decoding=\"async\" class=\"size-full wp-image-4772 aligncenter\" src=\"https:\/\/dmr-portugal.org\/wp-content\/uploads\/2026\/03\/estatisticas-21.png\" alt=\"\" width=\"273\" height=\"198\" srcset=\"https:\/\/dmr-portugal.org\/wp-content\/uploads\/2026\/03\/estatisticas-21.png 273w, https:\/\/dmr-portugal.org\/wp-content\/uploads\/2026\/03\/estatisticas-21-150x109.png 150w\" sizes=\"(max-width: 273px) 100vw, 273px\" \/><\/a><\/td>\n<td style=\"width: 459px; border-style: hidden;\"><a href=\"https:\/\/dmr-portugal.org\/wp-content\/uploads\/2026\/03\/top-tg-21.png\"><img loading=\"lazy\" decoding=\"async\" class=\"size-full wp-image-4773 aligncenter\" src=\"https:\/\/dmr-portugal.org\/wp-content\/uploads\/2026\/03\/top-tg-21.png\" alt=\"\" width=\"427\" height=\"129\" srcset=\"https:\/\/dmr-portugal.org\/wp-content\/uploads\/2026\/03\/top-tg-21.png 427w, https:\/\/dmr-portugal.org\/wp-content\/uploads\/2026\/03\/top-tg-21-300x91.png 300w, https:\/\/dmr-portugal.org\/wp-content\/uploads\/2026\/03\/top-tg-21-150x45.png 150w\" sizes=\"(max-width: 427px) 100vw, 427px\" \/><\/a><\/td>\n<\/tr>\n<\/tbody>\n<\/table>\n<p style=\"text-align: center;\"><a href=\"https:\/\/dmr-portugal.org\/wp-content\/uploads\/2026\/03\/associacoes-21.png\"><img loading=\"lazy\" decoding=\"async\" class=\"alignnone size-full wp-image-4775\" src=\"https:\/\/dmr-portugal.org\/wp-content\/uploads\/2026\/03\/associacoes-21.png\" alt=\"\" width=\"304\" height=\"670\" srcset=\"https:\/\/dmr-portugal.org\/wp-content\/uploads\/2026\/03\/associacoes-21.png 304w, https:\/\/dmr-portugal.org\/wp-content\/uploads\/2026\/03\/associacoes-21-136x300.png 136w, https:\/\/dmr-portugal.org\/wp-content\/uploads\/2026\/03\/associacoes-21-68x150.png 68w\" sizes=\"(max-width: 304px) 100vw, 304px\" \/><\/a><\/p>\n<hr \/>\n<p>&nbsp;<\/p>\n","protected":false},"excerpt":{"rendered":"<p>&nbsp; Hist\u00f3rico da 21\u00aa sess\u00e3o Log da 21\u00aa sess\u00e3o do 9\u00ba ano &nbsp; Nesta sess\u00e3o 13 utilizadores fizeram representar a sua associa\u00e7\u00e3o. (por lapso foram apagados do log no entanto foram adicionados ao log das Associa\u00e7\u00f5es) &nbsp; Nesta sess\u00e3o 2 utilizadores usaram equipamento Yaesu C4FM atrav\u00e9s do repetidor C4FM. &nbsp; \u2026 <a class=\"continue-reading-link\" href=\"https:\/\/dmr-portugal.org\/?page_id=4766\"> Continua&#8230; <span class=\"meta-nav\">&rarr; <\/span><\/a><\/p>\n","protected":false},"author":1,"featured_media":0,"parent":4674,"menu_order":24,"comment_status":"closed","ping_status":"closed","template":"","meta":{"footnotes":""},"class_list":["post-4766","page","type-page","status-publish","hentry"],"_links":{"self":[{"href":"https:\/\/dmr-portugal.org\/index.php?rest_route=\/wp\/v2\/pages\/4766","targetHints":{"allow":["GET"]}}],"collection":[{"href":"https:\/\/dmr-portugal.org\/index.php?rest_route=\/wp\/v2\/pages"}],"about":[{"href":"https:\/\/dmr-portugal.org\/index.php?rest_route=\/wp\/v2\/types\/page"}],"author":[{"embeddable":true,"href":"https:\/\/dmr-portugal.org\/index.php?rest_route=\/wp\/v2\/users\/1"}],"replies":[{"embeddable":true,"href":"https:\/\/dmr-portugal.org\/index.php?rest_route=%2Fwp%2Fv2%2Fcomments&post=4766"}],"version-history":[{"count":7,"href":"https:\/\/dmr-portugal.org\/index.php?rest_route=\/wp\/v2\/pages\/4766\/revisions"}],"predecessor-version":[{"id":4785,"href":"https:\/\/dmr-portugal.org\/index.php?rest_route=\/wp\/v2\/pages\/4766\/revisions\/4785"}],"up":[{"embeddable":true,"href":"https:\/\/dmr-portugal.org\/index.php?rest_route=\/wp\/v2\/pages\/4674"}],"wp:attachment":[{"href":"https:\/\/dmr-portugal.org\/index.php?rest_route=%2Fwp%2Fv2%2Fmedia&parent=4766"}],"curies":[{"name":"wp","href":"https:\/\/api.w.org\/{rel}","templated":true}]}}