{"id":4753,"date":"2026-03-16T15:15:25","date_gmt":"2026-03-16T15:15:25","guid":{"rendered":"https:\/\/dmr-portugal.org\/?page_id=4753"},"modified":"2026-03-16T15:33:53","modified_gmt":"2026-03-16T15:33:53","slug":"netct-20a-sessao","status":"publish","type":"page","link":"https:\/\/dmr-portugal.org\/?page_id=4753","title":{"rendered":"netCT 20\u00aa sess\u00e3o"},"content":{"rendered":"<p>&nbsp;<\/p>\n<p style=\"text-align: center;\"><span style=\"font-family: arial, helvetica, sans-serif; font-size: 20px;\"><strong>Hist\u00f3rico da 20\u00aa sess\u00e3o<\/strong><\/span><\/p>\n<p style=\"text-align: center;\"><a href=\"https:\/\/dmr-portugal.org\/wp-content\/uploads\/2026\/03\/netct-log-09-20.png\"><img fetchpriority=\"high\" decoding=\"async\" class=\"alignnone size-full wp-image-4756\" src=\"https:\/\/dmr-portugal.org\/wp-content\/uploads\/2026\/03\/netct-log-09-20.png\" alt=\"\" width=\"815\" height=\"761\" srcset=\"https:\/\/dmr-portugal.org\/wp-content\/uploads\/2026\/03\/netct-log-09-20.png 815w, https:\/\/dmr-portugal.org\/wp-content\/uploads\/2026\/03\/netct-log-09-20-300x280.png 300w, https:\/\/dmr-portugal.org\/wp-content\/uploads\/2026\/03\/netct-log-09-20-768x717.png 768w, https:\/\/dmr-portugal.org\/wp-content\/uploads\/2026\/03\/netct-log-09-20-150x140.png 150w\" sizes=\"(max-width: 815px) 100vw, 815px\" \/><\/a><\/p>\n<p style=\"text-align: center;\"><span style=\"font-family: arial, helvetica, sans-serif;\"><em><strong>Log da 20\u00aa sess\u00e3o do 9\u00ba ano<\/strong><\/em><\/span><\/p>\n<p>&nbsp;<\/p>\n<p>&nbsp;<\/p>\n<p><span style=\"font-family: arial, helvetica, sans-serif;\">Nesta sess\u00e3o 15 utilizadores fizeram representar a sua associa\u00e7\u00e3o.<\/span><\/p>\n<p>&nbsp;<\/p>\n<p><span style=\"font-family: arial, helvetica, sans-serif;\">Nesta sess\u00e3o 1 utilizador usou equipamento Yaesu C4FM atrav\u00e9s do repetidor C4FM da S. Estrela.<\/span><\/p>\n<p>&nbsp;<\/p>\n<table style=\"border-collapse: collapse; width: 100%;\">\n<tbody>\n<tr>\n<td style=\"width: 459px; border-style: hidden; text-align: center;\"><a href=\"https:\/\/dmr-portugal.org\/wp-content\/uploads\/2026\/03\/estatisticas-20.png\"><img decoding=\"async\" class=\"size-full wp-image-4759 aligncenter\" src=\"https:\/\/dmr-portugal.org\/wp-content\/uploads\/2026\/03\/estatisticas-20.png\" alt=\"\" width=\"259\" height=\"185\" srcset=\"https:\/\/dmr-portugal.org\/wp-content\/uploads\/2026\/03\/estatisticas-20.png 259w, https:\/\/dmr-portugal.org\/wp-content\/uploads\/2026\/03\/estatisticas-20-150x107.png 150w\" sizes=\"(max-width: 259px) 100vw, 259px\" \/><\/a><\/td>\n<td style=\"width: 459px; border-style: hidden; text-align: center;\"><a href=\"https:\/\/dmr-portugal.org\/wp-content\/uploads\/2026\/03\/top-tg-20.png\"><img decoding=\"async\" class=\"size-full wp-image-4760 aligncenter\" src=\"https:\/\/dmr-portugal.org\/wp-content\/uploads\/2026\/03\/top-tg-20.png\" alt=\"\" width=\"420\" height=\"130\" srcset=\"https:\/\/dmr-portugal.org\/wp-content\/uploads\/2026\/03\/top-tg-20.png 420w, https:\/\/dmr-portugal.org\/wp-content\/uploads\/2026\/03\/top-tg-20-300x93.png 300w, https:\/\/dmr-portugal.org\/wp-content\/uploads\/2026\/03\/top-tg-20-150x46.png 150w\" sizes=\"(max-width: 420px) 100vw, 420px\" \/><\/a><\/td>\n<\/tr>\n<\/tbody>\n<\/table>\n<p style=\"text-align: center;\"><a href=\"https:\/\/dmr-portugal.org\/wp-content\/uploads\/2026\/03\/associacoes-20.png\"><img loading=\"lazy\" decoding=\"async\" class=\"size-full wp-image-4761 aligncenter\" src=\"https:\/\/dmr-portugal.org\/wp-content\/uploads\/2026\/03\/associacoes-20.png\" alt=\"\" width=\"314\" height=\"650\" srcset=\"https:\/\/dmr-portugal.org\/wp-content\/uploads\/2026\/03\/associacoes-20.png 314w, https:\/\/dmr-portugal.org\/wp-content\/uploads\/2026\/03\/associacoes-20-145x300.png 145w, https:\/\/dmr-portugal.org\/wp-content\/uploads\/2026\/03\/associacoes-20-72x150.png 72w\" sizes=\"(max-width: 314px) 100vw, 314px\" \/><\/a><\/p>\n<hr \/>\n<p>&nbsp;<\/p>\n","protected":false},"excerpt":{"rendered":"<p>&nbsp; Hist\u00f3rico da 20\u00aa sess\u00e3o Log da 20\u00aa sess\u00e3o do 9\u00ba ano &nbsp; &nbsp; Nesta sess\u00e3o 15 utilizadores fizeram representar a sua associa\u00e7\u00e3o. &nbsp; Nesta sess\u00e3o 1 utilizador usou equipamento Yaesu C4FM atrav\u00e9s do repetidor C4FM da S. Estrela. &nbsp; &nbsp;<\/p>\n","protected":false},"author":1,"featured_media":0,"parent":4674,"menu_order":25,"comment_status":"closed","ping_status":"closed","template":"","meta":{"footnotes":""},"class_list":["post-4753","page","type-page","status-publish","hentry"],"_links":{"self":[{"href":"https:\/\/dmr-portugal.org\/index.php?rest_route=\/wp\/v2\/pages\/4753","targetHints":{"allow":["GET"]}}],"collection":[{"href":"https:\/\/dmr-portugal.org\/index.php?rest_route=\/wp\/v2\/pages"}],"about":[{"href":"https:\/\/dmr-portugal.org\/index.php?rest_route=\/wp\/v2\/types\/page"}],"author":[{"embeddable":true,"href":"https:\/\/dmr-portugal.org\/index.php?rest_route=\/wp\/v2\/users\/1"}],"replies":[{"embeddable":true,"href":"https:\/\/dmr-portugal.org\/index.php?rest_route=%2Fwp%2Fv2%2Fcomments&post=4753"}],"version-history":[{"count":8,"href":"https:\/\/dmr-portugal.org\/index.php?rest_route=\/wp\/v2\/pages\/4753\/revisions"}],"predecessor-version":[{"id":4757,"href":"https:\/\/dmr-portugal.org\/index.php?rest_route=\/wp\/v2\/pages\/4753\/revisions\/4757"}],"up":[{"embeddable":true,"href":"https:\/\/dmr-portugal.org\/index.php?rest_route=\/wp\/v2\/pages\/4674"}],"wp:attachment":[{"href":"https:\/\/dmr-portugal.org\/index.php?rest_route=%2Fwp%2Fv2%2Fmedia&parent=4753"}],"curies":[{"name":"wp","href":"https:\/\/api.w.org\/{rel}","templated":true}]}}