{"id":4724,"date":"2026-01-22T10:29:12","date_gmt":"2026-01-22T10:29:12","guid":{"rendered":"https:\/\/dmr-portugal.org\/?page_id=4724"},"modified":"2026-01-22T15:15:05","modified_gmt":"2026-01-22T15:15:05","slug":"netct-18a-sessao","status":"publish","type":"page","link":"https:\/\/dmr-portugal.org\/?page_id=4724","title":{"rendered":"netCT 18\u00aa sess\u00e3o"},"content":{"rendered":"<p style=\"text-align: center;\"><strong><span style=\"font-family: arial, helvetica, sans-serif; font-size: 20px;\">Hist\u00f3rico da 18\u00aa sess\u00e3o<\/span><\/strong><\/p>\n<p style=\"text-align: center;\"><a href=\"https:\/\/dmr-portugal.org\/wp-content\/uploads\/2026\/01\/netct-log-09-18.png\"><img fetchpriority=\"high\" decoding=\"async\" class=\"size-full wp-image-4727 aligncenter\" src=\"https:\/\/dmr-portugal.org\/wp-content\/uploads\/2026\/01\/netct-log-09-18.png\" alt=\"\" width=\"836\" height=\"768\" srcset=\"https:\/\/dmr-portugal.org\/wp-content\/uploads\/2026\/01\/netct-log-09-18.png 836w, https:\/\/dmr-portugal.org\/wp-content\/uploads\/2026\/01\/netct-log-09-18-300x276.png 300w, https:\/\/dmr-portugal.org\/wp-content\/uploads\/2026\/01\/netct-log-09-18-768x706.png 768w, https:\/\/dmr-portugal.org\/wp-content\/uploads\/2026\/01\/netct-log-09-18-150x138.png 150w\" sizes=\"(max-width: 836px) 100vw, 836px\" \/><\/a><\/p>\n<p style=\"text-align: center;\"><em><strong><span style=\"font-family: arial, helvetica, sans-serif;\">Log da 18\u00aa sess\u00e3o do 9\u00ba ano<\/span><\/strong><\/em><\/p>\n<p>&nbsp;<\/p>\n<p><span style=\"font-family: arial, helvetica, sans-serif;\">Nesta sess\u00e3o 15 utilizadores fizeram representar a sua associa\u00e7\u00e3o.<\/span><\/p>\n<p>&nbsp;<\/p>\n<p><span style=\"font-family: arial, helvetica, sans-serif;\">Nesta sess\u00e3o 6 utilizadores usaram equipamento Yaesu C4FM atrav\u00e9s do repetidor C4FM da S. Estrela. 1 utilizador via DSTAR.<\/span><\/p>\n<p>&nbsp;<\/p>\n<table style=\"border-collapse: collapse; width: 100%;\">\n<tbody>\n<tr>\n<td style=\"width: 459px; border-style: hidden;\"><a href=\"https:\/\/dmr-portugal.org\/wp-content\/uploads\/2026\/01\/estatisticas-20.png\"><img decoding=\"async\" class=\"size-full wp-image-4728 aligncenter\" src=\"https:\/\/dmr-portugal.org\/wp-content\/uploads\/2026\/01\/estatisticas-20.png\" alt=\"\" width=\"266\" height=\"210\" srcset=\"https:\/\/dmr-portugal.org\/wp-content\/uploads\/2026\/01\/estatisticas-20.png 266w, https:\/\/dmr-portugal.org\/wp-content\/uploads\/2026\/01\/estatisticas-20-150x118.png 150w\" sizes=\"(max-width: 266px) 100vw, 266px\" \/><\/a><\/td>\n<td style=\"width: 459px;\"><a href=\"https:\/\/dmr-portugal.org\/wp-content\/uploads\/2026\/01\/top-tg-20.png\"><img decoding=\"async\" class=\"size-full wp-image-4729 aligncenter\" src=\"https:\/\/dmr-portugal.org\/wp-content\/uploads\/2026\/01\/top-tg-20.png\" alt=\"\" width=\"437\" height=\"130\" srcset=\"https:\/\/dmr-portugal.org\/wp-content\/uploads\/2026\/01\/top-tg-20.png 437w, https:\/\/dmr-portugal.org\/wp-content\/uploads\/2026\/01\/top-tg-20-300x89.png 300w, https:\/\/dmr-portugal.org\/wp-content\/uploads\/2026\/01\/top-tg-20-150x45.png 150w\" sizes=\"(max-width: 437px) 100vw, 437px\" \/><\/a><\/td>\n<\/tr>\n<\/tbody>\n<\/table>\n<p style=\"text-align: center;\"><a href=\"https:\/\/dmr-portugal.org\/wp-content\/uploads\/2026\/01\/associacoes-18.png\"><img loading=\"lazy\" decoding=\"async\" class=\"size-full wp-image-4730 aligncenter\" src=\"https:\/\/dmr-portugal.org\/wp-content\/uploads\/2026\/01\/associacoes-18.png\" alt=\"\" width=\"303\" height=\"651\" srcset=\"https:\/\/dmr-portugal.org\/wp-content\/uploads\/2026\/01\/associacoes-18.png 303w, https:\/\/dmr-portugal.org\/wp-content\/uploads\/2026\/01\/associacoes-18-140x300.png 140w, https:\/\/dmr-portugal.org\/wp-content\/uploads\/2026\/01\/associacoes-18-70x150.png 70w\" sizes=\"(max-width: 303px) 100vw, 303px\" \/><\/a><\/p>\n<p>&nbsp;<\/p>\n<hr \/>\n<p>&nbsp;<\/p>\n","protected":false},"excerpt":{"rendered":"<p>Hist\u00f3rico da 18\u00aa sess\u00e3o Log da 18\u00aa sess\u00e3o do 9\u00ba ano &nbsp; Nesta sess\u00e3o 15 utilizadores fizeram representar a sua associa\u00e7\u00e3o. &nbsp; Nesta sess\u00e3o 6 utilizadores usaram equipamento Yaesu C4FM atrav\u00e9s do repetidor C4FM da S. Estrela. 1 utilizador via DSTAR. &nbsp; &nbsp; &nbsp;<\/p>\n","protected":false},"author":1,"featured_media":0,"parent":4674,"menu_order":27,"comment_status":"closed","ping_status":"closed","template":"","meta":{"footnotes":""},"class_list":["post-4724","page","type-page","status-publish","hentry"],"_links":{"self":[{"href":"https:\/\/dmr-portugal.org\/index.php?rest_route=\/wp\/v2\/pages\/4724","targetHints":{"allow":["GET"]}}],"collection":[{"href":"https:\/\/dmr-portugal.org\/index.php?rest_route=\/wp\/v2\/pages"}],"about":[{"href":"https:\/\/dmr-portugal.org\/index.php?rest_route=\/wp\/v2\/types\/page"}],"author":[{"embeddable":true,"href":"https:\/\/dmr-portugal.org\/index.php?rest_route=\/wp\/v2\/users\/1"}],"replies":[{"embeddable":true,"href":"https:\/\/dmr-portugal.org\/index.php?rest_route=%2Fwp%2Fv2%2Fcomments&post=4724"}],"version-history":[{"count":7,"href":"https:\/\/dmr-portugal.org\/index.php?rest_route=\/wp\/v2\/pages\/4724\/revisions"}],"predecessor-version":[{"id":4735,"href":"https:\/\/dmr-portugal.org\/index.php?rest_route=\/wp\/v2\/pages\/4724\/revisions\/4735"}],"up":[{"embeddable":true,"href":"https:\/\/dmr-portugal.org\/index.php?rest_route=\/wp\/v2\/pages\/4674"}],"wp:attachment":[{"href":"https:\/\/dmr-portugal.org\/index.php?rest_route=%2Fwp%2Fv2%2Fmedia&parent=4724"}],"curies":[{"name":"wp","href":"https:\/\/api.w.org\/{rel}","templated":true}]}}