{"id":4713,"date":"2026-01-16T16:57:37","date_gmt":"2026-01-16T16:57:37","guid":{"rendered":"https:\/\/dmr-portugal.org\/?page_id=4713"},"modified":"2026-01-16T17:11:34","modified_gmt":"2026-01-16T17:11:34","slug":"netct-17a-sessao","status":"publish","type":"page","link":"https:\/\/dmr-portugal.org\/?page_id=4713","title":{"rendered":"netCT 17\u00aa sess\u00e3o"},"content":{"rendered":"<p>&nbsp;<\/p>\n<p style=\"text-align: center;\"><span style=\"font-family: arial, helvetica, sans-serif; font-size: 20px;\"><strong>Hist\u00f3rico da 17\u00aa sess\u00e3o<\/strong><\/span><\/p>\n<p style=\"text-align: center;\"><a href=\"https:\/\/dmr-portugal.org\/wp-content\/uploads\/2026\/01\/netct-log-09-17.png\"><img fetchpriority=\"high\" decoding=\"async\" class=\"size-full wp-image-4716 aligncenter\" src=\"https:\/\/dmr-portugal.org\/wp-content\/uploads\/2026\/01\/netct-log-09-17.png\" alt=\"\" width=\"837\" height=\"763\" srcset=\"https:\/\/dmr-portugal.org\/wp-content\/uploads\/2026\/01\/netct-log-09-17.png 837w, https:\/\/dmr-portugal.org\/wp-content\/uploads\/2026\/01\/netct-log-09-17-300x273.png 300w, https:\/\/dmr-portugal.org\/wp-content\/uploads\/2026\/01\/netct-log-09-17-768x700.png 768w, https:\/\/dmr-portugal.org\/wp-content\/uploads\/2026\/01\/netct-log-09-17-150x137.png 150w\" sizes=\"(max-width: 837px) 100vw, 837px\" \/><\/a><\/p>\n<p style=\"text-align: center;\"><span style=\"font-family: arial, helvetica, sans-serif;\"><em><strong>Log da 17\u00aa sess\u00e3o do 9\u00ba ano<\/strong><\/em><\/span><\/p>\n<p>&nbsp;<\/p>\n<p><span style=\"font-family: arial, helvetica, sans-serif;\">Nesta sess\u00e3o 15 utilizadores fizeram representar a sua associa\u00e7\u00e3o.<\/span><\/p>\n<p>&nbsp;<\/p>\n<p><span style=\"font-family: arial, helvetica, sans-serif;\">Nesta sess\u00e3o 5 utilizadores usaram equipamento Yaesu C4FM atrav\u00e9s do repetidor C4FM do Arestal.<\/span><\/p>\n<p>&nbsp;<\/p>\n<table style=\"border-collapse: collapse; width: 100%;\">\n<tbody>\n<tr>\n<td style=\"width: 50%; border-style: hidden;\"><a href=\"https:\/\/dmr-portugal.org\/wp-content\/uploads\/2026\/01\/estatisticas-17.png\"><img decoding=\"async\" class=\"size-full wp-image-4717 aligncenter\" src=\"https:\/\/dmr-portugal.org\/wp-content\/uploads\/2026\/01\/estatisticas-17.png\" alt=\"\" width=\"314\" height=\"208\" srcset=\"https:\/\/dmr-portugal.org\/wp-content\/uploads\/2026\/01\/estatisticas-17.png 314w, https:\/\/dmr-portugal.org\/wp-content\/uploads\/2026\/01\/estatisticas-17-300x199.png 300w, https:\/\/dmr-portugal.org\/wp-content\/uploads\/2026\/01\/estatisticas-17-150x99.png 150w\" sizes=\"(max-width: 314px) 100vw, 314px\" \/><\/a><\/td>\n<td style=\"width: 50%;\"><a href=\"https:\/\/dmr-portugal.org\/wp-content\/uploads\/2026\/01\/top-tg_17.png\"><img decoding=\"async\" class=\"size-full wp-image-4718 aligncenter\" src=\"https:\/\/dmr-portugal.org\/wp-content\/uploads\/2026\/01\/top-tg_17.png\" alt=\"\" width=\"440\" height=\"140\" srcset=\"https:\/\/dmr-portugal.org\/wp-content\/uploads\/2026\/01\/top-tg_17.png 440w, https:\/\/dmr-portugal.org\/wp-content\/uploads\/2026\/01\/top-tg_17-300x95.png 300w, https:\/\/dmr-portugal.org\/wp-content\/uploads\/2026\/01\/top-tg_17-150x48.png 150w\" sizes=\"(max-width: 440px) 100vw, 440px\" \/><\/a><\/td>\n<\/tr>\n<\/tbody>\n<\/table>\n<p>&nbsp;<\/p>\n<p style=\"text-align: center;\"><a href=\"https:\/\/dmr-portugal.org\/wp-content\/uploads\/2026\/01\/associacoes-17.png\"><img loading=\"lazy\" decoding=\"async\" class=\"size-full wp-image-4719 aligncenter\" src=\"https:\/\/dmr-portugal.org\/wp-content\/uploads\/2026\/01\/associacoes-17.png\" alt=\"\" width=\"305\" height=\"653\" srcset=\"https:\/\/dmr-portugal.org\/wp-content\/uploads\/2026\/01\/associacoes-17.png 305w, https:\/\/dmr-portugal.org\/wp-content\/uploads\/2026\/01\/associacoes-17-140x300.png 140w, https:\/\/dmr-portugal.org\/wp-content\/uploads\/2026\/01\/associacoes-17-70x150.png 70w\" sizes=\"(max-width: 305px) 100vw, 305px\" \/><\/a><\/p>\n<hr \/>\n<p>&nbsp;<\/p>\n","protected":false},"excerpt":{"rendered":"<p>&nbsp; Hist\u00f3rico da 17\u00aa sess\u00e3o Log da 17\u00aa sess\u00e3o do 9\u00ba ano &nbsp; Nesta sess\u00e3o 15 utilizadores fizeram representar a sua associa\u00e7\u00e3o. &nbsp; Nesta sess\u00e3o 5 utilizadores usaram equipamento Yaesu C4FM atrav\u00e9s do repetidor C4FM do Arestal. &nbsp; &nbsp; &nbsp;<\/p>\n","protected":false},"author":1,"featured_media":0,"parent":4674,"menu_order":28,"comment_status":"closed","ping_status":"closed","template":"","meta":{"footnotes":""},"class_list":["post-4713","page","type-page","status-publish","hentry"],"_links":{"self":[{"href":"https:\/\/dmr-portugal.org\/index.php?rest_route=\/wp\/v2\/pages\/4713","targetHints":{"allow":["GET"]}}],"collection":[{"href":"https:\/\/dmr-portugal.org\/index.php?rest_route=\/wp\/v2\/pages"}],"about":[{"href":"https:\/\/dmr-portugal.org\/index.php?rest_route=\/wp\/v2\/types\/page"}],"author":[{"embeddable":true,"href":"https:\/\/dmr-portugal.org\/index.php?rest_route=\/wp\/v2\/users\/1"}],"replies":[{"embeddable":true,"href":"https:\/\/dmr-portugal.org\/index.php?rest_route=%2Fwp%2Fv2%2Fcomments&post=4713"}],"version-history":[{"count":4,"href":"https:\/\/dmr-portugal.org\/index.php?rest_route=\/wp\/v2\/pages\/4713\/revisions"}],"predecessor-version":[{"id":4721,"href":"https:\/\/dmr-portugal.org\/index.php?rest_route=\/wp\/v2\/pages\/4713\/revisions\/4721"}],"up":[{"embeddable":true,"href":"https:\/\/dmr-portugal.org\/index.php?rest_route=\/wp\/v2\/pages\/4674"}],"wp:attachment":[{"href":"https:\/\/dmr-portugal.org\/index.php?rest_route=%2Fwp%2Fv2%2Fmedia&parent=4713"}],"curies":[{"name":"wp","href":"https:\/\/api.w.org\/{rel}","templated":true}]}}