{"id":4699,"date":"2026-01-16T16:27:39","date_gmt":"2026-01-16T16:27:39","guid":{"rendered":"https:\/\/dmr-portugal.org\/?page_id=4699"},"modified":"2026-01-16T17:16:11","modified_gmt":"2026-01-16T17:16:11","slug":"netct-16a-sessao","status":"publish","type":"page","link":"https:\/\/dmr-portugal.org\/?page_id=4699","title":{"rendered":"netCT 16\u00aa sess\u00e3o"},"content":{"rendered":"<p>&nbsp;<\/p>\n<p style=\"text-align: center;\"><span style=\"font-family: arial, helvetica, sans-serif; font-size: 20px;\"><strong>Hist\u00f3rico da 16\u00aa sess\u00e3o<\/strong><\/span><\/p>\n<p style=\"text-align: center;\"><a href=\"https:\/\/dmr-portugal.org\/wp-content\/uploads\/2026\/01\/netct-log-09-16.png\"><img fetchpriority=\"high\" decoding=\"async\" class=\"size-full wp-image-4702 aligncenter\" src=\"https:\/\/dmr-portugal.org\/wp-content\/uploads\/2026\/01\/netct-log-09-16.png\" alt=\"\" width=\"834\" height=\"768\" srcset=\"https:\/\/dmr-portugal.org\/wp-content\/uploads\/2026\/01\/netct-log-09-16.png 834w, https:\/\/dmr-portugal.org\/wp-content\/uploads\/2026\/01\/netct-log-09-16-300x276.png 300w, https:\/\/dmr-portugal.org\/wp-content\/uploads\/2026\/01\/netct-log-09-16-768x707.png 768w, https:\/\/dmr-portugal.org\/wp-content\/uploads\/2026\/01\/netct-log-09-16-150x138.png 150w\" sizes=\"(max-width: 834px) 100vw, 834px\" \/><\/a><\/p>\n<p style=\"text-align: center;\"><em><span style=\"font-family: arial, helvetica, sans-serif;\"><strong>Log da 16\u00aa sess\u00e3o do 9\u00ba ano<\/strong><\/span><\/em><\/p>\n<p>&nbsp;<\/p>\n<p><span style=\"font-family: arial, helvetica, sans-serif;\">Nesta sess\u00e3o 15 utilizadores fizeram representar a sua associa\u00e7\u00e3o.<\/span><\/p>\n<p>&nbsp;<\/p>\n<p><span style=\"font-family: arial, helvetica, sans-serif;\">Nesta sess\u00e3o 7 utilizadores usaram equipamento Yaesu C4FM atrav\u00e9s do repetidor C4FM do Arestal.<\/span><\/p>\n<p>&nbsp;<\/p>\n<p style=\"text-align: center;\"><strong><span style=\"font-family: arial, helvetica, sans-serif; font-size: 20px;\">Selfies da sess\u00e3o<\/span><\/strong><\/p>\n<table style=\"border-collapse: collapse; width: 99.9016%; height: 38px;\">\n<tbody>\n<tr>\n<td style=\"width: 20%; border-style: hidden; text-align: center;\">\n<p><div id=\"attachment_4704\" style=\"width: 235px\" class=\"wp-caption aligncenter\"><a href=\"https:\/\/dmr-portugal.org\/wp-content\/uploads\/2026\/01\/20260114_222057-scaled.jpg\"><img decoding=\"async\" aria-describedby=\"caption-attachment-4704\" class=\"wp-image-4704 size-medium\" src=\"https:\/\/dmr-portugal.org\/wp-content\/uploads\/2026\/01\/20260114_222057-225x300.jpg\" alt=\"\" width=\"225\" height=\"300\" srcset=\"https:\/\/dmr-portugal.org\/wp-content\/uploads\/2026\/01\/20260114_222057-225x300.jpg 225w, https:\/\/dmr-portugal.org\/wp-content\/uploads\/2026\/01\/20260114_222057-768x1024.jpg 768w, https:\/\/dmr-portugal.org\/wp-content\/uploads\/2026\/01\/20260114_222057-1152x1536.jpg 1152w, https:\/\/dmr-portugal.org\/wp-content\/uploads\/2026\/01\/20260114_222057-1536x2048.jpg 1536w, https:\/\/dmr-portugal.org\/wp-content\/uploads\/2026\/01\/20260114_222057-113x150.jpg 113w, https:\/\/dmr-portugal.org\/wp-content\/uploads\/2026\/01\/20260114_222057-scaled.jpg 1920w\" sizes=\"(max-width: 225px) 100vw, 225px\" \/><\/a><p id=\"caption-attachment-4704\" class=\"wp-caption-text\"><span style=\"font-family: arial, helvetica, sans-serif;\">CT7BFC<\/span><\/p><\/div><\/td>\n<td style=\"width: 20%;\">\n<p><div id=\"attachment_4705\" style=\"width: 235px\" class=\"wp-caption aligncenter\"><a href=\"https:\/\/dmr-portugal.org\/wp-content\/uploads\/2026\/01\/20260114_222142-scaled.jpg\"><img decoding=\"async\" aria-describedby=\"caption-attachment-4705\" class=\"wp-image-4705 size-medium\" src=\"https:\/\/dmr-portugal.org\/wp-content\/uploads\/2026\/01\/20260114_222142-225x300.jpg\" alt=\"\" width=\"225\" height=\"300\" srcset=\"https:\/\/dmr-portugal.org\/wp-content\/uploads\/2026\/01\/20260114_222142-225x300.jpg 225w, https:\/\/dmr-portugal.org\/wp-content\/uploads\/2026\/01\/20260114_222142-768x1024.jpg 768w, https:\/\/dmr-portugal.org\/wp-content\/uploads\/2026\/01\/20260114_222142-1152x1536.jpg 1152w, https:\/\/dmr-portugal.org\/wp-content\/uploads\/2026\/01\/20260114_222142-1536x2048.jpg 1536w, https:\/\/dmr-portugal.org\/wp-content\/uploads\/2026\/01\/20260114_222142-113x150.jpg 113w, https:\/\/dmr-portugal.org\/wp-content\/uploads\/2026\/01\/20260114_222142-scaled.jpg 1920w\" sizes=\"(max-width: 225px) 100vw, 225px\" \/><\/a><p id=\"caption-attachment-4705\" class=\"wp-caption-text\"><span style=\"font-family: arial, helvetica, sans-serif;\">CT7BFC<\/span><\/p><\/div><\/td>\n<td style=\"width: 20%;\">\n<p><div id=\"attachment_4706\" style=\"width: 235px\" class=\"wp-caption aligncenter\"><a href=\"https:\/\/dmr-portugal.org\/wp-content\/uploads\/2026\/01\/20260114_222347-scaled.jpg\"><img loading=\"lazy\" decoding=\"async\" aria-describedby=\"caption-attachment-4706\" class=\"wp-image-4706 size-medium\" src=\"https:\/\/dmr-portugal.org\/wp-content\/uploads\/2026\/01\/20260114_222347-225x300.jpg\" alt=\"\" width=\"225\" height=\"300\" srcset=\"https:\/\/dmr-portugal.org\/wp-content\/uploads\/2026\/01\/20260114_222347-225x300.jpg 225w, https:\/\/dmr-portugal.org\/wp-content\/uploads\/2026\/01\/20260114_222347-768x1024.jpg 768w, https:\/\/dmr-portugal.org\/wp-content\/uploads\/2026\/01\/20260114_222347-1152x1536.jpg 1152w, https:\/\/dmr-portugal.org\/wp-content\/uploads\/2026\/01\/20260114_222347-1536x2048.jpg 1536w, https:\/\/dmr-portugal.org\/wp-content\/uploads\/2026\/01\/20260114_222347-113x150.jpg 113w, https:\/\/dmr-portugal.org\/wp-content\/uploads\/2026\/01\/20260114_222347-scaled.jpg 1920w\" sizes=\"(max-width: 225px) 100vw, 225px\" \/><\/a><p id=\"caption-attachment-4706\" class=\"wp-caption-text\"><span style=\"font-family: arial, helvetica, sans-serif;\">CT7BFC<\/span><\/p><\/div><\/td>\n<\/tr>\n<\/tbody>\n<\/table>\n<p>&nbsp;<\/p>\n<table style=\"border-collapse: collapse; width: 100%;\">\n<tbody>\n<tr>\n<td style=\"width: 459px; border-style: hidden;\"><a href=\"https:\/\/dmr-portugal.org\/wp-content\/uploads\/2026\/01\/estatisticas-16.png\"><img loading=\"lazy\" decoding=\"async\" class=\"size-full wp-image-4707 aligncenter\" src=\"https:\/\/dmr-portugal.org\/wp-content\/uploads\/2026\/01\/estatisticas-16.png\" alt=\"\" width=\"327\" height=\"212\" srcset=\"https:\/\/dmr-portugal.org\/wp-content\/uploads\/2026\/01\/estatisticas-16.png 327w, https:\/\/dmr-portugal.org\/wp-content\/uploads\/2026\/01\/estatisticas-16-300x194.png 300w, https:\/\/dmr-portugal.org\/wp-content\/uploads\/2026\/01\/estatisticas-16-150x97.png 150w\" sizes=\"(max-width: 327px) 100vw, 327px\" \/><\/a><\/td>\n<td style=\"width: 459px;\"><a href=\"https:\/\/dmr-portugal.org\/wp-content\/uploads\/2026\/01\/top-tg_16.png\"><img loading=\"lazy\" decoding=\"async\" class=\"size-full wp-image-4708 aligncenter\" src=\"https:\/\/dmr-portugal.org\/wp-content\/uploads\/2026\/01\/top-tg_16.png\" alt=\"\" width=\"450\" height=\"154\" srcset=\"https:\/\/dmr-portugal.org\/wp-content\/uploads\/2026\/01\/top-tg_16.png 450w, https:\/\/dmr-portugal.org\/wp-content\/uploads\/2026\/01\/top-tg_16-300x103.png 300w, https:\/\/dmr-portugal.org\/wp-content\/uploads\/2026\/01\/top-tg_16-150x51.png 150w\" sizes=\"(max-width: 450px) 100vw, 450px\" \/><\/a><\/td>\n<\/tr>\n<\/tbody>\n<\/table>\n<p style=\"text-align: center;\"><a href=\"https:\/\/dmr-portugal.org\/wp-content\/uploads\/2026\/01\/associacoes-16.png\"><img loading=\"lazy\" decoding=\"async\" class=\"size-full wp-image-4710 aligncenter\" src=\"https:\/\/dmr-portugal.org\/wp-content\/uploads\/2026\/01\/associacoes-16.png\" alt=\"\" width=\"311\" height=\"640\" srcset=\"https:\/\/dmr-portugal.org\/wp-content\/uploads\/2026\/01\/associacoes-16.png 311w, https:\/\/dmr-portugal.org\/wp-content\/uploads\/2026\/01\/associacoes-16-146x300.png 146w, https:\/\/dmr-portugal.org\/wp-content\/uploads\/2026\/01\/associacoes-16-73x150.png 73w\" sizes=\"(max-width: 311px) 100vw, 311px\" \/><\/a><\/p>\n<hr \/>\n<p>&nbsp;<\/p>\n","protected":false},"excerpt":{"rendered":"<p>&nbsp; Hist\u00f3rico da 16\u00aa sess\u00e3o Log da 16\u00aa sess\u00e3o do 9\u00ba ano &nbsp; Nesta sess\u00e3o 15 utilizadores fizeram representar a sua associa\u00e7\u00e3o. &nbsp; Nesta sess\u00e3o 7 utilizadores usaram equipamento Yaesu C4FM atrav\u00e9s do repetidor C4FM do Arestal. &nbsp; Selfies da sess\u00e3o &nbsp; &nbsp;<\/p>\n","protected":false},"author":1,"featured_media":0,"parent":4674,"menu_order":29,"comment_status":"closed","ping_status":"closed","template":"","meta":{"footnotes":""},"class_list":["post-4699","page","type-page","status-publish","hentry"],"_links":{"self":[{"href":"https:\/\/dmr-portugal.org\/index.php?rest_route=\/wp\/v2\/pages\/4699","targetHints":{"allow":["GET"]}}],"collection":[{"href":"https:\/\/dmr-portugal.org\/index.php?rest_route=\/wp\/v2\/pages"}],"about":[{"href":"https:\/\/dmr-portugal.org\/index.php?rest_route=\/wp\/v2\/types\/page"}],"author":[{"embeddable":true,"href":"https:\/\/dmr-portugal.org\/index.php?rest_route=\/wp\/v2\/users\/1"}],"replies":[{"embeddable":true,"href":"https:\/\/dmr-portugal.org\/index.php?rest_route=%2Fwp%2Fv2%2Fcomments&post=4699"}],"version-history":[{"count":7,"href":"https:\/\/dmr-portugal.org\/index.php?rest_route=\/wp\/v2\/pages\/4699\/revisions"}],"predecessor-version":[{"id":4722,"href":"https:\/\/dmr-portugal.org\/index.php?rest_route=\/wp\/v2\/pages\/4699\/revisions\/4722"}],"up":[{"embeddable":true,"href":"https:\/\/dmr-portugal.org\/index.php?rest_route=\/wp\/v2\/pages\/4674"}],"wp:attachment":[{"href":"https:\/\/dmr-portugal.org\/index.php?rest_route=%2Fwp%2Fv2%2Fmedia&parent=4699"}],"curies":[{"name":"wp","href":"https:\/\/api.w.org\/{rel}","templated":true}]}}