{"id":4691,"date":"2026-01-06T18:13:11","date_gmt":"2026-01-06T18:13:11","guid":{"rendered":"https:\/\/dmr-portugal.org\/?page_id=4691"},"modified":"2026-01-06T18:13:20","modified_gmt":"2026-01-06T18:13:20","slug":"netct-15a-sessao","status":"publish","type":"page","link":"https:\/\/dmr-portugal.org\/?page_id=4691","title":{"rendered":"netCT 15\u00aa sess\u00e3o"},"content":{"rendered":"<p>&nbsp;<\/p>\n<p style=\"text-align: center;\"><strong><span style=\"font-family: arial, helvetica, sans-serif; font-size: 20px;\">Hist\u00f3rico da 15\u00aa sess\u00e3o<\/span><\/strong><\/p>\n<p style=\"text-align: center;\"><a href=\"https:\/\/dmr-portugal.org\/wp-content\/uploads\/2026\/01\/netct-log-09-15.png\"><img fetchpriority=\"high\" decoding=\"async\" class=\"alignnone size-full wp-image-4692\" src=\"https:\/\/dmr-portugal.org\/wp-content\/uploads\/2026\/01\/netct-log-09-15.png\" alt=\"\" width=\"846\" height=\"775\" srcset=\"https:\/\/dmr-portugal.org\/wp-content\/uploads\/2026\/01\/netct-log-09-15.png 846w, https:\/\/dmr-portugal.org\/wp-content\/uploads\/2026\/01\/netct-log-09-15-300x275.png 300w, https:\/\/dmr-portugal.org\/wp-content\/uploads\/2026\/01\/netct-log-09-15-768x704.png 768w, https:\/\/dmr-portugal.org\/wp-content\/uploads\/2026\/01\/netct-log-09-15-150x137.png 150w\" sizes=\"(max-width: 846px) 100vw, 846px\" \/><\/a><\/p>\n<p style=\"text-align: center;\"><span style=\"font-family: arial, helvetica, sans-serif;\"><strong><em>Log da 15\u00aa sess\u00e3o do 9\u00ba ano<\/em><\/strong><\/span><\/p>\n<p>&nbsp;<\/p>\n<p><span style=\"font-family: arial, helvetica, sans-serif;\">Nesta sess\u00e3o 19 utilizadores fizeram representar a sua associa\u00e7\u00e3o.<\/span><\/p>\n<p>&nbsp;<\/p>\n<p><span style=\"font-family: arial, helvetica, sans-serif;\">Nesta sess\u00e3o 6 utilizadores usaram equipamento Yaesu C4FM, 4 atrav\u00e9s do repetidor C4FM do Arestal e 2 via hotspot.<\/span><\/p>\n<p>&nbsp;<\/p>\n<table style=\"border-collapse: collapse; width: 100%;\">\n<tbody>\n<tr>\n<td style=\"width: 50%; border-style: hidden; text-align: center;\"><a href=\"https:\/\/dmr-portugal.org\/wp-content\/uploads\/2026\/01\/estatsticas-15.png\"><img decoding=\"async\" class=\"size-full wp-image-4693 aligncenter\" src=\"https:\/\/dmr-portugal.org\/wp-content\/uploads\/2026\/01\/estatsticas-15.png\" alt=\"\" width=\"284\" height=\"201\" srcset=\"https:\/\/dmr-portugal.org\/wp-content\/uploads\/2026\/01\/estatsticas-15.png 284w, https:\/\/dmr-portugal.org\/wp-content\/uploads\/2026\/01\/estatsticas-15-150x106.png 150w\" sizes=\"(max-width: 284px) 100vw, 284px\" \/><\/a><\/td>\n<td style=\"width: 50%;\"><a href=\"https:\/\/dmr-portugal.org\/wp-content\/uploads\/2026\/01\/top-tg-15.png\"><img decoding=\"async\" class=\"size-full wp-image-4694 aligncenter\" src=\"https:\/\/dmr-portugal.org\/wp-content\/uploads\/2026\/01\/top-tg-15.png\" alt=\"\" width=\"433\" height=\"136\" srcset=\"https:\/\/dmr-portugal.org\/wp-content\/uploads\/2026\/01\/top-tg-15.png 433w, https:\/\/dmr-portugal.org\/wp-content\/uploads\/2026\/01\/top-tg-15-300x94.png 300w, https:\/\/dmr-portugal.org\/wp-content\/uploads\/2026\/01\/top-tg-15-150x47.png 150w\" sizes=\"(max-width: 433px) 100vw, 433px\" \/><\/a><\/td>\n<\/tr>\n<\/tbody>\n<\/table>\n<p>&nbsp;<\/p>\n<p style=\"text-align: center;\"><a href=\"https:\/\/dmr-portugal.org\/wp-content\/uploads\/2026\/01\/associacoes-15.png\"><img loading=\"lazy\" decoding=\"async\" class=\"size-full wp-image-4695 aligncenter\" src=\"https:\/\/dmr-portugal.org\/wp-content\/uploads\/2026\/01\/associacoes-15.png\" alt=\"\" width=\"309\" height=\"623\" srcset=\"https:\/\/dmr-portugal.org\/wp-content\/uploads\/2026\/01\/associacoes-15.png 309w, https:\/\/dmr-portugal.org\/wp-content\/uploads\/2026\/01\/associacoes-15-149x300.png 149w, https:\/\/dmr-portugal.org\/wp-content\/uploads\/2026\/01\/associacoes-15-74x150.png 74w\" sizes=\"(max-width: 309px) 100vw, 309px\" \/><\/a><\/p>\n<hr \/>\n<p>&nbsp;<\/p>\n","protected":false},"excerpt":{"rendered":"<p>&nbsp; Hist\u00f3rico da 15\u00aa sess\u00e3o Log da 15\u00aa sess\u00e3o do 9\u00ba ano &nbsp; Nesta sess\u00e3o 19 utilizadores fizeram representar a sua associa\u00e7\u00e3o. &nbsp; Nesta sess\u00e3o 6 utilizadores usaram equipamento Yaesu C4FM, 4 atrav\u00e9s do repetidor C4FM do Arestal e 2 via hotspot. &nbsp; &nbsp; &nbsp;<\/p>\n","protected":false},"author":1,"featured_media":0,"parent":4490,"menu_order":30,"comment_status":"closed","ping_status":"closed","template":"","meta":{"footnotes":""},"class_list":["post-4691","page","type-page","status-publish","hentry"],"_links":{"self":[{"href":"https:\/\/dmr-portugal.org\/index.php?rest_route=\/wp\/v2\/pages\/4691","targetHints":{"allow":["GET"]}}],"collection":[{"href":"https:\/\/dmr-portugal.org\/index.php?rest_route=\/wp\/v2\/pages"}],"about":[{"href":"https:\/\/dmr-portugal.org\/index.php?rest_route=\/wp\/v2\/types\/page"}],"author":[{"embeddable":true,"href":"https:\/\/dmr-portugal.org\/index.php?rest_route=\/wp\/v2\/users\/1"}],"replies":[{"embeddable":true,"href":"https:\/\/dmr-portugal.org\/index.php?rest_route=%2Fwp%2Fv2%2Fcomments&post=4691"}],"version-history":[{"count":1,"href":"https:\/\/dmr-portugal.org\/index.php?rest_route=\/wp\/v2\/pages\/4691\/revisions"}],"predecessor-version":[{"id":4696,"href":"https:\/\/dmr-portugal.org\/index.php?rest_route=\/wp\/v2\/pages\/4691\/revisions\/4696"}],"up":[{"embeddable":true,"href":"https:\/\/dmr-portugal.org\/index.php?rest_route=\/wp\/v2\/pages\/4490"}],"wp:attachment":[{"href":"https:\/\/dmr-portugal.org\/index.php?rest_route=%2Fwp%2Fv2%2Fmedia&parent=4691"}],"curies":[{"name":"wp","href":"https:\/\/api.w.org\/{rel}","templated":true}]}}