{"id":4685,"date":"2026-01-06T18:05:55","date_gmt":"2026-01-06T18:05:55","guid":{"rendered":"https:\/\/dmr-portugal.org\/?page_id=4685"},"modified":"2026-01-06T18:06:04","modified_gmt":"2026-01-06T18:06:04","slug":"netct-14a-sessao","status":"publish","type":"page","link":"https:\/\/dmr-portugal.org\/?page_id=4685","title":{"rendered":"netCT 14\u00aa sess\u00e3o"},"content":{"rendered":"<p style=\"text-align: center;\"><strong><span style=\"font-family: arial, helvetica, sans-serif; font-size: 20px;\">Hist\u00f3rico da 14\u00aa sess\u00e3o<\/span><\/strong><\/p>\n<p style=\"text-align: center;\"><a href=\"https:\/\/dmr-portugal.org\/wp-content\/uploads\/2026\/01\/netct-log-09-14.png\"><img fetchpriority=\"high\" decoding=\"async\" class=\"size-full wp-image-4686 aligncenter\" src=\"https:\/\/dmr-portugal.org\/wp-content\/uploads\/2026\/01\/netct-log-09-14.png\" alt=\"\" width=\"838\" height=\"772\" srcset=\"https:\/\/dmr-portugal.org\/wp-content\/uploads\/2026\/01\/netct-log-09-14.png 838w, https:\/\/dmr-portugal.org\/wp-content\/uploads\/2026\/01\/netct-log-09-14-300x276.png 300w, https:\/\/dmr-portugal.org\/wp-content\/uploads\/2026\/01\/netct-log-09-14-768x708.png 768w, https:\/\/dmr-portugal.org\/wp-content\/uploads\/2026\/01\/netct-log-09-14-150x138.png 150w\" sizes=\"(max-width: 838px) 100vw, 838px\" \/><\/a><\/p>\n<p style=\"text-align: center;\"><em><strong><span style=\"font-family: arial, helvetica, sans-serif;\">Log da 14\u00aa sess\u00e3o do 9\u00ba ano<\/span><\/strong><\/em><\/p>\n<p>&nbsp;<\/p>\n<p><span style=\"font-family: arial, helvetica, sans-serif;\">Nesta sess\u00e3o 19 utilizadores fizeram representar a sua associa\u00e7\u00e3o.<\/span><\/p>\n<p>&nbsp;<\/p>\n<p><span style=\"font-family: arial, helvetica, sans-serif;\">Nesta sess\u00e3o 6 utilizadores usaram equipamento Yaesu C4FM, 4 atrav\u00e9s do repetidor C4FM do Arestal e 2 via hotspot.<\/span><\/p>\n<p>&nbsp;<\/p>\n<table style=\"border-collapse: collapse; width: 100%;\">\n<tbody>\n<tr>\n<td style=\"width: 50%; border-style: hidden; text-align: center;\"><a href=\"https:\/\/dmr-portugal.org\/wp-content\/uploads\/2026\/01\/estatsticas-14.png\"><img decoding=\"async\" class=\"size-full wp-image-4687 aligncenter\" src=\"https:\/\/dmr-portugal.org\/wp-content\/uploads\/2026\/01\/estatsticas-14.png\" alt=\"\" width=\"307\" height=\"201\" srcset=\"https:\/\/dmr-portugal.org\/wp-content\/uploads\/2026\/01\/estatsticas-14.png 307w, https:\/\/dmr-portugal.org\/wp-content\/uploads\/2026\/01\/estatsticas-14-300x196.png 300w, https:\/\/dmr-portugal.org\/wp-content\/uploads\/2026\/01\/estatsticas-14-150x98.png 150w\" sizes=\"(max-width: 307px) 100vw, 307px\" \/><\/a><\/td>\n<td style=\"width: 50%; text-align: center;\"><a href=\"https:\/\/dmr-portugal.org\/wp-content\/uploads\/2026\/01\/top-tg-14.png\"><img decoding=\"async\" class=\"size-full wp-image-4688 aligncenter\" src=\"https:\/\/dmr-portugal.org\/wp-content\/uploads\/2026\/01\/top-tg-14.png\" alt=\"\" width=\"470\" height=\"143\" srcset=\"https:\/\/dmr-portugal.org\/wp-content\/uploads\/2026\/01\/top-tg-14.png 470w, https:\/\/dmr-portugal.org\/wp-content\/uploads\/2026\/01\/top-tg-14-300x91.png 300w, https:\/\/dmr-portugal.org\/wp-content\/uploads\/2026\/01\/top-tg-14-150x46.png 150w\" sizes=\"(max-width: 470px) 100vw, 470px\" \/><\/a><\/td>\n<\/tr>\n<\/tbody>\n<\/table>\n<p>&nbsp;<\/p>\n<p style=\"text-align: center;\"><a href=\"https:\/\/dmr-portugal.org\/wp-content\/uploads\/2026\/01\/associacoes-14.png\"><img loading=\"lazy\" decoding=\"async\" class=\"size-full wp-image-4689 aligncenter\" src=\"https:\/\/dmr-portugal.org\/wp-content\/uploads\/2026\/01\/associacoes-14.png\" alt=\"\" width=\"303\" height=\"632\" srcset=\"https:\/\/dmr-portugal.org\/wp-content\/uploads\/2026\/01\/associacoes-14.png 303w, https:\/\/dmr-portugal.org\/wp-content\/uploads\/2026\/01\/associacoes-14-144x300.png 144w, https:\/\/dmr-portugal.org\/wp-content\/uploads\/2026\/01\/associacoes-14-72x150.png 72w\" sizes=\"(max-width: 303px) 100vw, 303px\" \/><\/a><\/p>\n","protected":false},"excerpt":{"rendered":"<p>Hist\u00f3rico da 14\u00aa sess\u00e3o Log da 14\u00aa sess\u00e3o do 9\u00ba ano &nbsp; Nesta sess\u00e3o 19 utilizadores fizeram representar a sua associa\u00e7\u00e3o. &nbsp; Nesta sess\u00e3o 6 utilizadores usaram equipamento Yaesu C4FM, 4 atrav\u00e9s do repetidor C4FM do Arestal e 2 via hotspot. &nbsp; &nbsp;<\/p>\n","protected":false},"author":1,"featured_media":0,"parent":4490,"menu_order":31,"comment_status":"closed","ping_status":"closed","template":"","meta":{"footnotes":""},"class_list":["post-4685","page","type-page","status-publish","hentry"],"_links":{"self":[{"href":"https:\/\/dmr-portugal.org\/index.php?rest_route=\/wp\/v2\/pages\/4685","targetHints":{"allow":["GET"]}}],"collection":[{"href":"https:\/\/dmr-portugal.org\/index.php?rest_route=\/wp\/v2\/pages"}],"about":[{"href":"https:\/\/dmr-portugal.org\/index.php?rest_route=\/wp\/v2\/types\/page"}],"author":[{"embeddable":true,"href":"https:\/\/dmr-portugal.org\/index.php?rest_route=\/wp\/v2\/users\/1"}],"replies":[{"embeddable":true,"href":"https:\/\/dmr-portugal.org\/index.php?rest_route=%2Fwp%2Fv2%2Fcomments&post=4685"}],"version-history":[{"count":1,"href":"https:\/\/dmr-portugal.org\/index.php?rest_route=\/wp\/v2\/pages\/4685\/revisions"}],"predecessor-version":[{"id":4690,"href":"https:\/\/dmr-portugal.org\/index.php?rest_route=\/wp\/v2\/pages\/4685\/revisions\/4690"}],"up":[{"embeddable":true,"href":"https:\/\/dmr-portugal.org\/index.php?rest_route=\/wp\/v2\/pages\/4490"}],"wp:attachment":[{"href":"https:\/\/dmr-portugal.org\/index.php?rest_route=%2Fwp%2Fv2%2Fmedia&parent=4685"}],"curies":[{"name":"wp","href":"https:\/\/api.w.org\/{rel}","templated":true}]}}