{"id":4676,"date":"2026-01-06T17:41:35","date_gmt":"2026-01-06T17:41:35","guid":{"rendered":"https:\/\/dmr-portugal.org\/?page_id=4676"},"modified":"2026-01-06T18:07:29","modified_gmt":"2026-01-06T18:07:29","slug":"netct-13a-sessao","status":"publish","type":"page","link":"https:\/\/dmr-portugal.org\/?page_id=4676","title":{"rendered":"netCT 13\u00aa sess\u00e3o"},"content":{"rendered":"<p style=\"text-align: center;\"><strong><span style=\"font-family: arial, helvetica, sans-serif; font-size: 20px;\">Hist\u00f3rico da 13\u00aa sess\u00e3o<\/span><\/strong><\/p>\n<p style=\"text-align: center;\"><a href=\"https:\/\/dmr-portugal.org\/wp-content\/uploads\/2026\/01\/netct-log-09-13.png\"><img fetchpriority=\"high\" decoding=\"async\" class=\"size-full wp-image-4677 aligncenter\" src=\"https:\/\/dmr-portugal.org\/wp-content\/uploads\/2026\/01\/netct-log-09-13.png\" alt=\"\" width=\"841\" height=\"774\" srcset=\"https:\/\/dmr-portugal.org\/wp-content\/uploads\/2026\/01\/netct-log-09-13.png 841w, https:\/\/dmr-portugal.org\/wp-content\/uploads\/2026\/01\/netct-log-09-13-300x276.png 300w, https:\/\/dmr-portugal.org\/wp-content\/uploads\/2026\/01\/netct-log-09-13-768x707.png 768w, https:\/\/dmr-portugal.org\/wp-content\/uploads\/2026\/01\/netct-log-09-13-150x138.png 150w\" sizes=\"(max-width: 841px) 100vw, 841px\" \/><\/a><\/p>\n<p style=\"text-align: center;\"><em><strong><span style=\"font-family: arial, helvetica, sans-serif;\">Log da 13\u00aa sess\u00e3o do 9\u00ba ano<\/span><\/strong><\/em><\/p>\n<p>&nbsp;<\/p>\n<p><span style=\"font-family: arial, helvetica, sans-serif;\">Nesta sess\u00e3o 21 utilizadores fizeram representar a sua associa\u00e7\u00e3o.<\/span><\/p>\n<p>&nbsp;<\/p>\n<p><span style=\"font-family: arial, helvetica, sans-serif;\">Nesta sess\u00e3o 5 utilizadores usaram equipamento Yaesu C4FM, 4 atrav\u00e9s do repetidor C4FM do Arestal e 1 via hotspot.<\/span><\/p>\n<p>&nbsp;<\/p>\n<table style=\"border-collapse: collapse; width: 100%;\">\n<tbody>\n<tr>\n<td style=\"width: 459px; border-style: hidden; text-align: center;\"><a href=\"https:\/\/dmr-portugal.org\/wp-content\/uploads\/2026\/01\/estatsticas-13.png\"><img decoding=\"async\" class=\"size-full wp-image-4681 aligncenter\" src=\"https:\/\/dmr-portugal.org\/wp-content\/uploads\/2026\/01\/estatsticas-13.png\" alt=\"\" width=\"276\" height=\"199\" srcset=\"https:\/\/dmr-portugal.org\/wp-content\/uploads\/2026\/01\/estatsticas-13.png 276w, https:\/\/dmr-portugal.org\/wp-content\/uploads\/2026\/01\/estatsticas-13-150x108.png 150w\" sizes=\"(max-width: 276px) 100vw, 276px\" \/><\/a><\/td>\n<td style=\"width: 459px; text-align: center;\"><a href=\"https:\/\/dmr-portugal.org\/wp-content\/uploads\/2026\/01\/top-tg-13.png\"><img decoding=\"async\" class=\"size-full wp-image-4682 aligncenter\" src=\"https:\/\/dmr-portugal.org\/wp-content\/uploads\/2026\/01\/top-tg-13.png\" alt=\"\" width=\"447\" height=\"141\" srcset=\"https:\/\/dmr-portugal.org\/wp-content\/uploads\/2026\/01\/top-tg-13.png 447w, https:\/\/dmr-portugal.org\/wp-content\/uploads\/2026\/01\/top-tg-13-300x95.png 300w, https:\/\/dmr-portugal.org\/wp-content\/uploads\/2026\/01\/top-tg-13-150x47.png 150w\" sizes=\"(max-width: 447px) 100vw, 447px\" \/><\/a><\/td>\n<\/tr>\n<\/tbody>\n<\/table>\n<p>&nbsp;<\/p>\n<p><a href=\"https:\/\/dmr-portugal.org\/wp-content\/uploads\/2026\/01\/associacoes-13.png\"><img loading=\"lazy\" decoding=\"async\" class=\"size-full wp-image-4683 aligncenter\" src=\"https:\/\/dmr-portugal.org\/wp-content\/uploads\/2026\/01\/associacoes-13.png\" alt=\"\" width=\"298\" height=\"631\" srcset=\"https:\/\/dmr-portugal.org\/wp-content\/uploads\/2026\/01\/associacoes-13.png 298w, https:\/\/dmr-portugal.org\/wp-content\/uploads\/2026\/01\/associacoes-13-142x300.png 142w, https:\/\/dmr-portugal.org\/wp-content\/uploads\/2026\/01\/associacoes-13-71x150.png 71w\" sizes=\"(max-width: 298px) 100vw, 298px\" \/><\/a><\/p>\n<hr \/>\n<p>&nbsp;<\/p>\n","protected":false},"excerpt":{"rendered":"<p>Hist\u00f3rico da 13\u00aa sess\u00e3o Log da 13\u00aa sess\u00e3o do 9\u00ba ano &nbsp; Nesta sess\u00e3o 21 utilizadores fizeram representar a sua associa\u00e7\u00e3o. &nbsp; Nesta sess\u00e3o 5 utilizadores usaram equipamento Yaesu C4FM, 4 atrav\u00e9s do repetidor C4FM do Arestal e 1 via hotspot. &nbsp; &nbsp; &nbsp;<\/p>\n","protected":false},"author":1,"featured_media":0,"parent":4490,"menu_order":32,"comment_status":"closed","ping_status":"closed","template":"","meta":{"footnotes":""},"class_list":["post-4676","page","type-page","status-publish","hentry"],"_links":{"self":[{"href":"https:\/\/dmr-portugal.org\/index.php?rest_route=\/wp\/v2\/pages\/4676","targetHints":{"allow":["GET"]}}],"collection":[{"href":"https:\/\/dmr-portugal.org\/index.php?rest_route=\/wp\/v2\/pages"}],"about":[{"href":"https:\/\/dmr-portugal.org\/index.php?rest_route=\/wp\/v2\/types\/page"}],"author":[{"embeddable":true,"href":"https:\/\/dmr-portugal.org\/index.php?rest_route=\/wp\/v2\/users\/1"}],"replies":[{"embeddable":true,"href":"https:\/\/dmr-portugal.org\/index.php?rest_route=%2Fwp%2Fv2%2Fcomments&post=4676"}],"version-history":[{"count":4,"href":"https:\/\/dmr-portugal.org\/index.php?rest_route=\/wp\/v2\/pages\/4676\/revisions"}],"predecessor-version":[{"id":4684,"href":"https:\/\/dmr-portugal.org\/index.php?rest_route=\/wp\/v2\/pages\/4676\/revisions\/4684"}],"up":[{"embeddable":true,"href":"https:\/\/dmr-portugal.org\/index.php?rest_route=\/wp\/v2\/pages\/4490"}],"wp:attachment":[{"href":"https:\/\/dmr-portugal.org\/index.php?rest_route=%2Fwp%2Fv2%2Fmedia&parent=4676"}],"curies":[{"name":"wp","href":"https:\/\/api.w.org\/{rel}","templated":true}]}}