{"id":4649,"date":"2025-11-25T14:58:16","date_gmt":"2025-11-25T14:58:16","guid":{"rendered":"https:\/\/dmr-portugal.org\/?page_id=4649"},"modified":"2025-11-25T15:06:04","modified_gmt":"2025-11-25T15:06:04","slug":"netct-12a-sessao","status":"publish","type":"page","link":"https:\/\/dmr-portugal.org\/?page_id=4649","title":{"rendered":"netCT 12\u00aa sess\u00e3o"},"content":{"rendered":"<p>&nbsp;<\/p>\n<p style=\"text-align: center;\"><strong><span style=\"font-family: arial, helvetica, sans-serif; font-size: 20px;\">Hist\u00f3rico da 12\u00aa sess\u00e3o<\/span><\/strong><\/p>\n<p style=\"text-align: center;\"><a href=\"https:\/\/dmr-portugal.org\/wp-content\/uploads\/2025\/11\/netct-log-09-12.png\"><img fetchpriority=\"high\" decoding=\"async\" class=\"size-full wp-image-4652 aligncenter\" src=\"https:\/\/dmr-portugal.org\/wp-content\/uploads\/2025\/11\/netct-log-09-12.png\" alt=\"\" width=\"848\" height=\"770\" srcset=\"https:\/\/dmr-portugal.org\/wp-content\/uploads\/2025\/11\/netct-log-09-12.png 848w, https:\/\/dmr-portugal.org\/wp-content\/uploads\/2025\/11\/netct-log-09-12-300x272.png 300w, https:\/\/dmr-portugal.org\/wp-content\/uploads\/2025\/11\/netct-log-09-12-768x697.png 768w, https:\/\/dmr-portugal.org\/wp-content\/uploads\/2025\/11\/netct-log-09-12-150x136.png 150w\" sizes=\"(max-width: 848px) 100vw, 848px\" \/><\/a><\/p>\n<p style=\"text-align: center;\"><em><strong><span style=\"font-family: arial, helvetica, sans-serif;\">Log da 12\u00aa sess\u00e3o do 9\u00ba ano<\/span><\/strong><\/em><\/p>\n<p>&nbsp;<\/p>\n<p><span style=\"font-family: arial, helvetica, sans-serif;\">Nesta sess\u00e3o 19 utilizadores fizeram representar a sua associa\u00e7\u00e3o.<\/span><\/p>\n<p>&nbsp;<\/p>\n<p><span style=\"font-family: arial, helvetica, sans-serif;\">Nesta sess\u00e3o 5 utilizadores usaram equipamento Yaesu C4FM, 4 atrav\u00e9s do repetidor C4FM do Arestal e 1 via hotspot. 1 utilizador usou ICOM DSTAR.<\/span><\/p>\n<p>&nbsp;<\/p>\n<table style=\"border-collapse: collapse; width: 100%;\">\n<tbody>\n<tr>\n<td style=\"width: 389px; border-style: hidden; text-align: center;\"><a href=\"https:\/\/dmr-portugal.org\/wp-content\/uploads\/2025\/11\/estatsticas-12.png\"><img decoding=\"async\" class=\"size-full wp-image-4655 aligncenter\" src=\"https:\/\/dmr-portugal.org\/wp-content\/uploads\/2025\/11\/estatsticas-12.png\" alt=\"\" width=\"293\" height=\"220\" srcset=\"https:\/\/dmr-portugal.org\/wp-content\/uploads\/2025\/11\/estatsticas-12.png 293w, https:\/\/dmr-portugal.org\/wp-content\/uploads\/2025\/11\/estatsticas-12-150x113.png 150w\" sizes=\"(max-width: 293px) 100vw, 293px\" \/><\/a><\/td>\n<td style=\"width: 389px; border-style: hidden;\"><a href=\"https:\/\/dmr-portugal.org\/wp-content\/uploads\/2025\/11\/top-tg-12.png\"><img decoding=\"async\" class=\"size-full wp-image-4656 aligncenter\" src=\"https:\/\/dmr-portugal.org\/wp-content\/uploads\/2025\/11\/top-tg-12.png\" alt=\"\" width=\"466\" height=\"154\" srcset=\"https:\/\/dmr-portugal.org\/wp-content\/uploads\/2025\/11\/top-tg-12.png 466w, https:\/\/dmr-portugal.org\/wp-content\/uploads\/2025\/11\/top-tg-12-300x99.png 300w, https:\/\/dmr-portugal.org\/wp-content\/uploads\/2025\/11\/top-tg-12-150x50.png 150w\" sizes=\"(max-width: 466px) 100vw, 466px\" \/><\/a><\/td>\n<\/tr>\n<\/tbody>\n<\/table>\n<p style=\"text-align: center;\"><a href=\"https:\/\/dmr-portugal.org\/wp-content\/uploads\/2025\/11\/associacoes-12.png\"><img loading=\"lazy\" decoding=\"async\" class=\"size-full wp-image-4657 aligncenter\" src=\"https:\/\/dmr-portugal.org\/wp-content\/uploads\/2025\/11\/associacoes-12.png\" alt=\"\" width=\"290\" height=\"616\" srcset=\"https:\/\/dmr-portugal.org\/wp-content\/uploads\/2025\/11\/associacoes-12.png 290w, https:\/\/dmr-portugal.org\/wp-content\/uploads\/2025\/11\/associacoes-12-141x300.png 141w, https:\/\/dmr-portugal.org\/wp-content\/uploads\/2025\/11\/associacoes-12-71x150.png 71w\" sizes=\"(max-width: 290px) 100vw, 290px\" \/><\/a><\/p>\n","protected":false},"excerpt":{"rendered":"<p>&nbsp; Hist\u00f3rico da 12\u00aa sess\u00e3o Log da 12\u00aa sess\u00e3o do 9\u00ba ano &nbsp; Nesta sess\u00e3o 19 utilizadores fizeram representar a sua associa\u00e7\u00e3o. &nbsp; Nesta sess\u00e3o 5 utilizadores usaram equipamento Yaesu C4FM, 4 atrav\u00e9s do repetidor C4FM do Arestal e 1 via hotspot. 1 utilizador usou ICOM DSTAR. &nbsp;<\/p>\n","protected":false},"author":1,"featured_media":0,"parent":4490,"menu_order":33,"comment_status":"closed","ping_status":"closed","template":"","meta":{"footnotes":""},"class_list":["post-4649","page","type-page","status-publish","hentry"],"_links":{"self":[{"href":"https:\/\/dmr-portugal.org\/index.php?rest_route=\/wp\/v2\/pages\/4649","targetHints":{"allow":["GET"]}}],"collection":[{"href":"https:\/\/dmr-portugal.org\/index.php?rest_route=\/wp\/v2\/pages"}],"about":[{"href":"https:\/\/dmr-portugal.org\/index.php?rest_route=\/wp\/v2\/types\/page"}],"author":[{"embeddable":true,"href":"https:\/\/dmr-portugal.org\/index.php?rest_route=\/wp\/v2\/users\/1"}],"replies":[{"embeddable":true,"href":"https:\/\/dmr-portugal.org\/index.php?rest_route=%2Fwp%2Fv2%2Fcomments&post=4649"}],"version-history":[{"count":5,"href":"https:\/\/dmr-portugal.org\/index.php?rest_route=\/wp\/v2\/pages\/4649\/revisions"}],"predecessor-version":[{"id":4658,"href":"https:\/\/dmr-portugal.org\/index.php?rest_route=\/wp\/v2\/pages\/4649\/revisions\/4658"}],"up":[{"embeddable":true,"href":"https:\/\/dmr-portugal.org\/index.php?rest_route=\/wp\/v2\/pages\/4490"}],"wp:attachment":[{"href":"https:\/\/dmr-portugal.org\/index.php?rest_route=%2Fwp%2Fv2%2Fmedia&parent=4649"}],"curies":[{"name":"wp","href":"https:\/\/api.w.org\/{rel}","templated":true}]}}