{"id":4639,"date":"2025-11-25T11:26:17","date_gmt":"2025-11-25T11:26:17","guid":{"rendered":"https:\/\/dmr-portugal.org\/?page_id=4639"},"modified":"2025-11-25T14:57:43","modified_gmt":"2025-11-25T14:57:43","slug":"netct-11a-sessao","status":"publish","type":"page","link":"https:\/\/dmr-portugal.org\/?page_id=4639","title":{"rendered":"netCT 11\u00aa sess\u00e3o"},"content":{"rendered":"<p>&nbsp;<\/p>\n<p style=\"text-align: center;\"><strong><span style=\"font-family: arial, helvetica, sans-serif; font-size: 20px;\">Hist\u00f3rico da 11\u00aa sess\u00e3o<\/span><\/strong><\/p>\n<p style=\"text-align: center;\"><a href=\"https:\/\/dmr-portugal.org\/wp-content\/uploads\/2025\/11\/netct-log-09-11.png\"><img fetchpriority=\"high\" decoding=\"async\" class=\"size-full wp-image-4641 aligncenter\" src=\"https:\/\/dmr-portugal.org\/wp-content\/uploads\/2025\/11\/netct-log-09-11.png\" alt=\"\" width=\"842\" height=\"770\" srcset=\"https:\/\/dmr-portugal.org\/wp-content\/uploads\/2025\/11\/netct-log-09-11.png 842w, https:\/\/dmr-portugal.org\/wp-content\/uploads\/2025\/11\/netct-log-09-11-300x274.png 300w, https:\/\/dmr-portugal.org\/wp-content\/uploads\/2025\/11\/netct-log-09-11-768x702.png 768w, https:\/\/dmr-portugal.org\/wp-content\/uploads\/2025\/11\/netct-log-09-11-150x137.png 150w\" sizes=\"(max-width: 842px) 100vw, 842px\" \/><\/a><\/p>\n<p style=\"text-align: center;\"><em><strong><span style=\"font-family: arial, helvetica, sans-serif;\">Log da 11\u00aa sess\u00e3o do 9\u00ba ano<\/span><\/strong><\/em><\/p>\n<p>&nbsp;<\/p>\n<p><span style=\"font-family: arial, helvetica, sans-serif;\">Nesta sess\u00e3o 22 utilizadores fizeram representar a sua associa\u00e7\u00e3o.<\/span><\/p>\n<p>&nbsp;<\/p>\n<p><span style=\"font-family: arial, helvetica, sans-serif;\">Nesta sess\u00e3o 4 utilizadores usaram equipamento Yaesu C4FM, 3 atrav\u00e9s do repetidor C4FM do Arestal e 1 atrav\u00e9s de hotspot pessoal.<\/span><\/p>\n<p>&nbsp;<\/p>\n<table style=\"border-collapse: collapse; width: 100%;\">\n<tbody>\n<tr>\n<td style=\"width: 389px; border-style: hidden;\"><a href=\"https:\/\/dmr-portugal.org\/wp-content\/uploads\/2025\/11\/estatsticas-11.png\"><img decoding=\"async\" class=\"size-full wp-image-4645 aligncenter\" src=\"https:\/\/dmr-portugal.org\/wp-content\/uploads\/2025\/11\/estatsticas-11.png\" alt=\"\" width=\"299\" height=\"218\" srcset=\"https:\/\/dmr-portugal.org\/wp-content\/uploads\/2025\/11\/estatsticas-11.png 299w, https:\/\/dmr-portugal.org\/wp-content\/uploads\/2025\/11\/estatsticas-11-150x109.png 150w\" sizes=\"(max-width: 299px) 100vw, 299px\" \/><\/a><\/td>\n<td style=\"width: 389px; border-style: hidden;\"><a href=\"https:\/\/dmr-portugal.org\/wp-content\/uploads\/2025\/11\/top-tg-11.png\"><img decoding=\"async\" class=\"size-full wp-image-4646 aligncenter\" src=\"https:\/\/dmr-portugal.org\/wp-content\/uploads\/2025\/11\/top-tg-11.png\" alt=\"\" width=\"456\" height=\"153\" srcset=\"https:\/\/dmr-portugal.org\/wp-content\/uploads\/2025\/11\/top-tg-11.png 456w, https:\/\/dmr-portugal.org\/wp-content\/uploads\/2025\/11\/top-tg-11-300x101.png 300w, https:\/\/dmr-portugal.org\/wp-content\/uploads\/2025\/11\/top-tg-11-150x50.png 150w\" sizes=\"(max-width: 456px) 100vw, 456px\" \/><\/a><\/td>\n<\/tr>\n<\/tbody>\n<\/table>\n<p style=\"text-align: center;\"><a href=\"https:\/\/dmr-portugal.org\/wp-content\/uploads\/2025\/11\/associacoes-11.png\"><img loading=\"lazy\" decoding=\"async\" class=\"size-full wp-image-4647 aligncenter\" src=\"https:\/\/dmr-portugal.org\/wp-content\/uploads\/2025\/11\/associacoes-11.png\" alt=\"\" width=\"294\" height=\"633\" srcset=\"https:\/\/dmr-portugal.org\/wp-content\/uploads\/2025\/11\/associacoes-11.png 294w, https:\/\/dmr-portugal.org\/wp-content\/uploads\/2025\/11\/associacoes-11-139x300.png 139w, https:\/\/dmr-portugal.org\/wp-content\/uploads\/2025\/11\/associacoes-11-70x150.png 70w\" sizes=\"(max-width: 294px) 100vw, 294px\" \/><\/a><\/p>\n","protected":false},"excerpt":{"rendered":"<p>&nbsp; Hist\u00f3rico da 11\u00aa sess\u00e3o Log da 11\u00aa sess\u00e3o do 9\u00ba ano &nbsp; Nesta sess\u00e3o 22 utilizadores fizeram representar a sua associa\u00e7\u00e3o. &nbsp; Nesta sess\u00e3o 4 utilizadores usaram equipamento Yaesu C4FM, 3 atrav\u00e9s do repetidor C4FM do Arestal e 1 atrav\u00e9s de hotspot pessoal. &nbsp;<\/p>\n","protected":false},"author":1,"featured_media":0,"parent":4490,"menu_order":34,"comment_status":"closed","ping_status":"closed","template":"","meta":{"footnotes":""},"class_list":["post-4639","page","type-page","status-publish","hentry"],"_links":{"self":[{"href":"https:\/\/dmr-portugal.org\/index.php?rest_route=\/wp\/v2\/pages\/4639","targetHints":{"allow":["GET"]}}],"collection":[{"href":"https:\/\/dmr-portugal.org\/index.php?rest_route=\/wp\/v2\/pages"}],"about":[{"href":"https:\/\/dmr-portugal.org\/index.php?rest_route=\/wp\/v2\/types\/page"}],"author":[{"embeddable":true,"href":"https:\/\/dmr-portugal.org\/index.php?rest_route=\/wp\/v2\/users\/1"}],"replies":[{"embeddable":true,"href":"https:\/\/dmr-portugal.org\/index.php?rest_route=%2Fwp%2Fv2%2Fcomments&post=4639"}],"version-history":[{"count":5,"href":"https:\/\/dmr-portugal.org\/index.php?rest_route=\/wp\/v2\/pages\/4639\/revisions"}],"predecessor-version":[{"id":4648,"href":"https:\/\/dmr-portugal.org\/index.php?rest_route=\/wp\/v2\/pages\/4639\/revisions\/4648"}],"up":[{"embeddable":true,"href":"https:\/\/dmr-portugal.org\/index.php?rest_route=\/wp\/v2\/pages\/4490"}],"wp:attachment":[{"href":"https:\/\/dmr-portugal.org\/index.php?rest_route=%2Fwp%2Fv2%2Fmedia&parent=4639"}],"curies":[{"name":"wp","href":"https:\/\/api.w.org\/{rel}","templated":true}]}}