{"id":4630,"date":"2025-11-25T11:18:55","date_gmt":"2025-11-25T11:18:55","guid":{"rendered":"https:\/\/dmr-portugal.org\/?page_id=4630"},"modified":"2025-11-25T11:24:59","modified_gmt":"2025-11-25T11:24:59","slug":"netct-10a-sessao","status":"publish","type":"page","link":"https:\/\/dmr-portugal.org\/?page_id=4630","title":{"rendered":"netCT 10\u00aa sess\u00e3o"},"content":{"rendered":"<p>&nbsp;<\/p>\n<p style=\"text-align: center;\"><strong><span style=\"font-family: arial, helvetica, sans-serif; font-size: 20px;\">Hist\u00f3rico da 10\u00aa sess\u00e3o<\/span><\/strong><\/p>\n<p style=\"text-align: center;\"><a href=\"https:\/\/dmr-portugal.org\/wp-content\/uploads\/2025\/11\/netct-log-09-10.png\"><img fetchpriority=\"high\" decoding=\"async\" class=\"size-full wp-image-4632 aligncenter\" src=\"https:\/\/dmr-portugal.org\/wp-content\/uploads\/2025\/11\/netct-log-09-10.png\" alt=\"\" width=\"835\" height=\"772\" srcset=\"https:\/\/dmr-portugal.org\/wp-content\/uploads\/2025\/11\/netct-log-09-10.png 835w, https:\/\/dmr-portugal.org\/wp-content\/uploads\/2025\/11\/netct-log-09-10-300x277.png 300w, https:\/\/dmr-portugal.org\/wp-content\/uploads\/2025\/11\/netct-log-09-10-768x710.png 768w, https:\/\/dmr-portugal.org\/wp-content\/uploads\/2025\/11\/netct-log-09-10-150x139.png 150w\" sizes=\"(max-width: 835px) 100vw, 835px\" \/><\/a><\/p>\n<p style=\"text-align: center;\"><strong><em><span style=\"font-family: arial, helvetica, sans-serif;\">Log da 10\u00aa sess\u00e3o do 9\u00ba ano<\/span><\/em><\/strong><\/p>\n<p>&nbsp;<\/p>\n<p>&nbsp;<\/p>\n<p>Nesta sess\u00e3o 19 utilizadores fizeram representar a sua associa\u00e7\u00e3o.<\/p>\n<p>&nbsp;<\/p>\n<p><span style=\"font-family: arial, helvetica, sans-serif;\">Nesta sess\u00e3o 4 utilizadores usaram equipamento Yaesu C4FM atrav\u00e9s do repetidor C4FM do Arestal e 1 usando equipamento ICOM DSTAR.<\/span><\/p>\n<p>&nbsp;<\/p>\n<table style=\"border-collapse: collapse; width: 99.6583%; height: 38px;\">\n<tbody>\n<tr>\n<td style=\"width: 50%; border-style: hidden;\"><a href=\"https:\/\/dmr-portugal.org\/wp-content\/uploads\/2025\/11\/estatsticas-10.png\"><img decoding=\"async\" class=\"size-full wp-image-4635 aligncenter\" src=\"https:\/\/dmr-portugal.org\/wp-content\/uploads\/2025\/11\/estatsticas-10.png\" alt=\"\" width=\"318\" height=\"203\" srcset=\"https:\/\/dmr-portugal.org\/wp-content\/uploads\/2025\/11\/estatsticas-10.png 318w, https:\/\/dmr-portugal.org\/wp-content\/uploads\/2025\/11\/estatsticas-10-300x192.png 300w, https:\/\/dmr-portugal.org\/wp-content\/uploads\/2025\/11\/estatsticas-10-150x96.png 150w\" sizes=\"(max-width: 318px) 100vw, 318px\" \/><\/a><\/td>\n<td style=\"width: 50%; border-style: hidden; text-align: center;\"><a href=\"https:\/\/dmr-portugal.org\/wp-content\/uploads\/2025\/11\/top-tg-10.png\"><img decoding=\"async\" class=\"size-full wp-image-4636 aligncenter\" src=\"https:\/\/dmr-portugal.org\/wp-content\/uploads\/2025\/11\/top-tg-10.png\" alt=\"\" width=\"436\" height=\"173\" srcset=\"https:\/\/dmr-portugal.org\/wp-content\/uploads\/2025\/11\/top-tg-10.png 436w, https:\/\/dmr-portugal.org\/wp-content\/uploads\/2025\/11\/top-tg-10-300x119.png 300w, https:\/\/dmr-portugal.org\/wp-content\/uploads\/2025\/11\/top-tg-10-150x60.png 150w\" sizes=\"(max-width: 436px) 100vw, 436px\" \/><\/a><\/td>\n<\/tr>\n<\/tbody>\n<\/table>\n<p style=\"text-align: center;\"><a href=\"https:\/\/dmr-portugal.org\/wp-content\/uploads\/2025\/11\/associacoes-10.png\"><img loading=\"lazy\" decoding=\"async\" class=\"size-full wp-image-4637 aligncenter\" src=\"https:\/\/dmr-portugal.org\/wp-content\/uploads\/2025\/11\/associacoes-10.png\" alt=\"\" width=\"295\" height=\"622\" srcset=\"https:\/\/dmr-portugal.org\/wp-content\/uploads\/2025\/11\/associacoes-10.png 295w, https:\/\/dmr-portugal.org\/wp-content\/uploads\/2025\/11\/associacoes-10-142x300.png 142w, https:\/\/dmr-portugal.org\/wp-content\/uploads\/2025\/11\/associacoes-10-71x150.png 71w\" sizes=\"(max-width: 295px) 100vw, 295px\" \/><\/a><\/p>\n","protected":false},"excerpt":{"rendered":"<p>&nbsp; Hist\u00f3rico da 10\u00aa sess\u00e3o Log da 10\u00aa sess\u00e3o do 9\u00ba ano &nbsp; &nbsp; Nesta sess\u00e3o 19 utilizadores fizeram representar a sua associa\u00e7\u00e3o. &nbsp; Nesta sess\u00e3o 4 utilizadores usaram equipamento Yaesu C4FM atrav\u00e9s do repetidor C4FM do Arestal e 1 usando equipamento ICOM DSTAR. &nbsp;<\/p>\n","protected":false},"author":1,"featured_media":0,"parent":4490,"menu_order":35,"comment_status":"closed","ping_status":"closed","template":"","meta":{"footnotes":""},"class_list":["post-4630","page","type-page","status-publish","hentry"],"_links":{"self":[{"href":"https:\/\/dmr-portugal.org\/index.php?rest_route=\/wp\/v2\/pages\/4630","targetHints":{"allow":["GET"]}}],"collection":[{"href":"https:\/\/dmr-portugal.org\/index.php?rest_route=\/wp\/v2\/pages"}],"about":[{"href":"https:\/\/dmr-portugal.org\/index.php?rest_route=\/wp\/v2\/types\/page"}],"author":[{"embeddable":true,"href":"https:\/\/dmr-portugal.org\/index.php?rest_route=\/wp\/v2\/users\/1"}],"replies":[{"embeddable":true,"href":"https:\/\/dmr-portugal.org\/index.php?rest_route=%2Fwp%2Fv2%2Fcomments&post=4630"}],"version-history":[{"count":4,"href":"https:\/\/dmr-portugal.org\/index.php?rest_route=\/wp\/v2\/pages\/4630\/revisions"}],"predecessor-version":[{"id":4638,"href":"https:\/\/dmr-portugal.org\/index.php?rest_route=\/wp\/v2\/pages\/4630\/revisions\/4638"}],"up":[{"embeddable":true,"href":"https:\/\/dmr-portugal.org\/index.php?rest_route=\/wp\/v2\/pages\/4490"}],"wp:attachment":[{"href":"https:\/\/dmr-portugal.org\/index.php?rest_route=%2Fwp%2Fv2%2Fmedia&parent=4630"}],"curies":[{"name":"wp","href":"https:\/\/api.w.org\/{rel}","templated":true}]}}