{"id":4619,"date":"2025-11-25T11:09:35","date_gmt":"2025-11-25T11:09:35","guid":{"rendered":"https:\/\/dmr-portugal.org\/?page_id=4619"},"modified":"2025-11-25T11:16:45","modified_gmt":"2025-11-25T11:16:45","slug":"netct-9a-sessao","status":"publish","type":"page","link":"https:\/\/dmr-portugal.org\/?page_id=4619","title":{"rendered":"netCT 9\u00aa sess\u00e3o"},"content":{"rendered":"<p>&nbsp;<\/p>\n<p style=\"text-align: center;\"><strong><span style=\"font-family: arial, helvetica, sans-serif; font-size: 20px;\">Hist\u00f3rico da 9\u00aa sess\u00e3o<\/span><\/strong><\/p>\n<p style=\"text-align: center;\"><a href=\"https:\/\/dmr-portugal.org\/wp-content\/uploads\/2025\/11\/netct-log-09-09.png\"><img fetchpriority=\"high\" decoding=\"async\" class=\"size-full wp-image-4622 aligncenter\" src=\"https:\/\/dmr-portugal.org\/wp-content\/uploads\/2025\/11\/netct-log-09-09.png\" alt=\"\" width=\"850\" height=\"773\" srcset=\"https:\/\/dmr-portugal.org\/wp-content\/uploads\/2025\/11\/netct-log-09-09.png 850w, https:\/\/dmr-portugal.org\/wp-content\/uploads\/2025\/11\/netct-log-09-09-300x273.png 300w, https:\/\/dmr-portugal.org\/wp-content\/uploads\/2025\/11\/netct-log-09-09-768x698.png 768w, https:\/\/dmr-portugal.org\/wp-content\/uploads\/2025\/11\/netct-log-09-09-150x136.png 150w\" sizes=\"(max-width: 850px) 100vw, 850px\" \/><\/a><\/p>\n<p style=\"text-align: center;\"><em><strong><span style=\"font-family: arial, helvetica, sans-serif;\">Log da 9\u00aa sess\u00e3o do 9\u00ba ano<\/span><\/strong><\/em><\/p>\n<p>&nbsp;<\/p>\n<p><span style=\"font-family: arial, helvetica, sans-serif;\">Nesta sess\u00e3o 23 utilizadores fizeram representar a sua associa\u00e7\u00e3o.<\/span><\/p>\n<p>&nbsp;<\/p>\n<p><span style=\"font-family: arial, helvetica, sans-serif;\">Nesta sess\u00e3o 6 utilizadores usaram equipamento Yaesu C4FM, 5 atrav\u00e9s do repetidor C4FM do Arestal e 1 atrav\u00e9s de hotspot pessoal.<\/span><\/p>\n<p>&nbsp;<\/p>\n<table style=\"border-collapse: collapse; width: 100%; height: 39px;\">\n<tbody>\n<tr>\n<td style=\"width: 50%; border-style: hidden;\"><a href=\"https:\/\/dmr-portugal.org\/wp-content\/uploads\/2025\/11\/estatsticas-9.png\"><img decoding=\"async\" class=\"size-full wp-image-4626 aligncenter\" src=\"https:\/\/dmr-portugal.org\/wp-content\/uploads\/2025\/11\/estatsticas-9.png\" alt=\"\" width=\"268\" height=\"216\" srcset=\"https:\/\/dmr-portugal.org\/wp-content\/uploads\/2025\/11\/estatsticas-9.png 268w, https:\/\/dmr-portugal.org\/wp-content\/uploads\/2025\/11\/estatsticas-9-150x121.png 150w\" sizes=\"(max-width: 268px) 100vw, 268px\" \/><\/a><\/td>\n<td style=\"width: 50%; border-style: hidden; text-align: center;\"><a href=\"https:\/\/dmr-portugal.org\/wp-content\/uploads\/2025\/11\/top-tg-9.png\"><img decoding=\"async\" class=\"size-full wp-image-4627 aligncenter\" src=\"https:\/\/dmr-portugal.org\/wp-content\/uploads\/2025\/11\/top-tg-9.png\" alt=\"\" width=\"476\" height=\"203\" srcset=\"https:\/\/dmr-portugal.org\/wp-content\/uploads\/2025\/11\/top-tg-9.png 476w, https:\/\/dmr-portugal.org\/wp-content\/uploads\/2025\/11\/top-tg-9-300x128.png 300w, https:\/\/dmr-portugal.org\/wp-content\/uploads\/2025\/11\/top-tg-9-150x64.png 150w\" sizes=\"(max-width: 476px) 100vw, 476px\" \/><\/a><\/td>\n<\/tr>\n<\/tbody>\n<\/table>\n<p style=\"text-align: center;\"><a href=\"https:\/\/dmr-portugal.org\/wp-content\/uploads\/2025\/11\/associacoes-9.png\"><img loading=\"lazy\" decoding=\"async\" class=\"size-full wp-image-4628 aligncenter\" src=\"https:\/\/dmr-portugal.org\/wp-content\/uploads\/2025\/11\/associacoes-9.png\" alt=\"\" width=\"306\" height=\"652\" srcset=\"https:\/\/dmr-portugal.org\/wp-content\/uploads\/2025\/11\/associacoes-9.png 306w, https:\/\/dmr-portugal.org\/wp-content\/uploads\/2025\/11\/associacoes-9-141x300.png 141w, https:\/\/dmr-portugal.org\/wp-content\/uploads\/2025\/11\/associacoes-9-70x150.png 70w\" sizes=\"(max-width: 306px) 100vw, 306px\" \/><\/a><\/p>\n","protected":false},"excerpt":{"rendered":"<p>&nbsp; Hist\u00f3rico da 9\u00aa sess\u00e3o Log da 9\u00aa sess\u00e3o do 9\u00ba ano &nbsp; Nesta sess\u00e3o 23 utilizadores fizeram representar a sua associa\u00e7\u00e3o. &nbsp; Nesta sess\u00e3o 6 utilizadores usaram equipamento Yaesu C4FM, 5 atrav\u00e9s do repetidor C4FM do Arestal e 1 atrav\u00e9s de hotspot pessoal. &nbsp;<\/p>\n","protected":false},"author":1,"featured_media":0,"parent":4490,"menu_order":36,"comment_status":"closed","ping_status":"closed","template":"","meta":{"footnotes":""},"class_list":["post-4619","page","type-page","status-publish","hentry"],"_links":{"self":[{"href":"https:\/\/dmr-portugal.org\/index.php?rest_route=\/wp\/v2\/pages\/4619","targetHints":{"allow":["GET"]}}],"collection":[{"href":"https:\/\/dmr-portugal.org\/index.php?rest_route=\/wp\/v2\/pages"}],"about":[{"href":"https:\/\/dmr-portugal.org\/index.php?rest_route=\/wp\/v2\/types\/page"}],"author":[{"embeddable":true,"href":"https:\/\/dmr-portugal.org\/index.php?rest_route=\/wp\/v2\/users\/1"}],"replies":[{"embeddable":true,"href":"https:\/\/dmr-portugal.org\/index.php?rest_route=%2Fwp%2Fv2%2Fcomments&post=4619"}],"version-history":[{"count":6,"href":"https:\/\/dmr-portugal.org\/index.php?rest_route=\/wp\/v2\/pages\/4619\/revisions"}],"predecessor-version":[{"id":4629,"href":"https:\/\/dmr-portugal.org\/index.php?rest_route=\/wp\/v2\/pages\/4619\/revisions\/4629"}],"up":[{"embeddable":true,"href":"https:\/\/dmr-portugal.org\/index.php?rest_route=\/wp\/v2\/pages\/4490"}],"wp:attachment":[{"href":"https:\/\/dmr-portugal.org\/index.php?rest_route=%2Fwp%2Fv2%2Fmedia&parent=4619"}],"curies":[{"name":"wp","href":"https:\/\/api.w.org\/{rel}","templated":true}]}}