{"id":4565,"date":"2025-10-10T16:50:06","date_gmt":"2025-10-10T15:50:06","guid":{"rendered":"https:\/\/dmr-portugal.org\/?page_id=4565"},"modified":"2025-10-10T16:57:03","modified_gmt":"2025-10-10T15:57:03","slug":"netct-6a-sessao","status":"publish","type":"page","link":"https:\/\/dmr-portugal.org\/?page_id=4565","title":{"rendered":"netCT 6\u00aa sess\u00e3o"},"content":{"rendered":"<p style=\"text-align: center;\"><strong><span style=\"font-family: arial, helvetica, sans-serif; font-size: 20px;\">Hist\u00f3rico da 6\u00aa sess\u00e3o<\/span><\/strong><\/p>\n<p style=\"text-align: center;\"><a href=\"https:\/\/dmr-portugal.org\/wp-content\/uploads\/2025\/10\/netct-log-09-06.png\"><img fetchpriority=\"high\" decoding=\"async\" class=\"size-full wp-image-4567 aligncenter\" src=\"https:\/\/dmr-portugal.org\/wp-content\/uploads\/2025\/10\/netct-log-09-06.png\" alt=\"\" width=\"839\" height=\"770\" srcset=\"https:\/\/dmr-portugal.org\/wp-content\/uploads\/2025\/10\/netct-log-09-06.png 839w, https:\/\/dmr-portugal.org\/wp-content\/uploads\/2025\/10\/netct-log-09-06-300x275.png 300w, https:\/\/dmr-portugal.org\/wp-content\/uploads\/2025\/10\/netct-log-09-06-768x705.png 768w, https:\/\/dmr-portugal.org\/wp-content\/uploads\/2025\/10\/netct-log-09-06-150x138.png 150w\" sizes=\"(max-width: 839px) 100vw, 839px\" \/><\/a><\/p>\n<p style=\"text-align: center;\"><em><strong><span style=\"font-family: arial, helvetica, sans-serif;\">Log da 6\u00aa sess\u00e3o do 9\u00ba ano<\/span><\/strong><\/em><\/p>\n<p>&nbsp;<\/p>\n<p><span style=\"font-family: arial, helvetica, sans-serif;\">Nesta sess\u00e3o 19 utilizadores fizeram representar a sua associa\u00e7\u00e3o.<\/span><\/p>\n<p>&nbsp;<\/p>\n<p style=\"text-align: center;\"><span style=\"font-family: arial, helvetica, sans-serif;\">Desde a\u00a0 5\u00aa sess\u00e3o faremos men\u00e7\u00e3o ao sistema usado na net CT, seja DSTAR ou C4FM ou ainda Tetra.<\/span><\/p>\n<p><span style=\"font-family: arial, helvetica, sans-serif;\">Nesta sess\u00e3o 3 utilizadores usaram equipamento Yaesu C4FM, 1 atrav\u00e9s do repetidor C4FM do Arestal e 2 atrav\u00e9s de hotspot pessoal.<\/span><\/p>\n<p>&nbsp;<\/p>\n<p style=\"text-align: center;\">\u2295<\/p>\n<p>&nbsp;<\/p>\n<table style=\"border-collapse: collapse; width: 99.8888%; height: 259px;\">\n<tbody>\n<tr style=\"border-style: hidden;\">\n<td style=\"width: 401px; text-align: center;\"><a href=\"https:\/\/dmr-portugal.org\/wp-content\/uploads\/2025\/10\/estatsticas-6.png\"><img decoding=\"async\" class=\"size-full wp-image-4569 aligncenter\" src=\"https:\/\/dmr-portugal.org\/wp-content\/uploads\/2025\/10\/estatsticas-6.png\" alt=\"\" width=\"267\" height=\"210\" srcset=\"https:\/\/dmr-portugal.org\/wp-content\/uploads\/2025\/10\/estatsticas-6.png 267w, https:\/\/dmr-portugal.org\/wp-content\/uploads\/2025\/10\/estatsticas-6-150x118.png 150w\" sizes=\"(max-width: 267px) 100vw, 267px\" \/><\/a><\/td>\n<td style=\"width: 401px; border-style: hidden;\"><a href=\"https:\/\/dmr-portugal.org\/wp-content\/uploads\/2025\/10\/top-tg-6.png\"><img decoding=\"async\" class=\"size-full wp-image-4570 aligncenter\" src=\"https:\/\/dmr-portugal.org\/wp-content\/uploads\/2025\/10\/top-tg-6.png\" alt=\"\" width=\"366\" height=\"334\" srcset=\"https:\/\/dmr-portugal.org\/wp-content\/uploads\/2025\/10\/top-tg-6.png 366w, https:\/\/dmr-portugal.org\/wp-content\/uploads\/2025\/10\/top-tg-6-300x274.png 300w, https:\/\/dmr-portugal.org\/wp-content\/uploads\/2025\/10\/top-tg-6-150x137.png 150w\" sizes=\"(max-width: 366px) 100vw, 366px\" \/><\/a><\/td>\n<\/tr>\n<\/tbody>\n<\/table>\n<p>&nbsp;<\/p>\n<p style=\"text-align: center;\"><a href=\"https:\/\/dmr-portugal.org\/wp-content\/uploads\/2025\/10\/associacoes-6.png\"><img loading=\"lazy\" decoding=\"async\" class=\"size-full wp-image-4571 aligncenter\" src=\"https:\/\/dmr-portugal.org\/wp-content\/uploads\/2025\/10\/associacoes-6.png\" alt=\"\" width=\"302\" height=\"598\" srcset=\"https:\/\/dmr-portugal.org\/wp-content\/uploads\/2025\/10\/associacoes-6.png 302w, https:\/\/dmr-portugal.org\/wp-content\/uploads\/2025\/10\/associacoes-6-152x300.png 152w, https:\/\/dmr-portugal.org\/wp-content\/uploads\/2025\/10\/associacoes-6-76x150.png 76w\" sizes=\"(max-width: 302px) 100vw, 302px\" \/><\/a><\/p>\n","protected":false},"excerpt":{"rendered":"<p>Hist\u00f3rico da 6\u00aa sess\u00e3o Log da 6\u00aa sess\u00e3o do 9\u00ba ano &nbsp; Nesta sess\u00e3o 19 utilizadores fizeram representar a sua associa\u00e7\u00e3o. &nbsp; Desde a\u00a0 5\u00aa sess\u00e3o faremos men\u00e7\u00e3o ao sistema usado na net CT, seja DSTAR ou C4FM ou ainda Tetra. Nesta sess\u00e3o 3 utilizadores usaram equipamento Yaesu C4FM, 1 \u2026 <a class=\"continue-reading-link\" href=\"https:\/\/dmr-portugal.org\/?page_id=4565\"> Continua&#8230; <span class=\"meta-nav\">&rarr; <\/span><\/a><\/p>\n","protected":false},"author":1,"featured_media":0,"parent":4490,"menu_order":39,"comment_status":"closed","ping_status":"closed","template":"","meta":{"footnotes":""},"class_list":["post-4565","page","type-page","status-publish","hentry"],"_links":{"self":[{"href":"https:\/\/dmr-portugal.org\/index.php?rest_route=\/wp\/v2\/pages\/4565","targetHints":{"allow":["GET"]}}],"collection":[{"href":"https:\/\/dmr-portugal.org\/index.php?rest_route=\/wp\/v2\/pages"}],"about":[{"href":"https:\/\/dmr-portugal.org\/index.php?rest_route=\/wp\/v2\/types\/page"}],"author":[{"embeddable":true,"href":"https:\/\/dmr-portugal.org\/index.php?rest_route=\/wp\/v2\/users\/1"}],"replies":[{"embeddable":true,"href":"https:\/\/dmr-portugal.org\/index.php?rest_route=%2Fwp%2Fv2%2Fcomments&post=4565"}],"version-history":[{"count":4,"href":"https:\/\/dmr-portugal.org\/index.php?rest_route=\/wp\/v2\/pages\/4565\/revisions"}],"predecessor-version":[{"id":4568,"href":"https:\/\/dmr-portugal.org\/index.php?rest_route=\/wp\/v2\/pages\/4565\/revisions\/4568"}],"up":[{"embeddable":true,"href":"https:\/\/dmr-portugal.org\/index.php?rest_route=\/wp\/v2\/pages\/4490"}],"wp:attachment":[{"href":"https:\/\/dmr-portugal.org\/index.php?rest_route=%2Fwp%2Fv2%2Fmedia&parent=4565"}],"curies":[{"name":"wp","href":"https:\/\/api.w.org\/{rel}","templated":true}]}}