{"id":4549,"date":"2025-10-07T15:46:16","date_gmt":"2025-10-07T14:46:16","guid":{"rendered":"https:\/\/dmr-portugal.org\/?page_id=4549"},"modified":"2025-10-07T16:04:50","modified_gmt":"2025-10-07T15:04:50","slug":"netct-5a-sessao-2","status":"publish","type":"page","link":"https:\/\/dmr-portugal.org\/?page_id=4549","title":{"rendered":"netCT 5\u00aa sess\u00e3o"},"content":{"rendered":"<p>&nbsp;<\/p>\n<p style=\"text-align: center;\"><strong><span style=\"font-family: arial, helvetica, sans-serif; font-size: 20px;\">Hist\u00f3rico da 5\u00aa sess\u00e3o<\/span><\/strong><\/p>\n<p style=\"text-align: center;\"><a href=\"https:\/\/dmr-portugal.org\/wp-content\/uploads\/2025\/10\/net-ct-log-09-05.png\"><img fetchpriority=\"high\" decoding=\"async\" class=\"size-full wp-image-4552 aligncenter\" src=\"https:\/\/dmr-portugal.org\/wp-content\/uploads\/2025\/10\/net-ct-log-09-05.png\" alt=\"\" width=\"850\" height=\"775\" srcset=\"https:\/\/dmr-portugal.org\/wp-content\/uploads\/2025\/10\/net-ct-log-09-05.png 850w, https:\/\/dmr-portugal.org\/wp-content\/uploads\/2025\/10\/net-ct-log-09-05-300x274.png 300w, https:\/\/dmr-portugal.org\/wp-content\/uploads\/2025\/10\/net-ct-log-09-05-768x700.png 768w, https:\/\/dmr-portugal.org\/wp-content\/uploads\/2025\/10\/net-ct-log-09-05-150x137.png 150w\" sizes=\"(max-width: 850px) 100vw, 850px\" \/><\/a><\/p>\n<p style=\"text-align: center;\"><span style=\"font-family: arial, helvetica, sans-serif;\"><em><strong>Log da 5\u00aa sess\u00e3o do 9\u00ba ano<\/strong><\/em><\/span><\/p>\n<p>&nbsp;<\/p>\n<p><span style=\"font-family: arial, helvetica, sans-serif;\">Nesta sess\u00e3o 19 utilizadores fizeram representar a sua associa\u00e7\u00e3o.<\/span><\/p>\n<p>&nbsp;<\/p>\n<p><span style=\"font-family: arial, helvetica, sans-serif;\">Desde a\u00a0 5\u00aa sess\u00e3o faremos men\u00e7\u00e3o ao sistema usado na net CT, seja DSTAR ou C4FM ou ainda Tetra.<\/span><\/p>\n<p><span style=\"font-family: arial, helvetica, sans-serif;\">Nesta sess\u00e3o 7 utilizadores usaram equipamento Yaesu C4FM, 5 atrav\u00e9s do repetidor C4FM do Arestal e 2 atrav\u00e9s de hotspot pessoal.<\/span><\/p>\n<p>&nbsp;<\/p>\n<p><span style=\"font-family: arial, helvetica, sans-serif;\">Iremos tamb\u00e9m manter as \u2018Selfies\u2019, tenham aten\u00e7\u00e3o aos requisitos, deve se poder ver o radio em opera\u00e7\u00e3o no TG 268, a criatividade e a qualidade s\u00e3o o mais importante.\u00a0<strong>Enviem as vossas Selfies<\/strong>,\u00a0at\u00e9 as 12h do dia imediato \u00e0 netCT para o endere\u00e7o\u00a0<a href=\"mailto:team.dmr.pt@gmail.com\" target=\"_blank\" rel=\"nofollow noopener noreferrer\">team.dmr.pt(at)gmail.com\u00a0<\/a><\/span><\/p>\n<p>&nbsp;<\/p>\n<p style=\"text-align: center;\">\u2297<\/p>\n<p>&nbsp;<\/p>\n<table style=\"border-collapse: collapse; width: 100%;\">\n<tbody>\n<tr>\n<td style=\"width: 390px; border-style: hidden;\"><a href=\"https:\/\/dmr-portugal.org\/wp-content\/uploads\/2025\/10\/estatsticas-5.png\"><img decoding=\"async\" class=\"size-full wp-image-4555 aligncenter\" src=\"https:\/\/dmr-portugal.org\/wp-content\/uploads\/2025\/10\/estatsticas-5.png\" alt=\"\" width=\"356\" height=\"228\" srcset=\"https:\/\/dmr-portugal.org\/wp-content\/uploads\/2025\/10\/estatsticas-5.png 356w, https:\/\/dmr-portugal.org\/wp-content\/uploads\/2025\/10\/estatsticas-5-300x192.png 300w, https:\/\/dmr-portugal.org\/wp-content\/uploads\/2025\/10\/estatsticas-5-150x96.png 150w\" sizes=\"(max-width: 356px) 100vw, 356px\" \/><\/a><\/td>\n<td style=\"width: 390px; border-style: hidden;\"><a href=\"https:\/\/dmr-portugal.org\/wp-content\/uploads\/2025\/10\/top-tg-5.png\"><img decoding=\"async\" class=\"size-full wp-image-4556 aligncenter\" src=\"https:\/\/dmr-portugal.org\/wp-content\/uploads\/2025\/10\/top-tg-5.png\" alt=\"\" width=\"402\" height=\"358\" srcset=\"https:\/\/dmr-portugal.org\/wp-content\/uploads\/2025\/10\/top-tg-5.png 402w, https:\/\/dmr-portugal.org\/wp-content\/uploads\/2025\/10\/top-tg-5-300x267.png 300w, https:\/\/dmr-portugal.org\/wp-content\/uploads\/2025\/10\/top-tg-5-150x134.png 150w\" sizes=\"(max-width: 402px) 100vw, 402px\" \/><\/a><\/td>\n<\/tr>\n<\/tbody>\n<\/table>\n<p>&nbsp;<\/p>\n<p style=\"text-align: center;\"><a href=\"https:\/\/dmr-portugal.org\/wp-content\/uploads\/2025\/10\/associacoes-5.png\"><img loading=\"lazy\" decoding=\"async\" class=\"size-full wp-image-4561 aligncenter\" src=\"https:\/\/dmr-portugal.org\/wp-content\/uploads\/2025\/10\/associacoes-5.png\" alt=\"\" width=\"294\" height=\"573\" srcset=\"https:\/\/dmr-portugal.org\/wp-content\/uploads\/2025\/10\/associacoes-5.png 294w, https:\/\/dmr-portugal.org\/wp-content\/uploads\/2025\/10\/associacoes-5-154x300.png 154w, https:\/\/dmr-portugal.org\/wp-content\/uploads\/2025\/10\/associacoes-5-77x150.png 77w\" sizes=\"(max-width: 294px) 100vw, 294px\" \/><\/a><\/p>\n<p>&nbsp;<\/p>\n<hr \/>\n<p>&nbsp;<\/p>\n","protected":false},"excerpt":{"rendered":"<p>&nbsp; Hist\u00f3rico da 5\u00aa sess\u00e3o Log da 5\u00aa sess\u00e3o do 9\u00ba ano &nbsp; Nesta sess\u00e3o 19 utilizadores fizeram representar a sua associa\u00e7\u00e3o. &nbsp; Desde a\u00a0 5\u00aa sess\u00e3o faremos men\u00e7\u00e3o ao sistema usado na net CT, seja DSTAR ou C4FM ou ainda Tetra. Nesta sess\u00e3o 7 utilizadores usaram equipamento Yaesu C4FM, \u2026 <a class=\"continue-reading-link\" href=\"https:\/\/dmr-portugal.org\/?page_id=4549\"> Continua&#8230; <span class=\"meta-nav\">&rarr; <\/span><\/a><\/p>\n","protected":false},"author":1,"featured_media":0,"parent":4490,"menu_order":40,"comment_status":"closed","ping_status":"closed","template":"","meta":{"footnotes":""},"class_list":["post-4549","page","type-page","status-publish","hentry"],"_links":{"self":[{"href":"https:\/\/dmr-portugal.org\/index.php?rest_route=\/wp\/v2\/pages\/4549","targetHints":{"allow":["GET"]}}],"collection":[{"href":"https:\/\/dmr-portugal.org\/index.php?rest_route=\/wp\/v2\/pages"}],"about":[{"href":"https:\/\/dmr-portugal.org\/index.php?rest_route=\/wp\/v2\/types\/page"}],"author":[{"embeddable":true,"href":"https:\/\/dmr-portugal.org\/index.php?rest_route=\/wp\/v2\/users\/1"}],"replies":[{"embeddable":true,"href":"https:\/\/dmr-portugal.org\/index.php?rest_route=%2Fwp%2Fv2%2Fcomments&post=4549"}],"version-history":[{"count":9,"href":"https:\/\/dmr-portugal.org\/index.php?rest_route=\/wp\/v2\/pages\/4549\/revisions"}],"predecessor-version":[{"id":4562,"href":"https:\/\/dmr-portugal.org\/index.php?rest_route=\/wp\/v2\/pages\/4549\/revisions\/4562"}],"up":[{"embeddable":true,"href":"https:\/\/dmr-portugal.org\/index.php?rest_route=\/wp\/v2\/pages\/4490"}],"wp:attachment":[{"href":"https:\/\/dmr-portugal.org\/index.php?rest_route=%2Fwp%2Fv2%2Fmedia&parent=4549"}],"curies":[{"name":"wp","href":"https:\/\/api.w.org\/{rel}","templated":true}]}}