{"id":4540,"date":"2025-10-07T15:38:37","date_gmt":"2025-10-07T14:38:37","guid":{"rendered":"https:\/\/dmr-portugal.org\/?page_id=4540"},"modified":"2025-10-07T15:44:12","modified_gmt":"2025-10-07T14:44:12","slug":"netct-5a-sessao","status":"publish","type":"page","link":"https:\/\/dmr-portugal.org\/?page_id=4540","title":{"rendered":"netCT 4\u00aa sess\u00e3o"},"content":{"rendered":"<p>&nbsp;<\/p>\n<p style=\"text-align: center;\"><strong><span style=\"font-family: arial, helvetica, sans-serif; font-size: 20px;\">Hist\u00f3rico da 4\u00aa sess\u00e3o<\/span><\/strong><\/p>\n<p style=\"text-align: center;\"><a href=\"https:\/\/dmr-portugal.org\/wp-content\/uploads\/2025\/10\/netct-log-09-04-1.png\"><img fetchpriority=\"high\" decoding=\"async\" class=\"size-full wp-image-4543 aligncenter\" src=\"https:\/\/dmr-portugal.org\/wp-content\/uploads\/2025\/10\/netct-log-09-04-1.png\" alt=\"\" width=\"884\" height=\"775\" srcset=\"https:\/\/dmr-portugal.org\/wp-content\/uploads\/2025\/10\/netct-log-09-04-1.png 884w, https:\/\/dmr-portugal.org\/wp-content\/uploads\/2025\/10\/netct-log-09-04-1-300x263.png 300w, https:\/\/dmr-portugal.org\/wp-content\/uploads\/2025\/10\/netct-log-09-04-1-768x673.png 768w, https:\/\/dmr-portugal.org\/wp-content\/uploads\/2025\/10\/netct-log-09-04-1-150x132.png 150w\" sizes=\"(max-width: 884px) 100vw, 884px\" \/><\/a><\/p>\n<p style=\"text-align: center;\"><em><strong><span style=\"font-family: arial, helvetica, sans-serif;\">Log da 4\u00aa sess\u00e3o do 9\u00ba ano<\/span><\/strong><\/em><\/p>\n<p>&nbsp;<\/p>\n<p><span style=\"font-family: arial, helvetica, sans-serif;\">Nesta sess\u00e3o 16 utilizadores fizeram representar a sua associa\u00e7\u00e3o.<\/span><\/p>\n<p>&nbsp;<\/p>\n<p><span style=\"font-family: arial, helvetica, sans-serif;\">Iremos tamb\u00e9m manter as \u2018Selfies\u2019, tenham aten\u00e7\u00e3o aos requisitos, deve se poder ver o radio em opera\u00e7\u00e3o no TG 268, a criatividade e a qualidade s\u00e3o o mais importante.\u00a0<strong>Enviem as vossas Selfies<\/strong>,\u00a0at\u00e9 as 12h do dia imediato \u00e0 netCT para o endere\u00e7o\u00a0<a href=\"mailto:team.dmr.pt@gmail.com\" target=\"_blank\" rel=\"nofollow noopener noreferrer\">team.dmr.pt(at)gmail.com\u00a0<\/a><\/span><\/p>\n<p>&nbsp;<\/p>\n<p style=\"text-align: center;\">\u2297<\/p>\n<p>&nbsp;<\/p>\n<table style=\"border-collapse: collapse; width: 100%;\">\n<tbody>\n<tr>\n<td style=\"width: 390px;\"><a href=\"https:\/\/dmr-portugal.org\/wp-content\/uploads\/2025\/10\/estatsticas-4-1.png\"><img decoding=\"async\" class=\"alignnone size-full wp-image-4544\" src=\"https:\/\/dmr-portugal.org\/wp-content\/uploads\/2025\/10\/estatsticas-4-1.png\" alt=\"\" width=\"362\" height=\"228\" srcset=\"https:\/\/dmr-portugal.org\/wp-content\/uploads\/2025\/10\/estatsticas-4-1.png 362w, https:\/\/dmr-portugal.org\/wp-content\/uploads\/2025\/10\/estatsticas-4-1-300x189.png 300w, https:\/\/dmr-portugal.org\/wp-content\/uploads\/2025\/10\/estatsticas-4-1-150x94.png 150w\" sizes=\"(max-width: 362px) 100vw, 362px\" \/><\/a><\/td>\n<td style=\"width: 390px; border-style: hidden;\"><a href=\"https:\/\/dmr-portugal.org\/wp-content\/uploads\/2025\/10\/top-tg-4-1.png\"><img decoding=\"async\" class=\"size-full wp-image-4546 aligncenter\" src=\"https:\/\/dmr-portugal.org\/wp-content\/uploads\/2025\/10\/top-tg-4-1.png\" alt=\"\" width=\"319\" height=\"210\" srcset=\"https:\/\/dmr-portugal.org\/wp-content\/uploads\/2025\/10\/top-tg-4-1.png 319w, https:\/\/dmr-portugal.org\/wp-content\/uploads\/2025\/10\/top-tg-4-1-300x197.png 300w, https:\/\/dmr-portugal.org\/wp-content\/uploads\/2025\/10\/top-tg-4-1-150x99.png 150w\" sizes=\"(max-width: 319px) 100vw, 319px\" \/><\/a><\/td>\n<\/tr>\n<\/tbody>\n<\/table>\n<p>&nbsp;<\/p>\n<p style=\"text-align: center;\"><a href=\"https:\/\/dmr-portugal.org\/wp-content\/uploads\/2025\/10\/associacoes-4-1.png\"><img loading=\"lazy\" decoding=\"async\" class=\"size-full wp-image-4547 aligncenter\" src=\"https:\/\/dmr-portugal.org\/wp-content\/uploads\/2025\/10\/associacoes-4-1.png\" alt=\"\" width=\"292\" height=\"601\" srcset=\"https:\/\/dmr-portugal.org\/wp-content\/uploads\/2025\/10\/associacoes-4-1.png 292w, https:\/\/dmr-portugal.org\/wp-content\/uploads\/2025\/10\/associacoes-4-1-146x300.png 146w, https:\/\/dmr-portugal.org\/wp-content\/uploads\/2025\/10\/associacoes-4-1-73x150.png 73w\" sizes=\"(max-width: 292px) 100vw, 292px\" \/><\/a><\/p>\n<p>&nbsp;<\/p>\n<hr \/>\n<p>&nbsp;<\/p>\n","protected":false},"excerpt":{"rendered":"<p>&nbsp; Hist\u00f3rico da 4\u00aa sess\u00e3o Log da 4\u00aa sess\u00e3o do 9\u00ba ano &nbsp; Nesta sess\u00e3o 16 utilizadores fizeram representar a sua associa\u00e7\u00e3o. &nbsp; Iremos tamb\u00e9m manter as \u2018Selfies\u2019, tenham aten\u00e7\u00e3o aos requisitos, deve se poder ver o radio em opera\u00e7\u00e3o no TG 268, a criatividade e a qualidade s\u00e3o o \u2026 <a class=\"continue-reading-link\" href=\"https:\/\/dmr-portugal.org\/?page_id=4540\"> Continua&#8230; <span class=\"meta-nav\">&rarr; <\/span><\/a><\/p>\n","protected":false},"author":1,"featured_media":0,"parent":4490,"menu_order":41,"comment_status":"closed","ping_status":"closed","template":"","meta":{"footnotes":""},"class_list":["post-4540","page","type-page","status-publish","hentry"],"_links":{"self":[{"href":"https:\/\/dmr-portugal.org\/index.php?rest_route=\/wp\/v2\/pages\/4540","targetHints":{"allow":["GET"]}}],"collection":[{"href":"https:\/\/dmr-portugal.org\/index.php?rest_route=\/wp\/v2\/pages"}],"about":[{"href":"https:\/\/dmr-portugal.org\/index.php?rest_route=\/wp\/v2\/types\/page"}],"author":[{"embeddable":true,"href":"https:\/\/dmr-portugal.org\/index.php?rest_route=\/wp\/v2\/users\/1"}],"replies":[{"embeddable":true,"href":"https:\/\/dmr-portugal.org\/index.php?rest_route=%2Fwp%2Fv2%2Fcomments&post=4540"}],"version-history":[{"count":4,"href":"https:\/\/dmr-portugal.org\/index.php?rest_route=\/wp\/v2\/pages\/4540\/revisions"}],"predecessor-version":[{"id":4548,"href":"https:\/\/dmr-portugal.org\/index.php?rest_route=\/wp\/v2\/pages\/4540\/revisions\/4548"}],"up":[{"embeddable":true,"href":"https:\/\/dmr-portugal.org\/index.php?rest_route=\/wp\/v2\/pages\/4490"}],"wp:attachment":[{"href":"https:\/\/dmr-portugal.org\/index.php?rest_route=%2Fwp%2Fv2%2Fmedia&parent=4540"}],"curies":[{"name":"wp","href":"https:\/\/api.w.org\/{rel}","templated":true}]}}