{"id":4520,"date":"2025-10-07T15:22:11","date_gmt":"2025-10-07T14:22:11","guid":{"rendered":"https:\/\/dmr-portugal.org\/?page_id=4520"},"modified":"2025-10-07T15:29:15","modified_gmt":"2025-10-07T14:29:15","slug":"netct-3a-sessao","status":"publish","type":"page","link":"https:\/\/dmr-portugal.org\/?page_id=4520","title":{"rendered":"netCT 3\u00aa sess\u00e3o"},"content":{"rendered":"<p>&nbsp;<\/p>\n<p style=\"text-align: center;\"><strong><span style=\"font-family: arial, helvetica, sans-serif; font-size: 20px;\">Hist\u00f3rico da 3\u00aa sess\u00e3o<\/span><\/strong><\/p>\n<p><a href=\"https:\/\/dmr-portugal.org\/wp-content\/uploads\/2025\/10\/net-ct-log-09-03.png\"><img fetchpriority=\"high\" decoding=\"async\" class=\"size-full wp-image-4523 aligncenter\" src=\"https:\/\/dmr-portugal.org\/wp-content\/uploads\/2025\/10\/net-ct-log-09-03.png\" alt=\"\" width=\"884\" height=\"776\" srcset=\"https:\/\/dmr-portugal.org\/wp-content\/uploads\/2025\/10\/net-ct-log-09-03.png 884w, https:\/\/dmr-portugal.org\/wp-content\/uploads\/2025\/10\/net-ct-log-09-03-300x263.png 300w, https:\/\/dmr-portugal.org\/wp-content\/uploads\/2025\/10\/net-ct-log-09-03-768x674.png 768w, https:\/\/dmr-portugal.org\/wp-content\/uploads\/2025\/10\/net-ct-log-09-03-150x132.png 150w\" sizes=\"(max-width: 884px) 100vw, 884px\" \/><\/a><\/p>\n<p style=\"text-align: center;\"><em><strong><span style=\"font-family: arial, helvetica, sans-serif;\">Log da 3\u00aa sess\u00e3o do 9\u00ba ano<\/span><\/strong><\/em><\/p>\n<p>&nbsp;<\/p>\n<p><span style=\"font-family: arial, helvetica, sans-serif;\">Nesta sess\u00e3o 19 utilizadores fizeram representar a sua associa\u00e7\u00e3o.<\/span><\/p>\n<p>&nbsp;<\/p>\n<p><span style=\"font-family: arial, helvetica, sans-serif;\">Iremos tamb\u00e9m manter as \u2018Selfies\u2019, tenham aten\u00e7\u00e3o aos requisitos, deve se poder ver o radio em opera\u00e7\u00e3o no TG 268, a criatividade e a qualidade s\u00e3o o mais importante.\u00a0<strong>Enviem as vossas Selfies<\/strong>,\u00a0at\u00e9 as 12h do dia imediato \u00e0 netCT para o endere\u00e7o\u00a0<a href=\"mailto:team.dmr.pt@gmail.com\" target=\"_blank\" rel=\"nofollow noopener noreferrer\">team.dmr.pt(at)gmail.com\u00a0<\/a><\/span><\/p>\n<p>&nbsp;<\/p>\n<p style=\"text-align: center;\">\u2297<\/p>\n<p>&nbsp;<\/p>\n<table style=\"border-collapse: collapse; width: 100%;\">\n<tbody>\n<tr>\n<td style=\"width: 390px; border-style: hidden;\"><a href=\"https:\/\/dmr-portugal.org\/wp-content\/uploads\/2025\/10\/estatsticas-3.png\"><img decoding=\"async\" class=\"size-full wp-image-4525 aligncenter\" src=\"https:\/\/dmr-portugal.org\/wp-content\/uploads\/2025\/10\/estatsticas-3.png\" alt=\"\" width=\"343\" height=\"218\" srcset=\"https:\/\/dmr-portugal.org\/wp-content\/uploads\/2025\/10\/estatsticas-3.png 343w, https:\/\/dmr-portugal.org\/wp-content\/uploads\/2025\/10\/estatsticas-3-300x191.png 300w, https:\/\/dmr-portugal.org\/wp-content\/uploads\/2025\/10\/estatsticas-3-150x95.png 150w\" sizes=\"(max-width: 343px) 100vw, 343px\" \/><\/a><\/td>\n<td style=\"width: 390px; border-style: hidden;\"><a href=\"https:\/\/dmr-portugal.org\/wp-content\/uploads\/2025\/10\/top-tg-3.png\"><img decoding=\"async\" class=\"size-full wp-image-4526 aligncenter\" src=\"https:\/\/dmr-portugal.org\/wp-content\/uploads\/2025\/10\/top-tg-3.png\" alt=\"\" width=\"299\" height=\"191\" srcset=\"https:\/\/dmr-portugal.org\/wp-content\/uploads\/2025\/10\/top-tg-3.png 299w, https:\/\/dmr-portugal.org\/wp-content\/uploads\/2025\/10\/top-tg-3-150x96.png 150w\" sizes=\"(max-width: 299px) 100vw, 299px\" \/><\/a><\/td>\n<\/tr>\n<\/tbody>\n<\/table>\n<p>&nbsp;<\/p>\n<p style=\"text-align: center;\"><a href=\"https:\/\/dmr-portugal.org\/wp-content\/uploads\/2025\/10\/associacoes-3.png\"><img loading=\"lazy\" decoding=\"async\" class=\"size-full wp-image-4527 aligncenter\" src=\"https:\/\/dmr-portugal.org\/wp-content\/uploads\/2025\/10\/associacoes-3.png\" alt=\"\" width=\"298\" height=\"575\" srcset=\"https:\/\/dmr-portugal.org\/wp-content\/uploads\/2025\/10\/associacoes-3.png 298w, https:\/\/dmr-portugal.org\/wp-content\/uploads\/2025\/10\/associacoes-3-155x300.png 155w, https:\/\/dmr-portugal.org\/wp-content\/uploads\/2025\/10\/associacoes-3-78x150.png 78w\" sizes=\"(max-width: 298px) 100vw, 298px\" \/><\/a><\/p>\n<p>&nbsp;<\/p>\n<hr \/>\n<p>&nbsp;<\/p>\n","protected":false},"excerpt":{"rendered":"<p>&nbsp; Hist\u00f3rico da 3\u00aa sess\u00e3o Log da 3\u00aa sess\u00e3o do 9\u00ba ano &nbsp; Nesta sess\u00e3o 19 utilizadores fizeram representar a sua associa\u00e7\u00e3o. &nbsp; Iremos tamb\u00e9m manter as \u2018Selfies\u2019, tenham aten\u00e7\u00e3o aos requisitos, deve se poder ver o radio em opera\u00e7\u00e3o no TG 268, a criatividade e a qualidade s\u00e3o o \u2026 <a class=\"continue-reading-link\" href=\"https:\/\/dmr-portugal.org\/?page_id=4520\"> Continua&#8230; <span class=\"meta-nav\">&rarr; <\/span><\/a><\/p>\n","protected":false},"author":1,"featured_media":0,"parent":4490,"menu_order":43,"comment_status":"closed","ping_status":"closed","template":"","meta":{"footnotes":""},"class_list":["post-4520","page","type-page","status-publish","hentry"],"_links":{"self":[{"href":"https:\/\/dmr-portugal.org\/index.php?rest_route=\/wp\/v2\/pages\/4520","targetHints":{"allow":["GET"]}}],"collection":[{"href":"https:\/\/dmr-portugal.org\/index.php?rest_route=\/wp\/v2\/pages"}],"about":[{"href":"https:\/\/dmr-portugal.org\/index.php?rest_route=\/wp\/v2\/types\/page"}],"author":[{"embeddable":true,"href":"https:\/\/dmr-portugal.org\/index.php?rest_route=\/wp\/v2\/users\/1"}],"replies":[{"embeddable":true,"href":"https:\/\/dmr-portugal.org\/index.php?rest_route=%2Fwp%2Fv2%2Fcomments&post=4520"}],"version-history":[{"count":4,"href":"https:\/\/dmr-portugal.org\/index.php?rest_route=\/wp\/v2\/pages\/4520\/revisions"}],"predecessor-version":[{"id":4528,"href":"https:\/\/dmr-portugal.org\/index.php?rest_route=\/wp\/v2\/pages\/4520\/revisions\/4528"}],"up":[{"embeddable":true,"href":"https:\/\/dmr-portugal.org\/index.php?rest_route=\/wp\/v2\/pages\/4490"}],"wp:attachment":[{"href":"https:\/\/dmr-portugal.org\/index.php?rest_route=%2Fwp%2Fv2%2Fmedia&parent=4520"}],"curies":[{"name":"wp","href":"https:\/\/api.w.org\/{rel}","templated":true}]}}