{"id":4506,"date":"2025-10-07T12:45:05","date_gmt":"2025-10-07T11:45:05","guid":{"rendered":"https:\/\/dmr-portugal.org\/?page_id=4506"},"modified":"2025-10-07T15:31:16","modified_gmt":"2025-10-07T14:31:16","slug":"netct-2a-sessao","status":"publish","type":"page","link":"https:\/\/dmr-portugal.org\/?page_id=4506","title":{"rendered":"netCT 2\u00aa sess\u00e3o"},"content":{"rendered":"<p>&nbsp;<\/p>\n<p style=\"text-align: center;\"><strong><span style=\"font-family: arial, helvetica, sans-serif; font-size: 20px;\">Hist\u00f3rico da 2\u00aa sess\u00e3o<\/span><\/strong><\/p>\n<p style=\"text-align: center;\"><a href=\"https:\/\/dmr-portugal.org\/wp-content\/uploads\/2025\/10\/netct-09-05.png\"><img fetchpriority=\"high\" decoding=\"async\" class=\"alignnone size-full wp-image-4512\" src=\"https:\/\/dmr-portugal.org\/wp-content\/uploads\/2025\/10\/netct-09-05.png\" alt=\"\" width=\"972\" height=\"777\" srcset=\"https:\/\/dmr-portugal.org\/wp-content\/uploads\/2025\/10\/netct-09-05.png 972w, https:\/\/dmr-portugal.org\/wp-content\/uploads\/2025\/10\/netct-09-05-300x240.png 300w, https:\/\/dmr-portugal.org\/wp-content\/uploads\/2025\/10\/netct-09-05-768x614.png 768w, https:\/\/dmr-portugal.org\/wp-content\/uploads\/2025\/10\/netct-09-05-150x120.png 150w\" sizes=\"(max-width: 972px) 100vw, 972px\" \/><\/a><\/p>\n<p style=\"text-align: center;\"><span style=\"font-family: arial, helvetica, sans-serif;\"><em><strong>Log da 2\u00aa sess\u00e3o do 9\u00ba ano<\/strong><\/em><\/span><\/p>\n<p>&nbsp;<\/p>\n<p><span style=\"font-family: arial, helvetica, sans-serif;\">Nesta sess\u00e3o 13 utilizadores fizeram representar a sua associa\u00e7\u00e3o.<\/span><\/p>\n<p>&nbsp;<\/p>\n<p><span style=\"font-family: arial, helvetica, sans-serif;\">Iremos tamb\u00e9m manter as \u2018Selfies\u2019, tenham aten\u00e7\u00e3o aos requisitos, deve se poder ver o radio em opera\u00e7\u00e3o no TG 268, a criatividade e a qualidade s\u00e3o o mais importante.\u00a0<strong>Enviem as vossas Selfies<\/strong>,\u00a0at\u00e9 as 12h do dia imediato \u00e0 netCT para o endere\u00e7o\u00a0<a href=\"mailto:team.dmr.pt@gmail.com\" target=\"_blank\" rel=\"nofollow noopener noreferrer\">team.dmr.pt(at)gmail.com\u00a0<\/a><\/span><\/p>\n<p>&nbsp;<\/p>\n<p style=\"text-align: center;\"><span style=\"font-family: arial, helvetica, sans-serif;\">\u2297<\/span><\/p>\n<p>&nbsp;<\/p>\n<p>&nbsp;<\/p>\n<table style=\"border-collapse: collapse; width: 100%;\">\n<tbody>\n<tr>\n<td style=\"width: 390px; border-style: hidden;\"><a href=\"https:\/\/dmr-portugal.org\/wp-content\/uploads\/2025\/10\/estatsticas-2.png\"><img decoding=\"async\" class=\"size-full wp-image-4514 aligncenter\" src=\"https:\/\/dmr-portugal.org\/wp-content\/uploads\/2025\/10\/estatsticas-2.png\" alt=\"\" width=\"314\" height=\"203\" srcset=\"https:\/\/dmr-portugal.org\/wp-content\/uploads\/2025\/10\/estatsticas-2.png 314w, https:\/\/dmr-portugal.org\/wp-content\/uploads\/2025\/10\/estatsticas-2-300x194.png 300w, https:\/\/dmr-portugal.org\/wp-content\/uploads\/2025\/10\/estatsticas-2-150x97.png 150w\" sizes=\"(max-width: 314px) 100vw, 314px\" \/><\/a><\/td>\n<td style=\"width: 390px; border-style: hidden;\"><a href=\"https:\/\/dmr-portugal.org\/wp-content\/uploads\/2025\/10\/top-tg-2.png\"><img decoding=\"async\" class=\"size-full wp-image-4515 aligncenter\" src=\"https:\/\/dmr-portugal.org\/wp-content\/uploads\/2025\/10\/top-tg-2.png\" alt=\"\" width=\"271\" height=\"235\" srcset=\"https:\/\/dmr-portugal.org\/wp-content\/uploads\/2025\/10\/top-tg-2.png 271w, https:\/\/dmr-portugal.org\/wp-content\/uploads\/2025\/10\/top-tg-2-150x130.png 150w\" sizes=\"(max-width: 271px) 100vw, 271px\" \/><\/a><\/td>\n<\/tr>\n<\/tbody>\n<\/table>\n<p>&nbsp;<\/p>\n<p style=\"text-align: center;\"><a href=\"https:\/\/dmr-portugal.org\/wp-content\/uploads\/2025\/10\/associacoes-2.png\"><img loading=\"lazy\" decoding=\"async\" class=\"size-full wp-image-4518 aligncenter\" src=\"https:\/\/dmr-portugal.org\/wp-content\/uploads\/2025\/10\/associacoes-2.png\" alt=\"\" width=\"305\" height=\"581\" srcset=\"https:\/\/dmr-portugal.org\/wp-content\/uploads\/2025\/10\/associacoes-2.png 305w, https:\/\/dmr-portugal.org\/wp-content\/uploads\/2025\/10\/associacoes-2-157x300.png 157w, https:\/\/dmr-portugal.org\/wp-content\/uploads\/2025\/10\/associacoes-2-79x150.png 79w\" sizes=\"(max-width: 305px) 100vw, 305px\" \/><\/a><\/p>\n<hr \/>\n<p>&nbsp;<\/p>\n","protected":false},"excerpt":{"rendered":"<p>&nbsp; Hist\u00f3rico da 2\u00aa sess\u00e3o Log da 2\u00aa sess\u00e3o do 9\u00ba ano &nbsp; Nesta sess\u00e3o 13 utilizadores fizeram representar a sua associa\u00e7\u00e3o. &nbsp; Iremos tamb\u00e9m manter as \u2018Selfies\u2019, tenham aten\u00e7\u00e3o aos requisitos, deve se poder ver o radio em opera\u00e7\u00e3o no TG 268, a criatividade e a qualidade s\u00e3o o \u2026 <a class=\"continue-reading-link\" href=\"https:\/\/dmr-portugal.org\/?page_id=4506\"> Continua&#8230; <span class=\"meta-nav\">&rarr; <\/span><\/a><\/p>\n","protected":false},"author":1,"featured_media":0,"parent":4490,"menu_order":44,"comment_status":"closed","ping_status":"closed","template":"","meta":{"footnotes":""},"class_list":["post-4506","page","type-page","status-publish","hentry"],"_links":{"self":[{"href":"https:\/\/dmr-portugal.org\/index.php?rest_route=\/wp\/v2\/pages\/4506","targetHints":{"allow":["GET"]}}],"collection":[{"href":"https:\/\/dmr-portugal.org\/index.php?rest_route=\/wp\/v2\/pages"}],"about":[{"href":"https:\/\/dmr-portugal.org\/index.php?rest_route=\/wp\/v2\/types\/page"}],"author":[{"embeddable":true,"href":"https:\/\/dmr-portugal.org\/index.php?rest_route=\/wp\/v2\/users\/1"}],"replies":[{"embeddable":true,"href":"https:\/\/dmr-portugal.org\/index.php?rest_route=%2Fwp%2Fv2%2Fcomments&post=4506"}],"version-history":[{"count":9,"href":"https:\/\/dmr-portugal.org\/index.php?rest_route=\/wp\/v2\/pages\/4506\/revisions"}],"predecessor-version":[{"id":4530,"href":"https:\/\/dmr-portugal.org\/index.php?rest_route=\/wp\/v2\/pages\/4506\/revisions\/4530"}],"up":[{"embeddable":true,"href":"https:\/\/dmr-portugal.org\/index.php?rest_route=\/wp\/v2\/pages\/4490"}],"wp:attachment":[{"href":"https:\/\/dmr-portugal.org\/index.php?rest_route=%2Fwp%2Fv2%2Fmedia&parent=4506"}],"curies":[{"name":"wp","href":"https:\/\/api.w.org\/{rel}","templated":true}]}}