{"id":4497,"date":"2025-10-07T12:13:19","date_gmt":"2025-10-07T11:13:19","guid":{"rendered":"https:\/\/dmr-portugal.org\/?page_id=4497"},"modified":"2025-10-07T12:44:28","modified_gmt":"2025-10-07T11:44:28","slug":"netct-1a-sessao","status":"publish","type":"page","link":"https:\/\/dmr-portugal.org\/?page_id=4497","title":{"rendered":"netCT 1\u00aa sess\u00e3o"},"content":{"rendered":"<p>&nbsp;<\/p>\n<p style=\"text-align: center;\"><strong><span style=\"font-family: arial, helvetica, sans-serif; font-size: 20px;\">Hist\u00f3rico da 1\u00aa sess\u00e3o<\/span><\/strong><\/p>\n<p style=\"text-align: center;\"><a href=\"https:\/\/dmr-portugal.org\/wp-content\/uploads\/2025\/10\/netct-09-01.png\"><img fetchpriority=\"high\" decoding=\"async\" class=\"size-full wp-image-4499 aligncenter\" src=\"https:\/\/dmr-portugal.org\/wp-content\/uploads\/2025\/10\/netct-09-01.png\" alt=\"\" width=\"968\" height=\"773\" srcset=\"https:\/\/dmr-portugal.org\/wp-content\/uploads\/2025\/10\/netct-09-01.png 968w, https:\/\/dmr-portugal.org\/wp-content\/uploads\/2025\/10\/netct-09-01-300x240.png 300w, https:\/\/dmr-portugal.org\/wp-content\/uploads\/2025\/10\/netct-09-01-768x613.png 768w, https:\/\/dmr-portugal.org\/wp-content\/uploads\/2025\/10\/netct-09-01-150x120.png 150w\" sizes=\"(max-width: 968px) 100vw, 968px\" \/><\/a><\/p>\n<p style=\"text-align: center;\"><span style=\"font-family: arial, helvetica, sans-serif;\"><strong><em>Log da 1\u00aa sess\u00e3o do 9\u00ba ano<\/em><\/strong><\/span><\/p>\n<p>&nbsp;<\/p>\n<p><span style=\"font-family: arial, helvetica, sans-serif;\">Foram informados os novos moldes deste novo ano. Assim \u00e9 mantida a representatividade associativa, podendo o utilizador divulgar qual a associa\u00e7\u00e3o que pretende representar, 1 \u00fanica por sess\u00e3o, no caso de pertencer a v\u00e1rias associa\u00e7\u00f5es dever\u00e1, talvez, representar alternadamente nas v\u00e1rias sess\u00f5es a que pretende.<\/span><\/p>\n<p><span style=\"font-family: arial, helvetica, sans-serif;\">Iremos tamb\u00e9m manter as &#8216;Selfies&#8217;, tenham aten\u00e7\u00e3o aos requisitos, deve se poder ver o radio em opera\u00e7\u00e3o no TG 268, a criatividade e a qualidade s\u00e3o o mais importante. <strong>Enviem as vossas Selfies<\/strong>, <span style=\"font-family: arial, helvetica, sans-serif;\">at\u00e9 as 12h do dia imediato \u00e0 netCT para o endere\u00e7o <a href=\"mailto:email:team.dmr.pt@gmail.com\" target=\"_blank\" rel=\"nofollow noopener noreferrer\">team.dmr.pt(at)gmail.com\u00a0<\/a><\/span><\/span><\/p>\n<p><span style=\"font-family: arial, helvetica, sans-serif;\">Nesta primeira sess\u00e3o 13 utilizadores fizeram representar a sua associa\u00e7\u00e3o.<\/span><\/p>\n<p>&nbsp;<\/p>\n<p style=\"text-align: center;\"><span style=\"font-family: arial, helvetica, sans-serif; font-size: 20px;\">\u2297<\/span><\/p>\n<hr \/>\n<table style=\"border-collapse: collapse; width: 100%;\">\n<tbody>\n<tr>\n<td style=\"width: 50%;\"><\/td>\n<td style=\"width: 50%;\"><\/td>\n<\/tr>\n<\/tbody>\n<\/table>\n","protected":false},"excerpt":{"rendered":"<p>&nbsp; Hist\u00f3rico da 1\u00aa sess\u00e3o Log da 1\u00aa sess\u00e3o do 9\u00ba ano &nbsp; Foram informados os novos moldes deste novo ano. Assim \u00e9 mantida a representatividade associativa, podendo o utilizador divulgar qual a associa\u00e7\u00e3o que pretende representar, 1 \u00fanica por sess\u00e3o, no caso de pertencer a v\u00e1rias associa\u00e7\u00f5es dever\u00e1, talvez, \u2026 <a class=\"continue-reading-link\" href=\"https:\/\/dmr-portugal.org\/?page_id=4497\"> Continua&#8230; <span class=\"meta-nav\">&rarr; <\/span><\/a><\/p>\n","protected":false},"author":1,"featured_media":0,"parent":4490,"menu_order":45,"comment_status":"closed","ping_status":"closed","template":"","meta":{"footnotes":""},"class_list":["post-4497","page","type-page","status-publish","hentry"],"_links":{"self":[{"href":"https:\/\/dmr-portugal.org\/index.php?rest_route=\/wp\/v2\/pages\/4497","targetHints":{"allow":["GET"]}}],"collection":[{"href":"https:\/\/dmr-portugal.org\/index.php?rest_route=\/wp\/v2\/pages"}],"about":[{"href":"https:\/\/dmr-portugal.org\/index.php?rest_route=\/wp\/v2\/types\/page"}],"author":[{"embeddable":true,"href":"https:\/\/dmr-portugal.org\/index.php?rest_route=\/wp\/v2\/users\/1"}],"replies":[{"embeddable":true,"href":"https:\/\/dmr-portugal.org\/index.php?rest_route=%2Fwp%2Fv2%2Fcomments&post=4497"}],"version-history":[{"count":7,"href":"https:\/\/dmr-portugal.org\/index.php?rest_route=\/wp\/v2\/pages\/4497\/revisions"}],"predecessor-version":[{"id":4505,"href":"https:\/\/dmr-portugal.org\/index.php?rest_route=\/wp\/v2\/pages\/4497\/revisions\/4505"}],"up":[{"embeddable":true,"href":"https:\/\/dmr-portugal.org\/index.php?rest_route=\/wp\/v2\/pages\/4490"}],"wp:attachment":[{"href":"https:\/\/dmr-portugal.org\/index.php?rest_route=%2Fwp%2Fv2%2Fmedia&parent=4497"}],"curies":[{"name":"wp","href":"https:\/\/api.w.org\/{rel}","templated":true}]}}