{"id":4420,"date":"2025-09-01T10:16:54","date_gmt":"2025-09-01T09:16:54","guid":{"rendered":"https:\/\/dmr-portugal.org\/?page_id=4420"},"modified":"2025-09-01T10:45:12","modified_gmt":"2025-09-01T09:45:12","slug":"netct-45a-sessao","status":"publish","type":"page","link":"https:\/\/dmr-portugal.org\/?page_id=4420","title":{"rendered":"netCT 45\u00aa sess\u00e3o"},"content":{"rendered":"<p>&nbsp;<\/p>\n<p style=\"text-align: center;\"><strong><span style=\"font-family: arial, helvetica, sans-serif; font-size: 20px;\">Hist\u00f3rico da 45\u00aa sess\u00e3o<\/span><\/strong><\/p>\n<p><a href=\"https:\/\/dmr-portugal.org\/wp-content\/uploads\/2025\/09\/Log-net-08_45.png\"><img fetchpriority=\"high\" decoding=\"async\" class=\"size-full wp-image-4423 aligncenter\" src=\"https:\/\/dmr-portugal.org\/wp-content\/uploads\/2025\/09\/Log-net-08_45.png\" alt=\"\" width=\"966\" height=\"774\" srcset=\"https:\/\/dmr-portugal.org\/wp-content\/uploads\/2025\/09\/Log-net-08_45.png 966w, https:\/\/dmr-portugal.org\/wp-content\/uploads\/2025\/09\/Log-net-08_45-300x240.png 300w, https:\/\/dmr-portugal.org\/wp-content\/uploads\/2025\/09\/Log-net-08_45-768x615.png 768w, https:\/\/dmr-portugal.org\/wp-content\/uploads\/2025\/09\/Log-net-08_45-150x120.png 150w\" sizes=\"(max-width: 966px) 100vw, 966px\" \/><\/a><\/p>\n<p style=\"text-align: center;\"><span style=\"font-size: 16px;\"><em><strong><span style=\"font-family: arial, helvetica, sans-serif;\">Log da 45\u00aa sess\u00e3o do 8\u00ba ano<\/span><\/strong><\/em><\/span><\/p>\n<p>&nbsp;<\/p>\n<p><span style=\"font-family: arial, helvetica, sans-serif;\">19 utilizadores fizeram representar as suas associa\u00e7\u00f5es. 2 utilizadores responderam acertadamente \u00e0 quest\u00e3o do Quiz, colocada e publicada em resposta na sess\u00e3o #3 que era a seguinte:\u00a0<\/span><\/p>\n<p>&nbsp;<\/p>\n<p><span style=\"font-family: arial, helvetica, sans-serif;\">\u00a0 \u00a0 \u00a0 \u00a0 \u00a0 \u00a0 \u00a0 \u00a0 \u00a0 \u00a0 \u00a0 \u00a0 \u00a0O que me levou a escolher o DMR foi o audio melhorado e o s\u00f3 permitir uma comunica\u00e7\u00e3o por vez, n\u00e3o havendo os atropelos que acontecem nos sistemas anal\u00f3gicos isto como \u00a0exemplo. Acontece que \u00e0s vezes falo e quando acabo est\u00e3o outros a falar. Como \u00e9 isto poss\u00edvel ?\u00a0<\/span><\/p>\n<p>&nbsp;<\/p>\n<p><span style=\"font-family: arial, helvetica, sans-serif;\">O DMR se usado via repetidor, se o r\u00e1dio estiver bem configurado e se o r\u00e1dio em si cumprir as especifica\u00e7\u00f5es ETSI para o DMR, n\u00e3o permite isso. Se usado via hotspot e tamb\u00e9m ele, o r\u00e1dio devidamente configurado, poder\u00e1 raramente acontecer. <\/span><br \/>\n<span style=\"font-family: arial, helvetica, sans-serif;\">&#8211; Para isso o r\u00e1dio tem que ter configurada a permiss\u00e3o para emitir sob certas condi\u00e7\u00f5es, a sintaxe est\u00e1 dependente do fabricante e do software usado.\u00a0 Esse parametro chama-se no Anytone, Hytera e outros,\u00a0 \u201cTX Permit\u201d\u00a0 e \u00e9 definido por canal, por exemplo no Ailunce \u00e9 \u201cTX Authority\u201d.\u00a0 <\/span><br \/>\n<span style=\"font-family: arial, helvetica, sans-serif;\">R\u00e1dios baratos chineses n\u00e3o cumprem estes parametros, certos softwares para melhoramento desses equipamentos n\u00e3o tem sequer a poss\u00edbilidade de o usar. Isso faz com que o equipamento ignore que existe trafego no grupo usado e fale na mesma, a op\u00e7\u00e3o de \u2018bem configurado\u2019 n\u00e3o iria permitir ao utilizador o emitir, o r\u00e1dio recusaria e gerava um tom sinalizando que n\u00e3o foi poss\u00edvel emitir, isto sen\u00e3o tiver anulado os tons no equipamento. Por norma a defini\u00e7\u00e3o a escolher ser\u00e1 \u201cColor Code Free\u201d.<\/span><\/p>\n<p style=\"text-align: center;\"><span style=\"font-family: arial, helvetica, sans-serif; font-size: 20px;\"><strong>Fotos rececionadas<br \/>\n<\/strong><span style=\"font-size: 16px;\">(n\u00e3o foram recebidas)<\/span><\/span><\/p>\n<p style=\"text-align: center;\"><span style=\"font-family: arial, helvetica, sans-serif; font-size: 20px;\"><strong>Pontos<br \/>\n<\/strong><span style=\"font-size: 16px;\">Top \u2018Selfies\u2019\/Quiz<a href=\"https:\/\/dmr-portugal.org\/wp-content\/uploads\/2025\/09\/pontos-45.png\"><img decoding=\"async\" class=\"size-full wp-image-4425 aligncenter\" src=\"https:\/\/dmr-portugal.org\/wp-content\/uploads\/2025\/09\/pontos-45.png\" alt=\"\" width=\"536\" height=\"523\" srcset=\"https:\/\/dmr-portugal.org\/wp-content\/uploads\/2025\/09\/pontos-45.png 536w, https:\/\/dmr-portugal.org\/wp-content\/uploads\/2025\/09\/pontos-45-300x293.png 300w, https:\/\/dmr-portugal.org\/wp-content\/uploads\/2025\/09\/pontos-45-150x146.png 150w\" sizes=\"(max-width: 536px) 100vw, 536px\" \/><\/a><\/span><\/span><\/p>\n<p>&nbsp;<\/p>\n<table style=\"border-collapse: collapse; width: 100%;\">\n<tbody>\n<tr>\n<td style=\"width: 400.5px; border-style: hidden;\"><a href=\"https:\/\/dmr-portugal.org\/wp-content\/uploads\/2025\/09\/estatisticas-45-1.png\"><img decoding=\"async\" class=\"size-full wp-image-4432 aligncenter\" src=\"https:\/\/dmr-portugal.org\/wp-content\/uploads\/2025\/09\/estatisticas-45-1.png\" alt=\"\" width=\"340\" height=\"226\" srcset=\"https:\/\/dmr-portugal.org\/wp-content\/uploads\/2025\/09\/estatisticas-45-1.png 340w, https:\/\/dmr-portugal.org\/wp-content\/uploads\/2025\/09\/estatisticas-45-1-300x199.png 300w, https:\/\/dmr-portugal.org\/wp-content\/uploads\/2025\/09\/estatisticas-45-1-150x100.png 150w\" sizes=\"(max-width: 340px) 100vw, 340px\" \/><\/a><\/td>\n<td style=\"width: 400.5px; border-style: hidden;\"><a href=\"https:\/\/dmr-portugal.org\/wp-content\/uploads\/2025\/09\/top-tg-45.png\"><img loading=\"lazy\" decoding=\"async\" class=\"size-full wp-image-4428 aligncenter\" src=\"https:\/\/dmr-portugal.org\/wp-content\/uploads\/2025\/09\/top-tg-45.png\" alt=\"\" width=\"401\" height=\"364\" srcset=\"https:\/\/dmr-portugal.org\/wp-content\/uploads\/2025\/09\/top-tg-45.png 401w, https:\/\/dmr-portugal.org\/wp-content\/uploads\/2025\/09\/top-tg-45-300x272.png 300w, https:\/\/dmr-portugal.org\/wp-content\/uploads\/2025\/09\/top-tg-45-150x136.png 150w\" sizes=\"(max-width: 401px) 100vw, 401px\" \/><\/a><\/td>\n<\/tr>\n<\/tbody>\n<\/table>\n<p style=\"text-align: center;\"><a href=\"https:\/\/dmr-portugal.org\/wp-content\/uploads\/2025\/09\/associacoes-45.png\"><img loading=\"lazy\" decoding=\"async\" class=\"size-full wp-image-4430 aligncenter\" src=\"https:\/\/dmr-portugal.org\/wp-content\/uploads\/2025\/09\/associacoes-45.png\" alt=\"\" width=\"286\" height=\"578\" srcset=\"https:\/\/dmr-portugal.org\/wp-content\/uploads\/2025\/09\/associacoes-45.png 286w, https:\/\/dmr-portugal.org\/wp-content\/uploads\/2025\/09\/associacoes-45-148x300.png 148w, https:\/\/dmr-portugal.org\/wp-content\/uploads\/2025\/09\/associacoes-45-74x150.png 74w\" sizes=\"(max-width: 286px) 100vw, 286px\" \/><\/a><\/p>\n<hr \/>\n<p>&nbsp;<\/p>\n","protected":false},"excerpt":{"rendered":"<p>&nbsp; Hist\u00f3rico da 45\u00aa sess\u00e3o Log da 45\u00aa sess\u00e3o do 8\u00ba ano &nbsp; 19 utilizadores fizeram representar as suas associa\u00e7\u00f5es. 2 utilizadores responderam acertadamente \u00e0 quest\u00e3o do Quiz, colocada e publicada em resposta na sess\u00e3o #3 que era a seguinte:\u00a0 &nbsp; \u00a0 \u00a0 \u00a0 \u00a0 \u00a0 \u00a0 \u00a0 \u00a0 \u00a0 \u2026 <a class=\"continue-reading-link\" href=\"https:\/\/dmr-portugal.org\/?page_id=4420\"> Continua&#8230; <span class=\"meta-nav\">&rarr; <\/span><\/a><\/p>\n","protected":false},"author":1,"featured_media":0,"parent":3839,"menu_order":2,"comment_status":"closed","ping_status":"closed","template":"","meta":{"footnotes":""},"class_list":["post-4420","page","type-page","status-publish","hentry"],"_links":{"self":[{"href":"https:\/\/dmr-portugal.org\/index.php?rest_route=\/wp\/v2\/pages\/4420","targetHints":{"allow":["GET"]}}],"collection":[{"href":"https:\/\/dmr-portugal.org\/index.php?rest_route=\/wp\/v2\/pages"}],"about":[{"href":"https:\/\/dmr-portugal.org\/index.php?rest_route=\/wp\/v2\/types\/page"}],"author":[{"embeddable":true,"href":"https:\/\/dmr-portugal.org\/index.php?rest_route=\/wp\/v2\/users\/1"}],"replies":[{"embeddable":true,"href":"https:\/\/dmr-portugal.org\/index.php?rest_route=%2Fwp%2Fv2%2Fcomments&post=4420"}],"version-history":[{"count":7,"href":"https:\/\/dmr-portugal.org\/index.php?rest_route=\/wp\/v2\/pages\/4420\/revisions"}],"predecessor-version":[{"id":4434,"href":"https:\/\/dmr-portugal.org\/index.php?rest_route=\/wp\/v2\/pages\/4420\/revisions\/4434"}],"up":[{"embeddable":true,"href":"https:\/\/dmr-portugal.org\/index.php?rest_route=\/wp\/v2\/pages\/3839"}],"wp:attachment":[{"href":"https:\/\/dmr-portugal.org\/index.php?rest_route=%2Fwp%2Fv2%2Fmedia&parent=4420"}],"curies":[{"name":"wp","href":"https:\/\/api.w.org\/{rel}","templated":true}]}}