{"id":4404,"date":"2025-09-01T09:53:51","date_gmt":"2025-09-01T08:53:51","guid":{"rendered":"https:\/\/dmr-portugal.org\/?page_id=4404"},"modified":"2025-09-01T10:16:01","modified_gmt":"2025-09-01T09:16:01","slug":"netct-44a-sessao","status":"publish","type":"page","link":"https:\/\/dmr-portugal.org\/?page_id=4404","title":{"rendered":"netCT 44\u00aa sess\u00e3o"},"content":{"rendered":"<p>&nbsp;<\/p>\n<p style=\"text-align: center;\"><strong><span style=\"font-family: arial, helvetica, sans-serif; font-size: 20px;\">Hist\u00f3rico da 44\u00aa sess\u00e3o<\/span><\/strong><\/p>\n<p style=\"text-align: center;\"><a href=\"https:\/\/dmr-portugal.org\/wp-content\/uploads\/2025\/09\/Log-net-08_44.png\"><img fetchpriority=\"high\" decoding=\"async\" class=\"size-full wp-image-4407 aligncenter\" src=\"https:\/\/dmr-portugal.org\/wp-content\/uploads\/2025\/09\/Log-net-08_44.png\" alt=\"\" width=\"968\" height=\"771\" srcset=\"https:\/\/dmr-portugal.org\/wp-content\/uploads\/2025\/09\/Log-net-08_44.png 968w, https:\/\/dmr-portugal.org\/wp-content\/uploads\/2025\/09\/Log-net-08_44-300x239.png 300w, https:\/\/dmr-portugal.org\/wp-content\/uploads\/2025\/09\/Log-net-08_44-768x612.png 768w, https:\/\/dmr-portugal.org\/wp-content\/uploads\/2025\/09\/Log-net-08_44-150x119.png 150w\" sizes=\"(max-width: 968px) 100vw, 968px\" \/><\/a><\/p>\n<p style=\"text-align: center;\"><span style=\"font-family: arial, helvetica, sans-serif;\"><em><strong>Log da 44\u00aa sess\u00e3o do 8\u00ba ano<\/strong><\/em><\/span><\/p>\n<p>&nbsp;<\/p>\n<p><span style=\"font-family: arial, helvetica, sans-serif;\">20 utilizadores fizeram representar as suas associa\u00e7\u00f5es. 3 utilizadores responderam acertadamente \u00e0 quest\u00e3o do Quiz, colocada e publicada em resposta na sess\u00e3o #7 que era a seguinte:\u00a0<\/span><\/p>\n<p>&nbsp;<\/p>\n<p><span style=\"font-family: arial, helvetica, sans-serif;\">\u00a0 \u00a0 \u00a0 \u00a0 \u00a0 \u00a0 \u00a0 \u00a0 \u00a0 \u00a0 Dentro os modelos que existem \u00e0 venda de hotspots qual deles \u00e9 o melhor? Ou o que define a escolha.<\/span><\/p>\n<p>&nbsp;<\/p>\n<p><span style=\"font-family: arial, helvetica, sans-serif;\">Os hotspots todos eles se baseiam no chip ADF7021, ou seja o responsavel por receber da internet e transmitir para o r\u00e1dio, o mesmo no sentido inverso. O ADF \u00e9 um chip fantastico mas&#8230; falha em sensibilidade (-109dBm) e na seletividade, mas sendo para uso num hotspot que ser\u00e1 usado sempre muito pr\u00f3ximo tal n\u00e3o \u00e9 importante. Deve-se dar prefer\u00eancia a dispositivos fabricados por algu\u00e9m conceituado, \u00e9 muito importante a estabilidade do cristal controlado por temperatura, numa palavra se existem placas MMDVM a 80\u20ac comprarmos uma de 20 n\u00e3o vai ser a mesma coisa.<\/span><\/p>\n<p><span style=\"font-family: arial, helvetica, sans-serif;\">Onde peca ent\u00e3o, na estabilidade do oscilador local e na qualidade do mesmo,\u00a0 a largura atribu\u00edda ao protocolo o que faz com que o audio produzido seja deficiente e muito rob\u00f3tico. Como ponto de referencia, um \u2018bom hotspot\u2019, com material de qualidade, poder\u00e1 custar entre os 60 a 120 \u20ac, este pre\u00e7o n\u00e3o faz referencia ao OpenSpot, portanto qualquer coisa abaixo disto pode trabalhar mas n\u00e3o \u00e9 a mesma coisa.<\/span><\/p>\n<p>&nbsp;<\/p>\n<p style=\"text-align: center;\"><strong><span style=\"font-family: arial, helvetica, sans-serif; font-size: 20px;\">Fotos rececionadas<\/span><\/strong><\/p>\n<div id=\"attachment_4411\" style=\"width: 235px\" class=\"wp-caption aligncenter\"><a href=\"https:\/\/dmr-portugal.org\/wp-content\/uploads\/2025\/09\/ct2gpz2-44-scaled.jpg\"><img decoding=\"async\" aria-describedby=\"caption-attachment-4411\" class=\"wp-image-4411 size-medium\" src=\"https:\/\/dmr-portugal.org\/wp-content\/uploads\/2025\/09\/ct2gpz2-44-225x300.jpg\" alt=\"\" width=\"225\" height=\"300\" srcset=\"https:\/\/dmr-portugal.org\/wp-content\/uploads\/2025\/09\/ct2gpz2-44-225x300.jpg 225w, https:\/\/dmr-portugal.org\/wp-content\/uploads\/2025\/09\/ct2gpz2-44-768x1024.jpg 768w, https:\/\/dmr-portugal.org\/wp-content\/uploads\/2025\/09\/ct2gpz2-44-1152x1536.jpg 1152w, https:\/\/dmr-portugal.org\/wp-content\/uploads\/2025\/09\/ct2gpz2-44-1536x2048.jpg 1536w, https:\/\/dmr-portugal.org\/wp-content\/uploads\/2025\/09\/ct2gpz2-44-113x150.jpg 113w, https:\/\/dmr-portugal.org\/wp-content\/uploads\/2025\/09\/ct2gpz2-44-scaled.jpg 1920w\" sizes=\"(max-width: 225px) 100vw, 225px\" \/><\/a><p id=\"caption-attachment-4411\" class=\"wp-caption-text\"><span style=\"font-family: arial, helvetica, sans-serif;\">CT2GPZ &#8211; 2 pontos<\/span><\/p><\/div>\n<p style=\"text-align: center;\"><strong><span style=\"font-family: arial, helvetica, sans-serif; font-size: 20px;\">Pontos<br \/>\n<\/span><\/strong><span style=\"font-family: arial, helvetica, sans-serif; font-size: 20px;\"><span style=\"font-size: 16px;\">Top \u2018Selfies\u2019\/Quiz<\/span><\/span><\/p>\n<p style=\"text-align: center;\"><a href=\"https:\/\/dmr-portugal.org\/wp-content\/uploads\/2025\/09\/pontos-44.png\"><img decoding=\"async\" class=\"size-full wp-image-4412 aligncenter\" src=\"https:\/\/dmr-portugal.org\/wp-content\/uploads\/2025\/09\/pontos-44.png\" alt=\"\" width=\"533\" height=\"508\" srcset=\"https:\/\/dmr-portugal.org\/wp-content\/uploads\/2025\/09\/pontos-44.png 533w, https:\/\/dmr-portugal.org\/wp-content\/uploads\/2025\/09\/pontos-44-300x286.png 300w, https:\/\/dmr-portugal.org\/wp-content\/uploads\/2025\/09\/pontos-44-150x143.png 150w\" sizes=\"(max-width: 533px) 100vw, 533px\" \/><\/a><\/p>\n<table style=\"border-collapse: collapse; width: 100%;\">\n<tbody>\n<tr>\n<td style=\"width: 400.5px; border-style: hidden; text-align: center;\"><a href=\"https:\/\/dmr-portugal.org\/wp-content\/uploads\/2025\/09\/estatisticas-44.png\"><img loading=\"lazy\" decoding=\"async\" class=\"size-full wp-image-4415 aligncenter\" src=\"https:\/\/dmr-portugal.org\/wp-content\/uploads\/2025\/09\/estatisticas-44.png\" alt=\"\" width=\"339\" height=\"227\" srcset=\"https:\/\/dmr-portugal.org\/wp-content\/uploads\/2025\/09\/estatisticas-44.png 339w, https:\/\/dmr-portugal.org\/wp-content\/uploads\/2025\/09\/estatisticas-44-300x201.png 300w, https:\/\/dmr-portugal.org\/wp-content\/uploads\/2025\/09\/estatisticas-44-150x100.png 150w\" sizes=\"(max-width: 339px) 100vw, 339px\" \/><\/a><\/td>\n<td style=\"width: 400.5px; border-style: hidden;\"><a href=\"https:\/\/dmr-portugal.org\/wp-content\/uploads\/2025\/09\/top-tg-44.png\"><img loading=\"lazy\" decoding=\"async\" class=\"size-full wp-image-4416 aligncenter\" src=\"https:\/\/dmr-portugal.org\/wp-content\/uploads\/2025\/09\/top-tg-44.png\" alt=\"\" width=\"376\" height=\"336\" srcset=\"https:\/\/dmr-portugal.org\/wp-content\/uploads\/2025\/09\/top-tg-44.png 376w, https:\/\/dmr-portugal.org\/wp-content\/uploads\/2025\/09\/top-tg-44-300x268.png 300w, https:\/\/dmr-portugal.org\/wp-content\/uploads\/2025\/09\/top-tg-44-150x134.png 150w\" sizes=\"(max-width: 376px) 100vw, 376px\" \/><\/a><\/td>\n<\/tr>\n<\/tbody>\n<\/table>\n<p style=\"text-align: center;\"><a href=\"https:\/\/dmr-portugal.org\/wp-content\/uploads\/2025\/09\/associacoes-44.png\"><img loading=\"lazy\" decoding=\"async\" class=\"size-full wp-image-4418 aligncenter\" src=\"https:\/\/dmr-portugal.org\/wp-content\/uploads\/2025\/09\/associacoes-44.png\" alt=\"\" width=\"300\" height=\"581\" srcset=\"https:\/\/dmr-portugal.org\/wp-content\/uploads\/2025\/09\/associacoes-44.png 300w, https:\/\/dmr-portugal.org\/wp-content\/uploads\/2025\/09\/associacoes-44-155x300.png 155w, https:\/\/dmr-portugal.org\/wp-content\/uploads\/2025\/09\/associacoes-44-77x150.png 77w\" sizes=\"(max-width: 300px) 100vw, 300px\" \/><\/a><\/p>\n<hr \/>\n<p>&nbsp;<\/p>\n","protected":false},"excerpt":{"rendered":"<p>&nbsp; Hist\u00f3rico da 44\u00aa sess\u00e3o Log da 44\u00aa sess\u00e3o do 8\u00ba ano &nbsp; 20 utilizadores fizeram representar as suas associa\u00e7\u00f5es. 3 utilizadores responderam acertadamente \u00e0 quest\u00e3o do Quiz, colocada e publicada em resposta na sess\u00e3o #7 que era a seguinte:\u00a0 &nbsp; \u00a0 \u00a0 \u00a0 \u00a0 \u00a0 \u00a0 \u00a0 \u00a0 \u00a0 \u2026 <a class=\"continue-reading-link\" href=\"https:\/\/dmr-portugal.org\/?page_id=4404\"> Continua&#8230; <span class=\"meta-nav\">&rarr; <\/span><\/a><\/p>\n","protected":false},"author":1,"featured_media":0,"parent":3839,"menu_order":3,"comment_status":"closed","ping_status":"closed","template":"","meta":{"footnotes":""},"class_list":["post-4404","page","type-page","status-publish","hentry"],"_links":{"self":[{"href":"https:\/\/dmr-portugal.org\/index.php?rest_route=\/wp\/v2\/pages\/4404","targetHints":{"allow":["GET"]}}],"collection":[{"href":"https:\/\/dmr-portugal.org\/index.php?rest_route=\/wp\/v2\/pages"}],"about":[{"href":"https:\/\/dmr-portugal.org\/index.php?rest_route=\/wp\/v2\/types\/page"}],"author":[{"embeddable":true,"href":"https:\/\/dmr-portugal.org\/index.php?rest_route=\/wp\/v2\/users\/1"}],"replies":[{"embeddable":true,"href":"https:\/\/dmr-portugal.org\/index.php?rest_route=%2Fwp%2Fv2%2Fcomments&post=4404"}],"version-history":[{"count":9,"href":"https:\/\/dmr-portugal.org\/index.php?rest_route=\/wp\/v2\/pages\/4404\/revisions"}],"predecessor-version":[{"id":4419,"href":"https:\/\/dmr-portugal.org\/index.php?rest_route=\/wp\/v2\/pages\/4404\/revisions\/4419"}],"up":[{"embeddable":true,"href":"https:\/\/dmr-portugal.org\/index.php?rest_route=\/wp\/v2\/pages\/3839"}],"wp:attachment":[{"href":"https:\/\/dmr-portugal.org\/index.php?rest_route=%2Fwp%2Fv2%2Fmedia&parent=4404"}],"curies":[{"name":"wp","href":"https:\/\/api.w.org\/{rel}","templated":true}]}}