{"id":4358,"date":"2025-07-23T10:52:31","date_gmt":"2025-07-23T09:52:31","guid":{"rendered":"https:\/\/dmr-portugal.org\/?page_id=4358"},"modified":"2025-07-23T11:08:17","modified_gmt":"2025-07-23T10:08:17","slug":"netct-42a-sessao","status":"publish","type":"page","link":"https:\/\/dmr-portugal.org\/?page_id=4358","title":{"rendered":"netCT 42\u00aa sess\u00e3o"},"content":{"rendered":"<p>&nbsp;<\/p>\n<p style=\"text-align: center;\"><strong><span style=\"font-family: arial, helvetica, sans-serif; font-size: 20px;\">Hist\u00f3rico da 42\u00aa sess\u00e3o<\/span><\/strong><\/p>\n<p style=\"text-align: center;\"><img fetchpriority=\"high\" decoding=\"async\" class=\"size-full wp-image-4361 aligncenter\" src=\"https:\/\/dmr-portugal.org\/wp-content\/uploads\/2025\/07\/Log-net-08_42.png\" alt=\"\" width=\"968\" height=\"772\" srcset=\"https:\/\/dmr-portugal.org\/wp-content\/uploads\/2025\/07\/Log-net-08_42.png 968w, https:\/\/dmr-portugal.org\/wp-content\/uploads\/2025\/07\/Log-net-08_42-300x239.png 300w, https:\/\/dmr-portugal.org\/wp-content\/uploads\/2025\/07\/Log-net-08_42-768x612.png 768w, https:\/\/dmr-portugal.org\/wp-content\/uploads\/2025\/07\/Log-net-08_42-150x120.png 150w\" sizes=\"(max-width: 968px) 100vw, 968px\" \/><\/p>\n<p style=\"text-align: center;\"><em><strong><span style=\"font-family: arial, helvetica, sans-serif;\">Log da 42\u00aa sess\u00e3o do 8\u00ba ano<\/span><\/strong><\/em><\/p>\n<p>&nbsp;<\/p>\n<p><span style=\"font-family: arial, helvetica, sans-serif;\">17 utilizadores fizeram representar as suas associa\u00e7\u00f5es. 2 utilizadores responderam acertadamente \u00e0 quest\u00e3o do Quiz, colocada e publicada em resposta na sess\u00e3o #22 que era a seguinte:\u00a0<\/span><\/p>\n<p>&nbsp;<\/p>\n<p style=\"padding-left: 40px;\"><span style=\"font-family: arial, helvetica, sans-serif;\">Existem TG de outros pa\u00edses que eu gostaria de usar, devo mudar para o master desse pa\u00eds ou posso usar o master Portugu\u00eas ?\u00a0<\/span><\/p>\n<p>&nbsp;<\/p>\n<p><span style=\"font-family: arial, helvetica, sans-serif;\">A rede DMR \u00e9 global, o facto de usar um TG de qualquer outro pa\u00eds ou master, estar\u00e1 sempre dispon\u00edvel em qualquer um.<br \/>\nDeve no entanto usar o master com menor lat\u00eancia \u00e0 sua localiza\u00e7\u00e3o, um exemplo: Encontro-me na B\u00e9lgica ligado no master PT mas quero usar um TG do Brasil, aqui deve mudar para o master da B\u00e9lgica que ter\u00e1 menos lat\u00eancia na sua liga\u00e7\u00e3o e depois sim usar qualquer TG que pretenda.<\/span><\/p>\n<p>&nbsp;<\/p>\n<p>&nbsp;<\/p>\n<p style=\"text-align: center;\"><strong><span style=\"font-family: arial, helvetica, sans-serif; font-size: 20px;\">Fotos rececionadas<br \/>\n<\/span><\/strong><span style=\"font-family: arial, helvetica, sans-serif; font-size: 16px;\">(n\u00e3o foram recebidas)<\/span><\/p>\n<p style=\"text-align: center;\"><strong><span style=\"font-family: arial, helvetica, sans-serif; font-size: 20px;\">Pontos<br \/>\n<\/span><\/strong><span style=\"font-family: arial, helvetica, sans-serif; font-size: 16px;\">Top \u2018Selfies\u2019\/Quiz<\/span><\/p>\n<p style=\"text-align: center;\"><img decoding=\"async\" class=\"size-full wp-image-4363 aligncenter\" src=\"https:\/\/dmr-portugal.org\/wp-content\/uploads\/2025\/07\/pontos-42.png\" alt=\"\" width=\"540\" height=\"519\" srcset=\"https:\/\/dmr-portugal.org\/wp-content\/uploads\/2025\/07\/pontos-42.png 540w, https:\/\/dmr-portugal.org\/wp-content\/uploads\/2025\/07\/pontos-42-300x288.png 300w, https:\/\/dmr-portugal.org\/wp-content\/uploads\/2025\/07\/pontos-42-150x144.png 150w\" sizes=\"(max-width: 540px) 100vw, 540px\" \/><\/p>\n<p>&nbsp;<\/p>\n<table style=\"border-collapse: collapse; width: 100%; height: 39px;\">\n<tbody>\n<tr>\n<td style=\"width: 50%; border-style: hidden; text-align: center;\"><img decoding=\"async\" class=\"size-full wp-image-4364 aligncenter\" src=\"https:\/\/dmr-portugal.org\/wp-content\/uploads\/2025\/07\/estatisticas-42.png\" alt=\"\" width=\"356\" height=\"215\" srcset=\"https:\/\/dmr-portugal.org\/wp-content\/uploads\/2025\/07\/estatisticas-42.png 356w, https:\/\/dmr-portugal.org\/wp-content\/uploads\/2025\/07\/estatisticas-42-300x181.png 300w, https:\/\/dmr-portugal.org\/wp-content\/uploads\/2025\/07\/estatisticas-42-150x91.png 150w, https:\/\/dmr-portugal.org\/wp-content\/uploads\/2025\/07\/estatisticas-42-250x150.png 250w\" sizes=\"(max-width: 356px) 100vw, 356px\" \/><\/td>\n<td style=\"width: 50%; border-style: hidden;\"><img loading=\"lazy\" decoding=\"async\" class=\"size-full wp-image-4362 aligncenter\" src=\"https:\/\/dmr-portugal.org\/wp-content\/uploads\/2025\/07\/top-tg-42.png\" alt=\"\" width=\"362\" height=\"369\" srcset=\"https:\/\/dmr-portugal.org\/wp-content\/uploads\/2025\/07\/top-tg-42.png 362w, https:\/\/dmr-portugal.org\/wp-content\/uploads\/2025\/07\/top-tg-42-294x300.png 294w, https:\/\/dmr-portugal.org\/wp-content\/uploads\/2025\/07\/top-tg-42-147x150.png 147w\" sizes=\"(max-width: 362px) 100vw, 362px\" \/><\/td>\n<\/tr>\n<\/tbody>\n<\/table>\n<p>&nbsp;<\/p>\n<p style=\"text-align: center;\"><img loading=\"lazy\" decoding=\"async\" class=\"size-full wp-image-4366 aligncenter\" src=\"https:\/\/dmr-portugal.org\/wp-content\/uploads\/2025\/07\/associacoes-42.png\" alt=\"\" width=\"309\" height=\"576\" srcset=\"https:\/\/dmr-portugal.org\/wp-content\/uploads\/2025\/07\/associacoes-42.png 309w, https:\/\/dmr-portugal.org\/wp-content\/uploads\/2025\/07\/associacoes-42-161x300.png 161w, https:\/\/dmr-portugal.org\/wp-content\/uploads\/2025\/07\/associacoes-42-80x150.png 80w\" sizes=\"(max-width: 309px) 100vw, 309px\" \/><\/p>\n<p>&nbsp;<\/p>\n<hr \/>\n<p>&nbsp;<\/p>\n","protected":false},"excerpt":{"rendered":"<p>&nbsp; Hist\u00f3rico da 42\u00aa sess\u00e3o Log da 42\u00aa sess\u00e3o do 8\u00ba ano &nbsp; 17 utilizadores fizeram representar as suas associa\u00e7\u00f5es. 2 utilizadores responderam acertadamente \u00e0 quest\u00e3o do Quiz, colocada e publicada em resposta na sess\u00e3o #22 que era a seguinte:\u00a0 &nbsp; Existem TG de outros pa\u00edses que eu gostaria de \u2026 <a class=\"continue-reading-link\" href=\"https:\/\/dmr-portugal.org\/?page_id=4358\"> Continua&#8230; <span class=\"meta-nav\">&rarr; <\/span><\/a><\/p>\n","protected":false},"author":1,"featured_media":0,"parent":3839,"menu_order":5,"comment_status":"closed","ping_status":"closed","template":"","meta":{"footnotes":""},"class_list":["post-4358","page","type-page","status-publish","hentry"],"_links":{"self":[{"href":"https:\/\/dmr-portugal.org\/index.php?rest_route=\/wp\/v2\/pages\/4358","targetHints":{"allow":["GET"]}}],"collection":[{"href":"https:\/\/dmr-portugal.org\/index.php?rest_route=\/wp\/v2\/pages"}],"about":[{"href":"https:\/\/dmr-portugal.org\/index.php?rest_route=\/wp\/v2\/types\/page"}],"author":[{"embeddable":true,"href":"https:\/\/dmr-portugal.org\/index.php?rest_route=\/wp\/v2\/users\/1"}],"replies":[{"embeddable":true,"href":"https:\/\/dmr-portugal.org\/index.php?rest_route=%2Fwp%2Fv2%2Fcomments&post=4358"}],"version-history":[{"count":4,"href":"https:\/\/dmr-portugal.org\/index.php?rest_route=\/wp\/v2\/pages\/4358\/revisions"}],"predecessor-version":[{"id":4367,"href":"https:\/\/dmr-portugal.org\/index.php?rest_route=\/wp\/v2\/pages\/4358\/revisions\/4367"}],"up":[{"embeddable":true,"href":"https:\/\/dmr-portugal.org\/index.php?rest_route=\/wp\/v2\/pages\/3839"}],"wp:attachment":[{"href":"https:\/\/dmr-portugal.org\/index.php?rest_route=%2Fwp%2Fv2%2Fmedia&parent=4358"}],"curies":[{"name":"wp","href":"https:\/\/api.w.org\/{rel}","templated":true}]}}