{"id":4345,"date":"2025-07-09T16:19:27","date_gmt":"2025-07-09T15:19:27","guid":{"rendered":"https:\/\/dmr-portugal.org\/?page_id=4345"},"modified":"2025-07-09T16:33:39","modified_gmt":"2025-07-09T15:33:39","slug":"netct-41a-sessao","status":"publish","type":"page","link":"https:\/\/dmr-portugal.org\/?page_id=4345","title":{"rendered":"netCT 41\u00aa sess\u00e3o"},"content":{"rendered":"<p>&nbsp;<\/p>\n<p style=\"text-align: center;\"><span style=\"font-family: arial, helvetica, sans-serif; font-size: 20px;\"><strong>Hist\u00f3rico da 41\u00aa sess\u00e3o<\/strong><\/span><\/p>\n<p style=\"text-align: center;\"><img fetchpriority=\"high\" decoding=\"async\" class=\"size-full wp-image-4347 aligncenter\" src=\"https:\/\/dmr-portugal.org\/wp-content\/uploads\/2025\/07\/Log-net-08_41.png\" alt=\"\" width=\"965\" height=\"770\" srcset=\"https:\/\/dmr-portugal.org\/wp-content\/uploads\/2025\/07\/Log-net-08_41.png 965w, https:\/\/dmr-portugal.org\/wp-content\/uploads\/2025\/07\/Log-net-08_41-300x239.png 300w, https:\/\/dmr-portugal.org\/wp-content\/uploads\/2025\/07\/Log-net-08_41-768x613.png 768w, https:\/\/dmr-portugal.org\/wp-content\/uploads\/2025\/07\/Log-net-08_41-150x120.png 150w\" sizes=\"(max-width: 965px) 100vw, 965px\" \/><\/p>\n<p style=\"text-align: center;\"><span style=\"font-family: arial, helvetica, sans-serif;\"><strong><em>Log da 41\u00aa sess\u00e3o do 8\u00ba ano<\/em><\/strong><\/span><\/p>\n<p>&nbsp;<\/p>\n<p><span style=\"font-family: arial, helvetica, sans-serif; font-size: 16px;\">16 utilizadores fizeram representar as suas associa\u00e7\u00f5es. 1 utilizador respondeu acertadamente \u00e0 quest\u00e3o do Quiz, colocada e publicada em resposta na sess\u00e3o #23 que era a seguinte:<\/span><\/p>\n<p>&nbsp;<\/p>\n<p style=\"padding-left: 40px;\"><span style=\"font-family: arial, helvetica, sans-serif;\">Tenho um radio C4FM e quando procuro as liga\u00e7\u00f5es aos reflectores encontro na lista o XLX268 #42725, este reflector n\u00e3o \u00e9 s\u00f3 para DSTAR ? \u00e9 que liguei l\u00e1 e n\u00e3o escutei ningu\u00e9m. Devo usar os DG-ID? Como faz\u00ea-lo?<\/span><\/p>\n<p>&nbsp;<\/p>\n<p><span style=\"font-family: arial, helvetica, sans-serif;\">O XLX268 \u00e9 um reflector multimodo, aceita DSTAR, DMR e C4FM. No caso em quest\u00e3o a liga\u00e7\u00e3o feita a ele n\u00e3o especifica qual o modulo usado, necessita por DG-ID ligar-se a um dos 26 modulos disponibilizados. A lista dos DG-ID relativos a cada modulo \u00e9 mostrada consultando a p\u00e1gina <a href=\"https:\/\/xlx268.from-ct.com\/index.php?show=modules\">https:\/\/xlx268.from-ct.com\/index.php?show=modules<\/a> na coluna da direita.\u00a0<\/span><\/p>\n<p>&nbsp;<\/p>\n<p style=\"text-align: center;\"><img decoding=\"async\" class=\" wp-image-3984 aligncenter\" src=\"https:\/\/dmr-portugal.org\/wp-content\/uploads\/2025\/03\/xlx268-1-1024x858.png\" alt=\"\" width=\"630\" height=\"528\" srcset=\"https:\/\/dmr-portugal.org\/wp-content\/uploads\/2025\/03\/xlx268-1-1024x858.png 1024w, https:\/\/dmr-portugal.org\/wp-content\/uploads\/2025\/03\/xlx268-1-300x251.png 300w, https:\/\/dmr-portugal.org\/wp-content\/uploads\/2025\/03\/xlx268-1-768x644.png 768w, https:\/\/dmr-portugal.org\/wp-content\/uploads\/2025\/03\/xlx268-1-150x126.png 150w, https:\/\/dmr-portugal.org\/wp-content\/uploads\/2025\/03\/xlx268-1.png 1062w\" sizes=\"(max-width: 630px) 100vw, 630px\" \/><\/p>\n<p style=\"text-align: center;\"><span style=\"font-family: arial, helvetica, sans-serif; font-size: 20px;\"><strong>Fotos rececionadas<\/strong><\/span><br \/>\n<span style=\"font-family: arial, helvetica, sans-serif; font-size: 16px;\">(n\u00e3o foram recebidas)<\/span><\/p>\n<p style=\"text-align: center;\"><span style=\"font-family: arial, helvetica, sans-serif; font-size: 20px;\"><strong>Pontos<\/strong><\/span><br \/>\n<span style=\"font-family: arial, helvetica, sans-serif; font-size: 16px;\">Top \u2018Selfies\u2019\/Quiz<\/span><\/p>\n<p style=\"text-align: center;\"><img decoding=\"async\" class=\"size-full wp-image-4349 aligncenter\" src=\"https:\/\/dmr-portugal.org\/wp-content\/uploads\/2025\/07\/pontos-41.png\" alt=\"\" width=\"523\" height=\"500\" srcset=\"https:\/\/dmr-portugal.org\/wp-content\/uploads\/2025\/07\/pontos-41.png 523w, https:\/\/dmr-portugal.org\/wp-content\/uploads\/2025\/07\/pontos-41-300x287.png 300w, https:\/\/dmr-portugal.org\/wp-content\/uploads\/2025\/07\/pontos-41-150x143.png 150w\" sizes=\"(max-width: 523px) 100vw, 523px\" \/><\/p>\n<table style=\"border-collapse: collapse; width: 100%;\">\n<tbody>\n<tr>\n<td style=\"width: 375.5px; border-style: hidden; text-align: center;\"><img loading=\"lazy\" decoding=\"async\" class=\"size-full wp-image-4350 aligncenter\" src=\"https:\/\/dmr-portugal.org\/wp-content\/uploads\/2025\/07\/estatisticas-41.png\" alt=\"\" width=\"325\" height=\"222\" srcset=\"https:\/\/dmr-portugal.org\/wp-content\/uploads\/2025\/07\/estatisticas-41.png 325w, https:\/\/dmr-portugal.org\/wp-content\/uploads\/2025\/07\/estatisticas-41-300x205.png 300w, https:\/\/dmr-portugal.org\/wp-content\/uploads\/2025\/07\/estatisticas-41-150x102.png 150w\" sizes=\"(max-width: 325px) 100vw, 325px\" \/><\/td>\n<td style=\"width: 375.5px; border-style: hidden;\"><img loading=\"lazy\" decoding=\"async\" class=\"size-full wp-image-4351 aligncenter\" src=\"https:\/\/dmr-portugal.org\/wp-content\/uploads\/2025\/07\/top-tg-41.png\" alt=\"\" width=\"353\" height=\"361\" srcset=\"https:\/\/dmr-portugal.org\/wp-content\/uploads\/2025\/07\/top-tg-41.png 353w, https:\/\/dmr-portugal.org\/wp-content\/uploads\/2025\/07\/top-tg-41-293x300.png 293w, https:\/\/dmr-portugal.org\/wp-content\/uploads\/2025\/07\/top-tg-41-147x150.png 147w\" sizes=\"(max-width: 353px) 100vw, 353px\" \/><\/td>\n<\/tr>\n<\/tbody>\n<\/table>\n<p>&nbsp;<\/p>\n<p style=\"text-align: center;\"><img loading=\"lazy\" decoding=\"async\" class=\"size-full wp-image-4352 aligncenter\" src=\"https:\/\/dmr-portugal.org\/wp-content\/uploads\/2025\/07\/associacoes-41.png\" alt=\"\" width=\"305\" height=\"584\" srcset=\"https:\/\/dmr-portugal.org\/wp-content\/uploads\/2025\/07\/associacoes-41.png 305w, https:\/\/dmr-portugal.org\/wp-content\/uploads\/2025\/07\/associacoes-41-157x300.png 157w, https:\/\/dmr-portugal.org\/wp-content\/uploads\/2025\/07\/associacoes-41-78x150.png 78w\" sizes=\"(max-width: 305px) 100vw, 305px\" \/><\/p>\n<p>&nbsp;<\/p>\n<hr \/>\n<p>&nbsp;<\/p>\n","protected":false},"excerpt":{"rendered":"<p>&nbsp; Hist\u00f3rico da 41\u00aa sess\u00e3o Log da 41\u00aa sess\u00e3o do 8\u00ba ano &nbsp; 16 utilizadores fizeram representar as suas associa\u00e7\u00f5es. 1 utilizador respondeu acertadamente \u00e0 quest\u00e3o do Quiz, colocada e publicada em resposta na sess\u00e3o #23 que era a seguinte: &nbsp; Tenho um radio C4FM e quando procuro as liga\u00e7\u00f5es \u2026 <a class=\"continue-reading-link\" href=\"https:\/\/dmr-portugal.org\/?page_id=4345\"> Continua&#8230; <span class=\"meta-nav\">&rarr; <\/span><\/a><\/p>\n","protected":false},"author":1,"featured_media":0,"parent":3839,"menu_order":6,"comment_status":"closed","ping_status":"closed","template":"","meta":{"footnotes":""},"class_list":["post-4345","page","type-page","status-publish","hentry"],"_links":{"self":[{"href":"https:\/\/dmr-portugal.org\/index.php?rest_route=\/wp\/v2\/pages\/4345","targetHints":{"allow":["GET"]}}],"collection":[{"href":"https:\/\/dmr-portugal.org\/index.php?rest_route=\/wp\/v2\/pages"}],"about":[{"href":"https:\/\/dmr-portugal.org\/index.php?rest_route=\/wp\/v2\/types\/page"}],"author":[{"embeddable":true,"href":"https:\/\/dmr-portugal.org\/index.php?rest_route=\/wp\/v2\/users\/1"}],"replies":[{"embeddable":true,"href":"https:\/\/dmr-portugal.org\/index.php?rest_route=%2Fwp%2Fv2%2Fcomments&post=4345"}],"version-history":[{"count":4,"href":"https:\/\/dmr-portugal.org\/index.php?rest_route=\/wp\/v2\/pages\/4345\/revisions"}],"predecessor-version":[{"id":4348,"href":"https:\/\/dmr-portugal.org\/index.php?rest_route=\/wp\/v2\/pages\/4345\/revisions\/4348"}],"up":[{"embeddable":true,"href":"https:\/\/dmr-portugal.org\/index.php?rest_route=\/wp\/v2\/pages\/3839"}],"wp:attachment":[{"href":"https:\/\/dmr-portugal.org\/index.php?rest_route=%2Fwp%2Fv2%2Fmedia&parent=4345"}],"curies":[{"name":"wp","href":"https:\/\/api.w.org\/{rel}","templated":true}]}}