{"id":4334,"date":"2025-07-09T15:56:26","date_gmt":"2025-07-09T14:56:26","guid":{"rendered":"https:\/\/dmr-portugal.org\/?page_id=4334"},"modified":"2025-07-09T16:18:00","modified_gmt":"2025-07-09T15:18:00","slug":"netct-40a-sessao","status":"publish","type":"page","link":"https:\/\/dmr-portugal.org\/?page_id=4334","title":{"rendered":"netCT 40\u00aa sess\u00e3o"},"content":{"rendered":"<p>&nbsp;<\/p>\n<p style=\"text-align: center;\"><strong><span style=\"font-family: arial, helvetica, sans-serif; font-size: 20px;\">Hist\u00f3rico da 40\u00aa sess\u00e3o<\/span><\/strong><\/p>\n<p style=\"text-align: center;\"><img fetchpriority=\"high\" decoding=\"async\" class=\"size-full wp-image-4337 aligncenter\" src=\"https:\/\/dmr-portugal.org\/wp-content\/uploads\/2025\/07\/Log-net-08_40.png\" alt=\"\" width=\"967\" height=\"776\" srcset=\"https:\/\/dmr-portugal.org\/wp-content\/uploads\/2025\/07\/Log-net-08_40.png 967w, https:\/\/dmr-portugal.org\/wp-content\/uploads\/2025\/07\/Log-net-08_40-300x241.png 300w, https:\/\/dmr-portugal.org\/wp-content\/uploads\/2025\/07\/Log-net-08_40-768x616.png 768w, https:\/\/dmr-portugal.org\/wp-content\/uploads\/2025\/07\/Log-net-08_40-150x120.png 150w\" sizes=\"(max-width: 967px) 100vw, 967px\" \/><\/p>\n<p style=\"text-align: center;\"><strong><span style=\"font-family: arial, helvetica, sans-serif;\"><em>Log da 40\u00aa sess\u00e3o do 8\u00ba ano<\/em><\/span><\/strong><\/p>\n<p>&nbsp;<\/p>\n<p><span style=\"font-family: arial, helvetica, sans-serif;\">14 utilizadores fizeram representar as suas associa\u00e7\u00f5es. 2 utilizadores responderam acertadamente \u00e0 quest\u00e3o do Quiz 1 errou, foi colocada e publicada em resposta na sess\u00e3o #17 que era a seguinte:<\/span><\/p>\n<p>&nbsp;<\/p>\n<p style=\"padding-left: 40px;\"><span style=\"font-family: arial, helvetica, sans-serif;\">Embora a netCT seja feita em DMR permite no entanto todos os outros modos poderem estar presentes. <\/span><br \/>\n<span style=\"font-family: arial, helvetica, sans-serif;\">Com base no dito anteriormente uma pergunta simples para os utilizadores da rede C4FM fornecida por n\u00f3s, entre reflectores YSF e FCS quantos existem em Portugal com liga\u00e7\u00e3o na nossa rede ?<\/span><\/p>\n<p>&nbsp;<\/p>\n<p><span style=\"font-family: arial, helvetica, sans-serif;\">Na rede nacional sob nossa gest\u00e3o existem fisicamente 3 sistemas, podem tamb\u00e9m responder os aliases do sistema, nesse caso ser\u00e3o 8. Os 3 sistemas reflectores s\u00e3o:<\/span><\/p>\n<ul>\n<li><span style=\"font-family: arial, helvetica, sans-serif;\">O YCS268, usado com protocolo FCS ou YSF, trabalha em exclusivo com DG-ID. Permite usar DG-ID est\u00e1ticos. O uso de VW neste reflector n\u00e3o funciona.<\/span><\/li>\n<li><span style=\"font-family: arial, helvetica, sans-serif;\">O pYSF3, sistema multi stream, tem algumas liga\u00e7\u00f5es com &#8220;alias&#8221; a DMR\/DSTAR que ainda mantemos para os colegas que n\u00e3o sabem como usar DG-ID neste sistema. N\u00e3o permite o uso de est\u00e1ticos s\u00f3 operando por DG-ID subscrito. Permite localiza\u00e7\u00e3o e VW em qualquer DG-ID, VW em DG-ID exclusivos a C4FM bem como a retransmiss\u00e3o de imagens, s\u00f3 devem ser usados DG-ID <strong>exclusivos<\/strong> a rede C4FM, portanto sem liga\u00e7\u00e3o com outros modos..<\/span><\/li>\n<li><span style=\"font-family: arial, helvetica, sans-serif;\">O XLX268 tamb\u00e9m ele permite liga\u00e7\u00e3o a C4FM, dando a possibilidade de usar os 26 modulos existentes e as suas diversas liga\u00e7\u00f5es.<\/span><\/li>\n<\/ul>\n<p><em><span style=\"font-family: arial, helvetica, sans-serif;\"><strong>Nota<\/strong>:\u00a0<span style=\"font-size: 14px;\">Os reflectores YSF009, YSF268, YSF903, YSF915 e YSF912 s\u00e3o aliases contidos no multireflector pYSF3, correspondem aos DG-ID 93, 95, 91, 94, 92, respectivamente, tanto neste reflector como no YCS268.<\/span><\/span><\/em><\/p>\n<p><span style=\"font-family: arial, helvetica, sans-serif;\"><strong>O YSFDirect <\/strong>n\u00e3o \u00e9 um reflector. Ligado diretamente ao master BM permite ao utilizador ligar-se onde quiser seja DMR, YSF, DSTAR, NXDN atrav\u00e9s de configura\u00e7\u00e3o pessoal contida na configura\u00e7\u00e3o da aplica\u00e7\u00e3o at\u00e9 99 DG-ID. Esta configura\u00e7\u00e3o \u2018pessoal\u2019 permite por DG-ID subscrever qualquer TG da rede DMR e acesso a bridges de outros sistemas que estejam presentes na rede DMR.<\/span><\/p>\n<p style=\"text-align: center;\"><span style=\"font-family: arial, helvetica, sans-serif; font-size: 20px;\"><strong>Fotos rececionadas<\/strong><\/span><br \/>\n<span style=\"font-family: arial, helvetica, sans-serif; font-size: 16px;\">(n\u00e3o foram recebidas)<\/span><\/p>\n<p style=\"text-align: center;\"><span style=\"font-family: arial, helvetica, sans-serif; font-size: 20px;\"><strong>Pontos<\/strong><\/span><br \/>\n<span style=\"font-family: arial, helvetica, sans-serif; font-size: 16px;\">Top \u2018Selfies\u2019\/Quiz<\/span><\/p>\n<p style=\"text-align: center;\"><img decoding=\"async\" class=\"size-full wp-image-4338 aligncenter\" src=\"https:\/\/dmr-portugal.org\/wp-content\/uploads\/2025\/07\/pontos-40.png\" alt=\"\" width=\"522\" height=\"500\" srcset=\"https:\/\/dmr-portugal.org\/wp-content\/uploads\/2025\/07\/pontos-40.png 522w, https:\/\/dmr-portugal.org\/wp-content\/uploads\/2025\/07\/pontos-40-300x287.png 300w, https:\/\/dmr-portugal.org\/wp-content\/uploads\/2025\/07\/pontos-40-150x144.png 150w\" sizes=\"(max-width: 522px) 100vw, 522px\" \/><\/p>\n<p>&nbsp;<\/p>\n<table style=\"border-collapse: collapse; width: 100%;\">\n<tbody>\n<tr>\n<td style=\"width: 375.5px; border-style: hidden; text-align: center;\"><img decoding=\"async\" class=\"size-full wp-image-4339 aligncenter\" src=\"https:\/\/dmr-portugal.org\/wp-content\/uploads\/2025\/07\/estatisticas-40.png\" alt=\"\" width=\"339\" height=\"216\" srcset=\"https:\/\/dmr-portugal.org\/wp-content\/uploads\/2025\/07\/estatisticas-40.png 339w, https:\/\/dmr-portugal.org\/wp-content\/uploads\/2025\/07\/estatisticas-40-300x191.png 300w, https:\/\/dmr-portugal.org\/wp-content\/uploads\/2025\/07\/estatisticas-40-150x96.png 150w\" sizes=\"(max-width: 339px) 100vw, 339px\" \/><\/td>\n<td style=\"width: 375.5px; border-style: hidden;\"><img loading=\"lazy\" decoding=\"async\" class=\"size-full wp-image-4340 aligncenter\" src=\"https:\/\/dmr-portugal.org\/wp-content\/uploads\/2025\/07\/top-tg-40.png\" alt=\"\" width=\"319\" height=\"309\" srcset=\"https:\/\/dmr-portugal.org\/wp-content\/uploads\/2025\/07\/top-tg-40.png 319w, https:\/\/dmr-portugal.org\/wp-content\/uploads\/2025\/07\/top-tg-40-300x291.png 300w, https:\/\/dmr-portugal.org\/wp-content\/uploads\/2025\/07\/top-tg-40-150x145.png 150w\" sizes=\"(max-width: 319px) 100vw, 319px\" \/><\/td>\n<\/tr>\n<\/tbody>\n<\/table>\n<p style=\"text-align: center;\"><img loading=\"lazy\" decoding=\"async\" class=\"size-full wp-image-4343 aligncenter\" src=\"https:\/\/dmr-portugal.org\/wp-content\/uploads\/2025\/07\/associacoes-40.png\" alt=\"\" width=\"296\" height=\"591\" srcset=\"https:\/\/dmr-portugal.org\/wp-content\/uploads\/2025\/07\/associacoes-40.png 296w, https:\/\/dmr-portugal.org\/wp-content\/uploads\/2025\/07\/associacoes-40-150x300.png 150w, https:\/\/dmr-portugal.org\/wp-content\/uploads\/2025\/07\/associacoes-40-75x150.png 75w\" sizes=\"(max-width: 296px) 100vw, 296px\" \/><\/p>\n<hr \/>\n<p>&nbsp;<\/p>\n","protected":false},"excerpt":{"rendered":"<p>&nbsp; Hist\u00f3rico da 40\u00aa sess\u00e3o Log da 40\u00aa sess\u00e3o do 8\u00ba ano &nbsp; 14 utilizadores fizeram representar as suas associa\u00e7\u00f5es. 2 utilizadores responderam acertadamente \u00e0 quest\u00e3o do Quiz 1 errou, foi colocada e publicada em resposta na sess\u00e3o #17 que era a seguinte: &nbsp; Embora a netCT seja feita em \u2026 <a class=\"continue-reading-link\" href=\"https:\/\/dmr-portugal.org\/?page_id=4334\"> Continua&#8230; <span class=\"meta-nav\">&rarr; <\/span><\/a><\/p>\n","protected":false},"author":1,"featured_media":0,"parent":3839,"menu_order":7,"comment_status":"closed","ping_status":"closed","template":"","meta":{"footnotes":""},"class_list":["post-4334","page","type-page","status-publish","hentry"],"_links":{"self":[{"href":"https:\/\/dmr-portugal.org\/index.php?rest_route=\/wp\/v2\/pages\/4334","targetHints":{"allow":["GET"]}}],"collection":[{"href":"https:\/\/dmr-portugal.org\/index.php?rest_route=\/wp\/v2\/pages"}],"about":[{"href":"https:\/\/dmr-portugal.org\/index.php?rest_route=\/wp\/v2\/types\/page"}],"author":[{"embeddable":true,"href":"https:\/\/dmr-portugal.org\/index.php?rest_route=\/wp\/v2\/users\/1"}],"replies":[{"embeddable":true,"href":"https:\/\/dmr-portugal.org\/index.php?rest_route=%2Fwp%2Fv2%2Fcomments&post=4334"}],"version-history":[{"count":5,"href":"https:\/\/dmr-portugal.org\/index.php?rest_route=\/wp\/v2\/pages\/4334\/revisions"}],"predecessor-version":[{"id":4344,"href":"https:\/\/dmr-portugal.org\/index.php?rest_route=\/wp\/v2\/pages\/4334\/revisions\/4344"}],"up":[{"embeddable":true,"href":"https:\/\/dmr-portugal.org\/index.php?rest_route=\/wp\/v2\/pages\/3839"}],"wp:attachment":[{"href":"https:\/\/dmr-portugal.org\/index.php?rest_route=%2Fwp%2Fv2%2Fmedia&parent=4334"}],"curies":[{"name":"wp","href":"https:\/\/api.w.org\/{rel}","templated":true}]}}