{"id":433,"date":"2016-03-02T20:48:47","date_gmt":"2016-03-02T20:48:47","guid":{"rendered":"https:\/\/dmr-portugal.org\/?page_id=433"},"modified":"2018-04-22T12:58:47","modified_gmt":"2018-04-22T11:58:47","slug":"aprs-e-sms-no-dmr","status":"publish","type":"page","link":"https:\/\/dmr-portugal.org\/?page_id=433","title":{"rendered":"APRS e SMS no DMR"},"content":{"rendered":"<p>&nbsp;<\/p>\n<p><span style=\"font-family: arial,helvetica,sans-serif; font-size: 12pt;\">Nem todos os equipamentos podem receber\/enviar mensagens de SMS ou comunica\u00e7\u00f5es APRS, \u00e9 conveniente que antes de adquirirem um equipamento verifiquem quais os modelos que a rede BrandMeister j\u00e1 suporta atualmente. No site Wiki do BrandMeister, neste <a href=\"https:\/\/wiki.brandmeister.network\/index.php\/Terminal_Support\" target=\"_blank\" rel=\"noopener\">&#8220;LINK&#8221;<\/a> \u00e9 poss\u00edvel verificarmos quais os modelos e o que suportam. No exemplo abaixo (est\u00e1 desactualizada, deve consultar o link anterior) podemos constatar (e eu na pr\u00e1tica verifiquei) que o Tytera MD380 ainda n\u00e3o \u00e9 completamente suportado pelo sistema (Actualmente j\u00e1 \u00e9 01\/2017).<\/span><\/p>\n<p>&nbsp;<\/p>\n<p style=\"text-align: center;\"><a href=\"https:\/\/dmr-portugal.org\/wp-content\/uploads\/2016\/03\/Radios.png\"><img fetchpriority=\"high\" decoding=\"async\" class=\"wp-image-434 size-full aligncenter\" src=\"https:\/\/dmr-portugal.org\/wp-content\/uploads\/2016\/03\/Radios.png\" alt=\"Radios\" width=\"439\" height=\"655\" srcset=\"https:\/\/dmr-portugal.org\/wp-content\/uploads\/2016\/03\/Radios.png 439w, https:\/\/dmr-portugal.org\/wp-content\/uploads\/2016\/03\/Radios-201x300.png 201w, https:\/\/dmr-portugal.org\/wp-content\/uploads\/2016\/03\/Radios-101x150.png 101w\" sizes=\"(max-width: 439px) 100vw, 439px\" \/><\/a><\/p>\n<p style=\"text-align: left;\"><span style=\"font-family: arial,helvetica,sans-serif; font-size: 12pt;\">Dando a informa\u00e7\u00e3o &#8220;<em>de que se est\u00e1 a trabalhar para isso<\/em>&#8220;, existem tamb\u00e9m modelos n\u00e3o testados pela equipa de desenvolvimento que no entanto poder\u00e3o funcionar, agradecia-se que quem os tenha e teste que envie os resultados dos mesmos para <a href=\"mailto:zarya@gigafreak.net\" target=\"_blank\" rel=\"noopener\">Rudy &#8211; PD0ZRY<\/a> ou mesmo para mim.<\/span><\/p>\n<p style=\"text-align: left;\"><span style=\"font-family: arial,helvetica,sans-serif; font-size: 12pt;\">Na posse de um equipamento que permita mensagens, temos que a mesma poder\u00e1 ocorrer por duas formas, SMS, mensagem enviada em modo privado a algu\u00e9m na rede e sempre (de prefer\u00eancia) dentro do mesmo repetidor, ou mensagem de APRS e esta poder\u00e1 ser enviada de qualquer network. Se o equipamento que tem suporta ARS\/RRS ele automaticamente se anuncia no repetidor que alcan\u00e7ar, isso informa a rede da posi\u00e7\u00e3o do utilizador perante a mesma, estes servi\u00e7os de ARS\/RRS existem nos equipamentos Hytera e Motorola, embora outros tamb\u00e9m os possam ter. As marcas nem todas tem a mesma configura\u00e7\u00e3o para este servi\u00e7o, primeiro que tudo teremos que informar a rede de qual o vosso SSID (aquele numeral que aparece no APRS ap\u00f3s o nosso indicativo) para que ela interprete correctamente a rela\u00e7\u00e3o ID do indicativo-SSID, para isso temos que nos registar neste <a href=\"http:\/\/cloud.dstar.su\/bootstrap\/\" target=\"_blank\" rel=\"noopener\"><strong>S<\/strong><strong>ite\u00a0<\/strong>designado de SelfCare<\/a>, tentei reproduzir por imagens o que fazer, para quem a l\u00edngua inglesa n\u00e3o constitui obstaculo as minhas desculpas pela legendagem. <\/span><\/p>\n<p style=\"text-align: center;\"><a href=\"https:\/\/dmr-portugal.org\/wp-content\/uploads\/2016\/03\/Registe-se.png\"><img decoding=\"async\" class=\"wp-image-435 size-large aligncenter\" src=\"https:\/\/dmr-portugal.org\/wp-content\/uploads\/2016\/03\/Registe-se-1024x674.png\" alt=\"Registe-se\" width=\"800\" height=\"527\" srcset=\"https:\/\/dmr-portugal.org\/wp-content\/uploads\/2016\/03\/Registe-se-1024x674.png 1024w, https:\/\/dmr-portugal.org\/wp-content\/uploads\/2016\/03\/Registe-se-300x197.png 300w, https:\/\/dmr-portugal.org\/wp-content\/uploads\/2016\/03\/Registe-se-150x99.png 150w, https:\/\/dmr-portugal.org\/wp-content\/uploads\/2016\/03\/Registe-se.png 1170w\" sizes=\"(max-width: 800px) 100vw, 800px\" \/><\/a><\/p>\n<p>&nbsp;<\/p>\n<hr \/>\n<p style=\"text-align: center;\"><a href=\"https:\/\/dmr-portugal.org\/wp-content\/uploads\/2016\/03\/registo_1.png\"><img decoding=\"async\" class=\"aligncenter wp-image-436 size-large\" src=\"https:\/\/dmr-portugal.org\/wp-content\/uploads\/2016\/03\/registo_1-1024x594.png\" alt=\"registo_1\" width=\"800\" height=\"464\" srcset=\"https:\/\/dmr-portugal.org\/wp-content\/uploads\/2016\/03\/registo_1-1024x594.png 1024w, https:\/\/dmr-portugal.org\/wp-content\/uploads\/2016\/03\/registo_1-300x174.png 300w, https:\/\/dmr-portugal.org\/wp-content\/uploads\/2016\/03\/registo_1-150x87.png 150w, https:\/\/dmr-portugal.org\/wp-content\/uploads\/2016\/03\/registo_1.png 1171w\" sizes=\"(max-width: 800px) 100vw, 800px\" \/><\/a><\/p>\n<p>&nbsp;<\/p>\n<hr \/>\n<p style=\"text-align: left;\"><a href=\"https:\/\/dmr-portugal.org\/wp-content\/uploads\/2016\/03\/registo_2.png\"><img loading=\"lazy\" decoding=\"async\" class=\"aligncenter wp-image-437 size-large\" src=\"https:\/\/dmr-portugal.org\/wp-content\/uploads\/2016\/03\/registo_2-1024x693.png\" alt=\"registo_2\" width=\"800\" height=\"541\" srcset=\"https:\/\/dmr-portugal.org\/wp-content\/uploads\/2016\/03\/registo_2-1024x693.png 1024w, https:\/\/dmr-portugal.org\/wp-content\/uploads\/2016\/03\/registo_2-300x203.png 300w, https:\/\/dmr-portugal.org\/wp-content\/uploads\/2016\/03\/registo_2-150x101.png 150w, https:\/\/dmr-portugal.org\/wp-content\/uploads\/2016\/03\/registo_2.png 1171w\" sizes=\"(max-width: 800px) 100vw, 800px\" \/><\/a><\/p>\n<hr \/>\n<p style=\"text-align: left;\"><span style=\"font-family: arial,helvetica,sans-serif; font-size: 12pt;\">Ap\u00f3s o registo pode ent\u00e3o aceder \u00e0 sua \u00e1rea.<\/span><\/p>\n<p style=\"text-align: left;\"><span style=\"font-family: arial,helvetica,sans-serif; font-size: 12pt;\">Como exemplo, abaixo \u00e9 vis\u00edvel o que encontram ap\u00f3s a entrada no SelfCare, primeiro menu My Call encontram todos os registos que tenham efectuado no DSTAR (se acaso n\u00e3o \u00e9 vis\u00edvel nenhum contactem-me para ser adicionado)<\/span><\/p>\n<p style=\"text-align: center;\"><a href=\"https:\/\/dmr-portugal.org\/wp-content\/uploads\/2016\/03\/registo_41.png\"><img loading=\"lazy\" decoding=\"async\" class=\"alignnone wp-image-440 size-large\" src=\"https:\/\/dmr-portugal.org\/wp-content\/uploads\/2016\/03\/registo_41-1024x353.png\" alt=\"registo_4\" width=\"800\" height=\"276\" srcset=\"https:\/\/dmr-portugal.org\/wp-content\/uploads\/2016\/03\/registo_41-1024x353.png 1024w, https:\/\/dmr-portugal.org\/wp-content\/uploads\/2016\/03\/registo_41-300x103.png 300w, https:\/\/dmr-portugal.org\/wp-content\/uploads\/2016\/03\/registo_41-150x52.png 150w, https:\/\/dmr-portugal.org\/wp-content\/uploads\/2016\/03\/registo_41.png 1132w\" sizes=\"(max-width: 800px) 100vw, 800px\" \/><\/a><\/p>\n<hr \/>\n<p style=\"text-align: left;\"><span style=\"font-family: arial,helvetica,sans-serif; font-size: 12pt;\">O que necessitam est\u00e1 no menu Ham DMR, aqui ir\u00e3o encontrar os registos v\u00e1lidos para o vosso indicativo no campo de sele\u00e7\u00e3o seguinte ao indicativo tem um selector com ETSI no label, devem abri-lo e configura-lo para o &#8220;tipo&#8221; do vosso r\u00e1dio, relembro que foi poss\u00edvel de vizualizarem no BrandMeister Wiki que o Tytera tem emula\u00e7\u00e3o Motorola, com podem depois ver \u00e9 essa a configura\u00e7\u00e3o que eu tenho no meu.<\/span><\/p>\n<hr \/>\n<p style=\"text-align: center;\"><a href=\"https:\/\/dmr-portugal.org\/wp-content\/uploads\/2016\/03\/registo_5.png\"><img loading=\"lazy\" decoding=\"async\" class=\"aligncenter wp-image-441 size-large\" src=\"https:\/\/dmr-portugal.org\/wp-content\/uploads\/2016\/03\/registo_5-1024x191.png\" alt=\"registo_5\" width=\"800\" height=\"149\" srcset=\"https:\/\/dmr-portugal.org\/wp-content\/uploads\/2016\/03\/registo_5-1024x191.png 1024w, https:\/\/dmr-portugal.org\/wp-content\/uploads\/2016\/03\/registo_5-300x56.png 300w, https:\/\/dmr-portugal.org\/wp-content\/uploads\/2016\/03\/registo_5-150x28.png 150w, https:\/\/dmr-portugal.org\/wp-content\/uploads\/2016\/03\/registo_5.png 1275w\" sizes=\"(max-width: 800px) 100vw, 800px\" \/><\/a><\/p>\n<hr \/>\n<p style=\"text-align: left;\"><span style=\"font-family: arial,helvetica,sans-serif; font-size: 12pt;\">Depois de configurado o tipo de r\u00e1dio temos que escolher o SSID, no caso tenho 7- port\u00e1til e 9 &#8211; carro<\/span><\/p>\n<hr \/>\n<p style=\"text-align: center;\"><a href=\"https:\/\/dmr-portugal.org\/wp-content\/uploads\/2016\/03\/registo_6.png\"><img loading=\"lazy\" decoding=\"async\" class=\"aligncenter wp-image-442 size-large\" src=\"https:\/\/dmr-portugal.org\/wp-content\/uploads\/2016\/03\/registo_6-1024x214.png\" alt=\"registo_6\" width=\"800\" height=\"167\" srcset=\"https:\/\/dmr-portugal.org\/wp-content\/uploads\/2016\/03\/registo_6-1024x214.png 1024w, https:\/\/dmr-portugal.org\/wp-content\/uploads\/2016\/03\/registo_6-300x63.png 300w, https:\/\/dmr-portugal.org\/wp-content\/uploads\/2016\/03\/registo_6-150x31.png 150w, https:\/\/dmr-portugal.org\/wp-content\/uploads\/2016\/03\/registo_6.png 1297w\" sizes=\"(max-width: 800px) 100vw, 800px\" \/><\/a><\/p>\n<hr \/>\n<p style=\"text-align: left;\"><span style=\"font-family: arial,helvetica,sans-serif; font-size: 12pt;\">E pronto a parte de configura\u00e7\u00e3o da conta para APRS messaging est\u00e1 feita, podem testar neste site o envio de uma mensagem para o pr\u00f3prio, \u00e9 logicamente necess\u00e1rio o acesso a um repetidor. O DV4mini n\u00e3o aceita dados como tal n\u00e3o funciona, mas n\u00e3o esperem por uma desloca\u00e7\u00e3o at\u00e9 um local com repetidor para o fazerem, quanto antes melhor.<\/span><\/p>\n<hr \/>\n<p style=\"text-align: left;\"><span style=\"font-family: arial,helvetica,sans-serif; font-size: 12pt;\">Os equipamentos Hytera ainda tem a necessidade de uma configura\u00e7\u00e3o no codeplug. O TG respons\u00e1vel por comunica\u00e7\u00f5es APRS \u00e9 no nosso servidor o 268999, isto \u00e9 v\u00e1lido para qualquer pa\u00eds que tenha BrandMeister na rede, devem ent\u00e3o configurar em Conventional -&gt; General Settings -&gt; Network o campo RRS &amp; GPS Radio ID o TG respectivo (268999) s\u00f3 assim poder\u00e3o enviar mensagens APRS.<\/span><\/p>\n<hr \/>\n<p style=\"text-align: left;\"><a href=\"https:\/\/dmr-portugal.org\/wp-content\/uploads\/2016\/03\/hytera-aprs.png\"><img loading=\"lazy\" decoding=\"async\" class=\"aligncenter wp-image-447 size-full\" src=\"https:\/\/dmr-portugal.org\/wp-content\/uploads\/2016\/03\/hytera-aprs.png\" alt=\"hytera-aprs\" width=\"955\" height=\"561\" srcset=\"https:\/\/dmr-portugal.org\/wp-content\/uploads\/2016\/03\/hytera-aprs.png 955w, https:\/\/dmr-portugal.org\/wp-content\/uploads\/2016\/03\/hytera-aprs-300x176.png 300w, https:\/\/dmr-portugal.org\/wp-content\/uploads\/2016\/03\/hytera-aprs-150x88.png 150w\" sizes=\"(max-width: 955px) 100vw, 955px\" \/><\/a><\/p>\n<hr \/>\n","protected":false},"excerpt":{"rendered":"<p>&nbsp; Nem todos os equipamentos podem receber\/enviar mensagens de SMS ou comunica\u00e7\u00f5es APRS, \u00e9 conveniente que antes de adquirirem um equipamento verifiquem quais os modelos que a rede BrandMeister j\u00e1 suporta atualmente. No site Wiki do BrandMeister, neste &#8220;LINK&#8221; \u00e9 poss\u00edvel verificarmos quais os modelos e o que suportam. No \u2026 <a class=\"continue-reading-link\" href=\"https:\/\/dmr-portugal.org\/?page_id=433\"> Continua&#8230; <span class=\"meta-nav\">&rarr; <\/span><\/a><\/p>\n","protected":false},"author":1,"featured_media":0,"parent":132,"menu_order":4,"comment_status":"closed","ping_status":"closed","template":"","meta":{"footnotes":""},"class_list":["post-433","page","type-page","status-publish","hentry"],"_links":{"self":[{"href":"https:\/\/dmr-portugal.org\/index.php?rest_route=\/wp\/v2\/pages\/433","targetHints":{"allow":["GET"]}}],"collection":[{"href":"https:\/\/dmr-portugal.org\/index.php?rest_route=\/wp\/v2\/pages"}],"about":[{"href":"https:\/\/dmr-portugal.org\/index.php?rest_route=\/wp\/v2\/types\/page"}],"author":[{"embeddable":true,"href":"https:\/\/dmr-portugal.org\/index.php?rest_route=\/wp\/v2\/users\/1"}],"replies":[{"embeddable":true,"href":"https:\/\/dmr-portugal.org\/index.php?rest_route=%2Fwp%2Fv2%2Fcomments&post=433"}],"version-history":[{"count":0,"href":"https:\/\/dmr-portugal.org\/index.php?rest_route=\/wp\/v2\/pages\/433\/revisions"}],"up":[{"embeddable":true,"href":"https:\/\/dmr-portugal.org\/index.php?rest_route=\/wp\/v2\/pages\/132"}],"wp:attachment":[{"href":"https:\/\/dmr-portugal.org\/index.php?rest_route=%2Fwp%2Fv2%2Fmedia&parent=433"}],"curies":[{"name":"wp","href":"https:\/\/api.w.org\/{rel}","templated":true}]}}