{"id":4316,"date":"2025-06-23T10:05:28","date_gmt":"2025-06-23T09:05:28","guid":{"rendered":"https:\/\/dmr-portugal.org\/?page_id=4316"},"modified":"2025-06-23T10:20:59","modified_gmt":"2025-06-23T09:20:59","slug":"netct-39a-sessao","status":"publish","type":"page","link":"https:\/\/dmr-portugal.org\/?page_id=4316","title":{"rendered":"netCT 39\u00aa sess\u00e3o"},"content":{"rendered":"<p>&nbsp;<\/p>\n<p style=\"text-align: center;\"><strong><span style=\"font-family: arial, helvetica, sans-serif; font-size: 20px;\">Hist\u00f3rico da 39\u00aa sess\u00e3o<\/span><\/strong><\/p>\n<p style=\"text-align: center;\"><img fetchpriority=\"high\" decoding=\"async\" class=\"size-full wp-image-4319 aligncenter\" src=\"https:\/\/dmr-portugal.org\/wp-content\/uploads\/2025\/06\/Log-net-08_39.png\" alt=\"\" width=\"968\" height=\"770\" srcset=\"https:\/\/dmr-portugal.org\/wp-content\/uploads\/2025\/06\/Log-net-08_39.png 968w, https:\/\/dmr-portugal.org\/wp-content\/uploads\/2025\/06\/Log-net-08_39-300x239.png 300w, https:\/\/dmr-portugal.org\/wp-content\/uploads\/2025\/06\/Log-net-08_39-768x611.png 768w, https:\/\/dmr-portugal.org\/wp-content\/uploads\/2025\/06\/Log-net-08_39-150x119.png 150w\" sizes=\"(max-width: 968px) 100vw, 968px\" \/><\/p>\n<p style=\"text-align: center;\"><em><strong><span style=\"font-family: arial, helvetica, sans-serif;\">Log da 39\u00aa sess\u00e3o do 8\u00ba ano<\/span><\/strong><\/em><\/p>\n<p>&nbsp;<\/p>\n<p><span style=\"font-family: arial, helvetica, sans-serif;\">18 utilizadores fizeram representar as suas associa\u00e7\u00f5es. 2 utilizadores responderam acertadamente \u00e0 quest\u00e3o do Quiz, colocada e publicada em resposta na sess\u00e3o #12 que era a seguinte:<\/span><\/p>\n<p>&nbsp;<\/p>\n<p style=\"padding-left: 40px;\"><span style=\"font-family: arial, helvetica, sans-serif;\">Existem TG\u2019s somente de informa\u00e7\u00e3o que devem ser usados como chamada privada.\u00a0 Quais s\u00e3o eles?<\/span><\/p>\n<p>&nbsp;<\/p>\n<p><strong><span style=\"font-family: arial, helvetica, sans-serif;\">268900 \u2013 Servi\u00e7o Hor\u00e1rio, comunica\u00e7\u00e3o da hora actual.<\/span><\/strong><br \/>\n<strong><span style=\"font-family: arial, helvetica, sans-serif;\">268990 \u2013 Informa\u00e7\u00e3o do ID que est\u00e3o a utilizar, seja hotspot (n\u00e3o faz sentido) seja num repetidor n\u00e3o sabendo qual.<\/span><\/strong><br \/>\n<strong><span style=\"font-family: arial, helvetica, sans-serif;\">268991 \u2013 Informa\u00e7\u00e3o dos TG\u2019s est\u00e1ticos ou din\u00e2micos presentes no hotspot\/repetidor que estiverem a usar.<\/span><\/strong><\/p>\n<p>&nbsp;<\/p>\n<p><strong><span style=\"font-family: arial, helvetica, sans-serif;\">Estes TG informativos s\u00f3 ser\u00e3o ouvidos se no perfil Selfcare da vossa conta estiver selecionada a l\u00edngua Portuguesa.<\/span><\/strong><\/p>\n<p>&nbsp;<\/p>\n<p><span style=\"font-family: arial, helvetica, sans-serif;\"><em>Nota<\/em>: A \u00e1rea Selfcare do BrandMeister tem um bug, sempre que fizerem altera\u00e7\u00f5es e as salvarem por defeito a l\u00edngua passa a \u2018English\u2019, devem alterar para Portugu\u00eas e voltar a salvar.<\/span><\/p>\n<p>&nbsp;<\/p>\n<p style=\"text-align: center;\"><strong><span style=\"font-family: arial, helvetica, sans-serif; font-size: 20px;\">Fotos rececionadas<\/span><\/strong><\/p>\n<div id=\"attachment_4324\" style=\"width: 310px\" class=\"wp-caption aligncenter\"><a href=\"https:\/\/dmr-portugal.org\/wp-content\/uploads\/2025\/06\/CT7AWH-39-scaled.jpg\" target=\"_blank\" rel=\"noopener\"><img decoding=\"async\" aria-describedby=\"caption-attachment-4324\" class=\"wp-image-4324 size-medium\" src=\"https:\/\/dmr-portugal.org\/wp-content\/uploads\/2025\/06\/CT7AWH-39-300x225.jpg\" alt=\"\" width=\"300\" height=\"225\" srcset=\"https:\/\/dmr-portugal.org\/wp-content\/uploads\/2025\/06\/CT7AWH-39-300x225.jpg 300w, https:\/\/dmr-portugal.org\/wp-content\/uploads\/2025\/06\/CT7AWH-39-1024x768.jpg 1024w, https:\/\/dmr-portugal.org\/wp-content\/uploads\/2025\/06\/CT7AWH-39-768x576.jpg 768w, https:\/\/dmr-portugal.org\/wp-content\/uploads\/2025\/06\/CT7AWH-39-1536x1152.jpg 1536w, https:\/\/dmr-portugal.org\/wp-content\/uploads\/2025\/06\/CT7AWH-39-2048x1536.jpg 2048w, https:\/\/dmr-portugal.org\/wp-content\/uploads\/2025\/06\/CT7AWH-39-150x113.jpg 150w\" sizes=\"(max-width: 300px) 100vw, 300px\" \/><\/a><p id=\"caption-attachment-4324\" class=\"wp-caption-text\"><span style=\"font-family: arial, helvetica, sans-serif;\">CT7AWH &#8211; 3 pontos<\/span><\/p><\/div>\n<p>&nbsp;<\/p>\n<p style=\"text-align: center;\"><strong><span style=\"font-family: arial, helvetica, sans-serif; font-size: 20px;\">Pontos<br \/>\n<\/span><\/strong><span style=\"font-family: arial, helvetica, sans-serif; font-size: 16px;\">Top \u2018Selfies\u2019\/Quiz<\/span><\/p>\n<p style=\"text-align: center;\"><img decoding=\"async\" class=\"size-full wp-image-4325 aligncenter\" src=\"https:\/\/dmr-portugal.org\/wp-content\/uploads\/2025\/06\/pontos-39.png\" alt=\"\" width=\"546\" height=\"523\" srcset=\"https:\/\/dmr-portugal.org\/wp-content\/uploads\/2025\/06\/pontos-39.png 546w, https:\/\/dmr-portugal.org\/wp-content\/uploads\/2025\/06\/pontos-39-300x287.png 300w, https:\/\/dmr-portugal.org\/wp-content\/uploads\/2025\/06\/pontos-39-150x144.png 150w\" sizes=\"(max-width: 546px) 100vw, 546px\" \/><\/p>\n<table style=\"border-collapse: collapse; width: 100%;\">\n<tbody>\n<tr>\n<td style=\"width: 470px; border-style: hidden; text-align: center;\"><img loading=\"lazy\" decoding=\"async\" class=\"size-full wp-image-4326 aligncenter\" src=\"https:\/\/dmr-portugal.org\/wp-content\/uploads\/2025\/06\/estatisticas-39.png\" alt=\"\" width=\"381\" height=\"240\" srcset=\"https:\/\/dmr-portugal.org\/wp-content\/uploads\/2025\/06\/estatisticas-39.png 381w, https:\/\/dmr-portugal.org\/wp-content\/uploads\/2025\/06\/estatisticas-39-300x189.png 300w, https:\/\/dmr-portugal.org\/wp-content\/uploads\/2025\/06\/estatisticas-39-150x94.png 150w\" sizes=\"(max-width: 381px) 100vw, 381px\" \/><\/td>\n<td style=\"width: 470px; border-style: hidden; text-align: center;\"><img loading=\"lazy\" decoding=\"async\" class=\"size-full wp-image-4327 aligncenter\" src=\"https:\/\/dmr-portugal.org\/wp-content\/uploads\/2025\/06\/top-tg-39.png\" alt=\"\" width=\"358\" height=\"365\" srcset=\"https:\/\/dmr-portugal.org\/wp-content\/uploads\/2025\/06\/top-tg-39.png 358w, https:\/\/dmr-portugal.org\/wp-content\/uploads\/2025\/06\/top-tg-39-294x300.png 294w, https:\/\/dmr-portugal.org\/wp-content\/uploads\/2025\/06\/top-tg-39-147x150.png 147w\" sizes=\"(max-width: 358px) 100vw, 358px\" \/><\/td>\n<\/tr>\n<\/tbody>\n<\/table>\n<p style=\"text-align: center;\"><img loading=\"lazy\" decoding=\"async\" class=\"size-full wp-image-4328 aligncenter\" src=\"https:\/\/dmr-portugal.org\/wp-content\/uploads\/2025\/06\/associacoes-39.png\" alt=\"\" width=\"319\" height=\"606\" srcset=\"https:\/\/dmr-portugal.org\/wp-content\/uploads\/2025\/06\/associacoes-39.png 319w, https:\/\/dmr-portugal.org\/wp-content\/uploads\/2025\/06\/associacoes-39-158x300.png 158w, https:\/\/dmr-portugal.org\/wp-content\/uploads\/2025\/06\/associacoes-39-79x150.png 79w\" sizes=\"(max-width: 319px) 100vw, 319px\" \/><\/p>\n<p>&nbsp;<\/p>\n<hr \/>\n<p>&nbsp;<\/p>\n","protected":false},"excerpt":{"rendered":"<p>&nbsp; Hist\u00f3rico da 39\u00aa sess\u00e3o Log da 39\u00aa sess\u00e3o do 8\u00ba ano &nbsp; 18 utilizadores fizeram representar as suas associa\u00e7\u00f5es. 2 utilizadores responderam acertadamente \u00e0 quest\u00e3o do Quiz, colocada e publicada em resposta na sess\u00e3o #12 que era a seguinte: &nbsp; Existem TG\u2019s somente de informa\u00e7\u00e3o que devem ser usados \u2026 <a class=\"continue-reading-link\" href=\"https:\/\/dmr-portugal.org\/?page_id=4316\"> Continua&#8230; <span class=\"meta-nav\">&rarr; <\/span><\/a><\/p>\n","protected":false},"author":1,"featured_media":0,"parent":3839,"menu_order":8,"comment_status":"closed","ping_status":"closed","template":"","meta":{"footnotes":""},"class_list":["post-4316","page","type-page","status-publish","hentry"],"_links":{"self":[{"href":"https:\/\/dmr-portugal.org\/index.php?rest_route=\/wp\/v2\/pages\/4316","targetHints":{"allow":["GET"]}}],"collection":[{"href":"https:\/\/dmr-portugal.org\/index.php?rest_route=\/wp\/v2\/pages"}],"about":[{"href":"https:\/\/dmr-portugal.org\/index.php?rest_route=\/wp\/v2\/types\/page"}],"author":[{"embeddable":true,"href":"https:\/\/dmr-portugal.org\/index.php?rest_route=\/wp\/v2\/users\/1"}],"replies":[{"embeddable":true,"href":"https:\/\/dmr-portugal.org\/index.php?rest_route=%2Fwp%2Fv2%2Fcomments&post=4316"}],"version-history":[{"count":7,"href":"https:\/\/dmr-portugal.org\/index.php?rest_route=\/wp\/v2\/pages\/4316\/revisions"}],"predecessor-version":[{"id":4318,"href":"https:\/\/dmr-portugal.org\/index.php?rest_route=\/wp\/v2\/pages\/4316\/revisions\/4318"}],"up":[{"embeddable":true,"href":"https:\/\/dmr-portugal.org\/index.php?rest_route=\/wp\/v2\/pages\/3839"}],"wp:attachment":[{"href":"https:\/\/dmr-portugal.org\/index.php?rest_route=%2Fwp%2Fv2%2Fmedia&parent=4316"}],"curies":[{"name":"wp","href":"https:\/\/api.w.org\/{rel}","templated":true}]}}