{"id":4216,"date":"2025-06-11T10:20:56","date_gmt":"2025-06-11T09:20:56","guid":{"rendered":"https:\/\/dmr-portugal.org\/?page_id=4216"},"modified":"2025-06-11T10:41:10","modified_gmt":"2025-06-11T09:41:10","slug":"netct-37a-sessao","status":"publish","type":"page","link":"https:\/\/dmr-portugal.org\/?page_id=4216","title":{"rendered":"netCT 37\u00aa sess\u00e3o"},"content":{"rendered":"<p>&nbsp;<\/p>\n<p style=\"text-align: center;\"><strong><span style=\"font-family: arial, helvetica, sans-serif; font-size: 20px;\">Hist\u00f3rico da 37\u00aa sess\u00e3o<\/span><\/strong><\/p>\n<p style=\"text-align: center;\"><img fetchpriority=\"high\" decoding=\"async\" class=\"size-full wp-image-4219 aligncenter\" src=\"https:\/\/dmr-portugal.org\/wp-content\/uploads\/2025\/06\/Log-net-08_37.png\" alt=\"\" width=\"970\" height=\"770\" srcset=\"https:\/\/dmr-portugal.org\/wp-content\/uploads\/2025\/06\/Log-net-08_37.png 970w, https:\/\/dmr-portugal.org\/wp-content\/uploads\/2025\/06\/Log-net-08_37-300x238.png 300w, https:\/\/dmr-portugal.org\/wp-content\/uploads\/2025\/06\/Log-net-08_37-768x610.png 768w, https:\/\/dmr-portugal.org\/wp-content\/uploads\/2025\/06\/Log-net-08_37-150x119.png 150w\" sizes=\"(max-width: 970px) 100vw, 970px\" \/><\/p>\n<p style=\"text-align: center;\"><em><strong><span style=\"font-family: arial, helvetica, sans-serif;\">Log da 37\u00aa sess\u00e3o do 8\u00ba ano<\/span><\/strong><\/em><\/p>\n<p>&nbsp;<\/p>\n<p><span style=\"font-family: arial, helvetica, sans-serif;\">15 utilizadores fizeram representar as suas associa\u00e7\u00f5es. 3 utilizadores responderam acertadamente \u00e0 quest\u00e3o do Quiz, colocada e publicada em resposta na sess\u00e3o #15 que era a seguinte:<\/span><\/p>\n<p>&nbsp;<\/p>\n<p style=\"padding-left: 40px;\"><span style=\"font-family: arial, helvetica, sans-serif;\">Tenho um hotspot com os dois slots, \u00e9 um duplex, que TG\u2019s posso usar e em que slot ?<\/span><\/p>\n<p>&nbsp;<\/p>\n<p><strong><span style=\"font-family: arial, helvetica, sans-serif;\">Sendo o seu dispositivo use o que quiser e onde quiser, ele \u00e9 seu, s\u00f3 voc\u00ea o usa. As regras proclamadas pelo BM de utiliza\u00e7\u00e3o de alguns TG num respetivo slot s\u00f3 se aplicam a repetidores p\u00fablicos com grande raio de a\u00e7\u00e3o.\u00a0<\/span><\/strong><\/p>\n<p style=\"padding-left: 80px;\"><span style=\"font-family: arial, helvetica, sans-serif;\">Colabora\u00e7\u00e3o de CT7AWH: &#8211; <em>Deve-se no entanto seguir o recomendado para os repetidores evitando assim confus\u00f5es de utiliza\u00e7\u00e3o entre dispositivos.<\/em><\/span><\/p>\n<p>&nbsp;<\/p>\n<p style=\"text-align: center;\">\u2297<\/p>\n<p>&nbsp;<\/p>\n<p style=\"text-align: center;\"><strong><span style=\"font-family: arial, helvetica, sans-serif; font-size: 20px;\">Fotos rececionadas<br \/>\n<\/span><\/strong><span style=\"font-family: arial, helvetica, sans-serif; font-size: 20px;\"><span style=\"font-size: 16px;\">(n\u00e3o foram recebidas)<\/span><\/span><\/p>\n<p style=\"text-align: center;\"><strong><span style=\"font-family: arial, helvetica, sans-serif; font-size: 20px;\">Pontos<br \/>\n<\/span><\/strong><span style=\"font-family: arial, helvetica, sans-serif; font-size: 16px;\">Top \u2018Selfies\u2019\/Quiz<\/span><\/p>\n<p style=\"text-align: center;\"><img decoding=\"async\" class=\"aligncenter wp-image-4224\" src=\"https:\/\/dmr-portugal.org\/wp-content\/uploads\/2025\/06\/pontos-37.png\" alt=\"\" width=\"250\" height=\"868\" srcset=\"https:\/\/dmr-portugal.org\/wp-content\/uploads\/2025\/06\/pontos-37.png 210w, https:\/\/dmr-portugal.org\/wp-content\/uploads\/2025\/06\/pontos-37-86x300.webp 86w, https:\/\/dmr-portugal.org\/wp-content\/uploads\/2025\/06\/pontos-37-43x150.webp 43w\" sizes=\"(max-width: 250px) 100vw, 250px\" \/><\/p>\n<table style=\"border-collapse: collapse; width: 100%;\">\n<tbody>\n<tr>\n<td style=\"width: 470px; border-style: hidden;\"><img decoding=\"async\" class=\"size-full wp-image-4225 aligncenter\" src=\"https:\/\/dmr-portugal.org\/wp-content\/uploads\/2025\/06\/estatisticas-37.png\" alt=\"\" width=\"375\" height=\"221\" srcset=\"https:\/\/dmr-portugal.org\/wp-content\/uploads\/2025\/06\/estatisticas-37.png 375w, https:\/\/dmr-portugal.org\/wp-content\/uploads\/2025\/06\/estatisticas-37-300x177.webp 300w, https:\/\/dmr-portugal.org\/wp-content\/uploads\/2025\/06\/estatisticas-37-150x88.webp 150w\" sizes=\"(max-width: 375px) 100vw, 375px\" \/><\/td>\n<td style=\"width: 470px; border-style: hidden;\"><img loading=\"lazy\" decoding=\"async\" class=\"size-full wp-image-4226 aligncenter\" src=\"https:\/\/dmr-portugal.org\/wp-content\/uploads\/2025\/06\/top-tg-37.png\" alt=\"\" width=\"385\" height=\"343\" srcset=\"https:\/\/dmr-portugal.org\/wp-content\/uploads\/2025\/06\/top-tg-37.png 385w, https:\/\/dmr-portugal.org\/wp-content\/uploads\/2025\/06\/top-tg-37-300x267.webp 300w, https:\/\/dmr-portugal.org\/wp-content\/uploads\/2025\/06\/top-tg-37-150x134.webp 150w\" sizes=\"(max-width: 385px) 100vw, 385px\" \/><\/td>\n<\/tr>\n<\/tbody>\n<\/table>\n<p>&nbsp;<\/p>\n<p style=\"text-align: center;\"><img loading=\"lazy\" decoding=\"async\" class=\"size-full wp-image-4227 aligncenter\" src=\"https:\/\/dmr-portugal.org\/wp-content\/uploads\/2025\/06\/associacoes-37.png\" alt=\"\" width=\"308\" height=\"586\" srcset=\"https:\/\/dmr-portugal.org\/wp-content\/uploads\/2025\/06\/associacoes-37.png 308w, https:\/\/dmr-portugal.org\/wp-content\/uploads\/2025\/06\/associacoes-37-158x300.webp 158w, https:\/\/dmr-portugal.org\/wp-content\/uploads\/2025\/06\/associacoes-37-79x150.webp 79w\" sizes=\"(max-width: 308px) 100vw, 308px\" \/><\/p>\n<p>&nbsp;<\/p>\n<hr \/>\n<p>&nbsp;<\/p>\n","protected":false},"excerpt":{"rendered":"<p>&nbsp; Hist\u00f3rico da 37\u00aa sess\u00e3o Log da 37\u00aa sess\u00e3o do 8\u00ba ano &nbsp; 15 utilizadores fizeram representar as suas associa\u00e7\u00f5es. 3 utilizadores responderam acertadamente \u00e0 quest\u00e3o do Quiz, colocada e publicada em resposta na sess\u00e3o #15 que era a seguinte: &nbsp; Tenho um hotspot com os dois slots, \u00e9 um \u2026 <a class=\"continue-reading-link\" href=\"https:\/\/dmr-portugal.org\/?page_id=4216\"> Continua&#8230; <span class=\"meta-nav\">&rarr; <\/span><\/a><\/p>\n","protected":false},"author":1,"featured_media":0,"parent":3839,"menu_order":10,"comment_status":"closed","ping_status":"closed","template":"","meta":{"footnotes":""},"class_list":["post-4216","page","type-page","status-publish","hentry"],"_links":{"self":[{"href":"https:\/\/dmr-portugal.org\/index.php?rest_route=\/wp\/v2\/pages\/4216","targetHints":{"allow":["GET"]}}],"collection":[{"href":"https:\/\/dmr-portugal.org\/index.php?rest_route=\/wp\/v2\/pages"}],"about":[{"href":"https:\/\/dmr-portugal.org\/index.php?rest_route=\/wp\/v2\/types\/page"}],"author":[{"embeddable":true,"href":"https:\/\/dmr-portugal.org\/index.php?rest_route=\/wp\/v2\/users\/1"}],"replies":[{"embeddable":true,"href":"https:\/\/dmr-portugal.org\/index.php?rest_route=%2Fwp%2Fv2%2Fcomments&post=4216"}],"version-history":[{"count":8,"href":"https:\/\/dmr-portugal.org\/index.php?rest_route=\/wp\/v2\/pages\/4216\/revisions"}],"predecessor-version":[{"id":4229,"href":"https:\/\/dmr-portugal.org\/index.php?rest_route=\/wp\/v2\/pages\/4216\/revisions\/4229"}],"up":[{"embeddable":true,"href":"https:\/\/dmr-portugal.org\/index.php?rest_route=\/wp\/v2\/pages\/3839"}],"wp:attachment":[{"href":"https:\/\/dmr-portugal.org\/index.php?rest_route=%2Fwp%2Fv2%2Fmedia&parent=4216"}],"curies":[{"name":"wp","href":"https:\/\/api.w.org\/{rel}","templated":true}]}}