{"id":4180,"date":"2025-06-11T09:20:59","date_gmt":"2025-06-11T08:20:59","guid":{"rendered":"https:\/\/dmr-portugal.org\/?page_id=4180"},"modified":"2025-06-11T09:55:55","modified_gmt":"2025-06-11T08:55:55","slug":"netct-35a-sessao","status":"publish","type":"page","link":"https:\/\/dmr-portugal.org\/?page_id=4180","title":{"rendered":"netCT 35\u00aa sess\u00e3o"},"content":{"rendered":"<p>&nbsp;<\/p>\n<p style=\"text-align: center;\"><strong><span style=\"font-family: arial, helvetica, sans-serif; font-size: 20px;\">Hist\u00f3rico da 35\u00aa sess\u00e3o<\/span><\/strong><\/p>\n<p style=\"text-align: center;\"><img fetchpriority=\"high\" decoding=\"async\" class=\"size-full wp-image-4183 aligncenter\" src=\"https:\/\/dmr-portugal.org\/wp-content\/uploads\/2025\/06\/Log-net-08_35.png\" alt=\"\" width=\"968\" height=\"773\" srcset=\"https:\/\/dmr-portugal.org\/wp-content\/uploads\/2025\/06\/Log-net-08_35.png 968w, https:\/\/dmr-portugal.org\/wp-content\/uploads\/2025\/06\/Log-net-08_35-300x240.png 300w, https:\/\/dmr-portugal.org\/wp-content\/uploads\/2025\/06\/Log-net-08_35-768x613.png 768w, https:\/\/dmr-portugal.org\/wp-content\/uploads\/2025\/06\/Log-net-08_35-150x120.png 150w\" sizes=\"(max-width: 968px) 100vw, 968px\" \/><\/p>\n<p style=\"text-align: center;\"><em><strong><span style=\"font-family: arial, helvetica, sans-serif;\">Log da 35\u00aa sess\u00e3o do 8\u00ba ano<\/span><\/strong><\/em><\/p>\n<p>&nbsp;<\/p>\n<p><span style=\"font-family: arial, helvetica, sans-serif;\">15 utilizadores fizeram representar as suas associa\u00e7\u00f5es. 2 utilizadores responderam acertadamente \u00e0 quest\u00e3o do Quiz, colocada e publicada em resposta na sess\u00e3o #4 que era a seguinte:<\/span><\/p>\n<p>&nbsp;<\/p>\n<p style=\"padding-left: 40px;\"><span style=\"font-family: arial, helvetica, sans-serif;\">&#8211; Tenho um r\u00e1dio C4FM e disseram me que s\u00f3 funciona na rede Wires ou repetidores Fusion, mas tenho alguns conhecidos que teem o mesmo equipamento e falam para outras redes de voz digital. \u00c9 poss\u00edvel ?<br \/>\n&#8211; Preciso de ter um ID ou registo nas outras redes ?<\/span><\/p>\n<p>&nbsp;<\/p>\n<p><span style=\"font-family: arial, helvetica, sans-serif;\">A rede C4FM da Yaesu tem um sistema pr\u00f3prio muito semelhante ao Echolink, existem em Portugal e pelo mundo diversos Room\u2019s onde se poder\u00e1 ligar, ou Node\u2019s, para isso necessita de um PC Windows + um dispositivo Hri200. Poder\u00e1 tamb\u00e9m, se pela sua zona tiver repetidores aceder a ele na esperan\u00e7a que esteja ligado a algum s\u00edtio e que possa alterar a Room ou Node pretendido.<\/span><br \/>\n<span style=\"font-family: arial, helvetica, sans-serif;\">Ou poder\u00e1 adquirir o seu pr\u00f3prio repetidor, conhecido como hotspot, e atrav\u00e9s do mesmo aceder ao disponibilizado na rede mundial ou a outras redes, por exemplo: ao DSTAR , ou ao DMR, no entanto o hotspot n\u00e3o lhe permite se ligar na rede Wires.<\/span><\/p>\n<p>&nbsp;<\/p>\n<ul>\n<li><strong><span style=\"font-family: arial, helvetica, sans-serif;\">A primeira pergunta a resposta \u00e9 SIM, se acaso usar uma liga\u00e7\u00e3o autorizada\u00a0<\/span><\/strong><span style=\"font-family: arial, helvetica, sans-serif;\">(ter o indicativo configurado no seu r\u00e1dio)<\/span><\/li>\n<li><span style=\"font-family: arial, helvetica, sans-serif;\"><strong>A segunda pergunta a resposta \u00e9 N\u00c3O, no entanto o equipamento tem que o identificar sob pena de n\u00e3o passar para certas redes\u00a0 <\/strong>(no caso da rede DSTAR em que um indicativo desconhecido \u00e9 bloqueado na rede)<strong>.<\/strong><\/span><\/li>\n<\/ul>\n<p style=\"text-align: center;\">\u2297<\/p>\n<p>&nbsp;<\/p>\n<p style=\"text-align: center;\"><strong><span style=\"font-family: arial, helvetica, sans-serif; font-size: 20px;\">Fotos rececionadas<\/span><\/strong><\/p>\n<p style=\"text-align: center;\"><span style=\"font-family: arial, helvetica, sans-serif; font-size: 16px;\">(n\u00e3o foram recebidas)<\/span><\/p>\n<p>&nbsp;<\/p>\n<p style=\"text-align: center;\"><strong><span style=\"font-family: arial, helvetica, sans-serif; font-size: 20px;\">Pontos<br \/>\n<\/span><\/strong><span style=\"font-family: arial, helvetica, sans-serif; font-size: 16px;\">Top \u2018Selfies\u2019\/Quiz<\/span><\/p>\n<p style=\"text-align: center;\"><img decoding=\"async\" class=\"size-full wp-image-4191 aligncenter\" src=\"https:\/\/dmr-portugal.org\/wp-content\/uploads\/2025\/06\/pontos-35.png\" alt=\"\" width=\"227\" height=\"774\" srcset=\"https:\/\/dmr-portugal.org\/wp-content\/uploads\/2025\/06\/pontos-35.png 227w, https:\/\/dmr-portugal.org\/wp-content\/uploads\/2025\/06\/pontos-35-88x300.png 88w, https:\/\/dmr-portugal.org\/wp-content\/uploads\/2025\/06\/pontos-35-44x150.png 44w\" sizes=\"(max-width: 227px) 100vw, 227px\" \/><\/p>\n<p>&nbsp;<\/p>\n<table style=\"border-collapse: collapse; width: 100.096%; height: 242px;\">\n<tbody>\n<tr>\n<td style=\"width: 470px; border-style: hidden;\"><img decoding=\"async\" class=\"size-full wp-image-4192 aligncenter\" src=\"https:\/\/dmr-portugal.org\/wp-content\/uploads\/2025\/06\/estatisticas-35.png\" alt=\"\" width=\"363\" height=\"216\" srcset=\"https:\/\/dmr-portugal.org\/wp-content\/uploads\/2025\/06\/estatisticas-35.png 363w, https:\/\/dmr-portugal.org\/wp-content\/uploads\/2025\/06\/estatisticas-35-300x179.png 300w, https:\/\/dmr-portugal.org\/wp-content\/uploads\/2025\/06\/estatisticas-35-150x89.png 150w, https:\/\/dmr-portugal.org\/wp-content\/uploads\/2025\/06\/estatisticas-35-250x150.png 250w\" sizes=\"(max-width: 363px) 100vw, 363px\" \/><\/td>\n<td style=\"width: 470px; border-style: hidden; text-align: center;\"><img loading=\"lazy\" decoding=\"async\" class=\"size-full wp-image-4190 aligncenter\" src=\"https:\/\/dmr-portugal.org\/wp-content\/uploads\/2025\/06\/top-tg-35.png\" alt=\"\" width=\"355\" height=\"326\" srcset=\"https:\/\/dmr-portugal.org\/wp-content\/uploads\/2025\/06\/top-tg-35.png 355w, https:\/\/dmr-portugal.org\/wp-content\/uploads\/2025\/06\/top-tg-35-300x275.png 300w, https:\/\/dmr-portugal.org\/wp-content\/uploads\/2025\/06\/top-tg-35-150x138.png 150w\" sizes=\"(max-width: 355px) 100vw, 355px\" \/><\/td>\n<\/tr>\n<\/tbody>\n<\/table>\n<p style=\"text-align: center;\"><img loading=\"lazy\" decoding=\"async\" class=\"size-full wp-image-4193 aligncenter\" src=\"https:\/\/dmr-portugal.org\/wp-content\/uploads\/2025\/06\/associacoes-35.png\" alt=\"\" width=\"314\" height=\"580\" srcset=\"https:\/\/dmr-portugal.org\/wp-content\/uploads\/2025\/06\/associacoes-35.png 314w, https:\/\/dmr-portugal.org\/wp-content\/uploads\/2025\/06\/associacoes-35-162x300.png 162w, https:\/\/dmr-portugal.org\/wp-content\/uploads\/2025\/06\/associacoes-35-81x150.png 81w\" sizes=\"(max-width: 314px) 100vw, 314px\" \/><\/p>\n<p>&nbsp;<\/p>\n<hr \/>\n<p>&nbsp;<\/p>\n","protected":false},"excerpt":{"rendered":"<p>&nbsp; Hist\u00f3rico da 35\u00aa sess\u00e3o Log da 35\u00aa sess\u00e3o do 8\u00ba ano &nbsp; 15 utilizadores fizeram representar as suas associa\u00e7\u00f5es. 2 utilizadores responderam acertadamente \u00e0 quest\u00e3o do Quiz, colocada e publicada em resposta na sess\u00e3o #4 que era a seguinte: &nbsp; &#8211; Tenho um r\u00e1dio C4FM e disseram me que \u2026 <a class=\"continue-reading-link\" href=\"https:\/\/dmr-portugal.org\/?page_id=4180\"> Continua&#8230; <span class=\"meta-nav\">&rarr; <\/span><\/a><\/p>\n","protected":false},"author":1,"featured_media":0,"parent":3839,"menu_order":12,"comment_status":"closed","ping_status":"closed","template":"","meta":{"footnotes":""},"class_list":["post-4180","page","type-page","status-publish","hentry"],"_links":{"self":[{"href":"https:\/\/dmr-portugal.org\/index.php?rest_route=\/wp\/v2\/pages\/4180","targetHints":{"allow":["GET"]}}],"collection":[{"href":"https:\/\/dmr-portugal.org\/index.php?rest_route=\/wp\/v2\/pages"}],"about":[{"href":"https:\/\/dmr-portugal.org\/index.php?rest_route=\/wp\/v2\/types\/page"}],"author":[{"embeddable":true,"href":"https:\/\/dmr-portugal.org\/index.php?rest_route=\/wp\/v2\/users\/1"}],"replies":[{"embeddable":true,"href":"https:\/\/dmr-portugal.org\/index.php?rest_route=%2Fwp%2Fv2%2Fcomments&post=4180"}],"version-history":[{"count":19,"href":"https:\/\/dmr-portugal.org\/index.php?rest_route=\/wp\/v2\/pages\/4180\/revisions"}],"predecessor-version":[{"id":4204,"href":"https:\/\/dmr-portugal.org\/index.php?rest_route=\/wp\/v2\/pages\/4180\/revisions\/4204"}],"up":[{"embeddable":true,"href":"https:\/\/dmr-portugal.org\/index.php?rest_route=\/wp\/v2\/pages\/3839"}],"wp:attachment":[{"href":"https:\/\/dmr-portugal.org\/index.php?rest_route=%2Fwp%2Fv2%2Fmedia&parent=4180"}],"curies":[{"name":"wp","href":"https:\/\/api.w.org\/{rel}","templated":true}]}}