{"id":4149,"date":"2025-05-20T16:40:48","date_gmt":"2025-05-20T15:40:48","guid":{"rendered":"https:\/\/dmr-portugal.org\/?page_id=4149"},"modified":"2025-05-20T17:18:33","modified_gmt":"2025-05-20T16:18:33","slug":"netct-34a-sessao","status":"publish","type":"page","link":"https:\/\/dmr-portugal.org\/?page_id=4149","title":{"rendered":"netCT 34\u00aa sess\u00e3o"},"content":{"rendered":"<p>&nbsp;<\/p>\n<p style=\"text-align: center;\"><strong><span style=\"font-family: arial, helvetica, sans-serif; font-size: 20px;\">Hist\u00f3rico da 34\u00aa sess\u00e3o<\/span><\/strong><\/p>\n<p style=\"text-align: center;\"><img fetchpriority=\"high\" decoding=\"async\" class=\"size-full wp-image-4152 aligncenter\" src=\"https:\/\/dmr-portugal.org\/wp-content\/uploads\/2025\/05\/Log-net-08_34.png\" alt=\"\" width=\"964\" height=\"774\" srcset=\"https:\/\/dmr-portugal.org\/wp-content\/uploads\/2025\/05\/Log-net-08_34.png 964w, https:\/\/dmr-portugal.org\/wp-content\/uploads\/2025\/05\/Log-net-08_34-300x241.png 300w, https:\/\/dmr-portugal.org\/wp-content\/uploads\/2025\/05\/Log-net-08_34-768x617.png 768w, https:\/\/dmr-portugal.org\/wp-content\/uploads\/2025\/05\/Log-net-08_34-150x120.png 150w\" sizes=\"(max-width: 964px) 100vw, 964px\" \/><\/p>\n<p style=\"text-align: center;\"><strong><span style=\"font-family: arial, helvetica, sans-serif;\"><em>Log da 34\u00aa sess\u00e3o do 8\u00ba ano<\/em><\/span><\/strong><\/p>\n<p>&nbsp;<\/p>\n<p><span style=\"font-family: arial, helvetica, sans-serif;\">26 utilizadores fizeram representar as suas associa\u00e7\u00f5es. 2 utilizadores responderam acertadamente \u00e0 quest\u00e3o do Quiz, colocada e publicada em resposta na sess\u00e3o #13 que era a seguinte:<\/span><\/p>\n<p>&nbsp;<\/p>\n<p style=\"padding-left: 40px;\"><span style=\"font-family: arial, helvetica, sans-serif;\">Qual a diferen\u00e7a entre usar o tg2, tg8 ou tg9 ?<\/span><\/p>\n<p>&nbsp;<\/p>\n<p>&nbsp;<\/p>\n<p><span style=\"font-family: arial, helvetica, sans-serif;\">Todos estes s\u00e3o usados em Slot 2 nos repetidores, cada um deles tem um uso espec\u00edfico, assim repetidores que tenham uma liga\u00e7\u00e3o externa ligada directamente a ele, o chamado \u201cCluster\u201d v\u00e3o escutar essa comunica\u00e7\u00e3o no TG 2.<\/span><br \/>\n<span style=\"font-family: arial, helvetica, sans-serif;\">Um grupo de repetidores que tamb\u00e9m tenham eles uma liga\u00e7\u00e3o externa \u201cao grupo\u201d ir\u00e3o escutar em todos eles no TG 8.<\/span><br \/>\n<span style=\"font-family: arial, helvetica, sans-serif;\">Finalmente, quem s\u00f3 queira comunicar em modo \u201cLocal\u201d, ou seja sem liga\u00e7\u00e3o a rede externa, usara o TG 9 para tal. Estes TG\u2019s s\u00f3 devem ser usados em repetidores, o seu uso em hotspot\u2019s n\u00e3o tem objectivo ou sentido algum. Relembrando os nomes dados a estes TG\u2019s:<\/span><\/p>\n<p>&nbsp;<\/p>\n<p><span style=\"font-family: arial, helvetica, sans-serif;\">TG 2 = Local\/Cluster<\/span><br \/>\n<span style=\"font-family: arial, helvetica, sans-serif;\">TG 8 = Local\/Regional<\/span><br \/>\n<span style=\"font-family: arial, helvetica, sans-serif;\">TG 9 = Local\/Reflector<\/span><\/p>\n<p>&nbsp;<\/p>\n<p><em><span style=\"font-family: arial, helvetica, sans-serif;\">Exemplos de Cluster:<\/span><\/em><\/p>\n<p><span style=\"font-family: arial, helvetica, sans-serif;\">268303 = TG 2 no repetidor Arrabida (CQ0<strong>DMA<\/strong>)<\/span><\/p>\n<p>&nbsp;<\/p>\n<p><em><span style=\"font-family: arial, helvetica, sans-serif;\">Exemplos de Grupos:<\/span><\/em><\/p>\n<p><span style=\"font-family: arial, helvetica, sans-serif;\">268901 = TG 8 nos repetidores Monte Virgem (CQ0<strong>DMV<\/strong>), Freita (CQ0<strong>DFR<\/strong>) e Viseu-Cota (CQ0<strong>DLU)<\/strong><\/span><\/p>\n<p>&nbsp;<\/p>\n<p>&nbsp;<\/p>\n<p><span style=\"font-family: arial, helvetica, sans-serif;\"><em>O uso de reflectores\u00a0<strong>foi<\/strong>\u00a0descontinuado.<\/em><\/span><\/p>\n<p>&nbsp;<\/p>\n<p style=\"text-align: center;\"><span style=\"font-family: arial, helvetica, sans-serif; font-size: 20px;\"><strong>Fotos rececionadas<\/strong><\/span><\/p>\n<div id=\"attachment_4157\" style=\"width: 235px\" class=\"wp-caption aligncenter\"><a href=\"https:\/\/dmr-portugal.org\/wp-content\/uploads\/2025\/05\/CS7AIK-34-scaled.jpeg\" target=\"_blank\" rel=\"noopener\"><img decoding=\"async\" aria-describedby=\"caption-attachment-4157\" class=\"wp-image-4157 size-medium\" src=\"https:\/\/dmr-portugal.org\/wp-content\/uploads\/2025\/05\/CS7AIK-34-225x300.jpeg\" alt=\"\" width=\"225\" height=\"300\" srcset=\"https:\/\/dmr-portugal.org\/wp-content\/uploads\/2025\/05\/CS7AIK-34-225x300.jpeg 225w, https:\/\/dmr-portugal.org\/wp-content\/uploads\/2025\/05\/CS7AIK-34-768x1024.jpeg 768w, https:\/\/dmr-portugal.org\/wp-content\/uploads\/2025\/05\/CS7AIK-34-1152x1536.jpeg 1152w, https:\/\/dmr-portugal.org\/wp-content\/uploads\/2025\/05\/CS7AIK-34-1536x2048.jpeg 1536w, https:\/\/dmr-portugal.org\/wp-content\/uploads\/2025\/05\/CS7AIK-34-113x150.jpeg 113w, https:\/\/dmr-portugal.org\/wp-content\/uploads\/2025\/05\/CS7AIK-34-scaled.jpeg 1920w\" sizes=\"(max-width: 225px) 100vw, 225px\" \/><\/a><p id=\"caption-attachment-4157\" class=\"wp-caption-text\"><span style=\"font-family: arial, helvetica, sans-serif;\">CS7AIK &#8211; 3 pontos<\/span><\/p><\/div>\n<p>&nbsp;<\/p>\n<p style=\"text-align: center;\"><strong><span style=\"font-family: arial, helvetica, sans-serif; font-size: 20px;\">Pontos<br \/>\n<\/span><\/strong><span style=\"font-family: arial, helvetica, sans-serif; font-size: 20px;\"><span style=\"font-size: 16px;\">Top \u2018Selfies\u2019\/Quiz<\/span><\/span><\/p>\n<p style=\"text-align: center;\"><img decoding=\"async\" class=\"size-full wp-image-4159 aligncenter\" src=\"https:\/\/dmr-portugal.org\/wp-content\/uploads\/2025\/05\/pontos-34.png\" alt=\"\" width=\"242\" height=\"779\" srcset=\"https:\/\/dmr-portugal.org\/wp-content\/uploads\/2025\/05\/pontos-34.png 242w, https:\/\/dmr-portugal.org\/wp-content\/uploads\/2025\/05\/pontos-34-93x300.png 93w, https:\/\/dmr-portugal.org\/wp-content\/uploads\/2025\/05\/pontos-34-47x150.png 47w\" sizes=\"(max-width: 242px) 100vw, 242px\" \/><\/p>\n<p>&nbsp;<\/p>\n<table style=\"border-collapse: collapse; width: 99.8884%; height: 361px;\">\n<tbody>\n<tr>\n<td style=\"width: 399.29px; border-style: hidden; text-align: center;\"><img loading=\"lazy\" decoding=\"async\" class=\"size-large wp-image-4167 aligncenter\" src=\"https:\/\/dmr-portugal.org\/wp-content\/uploads\/2025\/05\/estatisticas-34-1.png\" alt=\"\" width=\"353\" height=\"233\" srcset=\"https:\/\/dmr-portugal.org\/wp-content\/uploads\/2025\/05\/estatisticas-34-1.png 353w, https:\/\/dmr-portugal.org\/wp-content\/uploads\/2025\/05\/estatisticas-34-1-300x198.png 300w, https:\/\/dmr-portugal.org\/wp-content\/uploads\/2025\/05\/estatisticas-34-1-150x99.png 150w\" sizes=\"(max-width: 353px) 100vw, 353px\" \/><\/td>\n<td style=\"width: 399.29px; border-style: hidden; text-align: center;\"><img loading=\"lazy\" decoding=\"async\" class=\"size-full wp-image-4161 aligncenter\" src=\"https:\/\/dmr-portugal.org\/wp-content\/uploads\/2025\/05\/top-tg-34.png\" alt=\"\" width=\"326\" height=\"335\" srcset=\"https:\/\/dmr-portugal.org\/wp-content\/uploads\/2025\/05\/top-tg-34.png 326w, https:\/\/dmr-portugal.org\/wp-content\/uploads\/2025\/05\/top-tg-34-292x300.png 292w, https:\/\/dmr-portugal.org\/wp-content\/uploads\/2025\/05\/top-tg-34-146x150.png 146w\" sizes=\"(max-width: 326px) 100vw, 326px\" \/><\/td>\n<\/tr>\n<\/tbody>\n<\/table>\n<p style=\"text-align: center;\"><img loading=\"lazy\" decoding=\"async\" class=\"size-full wp-image-4163 aligncenter\" src=\"https:\/\/dmr-portugal.org\/wp-content\/uploads\/2025\/05\/associacoes-34.png\" alt=\"\" width=\"302\" height=\"579\" srcset=\"https:\/\/dmr-portugal.org\/wp-content\/uploads\/2025\/05\/associacoes-34.png 302w, https:\/\/dmr-portugal.org\/wp-content\/uploads\/2025\/05\/associacoes-34-156x300.png 156w, https:\/\/dmr-portugal.org\/wp-content\/uploads\/2025\/05\/associacoes-34-78x150.png 78w\" sizes=\"(max-width: 302px) 100vw, 302px\" \/><\/p>\n<p>&nbsp;<\/p>\n<hr \/>\n<p>&nbsp;<\/p>\n","protected":false},"excerpt":{"rendered":"<p>&nbsp; Hist\u00f3rico da 34\u00aa sess\u00e3o Log da 34\u00aa sess\u00e3o do 8\u00ba ano &nbsp; 26 utilizadores fizeram representar as suas associa\u00e7\u00f5es. 2 utilizadores responderam acertadamente \u00e0 quest\u00e3o do Quiz, colocada e publicada em resposta na sess\u00e3o #13 que era a seguinte: &nbsp; Qual a diferen\u00e7a entre usar o tg2, tg8 ou \u2026 <a class=\"continue-reading-link\" href=\"https:\/\/dmr-portugal.org\/?page_id=4149\"> Continua&#8230; <span class=\"meta-nav\">&rarr; <\/span><\/a><\/p>\n","protected":false},"author":1,"featured_media":0,"parent":3839,"menu_order":13,"comment_status":"closed","ping_status":"closed","template":"","meta":{"footnotes":""},"class_list":["post-4149","page","type-page","status-publish","hentry"],"_links":{"self":[{"href":"https:\/\/dmr-portugal.org\/index.php?rest_route=\/wp\/v2\/pages\/4149","targetHints":{"allow":["GET"]}}],"collection":[{"href":"https:\/\/dmr-portugal.org\/index.php?rest_route=\/wp\/v2\/pages"}],"about":[{"href":"https:\/\/dmr-portugal.org\/index.php?rest_route=\/wp\/v2\/types\/page"}],"author":[{"embeddable":true,"href":"https:\/\/dmr-portugal.org\/index.php?rest_route=\/wp\/v2\/users\/1"}],"replies":[{"embeddable":true,"href":"https:\/\/dmr-portugal.org\/index.php?rest_route=%2Fwp%2Fv2%2Fcomments&post=4149"}],"version-history":[{"count":11,"href":"https:\/\/dmr-portugal.org\/index.php?rest_route=\/wp\/v2\/pages\/4149\/revisions"}],"predecessor-version":[{"id":4151,"href":"https:\/\/dmr-portugal.org\/index.php?rest_route=\/wp\/v2\/pages\/4149\/revisions\/4151"}],"up":[{"embeddable":true,"href":"https:\/\/dmr-portugal.org\/index.php?rest_route=\/wp\/v2\/pages\/3839"}],"wp:attachment":[{"href":"https:\/\/dmr-portugal.org\/index.php?rest_route=%2Fwp%2Fv2%2Fmedia&parent=4149"}],"curies":[{"name":"wp","href":"https:\/\/api.w.org\/{rel}","templated":true}]}}