{"id":4137,"date":"2025-05-19T18:10:32","date_gmt":"2025-05-19T17:10:32","guid":{"rendered":"https:\/\/dmr-portugal.org\/?page_id=4137"},"modified":"2025-05-19T18:27:33","modified_gmt":"2025-05-19T17:27:33","slug":"netct-33a-sessao","status":"publish","type":"page","link":"https:\/\/dmr-portugal.org\/?page_id=4137","title":{"rendered":"netCT 33\u00aa sess\u00e3o"},"content":{"rendered":"<p>&nbsp;<\/p>\n<p style=\"text-align: center;\"><strong><span style=\"font-family: arial, helvetica, sans-serif; font-size: 20px;\">Hist\u00f3rico da 33\u00aa sess\u00e3o<\/span><\/strong><\/p>\n<p><img fetchpriority=\"high\" decoding=\"async\" class=\"size-full wp-image-4140 aligncenter\" src=\"https:\/\/dmr-portugal.org\/wp-content\/uploads\/2025\/05\/Log-net-08_33.png\" alt=\"\" width=\"968\" height=\"767\" srcset=\"https:\/\/dmr-portugal.org\/wp-content\/uploads\/2025\/05\/Log-net-08_33.png 968w, https:\/\/dmr-portugal.org\/wp-content\/uploads\/2025\/05\/Log-net-08_33-300x238.png 300w, https:\/\/dmr-portugal.org\/wp-content\/uploads\/2025\/05\/Log-net-08_33-768x609.png 768w, https:\/\/dmr-portugal.org\/wp-content\/uploads\/2025\/05\/Log-net-08_33-150x119.png 150w\" sizes=\"(max-width: 968px) 100vw, 968px\" \/><\/p>\n<p style=\"text-align: center;\"><em><strong><span style=\"font-family: arial, helvetica, sans-serif;\">Log da 33\u00aa sess\u00e3o do 8\u00ba ano<\/span><\/strong><\/em><\/p>\n<p>&nbsp;<\/p>\n<p><span style=\"font-family: arial, helvetica, sans-serif;\">19 utilizadores fizeram representar as suas associa\u00e7\u00f5es. 3 utilizadores responderam acertadamente \u00e0 quest\u00e3o do Quiz, colocada e publicada em resposta na sess\u00e3o #2 que era a seguinte:<\/span><\/p>\n<p>&nbsp;<\/p>\n<p style=\"padding-left: 40px;\"><span style=\"font-family: arial, helvetica, sans-serif;\">Tenho dois ID\u2019s DMR (ou mais), j\u00e1 n\u00e3o o\/s uso h\u00e1 uns anos, existe algum problema em o usar na rede?\u00a0<\/span><\/p>\n<p>&nbsp;<\/p>\n<p><span style=\"font-family: arial, helvetica, sans-serif;\">N\u00e3o existe problema algum em usar os indicativos de sua propriedade. No entanto foi anunciado pela gest\u00e3o do RadioID, entidade que atribui os ID\u2019s, que o n\u00e3o uso e o n\u00e3o acesso \u00e0 plataforma da RadioID provando que est\u00e1 \u2018vivo\u2019, poder\u00e1 originar a \u2018suspens\u00e3o\u2019 desse ID ou at\u00e9 a elimina\u00e7\u00e3o dele. Aconselhamos no entanto a que sen\u00e3o derem uso a um determinado ID que habilitem o campo \u201cAir Security\u201d no espa\u00e7o Selfcare do Brandmeister para o ID que n\u00e3o usam, tornando assim imposs\u00edvel que algu\u00e9m se possa servir desse ID.<\/span><\/p>\n<p>&nbsp;<\/p>\n<p style=\"text-align: center;\"><span style=\"font-family: arial, helvetica, sans-serif; font-size: 20px;\"><strong>Fotos rececionadas<br \/>\n<\/strong><span style=\"font-size: 16px;\">(n\u00e3o foram recebidas)<\/span><\/span><\/p>\n<p>&nbsp;<\/p>\n<p style=\"text-align: center;\"><span style=\"font-family: arial, helvetica, sans-serif; font-size: 20px;\"><strong>Pontos<br \/>\n<\/strong><span style=\"font-size: 16px;\">Top \u2018Selfies\u2019\/Quiz<\/span><\/span><\/p>\n<p style=\"text-align: center;\"><img decoding=\"async\" class=\"size-full wp-image-4142 aligncenter\" src=\"https:\/\/dmr-portugal.org\/wp-content\/uploads\/2025\/05\/pontos-33.png\" alt=\"\" width=\"243\" height=\"781\" srcset=\"https:\/\/dmr-portugal.org\/wp-content\/uploads\/2025\/05\/pontos-33.png 243w, https:\/\/dmr-portugal.org\/wp-content\/uploads\/2025\/05\/pontos-33-93x300.png 93w, https:\/\/dmr-portugal.org\/wp-content\/uploads\/2025\/05\/pontos-33-47x150.png 47w\" sizes=\"(max-width: 243px) 100vw, 243px\" \/><\/p>\n<p>&nbsp;<\/p>\n<table style=\"border-collapse: collapse; width: 100%;\">\n<tbody>\n<tr>\n<td style=\"width: 399.29px; border-style: hidden; text-align: center;\"><img decoding=\"async\" class=\"size-full wp-image-4143 aligncenter\" src=\"https:\/\/dmr-portugal.org\/wp-content\/uploads\/2025\/05\/estatisticas-33.png\" alt=\"\" width=\"367\" height=\"237\" srcset=\"https:\/\/dmr-portugal.org\/wp-content\/uploads\/2025\/05\/estatisticas-33.png 367w, https:\/\/dmr-portugal.org\/wp-content\/uploads\/2025\/05\/estatisticas-33-300x194.png 300w, https:\/\/dmr-portugal.org\/wp-content\/uploads\/2025\/05\/estatisticas-33-150x97.png 150w\" sizes=\"(max-width: 367px) 100vw, 367px\" \/><\/td>\n<td style=\"width: 399.29px; border-style: hidden; text-align: center;\"><img loading=\"lazy\" decoding=\"async\" class=\"size-full wp-image-4144 aligncenter\" src=\"https:\/\/dmr-portugal.org\/wp-content\/uploads\/2025\/05\/top-tg-33.png\" alt=\"\" width=\"338\" height=\"366\" srcset=\"https:\/\/dmr-portugal.org\/wp-content\/uploads\/2025\/05\/top-tg-33.png 338w, https:\/\/dmr-portugal.org\/wp-content\/uploads\/2025\/05\/top-tg-33-277x300.png 277w, https:\/\/dmr-portugal.org\/wp-content\/uploads\/2025\/05\/top-tg-33-139x150.png 139w\" sizes=\"(max-width: 338px) 100vw, 338px\" \/><\/td>\n<\/tr>\n<\/tbody>\n<\/table>\n<p>&nbsp;<\/p>\n<p style=\"text-align: center;\"><img loading=\"lazy\" decoding=\"async\" class=\"alignnone size-full wp-image-4147\" src=\"https:\/\/dmr-portugal.org\/wp-content\/uploads\/2025\/05\/associcoes-33.png\" alt=\"\" width=\"299\" height=\"552\" srcset=\"https:\/\/dmr-portugal.org\/wp-content\/uploads\/2025\/05\/associcoes-33.png 299w, https:\/\/dmr-portugal.org\/wp-content\/uploads\/2025\/05\/associcoes-33-163x300.png 163w, https:\/\/dmr-portugal.org\/wp-content\/uploads\/2025\/05\/associcoes-33-81x150.png 81w\" sizes=\"(max-width: 299px) 100vw, 299px\" \/><\/p>\n<hr \/>\n<p>&nbsp;<\/p>\n","protected":false},"excerpt":{"rendered":"<p>&nbsp; Hist\u00f3rico da 33\u00aa sess\u00e3o Log da 33\u00aa sess\u00e3o do 8\u00ba ano &nbsp; 19 utilizadores fizeram representar as suas associa\u00e7\u00f5es. 3 utilizadores responderam acertadamente \u00e0 quest\u00e3o do Quiz, colocada e publicada em resposta na sess\u00e3o #2 que era a seguinte: &nbsp; Tenho dois ID\u2019s DMR (ou mais), j\u00e1 n\u00e3o o\/s \u2026 <a class=\"continue-reading-link\" href=\"https:\/\/dmr-portugal.org\/?page_id=4137\"> Continua&#8230; <span class=\"meta-nav\">&rarr; <\/span><\/a><\/p>\n","protected":false},"author":1,"featured_media":0,"parent":3839,"menu_order":14,"comment_status":"closed","ping_status":"closed","template":"","meta":{"footnotes":""},"class_list":["post-4137","page","type-page","status-publish","hentry"],"_links":{"self":[{"href":"https:\/\/dmr-portugal.org\/index.php?rest_route=\/wp\/v2\/pages\/4137","targetHints":{"allow":["GET"]}}],"collection":[{"href":"https:\/\/dmr-portugal.org\/index.php?rest_route=\/wp\/v2\/pages"}],"about":[{"href":"https:\/\/dmr-portugal.org\/index.php?rest_route=\/wp\/v2\/types\/page"}],"author":[{"embeddable":true,"href":"https:\/\/dmr-portugal.org\/index.php?rest_route=\/wp\/v2\/users\/1"}],"replies":[{"embeddable":true,"href":"https:\/\/dmr-portugal.org\/index.php?rest_route=%2Fwp%2Fv2%2Fcomments&post=4137"}],"version-history":[{"count":6,"href":"https:\/\/dmr-portugal.org\/index.php?rest_route=\/wp\/v2\/pages\/4137\/revisions"}],"predecessor-version":[{"id":4139,"href":"https:\/\/dmr-portugal.org\/index.php?rest_route=\/wp\/v2\/pages\/4137\/revisions\/4139"}],"up":[{"embeddable":true,"href":"https:\/\/dmr-portugal.org\/index.php?rest_route=\/wp\/v2\/pages\/3839"}],"wp:attachment":[{"href":"https:\/\/dmr-portugal.org\/index.php?rest_route=%2Fwp%2Fv2%2Fmedia&parent=4137"}],"curies":[{"name":"wp","href":"https:\/\/api.w.org\/{rel}","templated":true}]}}