{"id":4124,"date":"2025-05-09T18:33:08","date_gmt":"2025-05-09T17:33:08","guid":{"rendered":"https:\/\/dmr-portugal.org\/?page_id=4124"},"modified":"2025-05-19T12:15:50","modified_gmt":"2025-05-19T11:15:50","slug":"netct-32a-sessao","status":"publish","type":"page","link":"https:\/\/dmr-portugal.org\/?page_id=4124","title":{"rendered":"netCT 32\u00aa sess\u00e3o"},"content":{"rendered":"<p>&nbsp;<\/p>\n<p style=\"text-align: center;\"><strong><span style=\"font-family: arial, helvetica, sans-serif; font-size: 20px;\">Hist\u00f3rico da 32\u00aa sess\u00e3o<\/span><\/strong><\/p>\n<p style=\"text-align: center;\"><img fetchpriority=\"high\" decoding=\"async\" class=\"size-full wp-image-4128 aligncenter\" src=\"https:\/\/dmr-portugal.org\/wp-content\/uploads\/2025\/05\/Log-net-08_32.png\" alt=\"\" width=\"966\" height=\"768\" srcset=\"https:\/\/dmr-portugal.org\/wp-content\/uploads\/2025\/05\/Log-net-08_32.png 966w, https:\/\/dmr-portugal.org\/wp-content\/uploads\/2025\/05\/Log-net-08_32-300x239.png 300w, https:\/\/dmr-portugal.org\/wp-content\/uploads\/2025\/05\/Log-net-08_32-768x611.png 768w, https:\/\/dmr-portugal.org\/wp-content\/uploads\/2025\/05\/Log-net-08_32-150x119.png 150w\" sizes=\"(max-width: 966px) 100vw, 966px\" \/><\/p>\n<p style=\"text-align: center;\"><em><strong><span style=\"font-family: arial, helvetica, sans-serif;\">Log da 32\u00aa sess\u00e3o do 8\u00ba ano<\/span><\/strong><\/em><\/p>\n<p>&nbsp;<\/p>\n<p><span style=\"font-family: arial, helvetica, sans-serif;\">14 utilizadores fizeram representar as suas associa\u00e7\u00f5es. Nenhum utilizador respondeu \u00e0 quest\u00e3o do Quiz, colocada e publicada em resposta na sess\u00e3o #11 que era a seguinte:<\/span><\/p>\n<p>&nbsp;<\/p>\n<p style=\"padding-left: 40px;\"><span style=\"font-family: arial, helvetica, sans-serif;\">Tenho um Hotspot para C4FM e queria utilizar a liga\u00e7\u00e3o ao DSTAR sem ter que usar o DMR com o modulo YSF2DMR (YSF para DMR), \u00e9 poss\u00edvel outra forma de liga\u00e7\u00e3o ? e qual ?\u00a0<\/span><\/p>\n<p>&nbsp;<\/p>\n<p><span style=\"font-family: arial, helvetica, sans-serif;\">Sim \u00e9 poss\u00edvel, procure na listagem dos hospedeiros (hosts) por XLX268 ( #42725) e ligue-se. O modo de uso \u00e9 por DG-ID e tem dispon\u00edveis os 26 m\u00f3dulos presentes no XLX, o primeiro DG-ID \u00e9 o 10, pode ver quais os DG-ID neste site: <a href=\"https:\/\/xlx268.from-ct.com\/index.php?show=modules\" target=\"_blank\" rel=\"nofollow noopener noreferrer\">DG-ID no XLX268<\/a>, ou na imagem abaixo.<\/span><\/p>\n<p>&nbsp;<\/p>\n<p><img decoding=\"async\" class=\"aligncenter wp-image-4129 size-medium\" src=\"https:\/\/dmr-portugal.org\/wp-content\/uploads\/2025\/05\/xlx268-297x300.png\" alt=\"\" width=\"297\" height=\"300\" srcset=\"https:\/\/dmr-portugal.org\/wp-content\/uploads\/2025\/05\/xlx268-297x300.png 297w, https:\/\/dmr-portugal.org\/wp-content\/uploads\/2025\/05\/xlx268.png 712w\" sizes=\"(max-width: 297px) 100vw, 297px\" \/><\/p>\n<p>&nbsp;<\/p>\n<p style=\"text-align: center;\"><strong><span style=\"font-family: arial, helvetica, sans-serif; font-size: 20px;\">Fotos rececionadas<br \/>\n<\/span><\/strong><span style=\"font-family: arial, helvetica, sans-serif; font-size: 20px;\"><span style=\"font-size: 16px;\">(n\u00e3o foram recebidas)<\/span><\/span><\/p>\n<p>&nbsp;<\/p>\n<p style=\"text-align: center;\"><strong><span style=\"font-family: arial, helvetica, sans-serif; font-size: 20px;\">Pontos<br \/>\n<\/span><\/strong><span style=\"font-family: arial, helvetica, sans-serif; font-size: 16px;\">Top \u2018Selfies\u2019\/Quiz<\/span><\/p>\n<p style=\"text-align: center;\"><img decoding=\"async\" class=\"size-full wp-image-4131 aligncenter\" src=\"https:\/\/dmr-portugal.org\/wp-content\/uploads\/2025\/05\/pontos-32.png\" alt=\"\" width=\"238\" height=\"753\" srcset=\"https:\/\/dmr-portugal.org\/wp-content\/uploads\/2025\/05\/pontos-32.png 238w, https:\/\/dmr-portugal.org\/wp-content\/uploads\/2025\/05\/pontos-32-95x300.png 95w, https:\/\/dmr-portugal.org\/wp-content\/uploads\/2025\/05\/pontos-32-47x150.png 47w\" sizes=\"(max-width: 238px) 100vw, 238px\" \/><\/p>\n<p>&nbsp;<\/p>\n<table style=\"border-collapse: collapse; width: 100.112%; height: 452px;\">\n<tbody>\n<tr>\n<td style=\"width: 399.29px; border-style: hidden; text-align: center;\"><img loading=\"lazy\" decoding=\"async\" class=\"size-full wp-image-4132 aligncenter\" src=\"https:\/\/dmr-portugal.org\/wp-content\/uploads\/2025\/05\/estatisticas-32.png\" alt=\"\" width=\"383\" height=\"223\" srcset=\"https:\/\/dmr-portugal.org\/wp-content\/uploads\/2025\/05\/estatisticas-32.png 383w, https:\/\/dmr-portugal.org\/wp-content\/uploads\/2025\/05\/estatisticas-32-300x175.png 300w, https:\/\/dmr-portugal.org\/wp-content\/uploads\/2025\/05\/estatisticas-32-150x87.png 150w\" sizes=\"(max-width: 383px) 100vw, 383px\" \/><\/td>\n<td style=\"width: 399.29px; border-style: hidden; text-align: center;\"><img loading=\"lazy\" decoding=\"async\" class=\"size-full wp-image-4133 aligncenter\" src=\"https:\/\/dmr-portugal.org\/wp-content\/uploads\/2025\/05\/top-tg-32.png\" alt=\"\" width=\"402\" height=\"429\" srcset=\"https:\/\/dmr-portugal.org\/wp-content\/uploads\/2025\/05\/top-tg-32.png 402w, https:\/\/dmr-portugal.org\/wp-content\/uploads\/2025\/05\/top-tg-32-281x300.png 281w, https:\/\/dmr-portugal.org\/wp-content\/uploads\/2025\/05\/top-tg-32-141x150.png 141w\" sizes=\"(max-width: 402px) 100vw, 402px\" \/><\/td>\n<\/tr>\n<\/tbody>\n<\/table>\n<p>&nbsp;<\/p>\n<p><img loading=\"lazy\" decoding=\"async\" class=\"size-full wp-image-4134 aligncenter\" src=\"https:\/\/dmr-portugal.org\/wp-content\/uploads\/2025\/05\/associcoes-32.png\" alt=\"\" width=\"301\" height=\"565\" srcset=\"https:\/\/dmr-portugal.org\/wp-content\/uploads\/2025\/05\/associcoes-32.png 301w, https:\/\/dmr-portugal.org\/wp-content\/uploads\/2025\/05\/associcoes-32-160x300.png 160w, https:\/\/dmr-portugal.org\/wp-content\/uploads\/2025\/05\/associcoes-32-80x150.png 80w\" sizes=\"(max-width: 301px) 100vw, 301px\" \/><\/p>\n<hr \/>\n<p>&nbsp;<\/p>\n","protected":false},"excerpt":{"rendered":"<p>&nbsp; Hist\u00f3rico da 32\u00aa sess\u00e3o Log da 32\u00aa sess\u00e3o do 8\u00ba ano &nbsp; 14 utilizadores fizeram representar as suas associa\u00e7\u00f5es. Nenhum utilizador respondeu \u00e0 quest\u00e3o do Quiz, colocada e publicada em resposta na sess\u00e3o #11 que era a seguinte: &nbsp; Tenho um Hotspot para C4FM e queria utilizar a liga\u00e7\u00e3o \u2026 <a class=\"continue-reading-link\" href=\"https:\/\/dmr-portugal.org\/?page_id=4124\"> Continua&#8230; <span class=\"meta-nav\">&rarr; <\/span><\/a><\/p>\n","protected":false},"author":1,"featured_media":0,"parent":3839,"menu_order":15,"comment_status":"closed","ping_status":"closed","template":"","meta":{"footnotes":""},"class_list":["post-4124","page","type-page","status-publish","hentry"],"_links":{"self":[{"href":"https:\/\/dmr-portugal.org\/index.php?rest_route=\/wp\/v2\/pages\/4124","targetHints":{"allow":["GET"]}}],"collection":[{"href":"https:\/\/dmr-portugal.org\/index.php?rest_route=\/wp\/v2\/pages"}],"about":[{"href":"https:\/\/dmr-portugal.org\/index.php?rest_route=\/wp\/v2\/types\/page"}],"author":[{"embeddable":true,"href":"https:\/\/dmr-portugal.org\/index.php?rest_route=\/wp\/v2\/users\/1"}],"replies":[{"embeddable":true,"href":"https:\/\/dmr-portugal.org\/index.php?rest_route=%2Fwp%2Fv2%2Fcomments&post=4124"}],"version-history":[{"count":5,"href":"https:\/\/dmr-portugal.org\/index.php?rest_route=\/wp\/v2\/pages\/4124\/revisions"}],"predecessor-version":[{"id":4127,"href":"https:\/\/dmr-portugal.org\/index.php?rest_route=\/wp\/v2\/pages\/4124\/revisions\/4127"}],"up":[{"embeddable":true,"href":"https:\/\/dmr-portugal.org\/index.php?rest_route=\/wp\/v2\/pages\/3839"}],"wp:attachment":[{"href":"https:\/\/dmr-portugal.org\/index.php?rest_route=%2Fwp%2Fv2%2Fmedia&parent=4124"}],"curies":[{"name":"wp","href":"https:\/\/api.w.org\/{rel}","templated":true}]}}