{"id":4083,"date":"2025-04-22T17:01:17","date_gmt":"2025-04-22T16:01:17","guid":{"rendered":"https:\/\/dmr-portugal.org\/?page_id=4083"},"modified":"2025-04-22T17:14:35","modified_gmt":"2025-04-22T16:14:35","slug":"netct-29a-sessao","status":"publish","type":"page","link":"https:\/\/dmr-portugal.org\/?page_id=4083","title":{"rendered":"netCT 29\u00aa sess\u00e3o"},"content":{"rendered":"<p style=\"text-align: center;\"><strong><span style=\"font-family: arial, helvetica, sans-serif; font-size: 20px;\">Hist\u00f3rico da 29\u00aa sess\u00e3o<\/span><\/strong><\/p>\n<p style=\"text-align: center;\"><img fetchpriority=\"high\" decoding=\"async\" class=\"size-full wp-image-4086 aligncenter\" src=\"https:\/\/dmr-portugal.org\/wp-content\/uploads\/2025\/04\/Log-net-08_29.png\" alt=\"\" width=\"967\" height=\"767\" srcset=\"https:\/\/dmr-portugal.org\/wp-content\/uploads\/2025\/04\/Log-net-08_29.png 967w, https:\/\/dmr-portugal.org\/wp-content\/uploads\/2025\/04\/Log-net-08_29-300x238.png 300w, https:\/\/dmr-portugal.org\/wp-content\/uploads\/2025\/04\/Log-net-08_29-768x609.png 768w, https:\/\/dmr-portugal.org\/wp-content\/uploads\/2025\/04\/Log-net-08_29-150x119.png 150w\" sizes=\"(max-width: 967px) 100vw, 967px\" \/><span style=\"font-family: arial, helvetica, sans-serif;\"><strong><em>Log da 29\u00aa sess\u00e3o do 8\u00ba ano<\/em><\/strong><\/span><\/p>\n<p><span style=\"font-family: arial, helvetica, sans-serif;\">18 utilizadores fizeram representar as suas associa\u00e7\u00f5es. 3 utilizadores responderam corretamente \u00e0 quest\u00e3o do Quiz, colocada e publicada em resposta na sess\u00e3o #18 que era a seguinte:<\/span><\/p>\n<p>&nbsp;<\/p>\n<p style=\"padding-left: 80px;\"><span style=\"font-family: arial, helvetica, sans-serif;\"><strong>A rede DMR, sendo uma estrutura digital permite servi\u00e7os nela, \u00a0enuncie quais ?<\/strong><\/span><\/p>\n<p><span style=\"font-family: arial, helvetica, sans-serif;\">Entenda-se por servi\u00e7os tudo o que a rede nos possa dar por forma autom\u00e1tica, fora do chamado QSO entre utilizadores.<\/span><\/p>\n<p><span style=\"font-family: arial, helvetica, sans-serif;\">Existem v\u00e1rios servi\u00e7os na rede BrandMeister Nacional, alguns exclusivos da nossa rede, outros comuns a toda a rede.<\/span><br \/>\n<span style=\"font-family: arial, helvetica, sans-serif;\">Temos servi\u00e7os de voz, como por exemplo o Parrot\/papagaio, a informa\u00e7\u00e3o horaria, a informa\u00e7\u00e3o sobre a identifica\u00e7\u00e3o do repetidor e ainda a informa\u00e7\u00e3o de quais os TG\u2019s est\u00e1ticos ou din\u00e2micos num dado repetidor\/hotspot. Todos estes servi\u00e7os s\u00e3o de audio e com excep\u00e7\u00e3o do Parrot todos necessitam que o utilizador tenha a l\u00edngua portuguesa selecionada no Selfcare, sob pena de n\u00e3o ouvir a resposta.<\/span><\/p>\n<p><span style=\"font-family: arial, helvetica, sans-serif;\">Mas o que conta para o Quiz s\u00e3o estes 3, que s\u00e3o globais e portanto fazem parte de qualquer master DMR no planeta.<\/span><\/p>\n<ul>\n<li><span style=\"font-family: arial, helvetica, sans-serif;\">&#8211; No b\u00e1sico a rede permite a geolocaliza\u00e7\u00e3o, envio das coordenadas do equipamento atrav\u00e9s da rede APRS. Nessa mesma estrutura permite tamb\u00e9m o envio de pequeno texto para a rede APRS, ou dirijido a algu\u00e9m na rede APRS.<\/span><\/li>\n<li><span style=\"font-family: arial, helvetica, sans-serif;\">&#8211; Faz tamb\u00e9m envio de pequenas mensagens de texto, SMS (short messaging service) entre utilizadores da rede.<\/span><\/li>\n<li><span style=\"font-family: arial, helvetica, sans-serif;\">&#8211; Permite ainda saber se um utilizador se encontra na rede e atrav\u00e9s de chamada privada interagir com ele.<\/span><\/li>\n<\/ul>\n<p><span style=\"font-family: arial, helvetica, sans-serif;\">Estes servi\u00e7os est\u00e3o dependentes do tipo de equipamento que o utilizador tenha, e os r\u00e1dios baratos chineses maioritariamente n\u00e3o s\u00e3o compat\u00edveis, ou at\u00e9 mesmo n\u00e3o suportam estes servi\u00e7os.<\/span><\/p>\n<p>&nbsp;<\/p>\n<p style=\"text-align: center;\"><span style=\"font-family: arial, helvetica, sans-serif; font-size: 20px;\"><strong>Fotos rececionadas<br \/>\n<\/strong><span style=\"font-size: 16px;\">(n\u00e3o foram recebidas)<\/span><\/span><\/p>\n<p style=\"text-align: center;\"><span style=\"font-family: arial, helvetica, sans-serif; font-size: 20px;\"><strong>Pontos<br \/>\n<\/strong><span style=\"font-size: 16px;\">Top \u2018Selfies\u2019\/Quiz<\/span><\/span><\/p>\n<p style=\"text-align: center;\"><img decoding=\"async\" class=\"size-full wp-image-4090 aligncenter\" src=\"https:\/\/dmr-portugal.org\/wp-content\/uploads\/2025\/04\/pontos-29.png\" alt=\"\" width=\"264\" height=\"736\" srcset=\"https:\/\/dmr-portugal.org\/wp-content\/uploads\/2025\/04\/pontos-29.png 264w, https:\/\/dmr-portugal.org\/wp-content\/uploads\/2025\/04\/pontos-29-108x300.png 108w, https:\/\/dmr-portugal.org\/wp-content\/uploads\/2025\/04\/pontos-29-54x150.png 54w\" sizes=\"(max-width: 264px) 100vw, 264px\" \/><\/p>\n<p>&nbsp;<\/p>\n<table style=\"border-collapse: collapse; width: 100%;\">\n<tbody>\n<tr>\n<td style=\"width: 470px; border-style: hidden; text-align: center;\"><img decoding=\"async\" class=\"size-full wp-image-4091 aligncenter\" src=\"https:\/\/dmr-portugal.org\/wp-content\/uploads\/2025\/04\/estatistica-29.png\" alt=\"\" width=\"374\" height=\"234\" srcset=\"https:\/\/dmr-portugal.org\/wp-content\/uploads\/2025\/04\/estatistica-29.png 374w, https:\/\/dmr-portugal.org\/wp-content\/uploads\/2025\/04\/estatistica-29-300x188.png 300w, https:\/\/dmr-portugal.org\/wp-content\/uploads\/2025\/04\/estatistica-29-150x94.png 150w\" sizes=\"(max-width: 374px) 100vw, 374px\" \/><\/td>\n<td style=\"width: 470px; text-align: center;\"><img loading=\"lazy\" decoding=\"async\" class=\"size-full wp-image-4092 aligncenter\" src=\"https:\/\/dmr-portugal.org\/wp-content\/uploads\/2025\/04\/top-tg-29.png\" alt=\"\" width=\"358\" height=\"377\" srcset=\"https:\/\/dmr-portugal.org\/wp-content\/uploads\/2025\/04\/top-tg-29.png 358w, https:\/\/dmr-portugal.org\/wp-content\/uploads\/2025\/04\/top-tg-29-285x300.png 285w, https:\/\/dmr-portugal.org\/wp-content\/uploads\/2025\/04\/top-tg-29-142x150.png 142w\" sizes=\"(max-width: 358px) 100vw, 358px\" \/><\/td>\n<\/tr>\n<\/tbody>\n<\/table>\n<p>&nbsp;<\/p>\n<p style=\"text-align: center;\"><img loading=\"lazy\" decoding=\"async\" class=\"size-full wp-image-4093 aligncenter\" src=\"https:\/\/dmr-portugal.org\/wp-content\/uploads\/2025\/04\/associacoes-29.png\" alt=\"\" width=\"307\" height=\"564\" srcset=\"https:\/\/dmr-portugal.org\/wp-content\/uploads\/2025\/04\/associacoes-29.png 307w, https:\/\/dmr-portugal.org\/wp-content\/uploads\/2025\/04\/associacoes-29-163x300.png 163w, https:\/\/dmr-portugal.org\/wp-content\/uploads\/2025\/04\/associacoes-29-82x150.png 82w\" sizes=\"(max-width: 307px) 100vw, 307px\" \/><\/p>\n<p>&nbsp;<\/p>\n<hr \/>\n<p>&nbsp;<\/p>\n<p>&nbsp;<\/p>\n","protected":false},"excerpt":{"rendered":"<p>Hist\u00f3rico da 29\u00aa sess\u00e3o Log da 29\u00aa sess\u00e3o do 8\u00ba ano 18 utilizadores fizeram representar as suas associa\u00e7\u00f5es. 3 utilizadores responderam corretamente \u00e0 quest\u00e3o do Quiz, colocada e publicada em resposta na sess\u00e3o #18 que era a seguinte: &nbsp; A rede DMR, sendo uma estrutura digital permite servi\u00e7os nela, \u00a0enuncie \u2026 <a class=\"continue-reading-link\" href=\"https:\/\/dmr-portugal.org\/?page_id=4083\"> Continua&#8230; <span class=\"meta-nav\">&rarr; <\/span><\/a><\/p>\n","protected":false},"author":1,"featured_media":0,"parent":3839,"menu_order":18,"comment_status":"closed","ping_status":"closed","template":"","meta":{"footnotes":""},"class_list":["post-4083","page","type-page","status-publish","hentry"],"_links":{"self":[{"href":"https:\/\/dmr-portugal.org\/index.php?rest_route=\/wp\/v2\/pages\/4083","targetHints":{"allow":["GET"]}}],"collection":[{"href":"https:\/\/dmr-portugal.org\/index.php?rest_route=\/wp\/v2\/pages"}],"about":[{"href":"https:\/\/dmr-portugal.org\/index.php?rest_route=\/wp\/v2\/types\/page"}],"author":[{"embeddable":true,"href":"https:\/\/dmr-portugal.org\/index.php?rest_route=\/wp\/v2\/users\/1"}],"replies":[{"embeddable":true,"href":"https:\/\/dmr-portugal.org\/index.php?rest_route=%2Fwp%2Fv2%2Fcomments&post=4083"}],"version-history":[{"count":6,"href":"https:\/\/dmr-portugal.org\/index.php?rest_route=\/wp\/v2\/pages\/4083\/revisions"}],"predecessor-version":[{"id":4094,"href":"https:\/\/dmr-portugal.org\/index.php?rest_route=\/wp\/v2\/pages\/4083\/revisions\/4094"}],"up":[{"embeddable":true,"href":"https:\/\/dmr-portugal.org\/index.php?rest_route=\/wp\/v2\/pages\/3839"}],"wp:attachment":[{"href":"https:\/\/dmr-portugal.org\/index.php?rest_route=%2Fwp%2Fv2%2Fmedia&parent=4083"}],"curies":[{"name":"wp","href":"https:\/\/api.w.org\/{rel}","templated":true}]}}