{"id":4037,"date":"2025-03-25T16:48:45","date_gmt":"2025-03-25T16:48:45","guid":{"rendered":"https:\/\/dmr-portugal.org\/?page_id=4037"},"modified":"2025-03-25T17:02:19","modified_gmt":"2025-03-25T17:02:19","slug":"netct-26a-sessao","status":"publish","type":"page","link":"https:\/\/dmr-portugal.org\/?page_id=4037","title":{"rendered":"netCT 26\u00aa sess\u00e3o"},"content":{"rendered":"<p>&nbsp;<\/p>\n<p style=\"text-align: center;\"><strong><span style=\"font-family: arial, helvetica, sans-serif; font-size: 20px;\">Hist\u00f3rico da 26\u00aa sess\u00e3o<\/span><\/strong><\/p>\n<p style=\"text-align: center;\"><img fetchpriority=\"high\" decoding=\"async\" class=\"size-full wp-image-4040 aligncenter\" src=\"https:\/\/dmr-portugal.org\/wp-content\/uploads\/2025\/03\/Log-net-08_26.png\" alt=\"\" width=\"965\" height=\"768\" srcset=\"https:\/\/dmr-portugal.org\/wp-content\/uploads\/2025\/03\/Log-net-08_26.png 965w, https:\/\/dmr-portugal.org\/wp-content\/uploads\/2025\/03\/Log-net-08_26-300x239.png 300w, https:\/\/dmr-portugal.org\/wp-content\/uploads\/2025\/03\/Log-net-08_26-768x611.png 768w, https:\/\/dmr-portugal.org\/wp-content\/uploads\/2025\/03\/Log-net-08_26-150x119.png 150w\" sizes=\"(max-width: 965px) 100vw, 965px\" \/><strong><em>Log da 26\u00aa sess\u00e3o do 8\u00ba ano<\/em><\/strong><\/p>\n<p>&nbsp;<\/p>\n<p><span style=\"font-family: arial, helvetica, sans-serif;\">17 utilizadores fizeram representar as suas associa\u00e7\u00f5es. 3 utilizadores responderam corretamente \u00e0 quest\u00e3o do Quiz, colocada e publicada em resposta na sess\u00e3o #1 que era a seguinte:<\/span><\/p>\n<p>&nbsp;<\/p>\n<p style=\"padding-left: 80px;\"><span style=\"font-family: arial, helvetica, sans-serif;\">Tenho um equipamento DMR e o respetivo ID mas resolvi experimentar o DSTAR, uns dizem-me que tenho que ter um registo DSTAR outros dizem que n\u00e3o, quem est\u00e1 certo ?<\/span><\/p>\n<p>&nbsp;<\/p>\n<p><span style=\"font-family: arial, helvetica, sans-serif;\"><em>Resposta esperada:<\/em><\/span><\/p>\n<p><span style=\"font-family: arial, helvetica, sans-serif;\">O DSTAR tem no mundo duas formas de interliga\u00e7\u00e3o, a 1\u00aa chamada DPlus e criada pela ICOM obriga a registo de indicativo, bem como alguns modulos especificos, por exemplo o \u2018T\u2019 para uso como Terminal Mode. <\/span><br \/>\n<span style=\"font-family: arial, helvetica, sans-serif;\">A outra rede, tamb\u00e9m ela DSTAR, \u00e9 a XLX ou XRF ou DCS, que n\u00e3o obriga a esse registo, bastando para tal que o utilizador configure o seu equipamento de forma correta.<\/span><br \/>\n<span style=\"font-family: arial, helvetica, sans-serif;\">No caso da rede nacional DSTAR temos as duas redes interligadas, a DPlus e a XLX, isto quer dizer que <strong>SIM<\/strong>, ter\u00e1 que efetuar o registo DSTAR sob pena de ser escutado numa rede mas n\u00e3o passar para a outra. <\/span><br \/>\n<span style=\"font-family: arial, helvetica, sans-serif;\">Para o fazer aceda a <a href=\"https:\/\/regist.dstargateway.org\" target=\"_blank\" rel=\"noopener\">https:\/\/regist.dstargateway.org<\/a> ou fa\u00e7a uma busca no Google por Dstar Register.<\/span><\/p>\n<p>&nbsp;<\/p>\n<p style=\"text-align: center;\"><strong><span style=\"font-family: arial, helvetica, sans-serif; font-size: 20px;\">Fotos rececionadas<br \/>\n<\/span><\/strong><span style=\"font-family: arial, helvetica, sans-serif; font-size: 20px;\"><span style=\"font-size: 16px;\">(n\u00e3o foram recebidas)<\/span><\/span><\/p>\n<p>&nbsp;<\/p>\n<p style=\"text-align: center;\"><span style=\"font-family: arial, helvetica, sans-serif; font-size: 20px;\"><strong>Pontos<br \/>\n<\/strong><span style=\"font-size: 16px;\">Top \u2018Selfies\u2019\/Quiz<\/span><\/span><\/p>\n<p style=\"text-align: center;\"><img decoding=\"async\" class=\"alignnone size-full wp-image-4042\" src=\"https:\/\/dmr-portugal.org\/wp-content\/uploads\/2025\/03\/pontos-26.png\" alt=\"\" width=\"224\" height=\"678\" srcset=\"https:\/\/dmr-portugal.org\/wp-content\/uploads\/2025\/03\/pontos-26.png 224w, https:\/\/dmr-portugal.org\/wp-content\/uploads\/2025\/03\/pontos-26-99x300.png 99w, https:\/\/dmr-portugal.org\/wp-content\/uploads\/2025\/03\/pontos-26-50x150.png 50w\" sizes=\"(max-width: 224px) 100vw, 224px\" \/><\/p>\n<p>&nbsp;<\/p>\n<table style=\"border-collapse: collapse; width: 100%;\">\n<tbody>\n<tr>\n<td style=\"width: 470px; border-style: hidden; text-align: center;\"><img decoding=\"async\" class=\"size-full wp-image-4043 aligncenter\" src=\"https:\/\/dmr-portugal.org\/wp-content\/uploads\/2025\/03\/estatistica-26.png\" alt=\"\" width=\"372\" height=\"249\" srcset=\"https:\/\/dmr-portugal.org\/wp-content\/uploads\/2025\/03\/estatistica-26.png 372w, https:\/\/dmr-portugal.org\/wp-content\/uploads\/2025\/03\/estatistica-26-300x201.png 300w, https:\/\/dmr-portugal.org\/wp-content\/uploads\/2025\/03\/estatistica-26-150x100.png 150w\" sizes=\"(max-width: 372px) 100vw, 372px\" \/><\/td>\n<td style=\"width: 470px; border-style: hidden; text-align: center;\"><img loading=\"lazy\" decoding=\"async\" class=\"size-full wp-image-4044 aligncenter\" src=\"https:\/\/dmr-portugal.org\/wp-content\/uploads\/2025\/03\/top-tg-26.png\" alt=\"\" width=\"386\" height=\"380\" srcset=\"https:\/\/dmr-portugal.org\/wp-content\/uploads\/2025\/03\/top-tg-26.png 386w, https:\/\/dmr-portugal.org\/wp-content\/uploads\/2025\/03\/top-tg-26-300x295.png 300w, https:\/\/dmr-portugal.org\/wp-content\/uploads\/2025\/03\/top-tg-26-150x148.png 150w\" sizes=\"(max-width: 386px) 100vw, 386px\" \/><\/td>\n<\/tr>\n<\/tbody>\n<\/table>\n<p>&nbsp;<\/p>\n<p style=\"text-align: center;\"><img loading=\"lazy\" decoding=\"async\" class=\"alignnone size-full wp-image-4045\" src=\"https:\/\/dmr-portugal.org\/wp-content\/uploads\/2025\/03\/associacoes-26.png\" alt=\"\" width=\"305\" height=\"563\" srcset=\"https:\/\/dmr-portugal.org\/wp-content\/uploads\/2025\/03\/associacoes-26.png 305w, https:\/\/dmr-portugal.org\/wp-content\/uploads\/2025\/03\/associacoes-26-163x300.png 163w, https:\/\/dmr-portugal.org\/wp-content\/uploads\/2025\/03\/associacoes-26-81x150.png 81w\" sizes=\"(max-width: 305px) 100vw, 305px\" \/><\/p>\n<p>&nbsp;<\/p>\n<hr \/>\n<p>&nbsp;<\/p>\n","protected":false},"excerpt":{"rendered":"<p>&nbsp; Hist\u00f3rico da 26\u00aa sess\u00e3o Log da 26\u00aa sess\u00e3o do 8\u00ba ano &nbsp; 17 utilizadores fizeram representar as suas associa\u00e7\u00f5es. 3 utilizadores responderam corretamente \u00e0 quest\u00e3o do Quiz, colocada e publicada em resposta na sess\u00e3o #1 que era a seguinte: &nbsp; Tenho um equipamento DMR e o respetivo ID mas \u2026 <a class=\"continue-reading-link\" href=\"https:\/\/dmr-portugal.org\/?page_id=4037\"> Continua&#8230; <span class=\"meta-nav\">&rarr; <\/span><\/a><\/p>\n","protected":false},"author":1,"featured_media":0,"parent":3839,"menu_order":21,"comment_status":"closed","ping_status":"closed","template":"","meta":{"footnotes":""},"class_list":["post-4037","page","type-page","status-publish","hentry"],"_links":{"self":[{"href":"https:\/\/dmr-portugal.org\/index.php?rest_route=\/wp\/v2\/pages\/4037","targetHints":{"allow":["GET"]}}],"collection":[{"href":"https:\/\/dmr-portugal.org\/index.php?rest_route=\/wp\/v2\/pages"}],"about":[{"href":"https:\/\/dmr-portugal.org\/index.php?rest_route=\/wp\/v2\/types\/page"}],"author":[{"embeddable":true,"href":"https:\/\/dmr-portugal.org\/index.php?rest_route=\/wp\/v2\/users\/1"}],"replies":[{"embeddable":true,"href":"https:\/\/dmr-portugal.org\/index.php?rest_route=%2Fwp%2Fv2%2Fcomments&post=4037"}],"version-history":[{"count":4,"href":"https:\/\/dmr-portugal.org\/index.php?rest_route=\/wp\/v2\/pages\/4037\/revisions"}],"predecessor-version":[{"id":4039,"href":"https:\/\/dmr-portugal.org\/index.php?rest_route=\/wp\/v2\/pages\/4037\/revisions\/4039"}],"up":[{"embeddable":true,"href":"https:\/\/dmr-portugal.org\/index.php?rest_route=\/wp\/v2\/pages\/3839"}],"wp:attachment":[{"href":"https:\/\/dmr-portugal.org\/index.php?rest_route=%2Fwp%2Fv2%2Fmedia&parent=4037"}],"curies":[{"name":"wp","href":"https:\/\/api.w.org\/{rel}","templated":true}]}}