{"id":4024,"date":"2025-03-25T16:09:00","date_gmt":"2025-03-25T16:09:00","guid":{"rendered":"https:\/\/dmr-portugal.org\/?page_id=4024"},"modified":"2025-03-25T16:22:43","modified_gmt":"2025-03-25T16:22:43","slug":"netct-25a-sessao","status":"publish","type":"page","link":"https:\/\/dmr-portugal.org\/?page_id=4024","title":{"rendered":"netCT 25\u00aa sess\u00e3o"},"content":{"rendered":"<p style=\"text-align: center;\"><span style=\"font-size: 20px;\"><strong><span style=\"font-family: arial, helvetica, sans-serif;\">Hist\u00f3rico da 25\u00aa sess\u00e3o<\/span><\/strong><\/span><\/p>\n<p><img fetchpriority=\"high\" decoding=\"async\" class=\"size-full wp-image-4027 aligncenter\" src=\"https:\/\/dmr-portugal.org\/wp-content\/uploads\/2025\/03\/Log-net-08_25.png\" alt=\"\" width=\"973\" height=\"767\" srcset=\"https:\/\/dmr-portugal.org\/wp-content\/uploads\/2025\/03\/Log-net-08_25.png 973w, https:\/\/dmr-portugal.org\/wp-content\/uploads\/2025\/03\/Log-net-08_25-300x236.png 300w, https:\/\/dmr-portugal.org\/wp-content\/uploads\/2025\/03\/Log-net-08_25-768x605.png 768w, https:\/\/dmr-portugal.org\/wp-content\/uploads\/2025\/03\/Log-net-08_25-150x118.png 150w\" sizes=\"(max-width: 973px) 100vw, 973px\" \/><\/p>\n<p style=\"text-align: center;\"><strong><span style=\"font-family: arial, helvetica, sans-serif;\"><em>Log da 25\u00aa sess\u00e3o do 8\u00ba ano<\/em><\/span><\/strong><\/p>\n<p>&nbsp;<\/p>\n<p><span style=\"font-family: arial, helvetica, sans-serif;\">19 utilizadores fizeram representar as suas associa\u00e7\u00f5es. 5 utilizadores responderam \u00e0 quest\u00e3o do Quiz, 1 com resposta n\u00e3o completa ou pelo menos justificativa \u00e0 quest\u00e3o colocada e publicada em resposta na sess\u00e3o #5 que era a seguinte:<\/span><\/p>\n<p>&nbsp;<\/p>\n<p style=\"padding-left: 80px;\"><span style=\"font-family: arial, helvetica, sans-serif;\">Tenho v\u00e1rios ID\u2019s DMR em v\u00e1rios r\u00e1dios, no meu hotspot posso usar esses r\u00e1dios cada um com ID diferente ?<\/span><\/p>\n<p>&nbsp;<\/p>\n<p><em><span style=\"font-family: arial, helvetica, sans-serif;\">Resposta esperada:<\/span><\/em><\/p>\n<p><strong><span style=\"font-family: arial, helvetica, sans-serif;\">Pode. Existe um par\u00e2metro que permite definir o uso para um s\u00f3 ID ou para v\u00e1rios. Mas aten\u00e7\u00e3o deve definir numa lista separada por virgulas quais os ID\u2019s permitidos, porque sen\u00e3o qualquer um pode entrar no seu hotspot, sem o saber.<\/span><\/strong><\/p>\n<p>&nbsp;<\/p>\n<p style=\"text-align: center;\"><strong><span style=\"font-family: arial, helvetica, sans-serif; font-size: 20px;\">Fotos rececionadas<br \/>\n<\/span><\/strong><span style=\"font-family: arial, helvetica, sans-serif; font-size: 20px;\"><span style=\"font-size: 16px;\">(n\u00e3o foram recebidas)<\/span><\/span><\/p>\n<p>&nbsp;<\/p>\n<p style=\"text-align: center;\"><strong><span style=\"font-family: arial, helvetica, sans-serif; font-size: 20px;\">Pontos<br \/>\n<\/span><\/strong><span style=\"font-family: arial, helvetica, sans-serif; font-size: 20px;\"><span style=\"font-size: 16px;\">Top \u2018Selfies\u2019\/Quiz<\/span><\/span><\/p>\n<p style=\"text-align: center;\"><img decoding=\"async\" class=\"size-full wp-image-4030 aligncenter\" src=\"https:\/\/dmr-portugal.org\/wp-content\/uploads\/2025\/03\/pontos-25.png\" alt=\"\" width=\"246\" height=\"723\" srcset=\"https:\/\/dmr-portugal.org\/wp-content\/uploads\/2025\/03\/pontos-25.png 246w, https:\/\/dmr-portugal.org\/wp-content\/uploads\/2025\/03\/pontos-25-102x300.png 102w, https:\/\/dmr-portugal.org\/wp-content\/uploads\/2025\/03\/pontos-25-51x150.png 51w\" sizes=\"(max-width: 246px) 100vw, 246px\" \/><\/p>\n<table style=\"border-collapse: collapse; width: 100%;\">\n<tbody>\n<tr>\n<td style=\"width: 470px; border-style: hidden; text-align: center;\"><img decoding=\"async\" class=\"size-full wp-image-4031 aligncenter\" src=\"https:\/\/dmr-portugal.org\/wp-content\/uploads\/2025\/03\/estatistica-25.png\" alt=\"\" width=\"347\" height=\"231\" srcset=\"https:\/\/dmr-portugal.org\/wp-content\/uploads\/2025\/03\/estatistica-25.png 347w, https:\/\/dmr-portugal.org\/wp-content\/uploads\/2025\/03\/estatistica-25-300x200.png 300w, https:\/\/dmr-portugal.org\/wp-content\/uploads\/2025\/03\/estatistica-25-150x100.png 150w\" sizes=\"(max-width: 347px) 100vw, 347px\" \/><\/td>\n<td style=\"width: 470px; border-style: hidden; text-align: center;\"><img loading=\"lazy\" decoding=\"async\" class=\"size-full wp-image-4032 aligncenter\" src=\"https:\/\/dmr-portugal.org\/wp-content\/uploads\/2025\/03\/top-tg-25.png\" alt=\"\" width=\"360\" height=\"374\" srcset=\"https:\/\/dmr-portugal.org\/wp-content\/uploads\/2025\/03\/top-tg-25.png 360w, https:\/\/dmr-portugal.org\/wp-content\/uploads\/2025\/03\/top-tg-25-289x300.png 289w, https:\/\/dmr-portugal.org\/wp-content\/uploads\/2025\/03\/top-tg-25-144x150.png 144w\" sizes=\"(max-width: 360px) 100vw, 360px\" \/><\/td>\n<\/tr>\n<\/tbody>\n<\/table>\n<p>&nbsp;<\/p>\n<p><img loading=\"lazy\" decoding=\"async\" class=\"size-full wp-image-4034 aligncenter\" src=\"https:\/\/dmr-portugal.org\/wp-content\/uploads\/2025\/03\/associacoes-25.png\" alt=\"\" width=\"314\" height=\"562\" srcset=\"https:\/\/dmr-portugal.org\/wp-content\/uploads\/2025\/03\/associacoes-25.png 314w, https:\/\/dmr-portugal.org\/wp-content\/uploads\/2025\/03\/associacoes-25-168x300.png 168w, https:\/\/dmr-portugal.org\/wp-content\/uploads\/2025\/03\/associacoes-25-84x150.png 84w\" sizes=\"(max-width: 314px) 100vw, 314px\" \/><\/p>\n<p>&nbsp;<\/p>\n<hr \/>\n<p>&nbsp;<\/p>\n","protected":false},"excerpt":{"rendered":"<p>Hist\u00f3rico da 25\u00aa sess\u00e3o Log da 25\u00aa sess\u00e3o do 8\u00ba ano &nbsp; 19 utilizadores fizeram representar as suas associa\u00e7\u00f5es. 5 utilizadores responderam \u00e0 quest\u00e3o do Quiz, 1 com resposta n\u00e3o completa ou pelo menos justificativa \u00e0 quest\u00e3o colocada e publicada em resposta na sess\u00e3o #5 que era a seguinte: &nbsp; \u2026 <a class=\"continue-reading-link\" href=\"https:\/\/dmr-portugal.org\/?page_id=4024\"> Continua&#8230; <span class=\"meta-nav\">&rarr; <\/span><\/a><\/p>\n","protected":false},"author":1,"featured_media":0,"parent":3839,"menu_order":22,"comment_status":"closed","ping_status":"closed","template":"","meta":{"footnotes":""},"class_list":["post-4024","page","type-page","status-publish","hentry"],"_links":{"self":[{"href":"https:\/\/dmr-portugal.org\/index.php?rest_route=\/wp\/v2\/pages\/4024","targetHints":{"allow":["GET"]}}],"collection":[{"href":"https:\/\/dmr-portugal.org\/index.php?rest_route=\/wp\/v2\/pages"}],"about":[{"href":"https:\/\/dmr-portugal.org\/index.php?rest_route=\/wp\/v2\/types\/page"}],"author":[{"embeddable":true,"href":"https:\/\/dmr-portugal.org\/index.php?rest_route=\/wp\/v2\/users\/1"}],"replies":[{"embeddable":true,"href":"https:\/\/dmr-portugal.org\/index.php?rest_route=%2Fwp%2Fv2%2Fcomments&post=4024"}],"version-history":[{"count":7,"href":"https:\/\/dmr-portugal.org\/index.php?rest_route=\/wp\/v2\/pages\/4024\/revisions"}],"predecessor-version":[{"id":4036,"href":"https:\/\/dmr-portugal.org\/index.php?rest_route=\/wp\/v2\/pages\/4024\/revisions\/4036"}],"up":[{"embeddable":true,"href":"https:\/\/dmr-portugal.org\/index.php?rest_route=\/wp\/v2\/pages\/3839"}],"wp:attachment":[{"href":"https:\/\/dmr-portugal.org\/index.php?rest_route=%2Fwp%2Fv2%2Fmedia&parent=4024"}],"curies":[{"name":"wp","href":"https:\/\/api.w.org\/{rel}","templated":true}]}}