{"id":4001,"date":"2025-03-19T11:37:07","date_gmt":"2025-03-19T11:37:07","guid":{"rendered":"https:\/\/dmr-portugal.org\/?page_id=4001"},"modified":"2025-03-19T15:41:45","modified_gmt":"2025-03-19T15:41:45","slug":"netct-24a-sessao","status":"publish","type":"page","link":"https:\/\/dmr-portugal.org\/?page_id=4001","title":{"rendered":"netCT 24\u00aa sess\u00e3o"},"content":{"rendered":"<p>&nbsp;<\/p>\n<p style=\"text-align: center;\"><strong><span style=\"font-family: arial, helvetica, sans-serif; font-size: 20px;\">Hist\u00f3rico da 24\u00aa sess\u00e3o<\/span><\/strong><\/p>\n<p><img fetchpriority=\"high\" decoding=\"async\" class=\"size-full wp-image-4004 aligncenter\" src=\"https:\/\/dmr-portugal.org\/wp-content\/uploads\/2025\/03\/Log-net-08_24.png\" alt=\"\" width=\"965\" height=\"764\" srcset=\"https:\/\/dmr-portugal.org\/wp-content\/uploads\/2025\/03\/Log-net-08_24.png 965w, https:\/\/dmr-portugal.org\/wp-content\/uploads\/2025\/03\/Log-net-08_24-300x238.png 300w, https:\/\/dmr-portugal.org\/wp-content\/uploads\/2025\/03\/Log-net-08_24-768x608.png 768w, https:\/\/dmr-portugal.org\/wp-content\/uploads\/2025\/03\/Log-net-08_24-150x119.png 150w\" sizes=\"(max-width: 965px) 100vw, 965px\" \/><\/p>\n<p style=\"text-align: center;\"><strong><span style=\"font-family: arial, helvetica, sans-serif;\"><em>Log da 24\u00aa sess\u00e3o do 8\u00ba ano<\/em><\/span><\/strong><\/p>\n<p>&nbsp;<\/p>\n<p><span style=\"font-family: arial, helvetica, sans-serif;\">22 utilizadores fizeram representar as suas associa\u00e7\u00f5es. 4 utilizadores responderam \u00e0 quest\u00e3o do Quiz, 2 com resposta n\u00e3o completa ou pelo menos justificativa \u00e0 quest\u00e3o colocada e publicada em resposta na sess\u00e3o #14 que era a seguinte:<\/span><\/p>\n<p>&nbsp;<\/p>\n<p style=\"padding-left: 80px;\"><span style=\"font-family: arial, helvetica, sans-serif;\">Existe no Selfcare um campo que diz \u201cAir Security\u201d, est\u00e1 off, devo ativa-lo?<br \/>\nE para que serve ? .<\/span><\/p>\n<p>&nbsp;<\/p>\n<p><em><span style=\"font-family: arial, helvetica, sans-serif;\">Resposta esperada:<\/span><\/em><\/p>\n<p><strong><span style=\"font-family: arial, helvetica, sans-serif;\">A fun\u00e7\u00e3o Air Security protege o ID do utilizador contra falsa utiliza\u00e7\u00e3o, ao ativa-lo ser\u00e1 gerado um c\u00f3digo QR que deve ser lido por qualquer dos autenticadores TOTP. <\/span><\/strong><br \/>\n<strong><span style=\"font-family: arial, helvetica, sans-serif;\">Serve ent\u00e3o para proteger o ID do utilizador permitindo num intervalo de tempo definido no Selfcare e ao mesmo tempo qual o repetidor que ir\u00e1 usar, podendo escolher todos ou so um. Para usar a fun\u00e7\u00e3o dever\u00e1 ent\u00e3o usar o aplicativo TOTP e atrav\u00e9s do numero gerado introduzi-lo no radio como se fosse uma chamada privada adicionando sempre o numeral 9 no inicio da sequencia dada pela aplica\u00e7\u00e3o, depois pressiona o PTT durante 2 ou 3 seg e larga, podendo a partir da\u00ed operar o seu radio em qualquer TG da rede.<\/span><\/strong><br \/>\n<strong><span style=\"font-family: arial, helvetica, sans-serif;\">Se acaso ultrapassou o tempo que tinha pre-destinado no SelfCare ir\u00e1 ouvir \u2018Not Authorized\u2019 ou \u2018 N\u00e3o autorizado\u2019 dependendo da l\u00edngua que tenha no seu perfil.<\/span><\/strong><\/p>\n<p>&nbsp;<\/p>\n<p style=\"text-align: center;\"><strong><span style=\"font-family: arial, helvetica, sans-serif; font-size: 20px;\">Fotos rececionadas<br \/>\n<\/span><\/strong><span style=\"font-family: arial, helvetica, sans-serif; font-size: 16px;\">(n\u00e3o foram recebidas)<\/span><\/p>\n<p>&nbsp;<\/p>\n<p style=\"text-align: center;\"><strong><span style=\"font-family: arial, helvetica, sans-serif; font-size: 20px;\">Pontos<br \/>\n<\/span><\/strong><span style=\"font-family: arial, helvetica, sans-serif; font-size: 16px;\">Top \u2018Selfies\u2019\/Quiz<\/span><\/p>\n<p style=\"text-align: center;\"><img decoding=\"async\" class=\"size-full wp-image-4010 aligncenter\" src=\"https:\/\/dmr-portugal.org\/wp-content\/uploads\/2025\/03\/pontos-24.png\" alt=\"\" width=\"259\" height=\"693\" srcset=\"https:\/\/dmr-portugal.org\/wp-content\/uploads\/2025\/03\/pontos-24.png 259w, https:\/\/dmr-portugal.org\/wp-content\/uploads\/2025\/03\/pontos-24-112x300.png 112w, https:\/\/dmr-portugal.org\/wp-content\/uploads\/2025\/03\/pontos-24-56x150.png 56w\" sizes=\"(max-width: 259px) 100vw, 259px\" \/><\/p>\n<p>&nbsp;<\/p>\n<table style=\"border-collapse: collapse; width: 100%;\">\n<tbody>\n<tr>\n<td style=\"width: 50%; text-align: center;\"><img decoding=\"async\" class=\"size-full wp-image-4011 aligncenter\" src=\"https:\/\/dmr-portugal.org\/wp-content\/uploads\/2025\/03\/estatistica-24.png\" alt=\"\" width=\"375\" height=\"254\" srcset=\"https:\/\/dmr-portugal.org\/wp-content\/uploads\/2025\/03\/estatistica-24.png 375w, https:\/\/dmr-portugal.org\/wp-content\/uploads\/2025\/03\/estatistica-24-300x203.png 300w, https:\/\/dmr-portugal.org\/wp-content\/uploads\/2025\/03\/estatistica-24-150x102.png 150w\" sizes=\"(max-width: 375px) 100vw, 375px\" \/><\/td>\n<td style=\"width: 50%; text-align: center;\"><img loading=\"lazy\" decoding=\"async\" class=\"size-full wp-image-4012 aligncenter\" src=\"https:\/\/dmr-portugal.org\/wp-content\/uploads\/2025\/03\/top-tg-24.png\" alt=\"\" width=\"340\" height=\"314\" srcset=\"https:\/\/dmr-portugal.org\/wp-content\/uploads\/2025\/03\/top-tg-24.png 340w, https:\/\/dmr-portugal.org\/wp-content\/uploads\/2025\/03\/top-tg-24-300x277.png 300w, https:\/\/dmr-portugal.org\/wp-content\/uploads\/2025\/03\/top-tg-24-150x139.png 150w\" sizes=\"(max-width: 340px) 100vw, 340px\" \/><\/td>\n<\/tr>\n<\/tbody>\n<\/table>\n<p>&nbsp;<\/p>\n<p style=\"text-align: center;\"><img loading=\"lazy\" decoding=\"async\" class=\"size-full wp-image-4014 aligncenter\" src=\"https:\/\/dmr-portugal.org\/wp-content\/uploads\/2025\/03\/associacoes-24.png\" alt=\"\" width=\"329\" height=\"578\" srcset=\"https:\/\/dmr-portugal.org\/wp-content\/uploads\/2025\/03\/associacoes-24.png 329w, https:\/\/dmr-portugal.org\/wp-content\/uploads\/2025\/03\/associacoes-24-171x300.png 171w, https:\/\/dmr-portugal.org\/wp-content\/uploads\/2025\/03\/associacoes-24-85x150.png 85w\" sizes=\"(max-width: 329px) 100vw, 329px\" \/><\/p>\n<p>&nbsp;<\/p>\n<hr \/>\n<p>&nbsp;<\/p>\n","protected":false},"excerpt":{"rendered":"<p>&nbsp; Hist\u00f3rico da 24\u00aa sess\u00e3o Log da 24\u00aa sess\u00e3o do 8\u00ba ano &nbsp; 22 utilizadores fizeram representar as suas associa\u00e7\u00f5es. 4 utilizadores responderam \u00e0 quest\u00e3o do Quiz, 2 com resposta n\u00e3o completa ou pelo menos justificativa \u00e0 quest\u00e3o colocada e publicada em resposta na sess\u00e3o #14 que era a seguinte: \u2026 <a class=\"continue-reading-link\" href=\"https:\/\/dmr-portugal.org\/?page_id=4001\"> Continua&#8230; <span class=\"meta-nav\">&rarr; <\/span><\/a><\/p>\n","protected":false},"author":1,"featured_media":0,"parent":3839,"menu_order":23,"comment_status":"closed","ping_status":"closed","template":"","meta":{"footnotes":""},"class_list":["post-4001","page","type-page","status-publish","hentry"],"_links":{"self":[{"href":"https:\/\/dmr-portugal.org\/index.php?rest_route=\/wp\/v2\/pages\/4001","targetHints":{"allow":["GET"]}}],"collection":[{"href":"https:\/\/dmr-portugal.org\/index.php?rest_route=\/wp\/v2\/pages"}],"about":[{"href":"https:\/\/dmr-portugal.org\/index.php?rest_route=\/wp\/v2\/types\/page"}],"author":[{"embeddable":true,"href":"https:\/\/dmr-portugal.org\/index.php?rest_route=\/wp\/v2\/users\/1"}],"replies":[{"embeddable":true,"href":"https:\/\/dmr-portugal.org\/index.php?rest_route=%2Fwp%2Fv2%2Fcomments&post=4001"}],"version-history":[{"count":9,"href":"https:\/\/dmr-portugal.org\/index.php?rest_route=\/wp\/v2\/pages\/4001\/revisions"}],"predecessor-version":[{"id":4003,"href":"https:\/\/dmr-portugal.org\/index.php?rest_route=\/wp\/v2\/pages\/4001\/revisions\/4003"}],"up":[{"embeddable":true,"href":"https:\/\/dmr-portugal.org\/index.php?rest_route=\/wp\/v2\/pages\/3839"}],"wp:attachment":[{"href":"https:\/\/dmr-portugal.org\/index.php?rest_route=%2Fwp%2Fv2%2Fmedia&parent=4001"}],"curies":[{"name":"wp","href":"https:\/\/api.w.org\/{rel}","templated":true}]}}