{"id":3945,"date":"2025-02-25T11:58:07","date_gmt":"2025-02-25T11:58:07","guid":{"rendered":"https:\/\/dmr-portugal.org\/?page_id=3945"},"modified":"2025-02-25T14:15:21","modified_gmt":"2025-02-25T14:15:21","slug":"netct-22a-sessao","status":"publish","type":"page","link":"https:\/\/dmr-portugal.org\/?page_id=3945","title":{"rendered":"netCT 22\u00aa sess\u00e3o"},"content":{"rendered":"<p>&nbsp;<\/p>\n<p style=\"text-align: center;\"><strong><span style=\"font-family: arial, helvetica, sans-serif; font-size: 20px;\">Hist\u00f3rico da 22\u00aa sess\u00e3o<\/span><\/strong><\/p>\n<p style=\"text-align: center;\"><img fetchpriority=\"high\" decoding=\"async\" class=\"size-full wp-image-3948 aligncenter\" src=\"https:\/\/dmr-portugal.org\/wp-content\/uploads\/2025\/02\/Log-net-08_22.png\" alt=\"\" width=\"967\" height=\"765\" srcset=\"https:\/\/dmr-portugal.org\/wp-content\/uploads\/2025\/02\/Log-net-08_22.png 967w, https:\/\/dmr-portugal.org\/wp-content\/uploads\/2025\/02\/Log-net-08_22-300x237.png 300w, https:\/\/dmr-portugal.org\/wp-content\/uploads\/2025\/02\/Log-net-08_22-768x608.png 768w, https:\/\/dmr-portugal.org\/wp-content\/uploads\/2025\/02\/Log-net-08_22-150x119.png 150w\" sizes=\"(max-width: 967px) 100vw, 967px\" \/><\/p>\n<p style=\"text-align: center;\"><strong><span style=\"font-family: arial, helvetica, sans-serif;\"><em>Log da 22\u00aa sess\u00e3o do 8\u00ba ano<\/em><\/span><\/strong><\/p>\n<p>&nbsp;<\/p>\n<p><span style=\"font-family: arial, helvetica, sans-serif;\">16 utilizadores fizeram representar as suas associa\u00e7\u00f5es. 5 utilizadores responderam acertadamente \u00e0 quest\u00e3o do Quiz.<\/span><\/p>\n<p>&nbsp;<\/p>\n<p style=\"text-align: center;\"><strong><span style=\"font-family: arial, helvetica, sans-serif; font-size: 20px;\">Quiz<\/span><\/strong><\/p>\n<p>&nbsp;<\/p>\n<ul>\n<li><strong><span style=\"font-family: arial, helvetica, sans-serif;\">Existem TG de outros pa\u00edses que eu gostaria de usar, devo mudar para o master desse pa\u00eds ou posso usar o master Portugu\u00eas ?<\/span><\/strong><\/li>\n<\/ul>\n<p>&nbsp;<\/p>\n<p style=\"text-align: center;\"><strong><span style=\"font-family: arial, helvetica, sans-serif; font-size: 20px;\">\u2297<\/span><\/strong><\/p>\n<p>&nbsp;<\/p>\n<p><span style=\"font-family: arial, helvetica, sans-serif;\"><strong><span style=\"font-family: arial, helvetica, sans-serif;\">R: &#8211; <\/span><\/strong>A rede DMR \u00e9 global, o facto de usar um TG de qualquer outro pa\u00eds ou master, estar\u00e1 sempre dispon\u00edvel em qualquer um.<\/span><br \/>\n<span style=\"font-family: arial, helvetica, sans-serif;\">Deve no entanto usar o master com menor lat\u00eancia \u00e0 sua localiza\u00e7\u00e3o, um exemplo: Encontro-me na B\u00e9lgica ligado no master PT mas quero usar um TG do Brasil, aqui deve mudar para o master da B\u00e9lgica que ter\u00e1 menos lat\u00eancia na sua liga\u00e7\u00e3o e depois sim usar qualquer TG que pretenda.<\/span><\/p>\n<p>&nbsp;<\/p>\n<p style=\"text-align: center;\"><strong><span style=\"font-family: arial, helvetica, sans-serif; font-size: 20px;\">Fotos rececionadas<\/span><br \/>\n<\/strong><span style=\"font-family: arial, helvetica, sans-serif;\">(n\u00e3o foram recebidas)<\/span><\/p>\n<p>&nbsp;<\/p>\n<p style=\"text-align: center;\"><strong><span style=\"font-family: arial, helvetica, sans-serif; font-size: 20px;\">Pontos<\/span><br \/>\n<\/strong><span style=\"font-family: arial, helvetica, sans-serif;\"><strong>Top \u2018Selfies\u2019\/Quiz<\/strong><\/span><\/p>\n<p style=\"text-align: center;\"><img decoding=\"async\" class=\"size-full wp-image-3951 aligncenter\" src=\"https:\/\/dmr-portugal.org\/wp-content\/uploads\/2025\/02\/pontos-22.png\" alt=\"\" width=\"311\" height=\"714\" srcset=\"https:\/\/dmr-portugal.org\/wp-content\/uploads\/2025\/02\/pontos-22.png 311w, https:\/\/dmr-portugal.org\/wp-content\/uploads\/2025\/02\/pontos-22-131x300.png 131w, https:\/\/dmr-portugal.org\/wp-content\/uploads\/2025\/02\/pontos-22-65x150.png 65w\" sizes=\"(max-width: 311px) 100vw, 311px\" \/><\/p>\n<p>&nbsp;<\/p>\n<table style=\"border-collapse: collapse; width: 100%;\">\n<tbody>\n<tr style=\"border-style: hidden;\">\n<td style=\"width: 50%; border-style: hidden; text-align: center;\"><img decoding=\"async\" class=\"size-full wp-image-3952 aligncenter\" src=\"https:\/\/dmr-portugal.org\/wp-content\/uploads\/2025\/02\/estatistica-22.png\" alt=\"\" width=\"467\" height=\"173\" srcset=\"https:\/\/dmr-portugal.org\/wp-content\/uploads\/2025\/02\/estatistica-22.png 467w, https:\/\/dmr-portugal.org\/wp-content\/uploads\/2025\/02\/estatistica-22-300x111.png 300w, https:\/\/dmr-portugal.org\/wp-content\/uploads\/2025\/02\/estatistica-22-150x56.png 150w\" sizes=\"(max-width: 467px) 100vw, 467px\" \/><\/td>\n<td style=\"width: 50%; text-align: center;\"><img loading=\"lazy\" decoding=\"async\" class=\"size-full wp-image-3953 aligncenter\" src=\"https:\/\/dmr-portugal.org\/wp-content\/uploads\/2025\/02\/top-tg-22.png\" alt=\"\" width=\"409\" height=\"391\" srcset=\"https:\/\/dmr-portugal.org\/wp-content\/uploads\/2025\/02\/top-tg-22.png 409w, https:\/\/dmr-portugal.org\/wp-content\/uploads\/2025\/02\/top-tg-22-300x287.png 300w, https:\/\/dmr-portugal.org\/wp-content\/uploads\/2025\/02\/top-tg-22-150x143.png 150w\" sizes=\"(max-width: 409px) 100vw, 409px\" \/><\/td>\n<\/tr>\n<\/tbody>\n<\/table>\n<p>&nbsp;<\/p>\n<p style=\"text-align: center;\"><img loading=\"lazy\" decoding=\"async\" class=\"size-full wp-image-3954 aligncenter\" src=\"https:\/\/dmr-portugal.org\/wp-content\/uploads\/2025\/02\/associacoes-22.png\" alt=\"\" width=\"347\" height=\"577\" srcset=\"https:\/\/dmr-portugal.org\/wp-content\/uploads\/2025\/02\/associacoes-22.png 347w, https:\/\/dmr-portugal.org\/wp-content\/uploads\/2025\/02\/associacoes-22-180x300.png 180w, https:\/\/dmr-portugal.org\/wp-content\/uploads\/2025\/02\/associacoes-22-90x150.png 90w\" sizes=\"(max-width: 347px) 100vw, 347px\" \/><\/p>\n<p>&nbsp;<\/p>\n<hr \/>\n<p>&nbsp;<\/p>\n","protected":false},"excerpt":{"rendered":"<p>&nbsp; Hist\u00f3rico da 22\u00aa sess\u00e3o Log da 22\u00aa sess\u00e3o do 8\u00ba ano &nbsp; 16 utilizadores fizeram representar as suas associa\u00e7\u00f5es. 5 utilizadores responderam acertadamente \u00e0 quest\u00e3o do Quiz. &nbsp; Quiz &nbsp; Existem TG de outros pa\u00edses que eu gostaria de usar, devo mudar para o master desse pa\u00eds ou posso \u2026 <a class=\"continue-reading-link\" href=\"https:\/\/dmr-portugal.org\/?page_id=3945\"> Continua&#8230; <span class=\"meta-nav\">&rarr; <\/span><\/a><\/p>\n","protected":false},"author":1,"featured_media":0,"parent":3839,"menu_order":25,"comment_status":"closed","ping_status":"closed","template":"","meta":{"footnotes":""},"class_list":["post-3945","page","type-page","status-publish","hentry"],"_links":{"self":[{"href":"https:\/\/dmr-portugal.org\/index.php?rest_route=\/wp\/v2\/pages\/3945","targetHints":{"allow":["GET"]}}],"collection":[{"href":"https:\/\/dmr-portugal.org\/index.php?rest_route=\/wp\/v2\/pages"}],"about":[{"href":"https:\/\/dmr-portugal.org\/index.php?rest_route=\/wp\/v2\/types\/page"}],"author":[{"embeddable":true,"href":"https:\/\/dmr-portugal.org\/index.php?rest_route=\/wp\/v2\/users\/1"}],"replies":[{"embeddable":true,"href":"https:\/\/dmr-portugal.org\/index.php?rest_route=%2Fwp%2Fv2%2Fcomments&post=3945"}],"version-history":[{"count":5,"href":"https:\/\/dmr-portugal.org\/index.php?rest_route=\/wp\/v2\/pages\/3945\/revisions"}],"predecessor-version":[{"id":3955,"href":"https:\/\/dmr-portugal.org\/index.php?rest_route=\/wp\/v2\/pages\/3945\/revisions\/3955"}],"up":[{"embeddable":true,"href":"https:\/\/dmr-portugal.org\/index.php?rest_route=\/wp\/v2\/pages\/3839"}],"wp:attachment":[{"href":"https:\/\/dmr-portugal.org\/index.php?rest_route=%2Fwp%2Fv2%2Fmedia&parent=3945"}],"curies":[{"name":"wp","href":"https:\/\/api.w.org\/{rel}","templated":true}]}}