{"id":3930,"date":"2025-02-18T17:46:17","date_gmt":"2025-02-18T17:46:17","guid":{"rendered":"https:\/\/dmr-portugal.org\/?page_id=3930"},"modified":"2025-02-25T11:57:19","modified_gmt":"2025-02-25T11:57:19","slug":"netct-21a-sessao","status":"publish","type":"page","link":"https:\/\/dmr-portugal.org\/?page_id=3930","title":{"rendered":"netCT 21\u00aa sess\u00e3o"},"content":{"rendered":"<p>&nbsp;<\/p>\n<p style=\"text-align: center;\"><strong><span style=\"font-family: arial, helvetica, sans-serif; font-size: 20px;\">Hist\u00f3rico da 21\u00aa sess\u00e3o<\/span><\/strong><\/p>\n<p><img fetchpriority=\"high\" decoding=\"async\" class=\"size-full wp-image-3936 aligncenter\" src=\"https:\/\/dmr-portugal.org\/wp-content\/uploads\/2025\/02\/Log-net-08_21.png\" alt=\"\" width=\"972\" height=\"773\" srcset=\"https:\/\/dmr-portugal.org\/wp-content\/uploads\/2025\/02\/Log-net-08_21.png 972w, https:\/\/dmr-portugal.org\/wp-content\/uploads\/2025\/02\/Log-net-08_21-300x239.png 300w, https:\/\/dmr-portugal.org\/wp-content\/uploads\/2025\/02\/Log-net-08_21-768x611.png 768w, https:\/\/dmr-portugal.org\/wp-content\/uploads\/2025\/02\/Log-net-08_21-150x119.png 150w\" sizes=\"(max-width: 972px) 100vw, 972px\" \/><\/p>\n<p style=\"text-align: center;\"><strong><span style=\"font-family: arial, helvetica, sans-serif;\"><em>Log da 21\u00aa sess\u00e3o do 8\u00ba ano<\/em><\/span><\/strong><\/p>\n<p><span style=\"font-family: arial, helvetica, sans-serif;\">16 utilizadores fizeram representar as suas associa\u00e7\u00f5es. 6 utilizadores responderam \u00e0 quest\u00e3o do Quiz, 2 erradas as restantes quase que completas.<\/span><\/p>\n<p>&nbsp;<\/p>\n<p style=\"text-align: center;\"><strong><span style=\"font-family: arial, helvetica, sans-serif; font-size: 20px;\">Quiz<\/span><\/strong><\/p>\n<p>&nbsp;<\/p>\n<ul>\n<li><span style=\"font-family: arial, helvetica, sans-serif;\"><strong>Tenho um ID DMR mas mudei de indicativo, o que preciso fazer<\/strong> ?<\/span><\/li>\n<\/ul>\n<p>&nbsp;<\/p>\n<p style=\"text-align: center;\"><strong><span style=\"font-family: arial, helvetica, sans-serif; font-size: 20px;\">\u2297<\/span><\/strong><\/p>\n<p>&nbsp;<\/p>\n<p>&nbsp;<\/p>\n<p><span style=\"font-family: arial, helvetica, sans-serif;\"><strong>R: &#8211; <\/strong>Na sua conta da radioID meta um ticket solicitando a altera\u00e7\u00e3o do indicativo. Ter\u00e1 tamb\u00e9m que fazer novo registo no BrandMeister usando o mesmo email que tem na sua conta da radioID. O processo de valida\u00e7\u00e3o nesse caso ser\u00e1 autom\u00e1tico e poder\u00e1 aceder a sua conta no BrandMeister passados 5 minutos, toda a sua informa\u00e7\u00e3o passou da antiga conta para a nova.<\/span><\/p>\n<p>&nbsp;<\/p>\n<p style=\"text-align: center;\"><strong><span style=\"font-family: arial, helvetica, sans-serif; font-size: 20px;\">Fotos rececionadas<\/span><br \/>\n<\/strong><span style=\"font-family: arial, helvetica, sans-serif;\">(n\u00e3o foram recebidas)<\/span><\/p>\n<p>&nbsp;<\/p>\n<p style=\"text-align: center;\"><span style=\"font-family: arial, helvetica, sans-serif; font-size: 20px;\"><strong>Pontos<br \/>\n<\/strong><span style=\"font-size: 16px;\"><strong>Top \u2018Selfies\u2019\/Quiz<\/strong><\/span><\/span><\/p>\n<p style=\"text-align: center;\"><img decoding=\"async\" class=\"size-full wp-image-3939 aligncenter\" src=\"https:\/\/dmr-portugal.org\/wp-content\/uploads\/2025\/02\/pontos-21.png\" alt=\"\" width=\"257\" height=\"654\" srcset=\"https:\/\/dmr-portugal.org\/wp-content\/uploads\/2025\/02\/pontos-21.png 257w, https:\/\/dmr-portugal.org\/wp-content\/uploads\/2025\/02\/pontos-21-118x300.png 118w, https:\/\/dmr-portugal.org\/wp-content\/uploads\/2025\/02\/pontos-21-59x150.png 59w\" sizes=\"(max-width: 257px) 100vw, 257px\" \/><\/p>\n<p>&nbsp;<\/p>\n<table style=\"border-collapse: collapse; width: 100%;\">\n<tbody>\n<tr style=\"border-style: hidden;\">\n<td style=\"width: 461px; text-align: center;\"><img decoding=\"async\" class=\"size-full wp-image-3940 aligncenter\" src=\"https:\/\/dmr-portugal.org\/wp-content\/uploads\/2025\/02\/estatistica-21.png\" alt=\"\" width=\"436\" height=\"166\" srcset=\"https:\/\/dmr-portugal.org\/wp-content\/uploads\/2025\/02\/estatistica-21.png 436w, https:\/\/dmr-portugal.org\/wp-content\/uploads\/2025\/02\/estatistica-21-300x114.png 300w, https:\/\/dmr-portugal.org\/wp-content\/uploads\/2025\/02\/estatistica-21-150x57.png 150w\" sizes=\"(max-width: 436px) 100vw, 436px\" \/><\/td>\n<td style=\"width: 461px; border-style: hidden; text-align: center;\"><img loading=\"lazy\" decoding=\"async\" class=\"size-full wp-image-3941 aligncenter\" src=\"https:\/\/dmr-portugal.org\/wp-content\/uploads\/2025\/02\/top-tg-21.png\" alt=\"\" width=\"380\" height=\"369\" srcset=\"https:\/\/dmr-portugal.org\/wp-content\/uploads\/2025\/02\/top-tg-21.png 380w, https:\/\/dmr-portugal.org\/wp-content\/uploads\/2025\/02\/top-tg-21-300x291.png 300w, https:\/\/dmr-portugal.org\/wp-content\/uploads\/2025\/02\/top-tg-21-150x146.png 150w\" sizes=\"(max-width: 380px) 100vw, 380px\" \/><\/td>\n<\/tr>\n<\/tbody>\n<\/table>\n<p>&nbsp;<\/p>\n<p style=\"text-align: center;\"><img loading=\"lazy\" decoding=\"async\" class=\"size-full wp-image-3942 aligncenter\" src=\"https:\/\/dmr-portugal.org\/wp-content\/uploads\/2025\/02\/associacoes-21.png\" alt=\"\" width=\"337\" height=\"525\" srcset=\"https:\/\/dmr-portugal.org\/wp-content\/uploads\/2025\/02\/associacoes-21.png 337w, https:\/\/dmr-portugal.org\/wp-content\/uploads\/2025\/02\/associacoes-21-193x300.png 193w, https:\/\/dmr-portugal.org\/wp-content\/uploads\/2025\/02\/associacoes-21-96x150.png 96w\" sizes=\"(max-width: 337px) 100vw, 337px\" \/><\/p>\n<p>&nbsp;<\/p>\n<hr \/>\n<p>&nbsp;<\/p>\n","protected":false},"excerpt":{"rendered":"<p>&nbsp; Hist\u00f3rico da 21\u00aa sess\u00e3o Log da 21\u00aa sess\u00e3o do 8\u00ba ano 16 utilizadores fizeram representar as suas associa\u00e7\u00f5es. 6 utilizadores responderam \u00e0 quest\u00e3o do Quiz, 2 erradas as restantes quase que completas. &nbsp; Quiz &nbsp; Tenho um ID DMR mas mudei de indicativo, o que preciso fazer ? &nbsp; \u2026 <a class=\"continue-reading-link\" href=\"https:\/\/dmr-portugal.org\/?page_id=3930\"> Continua&#8230; <span class=\"meta-nav\">&rarr; <\/span><\/a><\/p>\n","protected":false},"author":1,"featured_media":0,"parent":3839,"menu_order":26,"comment_status":"closed","ping_status":"closed","template":"","meta":{"footnotes":""},"class_list":["post-3930","page","type-page","status-publish","hentry"],"_links":{"self":[{"href":"https:\/\/dmr-portugal.org\/index.php?rest_route=\/wp\/v2\/pages\/3930","targetHints":{"allow":["GET"]}}],"collection":[{"href":"https:\/\/dmr-portugal.org\/index.php?rest_route=\/wp\/v2\/pages"}],"about":[{"href":"https:\/\/dmr-portugal.org\/index.php?rest_route=\/wp\/v2\/types\/page"}],"author":[{"embeddable":true,"href":"https:\/\/dmr-portugal.org\/index.php?rest_route=\/wp\/v2\/users\/1"}],"replies":[{"embeddable":true,"href":"https:\/\/dmr-portugal.org\/index.php?rest_route=%2Fwp%2Fv2%2Fcomments&post=3930"}],"version-history":[{"count":6,"href":"https:\/\/dmr-portugal.org\/index.php?rest_route=\/wp\/v2\/pages\/3930\/revisions"}],"predecessor-version":[{"id":3944,"href":"https:\/\/dmr-portugal.org\/index.php?rest_route=\/wp\/v2\/pages\/3930\/revisions\/3944"}],"up":[{"embeddable":true,"href":"https:\/\/dmr-portugal.org\/index.php?rest_route=\/wp\/v2\/pages\/3839"}],"wp:attachment":[{"href":"https:\/\/dmr-portugal.org\/index.php?rest_route=%2Fwp%2Fv2%2Fmedia&parent=3930"}],"curies":[{"name":"wp","href":"https:\/\/api.w.org\/{rel}","templated":true}]}}