{"id":3911,"date":"2025-02-12T11:39:42","date_gmt":"2025-02-12T11:39:42","guid":{"rendered":"https:\/\/dmr-portugal.org\/?page_id=3911"},"modified":"2025-02-12T18:05:29","modified_gmt":"2025-02-12T18:05:29","slug":"netct-20a-sessao","status":"publish","type":"page","link":"https:\/\/dmr-portugal.org\/?page_id=3911","title":{"rendered":"netCT 20\u00aa sess\u00e3o"},"content":{"rendered":"<p>&nbsp;<\/p>\n<p style=\"text-align: center;\"><span style=\"font-family: arial, helvetica, sans-serif; font-size: 20px;\"><strong>Hist\u00f3rico da 20\u00aa sess\u00e3o<\/strong><\/span><\/p>\n<p style=\"text-align: center;\"><img fetchpriority=\"high\" decoding=\"async\" class=\"size-full wp-image-3914 aligncenter\" src=\"https:\/\/dmr-portugal.org\/wp-content\/uploads\/2025\/02\/Log-net-08_20.png\" alt=\"\" width=\"973\" height=\"773\" srcset=\"https:\/\/dmr-portugal.org\/wp-content\/uploads\/2025\/02\/Log-net-08_20.png 973w, https:\/\/dmr-portugal.org\/wp-content\/uploads\/2025\/02\/Log-net-08_20-300x238.png 300w, https:\/\/dmr-portugal.org\/wp-content\/uploads\/2025\/02\/Log-net-08_20-768x610.png 768w, https:\/\/dmr-portugal.org\/wp-content\/uploads\/2025\/02\/Log-net-08_20-150x119.png 150w\" sizes=\"(max-width: 973px) 100vw, 973px\" \/><\/p>\n<p style=\"text-align: center;\"><span style=\"font-family: arial, helvetica, sans-serif;\"><em><strong>Log da 20\u00aa sess\u00e3o do 8\u00ba ano<\/strong><\/em><\/span><\/p>\n<p><span style=\"font-family: arial, helvetica, sans-serif;\">15 utilizadores fizeram representar as suas associa\u00e7\u00f5es. 3 utilizadores responderam \u00e0 quest\u00e3o do Quiz, 1 com resposta certa, os restantes quase que completa.<\/span><\/p>\n<p>&nbsp;<\/p>\n<p style=\"text-align: center;\"><strong><span style=\"font-family: arial, helvetica, sans-serif; font-size: 20px;\">Quiz<\/span><\/strong><\/p>\n<p>&nbsp;<\/p>\n<ul>\n<li><strong><span style=\"font-family: arial, helvetica, sans-serif;\">&#8211; Como devo criar uma conta no Zello ou Mumla ?<\/span><\/strong><\/li>\n<\/ul>\n<p>&nbsp;<\/p>\n<p style=\"text-align: center;\"><strong><span style=\"font-family: arial, helvetica, sans-serif; font-size: 20px;\">\u2297<\/span><\/strong><\/p>\n<p>&nbsp;<\/p>\n<p><span style=\"font-family: arial, helvetica, sans-serif;\"><strong>R: &#8211; <\/strong><\/span><span style=\"font-family: arial, helvetica, sans-serif;\">Deve criar a conta da seguinte forma: &#8211; Indicativo em ma\u00edusculas seguido sinal \u2018menos\u2019 seguido do seu ID. N\u00e3o pode haver espa\u00e7os, ser\u00e1 algo como;<\/span><\/p>\n<p><span style=\"font-family: arial, helvetica, sans-serif;\">CT7AAA-2689999<\/span><\/p>\n<p><span style=\"font-family: arial, helvetica, sans-serif;\">No Mumla a password a usar \u00e9 a mesma que usa no seu hotspot ou a que criar no &#8216;device password&#8217; na area Selfcare, no Zello n\u00e3o precisa de password mas dever\u00e1 contactar um dos gestores para que o torne confi\u00e1vel e assim possa aceder a rede.<\/span><\/p>\n<p>&nbsp;<\/p>\n<p style=\"text-align: center;\"><strong><span style=\"font-family: arial, helvetica, sans-serif; font-size: 20px;\">Fotos rececionadas<\/span><\/strong><\/p>\n<p>&nbsp;<\/p>\n<div id=\"attachment_3915\" style=\"width: 310px\" class=\"wp-caption aligncenter\"><img decoding=\"async\" aria-describedby=\"caption-attachment-3915\" class=\"wp-image-3915 size-medium\" src=\"https:\/\/dmr-portugal.org\/wp-content\/uploads\/2025\/02\/CR7BPM-20-300x225.jpg\" alt=\"\" width=\"300\" height=\"225\" srcset=\"https:\/\/dmr-portugal.org\/wp-content\/uploads\/2025\/02\/CR7BPM-20-300x225.jpg 300w, https:\/\/dmr-portugal.org\/wp-content\/uploads\/2025\/02\/CR7BPM-20-1024x768.jpg 1024w, https:\/\/dmr-portugal.org\/wp-content\/uploads\/2025\/02\/CR7BPM-20-768x576.jpg 768w, https:\/\/dmr-portugal.org\/wp-content\/uploads\/2025\/02\/CR7BPM-20-1536x1152.jpg 1536w, https:\/\/dmr-portugal.org\/wp-content\/uploads\/2025\/02\/CR7BPM-20-2048x1536.jpg 2048w, https:\/\/dmr-portugal.org\/wp-content\/uploads\/2025\/02\/CR7BPM-20-150x113.jpg 150w\" sizes=\"(max-width: 300px) 100vw, 300px\" \/><p id=\"caption-attachment-3915\" class=\"wp-caption-text\"><span style=\"font-family: arial, helvetica, sans-serif;\">CR7BPM &#8211; 1 ponto<\/span><\/p><\/div>\n<p>&nbsp;<\/p>\n<p style=\"text-align: center;\"><span style=\"font-family: arial, helvetica, sans-serif; font-size: 20px;\"><strong>Pontos<br \/>\n<\/strong><\/span><span style=\"font-family: arial, helvetica, sans-serif;\"><strong>Top \u2018Selfies\u2019\/Quiz<\/strong><\/span><\/p>\n<p style=\"text-align: center;\"><img decoding=\"async\" class=\"size-full wp-image-3917 aligncenter\" src=\"https:\/\/dmr-portugal.org\/wp-content\/uploads\/2025\/02\/pontos-20.png\" alt=\"\" width=\"282\" height=\"657\" srcset=\"https:\/\/dmr-portugal.org\/wp-content\/uploads\/2025\/02\/pontos-20.png 282w, https:\/\/dmr-portugal.org\/wp-content\/uploads\/2025\/02\/pontos-20-129x300.png 129w, https:\/\/dmr-portugal.org\/wp-content\/uploads\/2025\/02\/pontos-20-64x150.png 64w\" sizes=\"(max-width: 282px) 100vw, 282px\" \/><\/p>\n<p style=\"text-align: center;\"><span style=\"font-family: arial, helvetica, sans-serif; font-size: 20px;\"><strong>Utilizador mais ativo sem. 29\/01 ~ 04\/02<\/strong><\/span><\/p>\n<table style=\"border-collapse: collapse; width: 100%;\">\n<tbody>\n<tr>\n<td style=\"width: 480.5px; border-style: hidden; text-align: center;\"><img loading=\"lazy\" decoding=\"async\" class=\"size-full wp-image-3918 aligncenter\" src=\"https:\/\/dmr-portugal.org\/wp-content\/uploads\/2025\/02\/estatistica-20.png\" alt=\"\" width=\"445\" height=\"149\" srcset=\"https:\/\/dmr-portugal.org\/wp-content\/uploads\/2025\/02\/estatistica-20.png 445w, https:\/\/dmr-portugal.org\/wp-content\/uploads\/2025\/02\/estatistica-20-300x100.png 300w, https:\/\/dmr-portugal.org\/wp-content\/uploads\/2025\/02\/estatistica-20-150x50.png 150w\" sizes=\"(max-width: 445px) 100vw, 445px\" \/><\/td>\n<td style=\"width: 480.5px; text-align: center;\"><img loading=\"lazy\" decoding=\"async\" class=\"size-full wp-image-3919 aligncenter\" src=\"https:\/\/dmr-portugal.org\/wp-content\/uploads\/2025\/02\/top-tg-20.png\" alt=\"\" width=\"408\" height=\"388\" srcset=\"https:\/\/dmr-portugal.org\/wp-content\/uploads\/2025\/02\/top-tg-20.png 408w, https:\/\/dmr-portugal.org\/wp-content\/uploads\/2025\/02\/top-tg-20-300x285.png 300w, https:\/\/dmr-portugal.org\/wp-content\/uploads\/2025\/02\/top-tg-20-150x143.png 150w\" sizes=\"(max-width: 408px) 100vw, 408px\" \/><\/td>\n<\/tr>\n<\/tbody>\n<\/table>\n<p>&nbsp;<\/p>\n<p style=\"text-align: center;\"><img loading=\"lazy\" decoding=\"async\" class=\"size-full wp-image-3925 aligncenter\" src=\"https:\/\/dmr-portugal.org\/wp-content\/uploads\/2025\/02\/associacoes_20.png\" alt=\"\" width=\"322\" height=\"517\" srcset=\"https:\/\/dmr-portugal.org\/wp-content\/uploads\/2025\/02\/associacoes_20.png 322w, https:\/\/dmr-portugal.org\/wp-content\/uploads\/2025\/02\/associacoes_20-187x300.png 187w, https:\/\/dmr-portugal.org\/wp-content\/uploads\/2025\/02\/associacoes_20-93x150.png 93w\" sizes=\"(max-width: 322px) 100vw, 322px\" \/><\/p>\n<p style=\"text-align: center;\">\n<hr \/>\n<p>&nbsp;<\/p>\n","protected":false},"excerpt":{"rendered":"<p>&nbsp; Hist\u00f3rico da 20\u00aa sess\u00e3o Log da 20\u00aa sess\u00e3o do 8\u00ba ano 15 utilizadores fizeram representar as suas associa\u00e7\u00f5es. 3 utilizadores responderam \u00e0 quest\u00e3o do Quiz, 1 com resposta certa, os restantes quase que completa. &nbsp; Quiz &nbsp; &#8211; Como devo criar uma conta no Zello ou Mumla ? &nbsp; \u2026 <a class=\"continue-reading-link\" href=\"https:\/\/dmr-portugal.org\/?page_id=3911\"> Continua&#8230; <span class=\"meta-nav\">&rarr; <\/span><\/a><\/p>\n","protected":false},"author":1,"featured_media":0,"parent":3839,"menu_order":27,"comment_status":"closed","ping_status":"closed","template":"","meta":{"footnotes":""},"class_list":["post-3911","page","type-page","status-publish","hentry"],"_links":{"self":[{"href":"https:\/\/dmr-portugal.org\/index.php?rest_route=\/wp\/v2\/pages\/3911","targetHints":{"allow":["GET"]}}],"collection":[{"href":"https:\/\/dmr-portugal.org\/index.php?rest_route=\/wp\/v2\/pages"}],"about":[{"href":"https:\/\/dmr-portugal.org\/index.php?rest_route=\/wp\/v2\/types\/page"}],"author":[{"embeddable":true,"href":"https:\/\/dmr-portugal.org\/index.php?rest_route=\/wp\/v2\/users\/1"}],"replies":[{"embeddable":true,"href":"https:\/\/dmr-portugal.org\/index.php?rest_route=%2Fwp%2Fv2%2Fcomments&post=3911"}],"version-history":[{"count":8,"href":"https:\/\/dmr-portugal.org\/index.php?rest_route=\/wp\/v2\/pages\/3911\/revisions"}],"predecessor-version":[{"id":3926,"href":"https:\/\/dmr-portugal.org\/index.php?rest_route=\/wp\/v2\/pages\/3911\/revisions\/3926"}],"up":[{"embeddable":true,"href":"https:\/\/dmr-portugal.org\/index.php?rest_route=\/wp\/v2\/pages\/3839"}],"wp:attachment":[{"href":"https:\/\/dmr-portugal.org\/index.php?rest_route=%2Fwp%2Fv2%2Fmedia&parent=3911"}],"curies":[{"name":"wp","href":"https:\/\/api.w.org\/{rel}","templated":true}]}}