{"id":3899,"date":"2025-02-12T10:50:33","date_gmt":"2025-02-12T10:50:33","guid":{"rendered":"https:\/\/dmr-portugal.org\/?page_id=3899"},"modified":"2025-02-12T11:03:51","modified_gmt":"2025-02-12T11:03:51","slug":"3899-2","status":"publish","type":"page","link":"https:\/\/dmr-portugal.org\/?page_id=3899","title":{"rendered":"netCT 19\u00aa sess\u00e3o"},"content":{"rendered":"<p>&nbsp;<\/p>\n<p style=\"text-align: center;\"><span style=\"font-family: arial, helvetica, sans-serif; font-size: 20px;\"><strong>Hist\u00f3rico da 19\u00aa sess\u00e3o<\/strong><\/span><\/p>\n<p style=\"text-align: center;\"><img fetchpriority=\"high\" decoding=\"async\" class=\"size-full wp-image-3902 aligncenter\" src=\"https:\/\/dmr-portugal.org\/wp-content\/uploads\/2025\/02\/Log-net-08_19.png\" alt=\"\" width=\"976\" height=\"769\" srcset=\"https:\/\/dmr-portugal.org\/wp-content\/uploads\/2025\/02\/Log-net-08_19.png 976w, https:\/\/dmr-portugal.org\/wp-content\/uploads\/2025\/02\/Log-net-08_19-300x236.png 300w, https:\/\/dmr-portugal.org\/wp-content\/uploads\/2025\/02\/Log-net-08_19-768x605.png 768w, https:\/\/dmr-portugal.org\/wp-content\/uploads\/2025\/02\/Log-net-08_19-150x118.png 150w\" sizes=\"(max-width: 976px) 100vw, 976px\" \/><\/p>\n<p style=\"text-align: center;\"><span style=\"font-family: arial, helvetica, sans-serif;\"><em><strong>Log da 19\u00aa sess\u00e3o do 8\u00ba ano<\/strong><\/em><\/span><\/p>\n<p><span style=\"font-family: arial, helvetica, sans-serif;\">14 utilizadores fizeram representar as suas associa\u00e7\u00f5es. 5 utilizadores responderam \u00e0 quest\u00e3o do Quiz, 1 com resposta certa, os restantes quase que completa.<\/span><\/p>\n<p>&nbsp;<\/p>\n<p style=\"text-align: center;\"><strong><span style=\"font-family: arial, helvetica, sans-serif; font-size: 20px;\">Quiz<\/span><\/strong><\/p>\n<p>&nbsp;<\/p>\n<ul>\n<li><strong><strong><span style=\"font-family: arial, helvetica, sans-serif;\">Quantos modos de voz digital est\u00e3o presentes na rede BrandMeister nacional.<\/span><\/strong><\/strong>&nbsp;<\/li>\n<\/ul>\n<p style=\"text-align: center;\"><span style=\"font-family: arial, helvetica, sans-serif; font-size: 20px;\"><strong>\u2297<\/strong><\/span><\/p>\n<p>&nbsp;<\/p>\n<p><strong><span style=\"font-family: arial, helvetica, sans-serif;\">R: &#8211;\u00a0<\/span><\/strong><span style=\"font-family: arial, helvetica, sans-serif;\">5 mais os sistemas VoiP, embora estes \u00faltimos n\u00e3o usem sistemas RF. Modos r\u00e1dio s\u00e3o DSTAR, C4FM, DMR, NXDN e Tetra.\u00a0<\/span><\/p>\n<p>&nbsp;<\/p>\n<p style=\"text-align: center;\"><span style=\"font-family: arial, helvetica, sans-serif; font-size: 20px;\"><strong>Fotos rececionadas<br \/>\n<\/strong><\/span>(<span style=\"font-family: arial, helvetica, sans-serif;\">n\u00e3o foram recebidas<\/span>)<\/p>\n<p>&nbsp;<\/p>\n<p style=\"text-align: center;\"><strong><span style=\"font-family: arial, helvetica, sans-serif; font-size: 20px;\">Pontos<\/span><br \/>\n<\/strong><span style=\"font-family: arial, helvetica, sans-serif;\"><strong>Top \u2018Selfies\u2019\/Quiz<\/strong><\/span><\/p>\n<p><img decoding=\"async\" class=\"size-full wp-image-3905 aligncenter\" src=\"https:\/\/dmr-portugal.org\/wp-content\/uploads\/2025\/02\/pontos-19.png\" alt=\"\" width=\"244\" height=\"591\" srcset=\"https:\/\/dmr-portugal.org\/wp-content\/uploads\/2025\/02\/pontos-19.png 244w, https:\/\/dmr-portugal.org\/wp-content\/uploads\/2025\/02\/pontos-19-124x300.png 124w, https:\/\/dmr-portugal.org\/wp-content\/uploads\/2025\/02\/pontos-19-62x150.png 62w\" sizes=\"(max-width: 244px) 100vw, 244px\" \/><\/p>\n<table style=\"border-collapse: collapse; width: 100%; height: 412px;\">\n<tbody>\n<tr>\n<td style=\"width: 50%; text-align: center;\"><img decoding=\"async\" class=\"size-full wp-image-3906 aligncenter\" src=\"https:\/\/dmr-portugal.org\/wp-content\/uploads\/2025\/02\/estatistica-19.png\" alt=\"\" width=\"482\" height=\"162\" srcset=\"https:\/\/dmr-portugal.org\/wp-content\/uploads\/2025\/02\/estatistica-19.png 482w, https:\/\/dmr-portugal.org\/wp-content\/uploads\/2025\/02\/estatistica-19-300x101.png 300w, https:\/\/dmr-portugal.org\/wp-content\/uploads\/2025\/02\/estatistica-19-150x50.png 150w\" sizes=\"(max-width: 482px) 100vw, 482px\" \/><\/td>\n<td style=\"width: 50%; border-style: hidden; text-align: center;\"><img loading=\"lazy\" decoding=\"async\" class=\"size-full wp-image-3907 aligncenter\" src=\"https:\/\/dmr-portugal.org\/wp-content\/uploads\/2025\/02\/top-tg-19.png\" alt=\"\" width=\"360\" height=\"387\" srcset=\"https:\/\/dmr-portugal.org\/wp-content\/uploads\/2025\/02\/top-tg-19.png 360w, https:\/\/dmr-portugal.org\/wp-content\/uploads\/2025\/02\/top-tg-19-279x300.png 279w, https:\/\/dmr-portugal.org\/wp-content\/uploads\/2025\/02\/top-tg-19-140x150.png 140w\" sizes=\"(max-width: 360px) 100vw, 360px\" \/><\/td>\n<\/tr>\n<\/tbody>\n<\/table>\n<p>&nbsp;<\/p>\n<p style=\"text-align: center;\"><img loading=\"lazy\" decoding=\"async\" class=\"alignnone size-full wp-image-3908\" src=\"https:\/\/dmr-portugal.org\/wp-content\/uploads\/2025\/02\/associacoes-19.png\" alt=\"\" width=\"315\" height=\"512\" srcset=\"https:\/\/dmr-portugal.org\/wp-content\/uploads\/2025\/02\/associacoes-19.png 315w, https:\/\/dmr-portugal.org\/wp-content\/uploads\/2025\/02\/associacoes-19-185x300.png 185w, https:\/\/dmr-portugal.org\/wp-content\/uploads\/2025\/02\/associacoes-19-92x150.png 92w\" sizes=\"(max-width: 315px) 100vw, 315px\" \/><\/p>\n<hr \/>\n<p>&nbsp;<\/p>\n","protected":false},"excerpt":{"rendered":"<p>&nbsp; Hist\u00f3rico da 19\u00aa sess\u00e3o Log da 19\u00aa sess\u00e3o do 8\u00ba ano 14 utilizadores fizeram representar as suas associa\u00e7\u00f5es. 5 utilizadores responderam \u00e0 quest\u00e3o do Quiz, 1 com resposta certa, os restantes quase que completa. &nbsp; Quiz &nbsp; Quantos modos de voz digital est\u00e3o presentes na rede BrandMeister nacional.&nbsp; \u2297 \u2026 <a class=\"continue-reading-link\" href=\"https:\/\/dmr-portugal.org\/?page_id=3899\"> Continua&#8230; <span class=\"meta-nav\">&rarr; <\/span><\/a><\/p>\n","protected":false},"author":1,"featured_media":0,"parent":3839,"menu_order":28,"comment_status":"closed","ping_status":"closed","template":"","meta":{"footnotes":""},"class_list":["post-3899","page","type-page","status-publish","hentry"],"_links":{"self":[{"href":"https:\/\/dmr-portugal.org\/index.php?rest_route=\/wp\/v2\/pages\/3899","targetHints":{"allow":["GET"]}}],"collection":[{"href":"https:\/\/dmr-portugal.org\/index.php?rest_route=\/wp\/v2\/pages"}],"about":[{"href":"https:\/\/dmr-portugal.org\/index.php?rest_route=\/wp\/v2\/types\/page"}],"author":[{"embeddable":true,"href":"https:\/\/dmr-portugal.org\/index.php?rest_route=\/wp\/v2\/users\/1"}],"replies":[{"embeddable":true,"href":"https:\/\/dmr-portugal.org\/index.php?rest_route=%2Fwp%2Fv2%2Fcomments&post=3899"}],"version-history":[{"count":6,"href":"https:\/\/dmr-portugal.org\/index.php?rest_route=\/wp\/v2\/pages\/3899\/revisions"}],"predecessor-version":[{"id":3910,"href":"https:\/\/dmr-portugal.org\/index.php?rest_route=\/wp\/v2\/pages\/3899\/revisions\/3910"}],"up":[{"embeddable":true,"href":"https:\/\/dmr-portugal.org\/index.php?rest_route=\/wp\/v2\/pages\/3839"}],"wp:attachment":[{"href":"https:\/\/dmr-portugal.org\/index.php?rest_route=%2Fwp%2Fv2%2Fmedia&parent=3899"}],"curies":[{"name":"wp","href":"https:\/\/api.w.org\/{rel}","templated":true}]}}