{"id":3872,"date":"2025-01-21T11:00:29","date_gmt":"2025-01-21T11:00:29","guid":{"rendered":"https:\/\/dmr-portugal.org\/?page_id=3872"},"modified":"2025-06-23T10:44:53","modified_gmt":"2025-06-23T09:44:53","slug":"netct-17a-sessao","status":"publish","type":"page","link":"https:\/\/dmr-portugal.org\/?page_id=3872","title":{"rendered":"netCT 17\u00aa sess\u00e3o"},"content":{"rendered":"<p>&nbsp;<\/p>\n<p style=\"text-align: center;\"><strong><span style=\"font-family: arial, helvetica, sans-serif; font-size: 20px;\">Hist\u00f3rico da 17\u00aa sess\u00e3o<\/span><\/strong><\/p>\n<p style=\"text-align: center;\"><img fetchpriority=\"high\" decoding=\"async\" class=\"size-full wp-image-3874 aligncenter\" src=\"https:\/\/dmr-portugal.org\/wp-content\/uploads\/2025\/01\/Log-net-08_17.png\" alt=\"\" width=\"973\" height=\"768\" srcset=\"https:\/\/dmr-portugal.org\/wp-content\/uploads\/2025\/01\/Log-net-08_17.png 973w, https:\/\/dmr-portugal.org\/wp-content\/uploads\/2025\/01\/Log-net-08_17-300x237.png 300w, https:\/\/dmr-portugal.org\/wp-content\/uploads\/2025\/01\/Log-net-08_17-768x606.png 768w, https:\/\/dmr-portugal.org\/wp-content\/uploads\/2025\/01\/Log-net-08_17-150x118.png 150w\" sizes=\"(max-width: 973px) 100vw, 973px\" \/><\/p>\n<p style=\"text-align: center;\"><em><strong><span style=\"font-family: arial, helvetica, sans-serif;\">Log da 17\u00aa sess\u00e3o do 8\u00ba ano<\/span><\/strong><\/em><\/p>\n<p>&nbsp;<\/p>\n<p><span style=\"font-family: arial, helvetica, sans-serif;\">15 utilizadores fizeram representar as suas associa\u00e7\u00f5es. 2 utilizadores responderam \u00e0 quest\u00e3o do Quiz erradamente.<\/span><\/p>\n<p>&nbsp;<\/p>\n<p style=\"text-align: center;\"><strong><span style=\"font-family: arial, helvetica, sans-serif; font-size: 20px;\">Quiz<\/span><\/strong><\/p>\n<p>&nbsp;<\/p>\n<ul>\n<li><strong><strong><span style=\"font-family: arial, helvetica, sans-serif;\">Embora a netCT seja feita em DMR permite no entanto que todos os outros modos se possam fazer presentes. <\/span><br \/>\n<span style=\"font-family: arial, helvetica, sans-serif;\">Com base no dito anteriormente uma pergunta simples para os utilizadores da rede C4FM fornecida por n\u00f3s, entre reflectores YSF e FCS quantos existem em Portugal com liga\u00e7\u00e3o na nossa rede ?<\/span><\/strong><\/strong><\/li>\n<\/ul>\n<p>&nbsp;<\/p>\n<p style=\"text-align: center;\"><strong><span style=\"font-family: arial, helvetica, sans-serif; font-size: 20px;\">\u2297<\/span><\/strong><\/p>\n<p>&nbsp;<\/p>\n<p><strong><span style=\"font-family: arial, helvetica, sans-serif;\">R:\u00a0<\/span><\/strong><span style=\"font-family: arial, helvetica, sans-serif;\">&#8211; <\/span><span style=\"font-family: arial, helvetica, sans-serif;\">Na rede nacional sob nossa gest\u00e3o existem fisicamente 4 sistemas, podem tamb\u00e9m responder os aliases do sistema, nesse caso ser\u00e3o 9<\/span><\/p>\n<ul>\n<li><span style=\"font-family: arial, helvetica, sans-serif;\">o YCS268, usado com protocolo FCS ou YSF, trabalha em exclusivo com DG-ID. Permite usar DG-ID est\u00e1ticos. O uso de VW neste reflector n\u00e3o funciona. P<\/span><span style=\"font-family: arial, helvetica, sans-serif;\">ara quem o usa como protocolo YSF somente liga no DG-ID 27, a n\u00e3o ser que use o pi-star do EA7EE ou WPSD. Se usado como FCS permite usar os DG-ID dispon\u00edveis no YCS268.<br \/>\n<\/span><\/li>\n<li><span style=\"font-family: arial, helvetica, sans-serif;\"><span style=\"font-family: arial, helvetica, sans-serif;\"><span style=\"font-family: arial, helvetica, sans-serif;\">o pYSF3, sistema multi stream, tem algumas liga\u00e7\u00f5es (aliases, por exemplo YSF009) com liga\u00e7\u00e3o a DMR\/DSTAR que ainda mantemos para os colegas que n\u00e3o sabem como usar DG-ID na rede C4FM. Para quem use DG-ID a liga\u00e7\u00e3o \u00e9 feita ao DG-ID 27 (default) permitindo ao utilizador mudar para onde entender dentro dos DG-ID que o sistema tem. N\u00e3o permite o uso de est\u00e1ticos s\u00f3 operando por DG-ID subscrito. O pYSF3 permite uso de VW atrav\u00e9s das redes, C4FM, DMR e DSTAR, permite envio de localiza\u00e7\u00e3o, permite envio de texto\/imagens em DG-ID\u2019s exclusivos \u00e0 rede C4FM.<\/span><\/span><\/span><\/li>\n<li style=\"text-align: left;\"><span style=\"font-family: arial, helvetica, sans-serif;\"><span style=\"font-family: arial, helvetica, sans-serif;\"><span style=\"font-family: arial, helvetica, sans-serif;\">XLX268, necessita do uso de DG-ID, consulte a tabela <a href=\"https:\/\/xlx268.from-ct.com\/index.php?show=modules\" target=\"_blank\" rel=\"nofollow noopener noreferrer\">Modulos no XLX<\/a> para identificar qual o DG-ID a usar e para que modulo.<\/span><\/span><\/span><\/li>\n<\/ul>\n<p>&nbsp;<\/p>\n<p><a href=\"https:\/\/dmr-portugal.org\/wp-content\/uploads\/2025\/02\/jorge_2025-02-25_142221.png\" target=\"_blank\" rel=\"noopener\"><img decoding=\"async\" class=\"aligncenter wp-image-3956\" src=\"https:\/\/dmr-portugal.org\/wp-content\/uploads\/2025\/02\/jorge_2025-02-25_142221-300x153.png\" alt=\"\" width=\"600\" height=\"307\" srcset=\"https:\/\/dmr-portugal.org\/wp-content\/uploads\/2025\/02\/jorge_2025-02-25_142221-300x153.png 300w, https:\/\/dmr-portugal.org\/wp-content\/uploads\/2025\/02\/jorge_2025-02-25_142221-1024x524.png 1024w, https:\/\/dmr-portugal.org\/wp-content\/uploads\/2025\/02\/jorge_2025-02-25_142221-768x393.png 768w, https:\/\/dmr-portugal.org\/wp-content\/uploads\/2025\/02\/jorge_2025-02-25_142221-150x77.png 150w, https:\/\/dmr-portugal.org\/wp-content\/uploads\/2025\/02\/jorge_2025-02-25_142221.png 1073w\" sizes=\"(max-width: 600px) 100vw, 600px\" \/><\/a><\/p>\n<p>&nbsp;<\/p>\n<ul>\n<li><span style=\"font-family: arial, helvetica, sans-serif;\">o YSFDirect, ligado diretamente ao master BM, que permite ao utilizador ligar-se onde quiser seja DMR ou YSF atrav\u00e9s de configura\u00e7\u00e3o pessoal tamb\u00e9m ela por DG-ID.<\/span><\/li>\n<\/ul>\n<p>&nbsp;<\/p>\n<p>&nbsp;<\/p>\n<p style=\"text-align: center;\"><span style=\"font-size: 20px; font-family: arial, helvetica, sans-serif;\"><strong>Fotos rececionadas<\/strong><\/span><\/p>\n<p style=\"text-align: center;\"><span style=\"font-family: arial, helvetica, sans-serif;\">(n\u00e3o foram recebidas)<\/span><\/p>\n<p>&nbsp;<\/p>\n<p style=\"text-align: center;\"><span style=\"font-family: arial, helvetica, sans-serif; font-size: 20px;\"><strong>Pontos<\/strong><\/span><\/p>\n<p style=\"text-align: center;\"><strong>Top \u2018Selfies\u2019\/Quiz<\/strong><\/p>\n<p>&nbsp;<\/p>\n<p style=\"text-align: center;\"><img decoding=\"async\" class=\"size-full wp-image-3880 aligncenter\" src=\"https:\/\/dmr-portugal.org\/wp-content\/uploads\/2025\/01\/pontos-17.png\" alt=\"\" width=\"255\" height=\"560\" srcset=\"https:\/\/dmr-portugal.org\/wp-content\/uploads\/2025\/01\/pontos-17.png 255w, https:\/\/dmr-portugal.org\/wp-content\/uploads\/2025\/01\/pontos-17-137x300.png 137w, https:\/\/dmr-portugal.org\/wp-content\/uploads\/2025\/01\/pontos-17-68x150.png 68w\" sizes=\"(max-width: 255px) 100vw, 255px\" \/><\/p>\n<p>&nbsp;<\/p>\n<table style=\"border-collapse: collapse; width: 100%;\">\n<tbody>\n<tr>\n<td style=\"width: 50%; text-align: center;\"><img loading=\"lazy\" decoding=\"async\" class=\"aligncenter wp-image-3881\" src=\"https:\/\/dmr-portugal.org\/wp-content\/uploads\/2025\/01\/estatisticas-17.png\" alt=\"\" width=\"500\" height=\"184\" srcset=\"https:\/\/dmr-portugal.org\/wp-content\/uploads\/2025\/01\/estatisticas-17.png 486w, https:\/\/dmr-portugal.org\/wp-content\/uploads\/2025\/01\/estatisticas-17-300x110.png 300w, https:\/\/dmr-portugal.org\/wp-content\/uploads\/2025\/01\/estatisticas-17-150x55.png 150w\" sizes=\"(max-width: 500px) 100vw, 500px\" \/><\/td>\n<td style=\"width: 50%; text-align: center;\"><img loading=\"lazy\" decoding=\"async\" class=\"size-full wp-image-3882 aligncenter\" src=\"https:\/\/dmr-portugal.org\/wp-content\/uploads\/2025\/01\/top-tg-17.png\" alt=\"\" width=\"374\" height=\"301\" srcset=\"https:\/\/dmr-portugal.org\/wp-content\/uploads\/2025\/01\/top-tg-17.png 374w, https:\/\/dmr-portugal.org\/wp-content\/uploads\/2025\/01\/top-tg-17-300x241.png 300w, https:\/\/dmr-portugal.org\/wp-content\/uploads\/2025\/01\/top-tg-17-150x121.png 150w\" sizes=\"(max-width: 374px) 100vw, 374px\" \/><\/td>\n<\/tr>\n<\/tbody>\n<\/table>\n<p>&nbsp;<\/p>\n<p><img loading=\"lazy\" decoding=\"async\" class=\"size-full wp-image-3883 aligncenter\" src=\"https:\/\/dmr-portugal.org\/wp-content\/uploads\/2025\/01\/associacoes-17.png\" alt=\"\" width=\"324\" height=\"524\" srcset=\"https:\/\/dmr-portugal.org\/wp-content\/uploads\/2025\/01\/associacoes-17.png 324w, https:\/\/dmr-portugal.org\/wp-content\/uploads\/2025\/01\/associacoes-17-185x300.png 185w, https:\/\/dmr-portugal.org\/wp-content\/uploads\/2025\/01\/associacoes-17-93x150.png 93w\" sizes=\"(max-width: 324px) 100vw, 324px\" \/><\/p>\n<p>&nbsp;<\/p>\n<hr \/>\n<p>&nbsp;<\/p>\n","protected":false},"excerpt":{"rendered":"<p>&nbsp; Hist\u00f3rico da 17\u00aa sess\u00e3o Log da 17\u00aa sess\u00e3o do 8\u00ba ano &nbsp; 15 utilizadores fizeram representar as suas associa\u00e7\u00f5es. 2 utilizadores responderam \u00e0 quest\u00e3o do Quiz erradamente. &nbsp; Quiz &nbsp; Embora a netCT seja feita em DMR permite no entanto que todos os outros modos se possam fazer presentes. \u2026 <a class=\"continue-reading-link\" href=\"https:\/\/dmr-portugal.org\/?page_id=3872\"> Continua&#8230; <span class=\"meta-nav\">&rarr; <\/span><\/a><\/p>\n","protected":false},"author":1,"featured_media":0,"parent":3839,"menu_order":30,"comment_status":"closed","ping_status":"closed","template":"","meta":{"footnotes":""},"class_list":["post-3872","page","type-page","status-publish","hentry"],"_links":{"self":[{"href":"https:\/\/dmr-portugal.org\/index.php?rest_route=\/wp\/v2\/pages\/3872","targetHints":{"allow":["GET"]}}],"collection":[{"href":"https:\/\/dmr-portugal.org\/index.php?rest_route=\/wp\/v2\/pages"}],"about":[{"href":"https:\/\/dmr-portugal.org\/index.php?rest_route=\/wp\/v2\/types\/page"}],"author":[{"embeddable":true,"href":"https:\/\/dmr-portugal.org\/index.php?rest_route=\/wp\/v2\/users\/1"}],"replies":[{"embeddable":true,"href":"https:\/\/dmr-portugal.org\/index.php?rest_route=%2Fwp%2Fv2%2Fcomments&post=3872"}],"version-history":[{"count":13,"href":"https:\/\/dmr-portugal.org\/index.php?rest_route=\/wp\/v2\/pages\/3872\/revisions"}],"predecessor-version":[{"id":3875,"href":"https:\/\/dmr-portugal.org\/index.php?rest_route=\/wp\/v2\/pages\/3872\/revisions\/3875"}],"up":[{"embeddable":true,"href":"https:\/\/dmr-portugal.org\/index.php?rest_route=\/wp\/v2\/pages\/3839"}],"wp:attachment":[{"href":"https:\/\/dmr-portugal.org\/index.php?rest_route=%2Fwp%2Fv2%2Fmedia&parent=3872"}],"curies":[{"name":"wp","href":"https:\/\/api.w.org\/{rel}","templated":true}]}}