{"id":3828,"date":"2025-01-14T10:58:13","date_gmt":"2025-01-14T10:58:13","guid":{"rendered":"https:\/\/dmr-portugal.org\/?page_id=3828"},"modified":"2025-01-15T18:36:49","modified_gmt":"2025-01-15T18:36:49","slug":"netct-15a-sessao","status":"publish","type":"page","link":"https:\/\/dmr-portugal.org\/?page_id=3828","title":{"rendered":"netCT 15\u00aa sess\u00e3o"},"content":{"rendered":"<p>&nbsp;<\/p>\n<p style=\"text-align: center;\"><strong><span style=\"font-family: arial, helvetica, sans-serif; font-size: 20px;\">Hist\u00f3rico da 15\u00aa sess\u00e3o<\/span><\/strong><\/p>\n<p>&nbsp;<\/p>\n<p style=\"text-align: center;\"><img fetchpriority=\"high\" decoding=\"async\" class=\"size-full wp-image-3844 aligncenter\" src=\"https:\/\/dmr-portugal.org\/wp-content\/uploads\/2025\/01\/Log-net-08_15.png\" alt=\"\" width=\"972\" height=\"765\" srcset=\"https:\/\/dmr-portugal.org\/wp-content\/uploads\/2025\/01\/Log-net-08_15.png 972w, https:\/\/dmr-portugal.org\/wp-content\/uploads\/2025\/01\/Log-net-08_15-300x236.png 300w, https:\/\/dmr-portugal.org\/wp-content\/uploads\/2025\/01\/Log-net-08_15-768x604.png 768w, https:\/\/dmr-portugal.org\/wp-content\/uploads\/2025\/01\/Log-net-08_15-150x118.png 150w\" sizes=\"(max-width: 972px) 100vw, 972px\" \/><\/p>\n<p style=\"text-align: center;\"><strong><em><span style=\"font-family: arial, helvetica, sans-serif;\">Log da 15\u00aa sess\u00e3o do 8\u00ba ano<\/span><\/em><\/strong><\/p>\n<p>&nbsp;<\/p>\n<p><span style=\"font-family: arial, helvetica, sans-serif;\">15 utilizadores fizeram representar as suas associa\u00e7\u00f5es. 2 utilizadores responderam \u00e0 quest\u00e3o do Quiz dando toda a informa\u00e7\u00e3o esperada.<\/span><\/p>\n<p>&nbsp;<\/p>\n<p style=\"text-align: center;\"><span style=\"font-family: arial, helvetica, sans-serif; font-size: 20px;\"><strong>Quiz<\/strong><\/span><\/p>\n<p>&nbsp;<\/p>\n<ul>\n<li><span style=\"font-family: arial, helvetica, sans-serif;\"><strong>Tenho um hotspot com os dois slots, \u00e9 um duplex, que TG\u2019s posso usar e em que slot ?<\/strong><\/span><\/li>\n<\/ul>\n<p>&nbsp;<\/p>\n<p style=\"text-align: center;\"><strong><span style=\"font-family: arial, helvetica, sans-serif; font-size: 20px;\">\u2297<\/span><\/strong><\/p>\n<p>&nbsp;<\/p>\n<p><strong><span style=\"font-family: arial, helvetica, sans-serif;\">R: &#8211; <\/span><\/strong><span style=\"font-family: arial, helvetica, sans-serif;\">Sendo o seu dispositivo use o que quiser onde quiser, ele \u00e9 seu, s\u00f3 voc\u00ea o usa. As regras proclamadas pelo BM s\u00f3 se aplicam a repetidores publicos com grande raio de a\u00e7ao.<\/span><\/p>\n<p style=\"text-align: center;\"><span style=\"font-family: arial, helvetica, sans-serif; font-size: 20px;\"><strong>Fotos rececionadas<\/strong><\/span><\/p>\n<p style=\"text-align: center;\"><span style=\"font-family: arial, helvetica, sans-serif;\">(n\u00e3o foram recebidas)<\/span><\/p>\n<p>&nbsp;<\/p>\n<p style=\"text-align: center;\"><span style=\"font-family: arial, helvetica, sans-serif; font-size: 20px;\"><strong>Pontos<\/strong><\/span><\/p>\n<p style=\"text-align: center;\"><span style=\"font-family: arial, helvetica, sans-serif;\"><strong>Top \u2018Selfies\u2019\/Quiz<\/strong><\/span><\/p>\n<p style=\"text-align: center;\"><img decoding=\"async\" class=\"size-full wp-image-3850 aligncenter\" src=\"https:\/\/dmr-portugal.org\/wp-content\/uploads\/2025\/01\/pontos-15.png\" alt=\"\" width=\"229\" height=\"524\" srcset=\"https:\/\/dmr-portugal.org\/wp-content\/uploads\/2025\/01\/pontos-15.png 229w, https:\/\/dmr-portugal.org\/wp-content\/uploads\/2025\/01\/pontos-15-131x300.png 131w, https:\/\/dmr-portugal.org\/wp-content\/uploads\/2025\/01\/pontos-15-66x150.png 66w\" sizes=\"(max-width: 229px) 100vw, 229px\" \/><\/p>\n<p>&nbsp;<\/p>\n<table style=\"border-collapse: collapse; width: 100%;\">\n<tbody>\n<tr>\n<td style=\"width: 50%; border-style: hidden; text-align: center;\"><img decoding=\"async\" class=\"size-full wp-image-3851 aligncenter\" src=\"https:\/\/dmr-portugal.org\/wp-content\/uploads\/2025\/01\/estatisticas-15.png\" alt=\"\" width=\"504\" height=\"168\" srcset=\"https:\/\/dmr-portugal.org\/wp-content\/uploads\/2025\/01\/estatisticas-15.png 504w, https:\/\/dmr-portugal.org\/wp-content\/uploads\/2025\/01\/estatisticas-15-300x100.png 300w, https:\/\/dmr-portugal.org\/wp-content\/uploads\/2025\/01\/estatisticas-15-150x50.png 150w\" sizes=\"(max-width: 504px) 100vw, 504px\" \/><\/td>\n<td style=\"width: 50%; text-align: center;\"><img loading=\"lazy\" decoding=\"async\" class=\"alignnone size-full wp-image-3852\" src=\"https:\/\/dmr-portugal.org\/wp-content\/uploads\/2025\/01\/top-tg-15.png\" alt=\"\" width=\"609\" height=\"456\" srcset=\"https:\/\/dmr-portugal.org\/wp-content\/uploads\/2025\/01\/top-tg-15.png 609w, https:\/\/dmr-portugal.org\/wp-content\/uploads\/2025\/01\/top-tg-15-300x225.png 300w, https:\/\/dmr-portugal.org\/wp-content\/uploads\/2025\/01\/top-tg-15-150x112.png 150w\" sizes=\"(max-width: 609px) 100vw, 609px\" \/><\/td>\n<\/tr>\n<\/tbody>\n<\/table>\n<p style=\"text-align: center;\"><img loading=\"lazy\" decoding=\"async\" class=\"alignnone size-full wp-image-3857\" src=\"https:\/\/dmr-portugal.org\/wp-content\/uploads\/2025\/01\/associacoes-15.png\" alt=\"\" width=\"308\" height=\"516\" srcset=\"https:\/\/dmr-portugal.org\/wp-content\/uploads\/2025\/01\/associacoes-15.png 308w, https:\/\/dmr-portugal.org\/wp-content\/uploads\/2025\/01\/associacoes-15-179x300.png 179w, https:\/\/dmr-portugal.org\/wp-content\/uploads\/2025\/01\/associacoes-15-90x150.png 90w\" sizes=\"(max-width: 308px) 100vw, 308px\" \/><\/p>\n<p>&nbsp;<\/p>\n<hr \/>\n<p>&nbsp;<\/p>\n","protected":false},"excerpt":{"rendered":"<p>&nbsp; Hist\u00f3rico da 15\u00aa sess\u00e3o &nbsp; Log da 15\u00aa sess\u00e3o do 8\u00ba ano &nbsp; 15 utilizadores fizeram representar as suas associa\u00e7\u00f5es. 2 utilizadores responderam \u00e0 quest\u00e3o do Quiz dando toda a informa\u00e7\u00e3o esperada. &nbsp; Quiz &nbsp; Tenho um hotspot com os dois slots, \u00e9 um duplex, que TG\u2019s posso usar \u2026 <a class=\"continue-reading-link\" href=\"https:\/\/dmr-portugal.org\/?page_id=3828\"> Continua&#8230; <span class=\"meta-nav\">&rarr; <\/span><\/a><\/p>\n","protected":false},"author":1,"featured_media":0,"parent":3842,"menu_order":32,"comment_status":"closed","ping_status":"closed","template":"","meta":{"footnotes":""},"class_list":["post-3828","page","type-page","status-publish","hentry"],"_links":{"self":[{"href":"https:\/\/dmr-portugal.org\/index.php?rest_route=\/wp\/v2\/pages\/3828","targetHints":{"allow":["GET"]}}],"collection":[{"href":"https:\/\/dmr-portugal.org\/index.php?rest_route=\/wp\/v2\/pages"}],"about":[{"href":"https:\/\/dmr-portugal.org\/index.php?rest_route=\/wp\/v2\/types\/page"}],"author":[{"embeddable":true,"href":"https:\/\/dmr-portugal.org\/index.php?rest_route=\/wp\/v2\/users\/1"}],"replies":[{"embeddable":true,"href":"https:\/\/dmr-portugal.org\/index.php?rest_route=%2Fwp%2Fv2%2Fcomments&post=3828"}],"version-history":[{"count":11,"href":"https:\/\/dmr-portugal.org\/index.php?rest_route=\/wp\/v2\/pages\/3828\/revisions"}],"predecessor-version":[{"id":3858,"href":"https:\/\/dmr-portugal.org\/index.php?rest_route=\/wp\/v2\/pages\/3828\/revisions\/3858"}],"up":[{"embeddable":true,"href":"https:\/\/dmr-portugal.org\/index.php?rest_route=\/wp\/v2\/pages\/3842"}],"wp:attachment":[{"href":"https:\/\/dmr-portugal.org\/index.php?rest_route=%2Fwp%2Fv2%2Fmedia&parent=3828"}],"curies":[{"name":"wp","href":"https:\/\/api.w.org\/{rel}","templated":true}]}}